{"id":9963,"date":"2019-12-18T13:07:16","date_gmt":"2019-12-18T16:07:16","guid":{"rendered":"https:\/\/www.sociales.unlz.edu.ar\/?page_id=9963"},"modified":"2020-02-03T13:51:18","modified_gmt":"2020-02-03T16:51:18","slug":"inscripcion-curso-de-verano-2020-19-y-20-de-diciembre","status":"publish","type":"page","link":"https:\/\/www.sociales.unlz.edu.ar\/index.php\/inscripcion-curso-de-verano-2020-19-y-20-de-diciembre\/","title":{"rendered":"Curso de Verano 2020"},"content":{"rendered":"<h2 style=\"text-align: center;\">Inicio: 3 de febrero<\/h2>\n<table width=\"696\">\n<tbody>\n<tr>\n<td width=\"344\">CURSO DE VERANO 2020<\/td>\n<td width=\"157\"><\/td>\n<td width=\"115\"><\/td>\n<td width=\"80\"><\/td>\n<\/tr>\n<tr>\n<td><\/td>\n<td><\/td>\n<td><\/td>\n<td><\/td>\n<\/tr>\n<tr>\n<td>MATERIA<\/td>\n<td>d\u00edas<\/td>\n<td>hora<\/td>\n<td>aula<\/td>\n<\/tr>\n<tr>\n<td><\/td>\n<td><\/td>\n<td><\/td>\n<td><\/td>\n<\/tr>\n<tr>\n<td>Comunicaci\u00f3n II<\/td>\n<td>MARTES &#8211; VIERNES<\/td>\n<td>18 a 22 hs<\/td>\n<td>107<\/td>\n<\/tr>\n<tr>\n<td><\/td>\n<td><\/td>\n<td><\/td>\n<td><\/td>\n<\/tr>\n<tr>\n<td>Din\u00e1mica de Grupos<\/td>\n<td>LUNES &#8211; JUEVES<\/td>\n<td>18 a 22hs<\/td>\n<td>106<\/td>\n<\/tr>\n<tr>\n<td><\/td>\n<td><\/td>\n<td><\/td>\n<td><\/td>\n<\/tr>\n<tr>\n<td>Filosof\u00eda<\/td>\n<td>MARTES &#8211; VIERNES<\/td>\n<td>8 a 12hs<\/td>\n<td>8 y 103<\/td>\n<\/tr>\n<tr>\n<td><\/td>\n<td><\/td>\n<td><\/td>\n<td><\/td>\n<\/tr>\n<tr>\n<td>Gram\u00e1tica Espa\u00f1ola I<\/td>\n<td>LUNES &#8211; VIERNES<\/td>\n<td>18 a 22hs<\/td>\n<td>10<\/td>\n<\/tr>\n<tr>\n<td><\/td>\n<td><\/td>\n<td><\/td>\n<td><\/td>\n<\/tr>\n<tr>\n<td>Historia Social General<\/td>\n<td>MARTES &#8211; JUEVES<\/td>\n<td>18 a 22hs<\/td>\n<td>\u00a08 y 102<\/td>\n<\/tr>\n<tr>\n<td><\/td>\n<td><\/td>\n<td><\/td>\n<td><\/td>\n<\/tr>\n<tr>\n<td>Ingl\u00e9s Inicial<\/td>\n<td>LUNES &#8211; VIERNES<\/td>\n<td>18 a 21hs<\/td>\n<td>103<\/td>\n<\/tr>\n<tr>\n<td><\/td>\n<td><\/td>\n<td><\/td>\n<td><\/td>\n<\/tr>\n<tr>\n<td>Introducci\u00f3n a la Comunicaci\u00f3n<\/td>\n<td>MIERCOLES &#8211; VIERNES<\/td>\n<td>18 a 22 hs<\/td>\n<td>101<\/td>\n<\/tr>\n<tr>\n<td><\/td>\n<td><\/td>\n<td><\/td>\n<td><\/td>\n<\/tr>\n<tr>\n<td>Ling\u00fc\u00edstica y Semi\u00f3tica ( Ling\u00fc\u00edstica Letras)<\/td>\n<td>LUNES &#8211; JUEVES<\/td>\n<td>16 a 20hs<\/td>\n<td>105<\/td>\n<\/tr>\n<tr>\n<td><\/td>\n<td><\/td>\n<td><\/td>\n<td><\/td>\n<\/tr>\n<tr>\n<td>Organizaci\u00f3n y Adm. De Empresas<\/td>\n<td>MARTES &#8211; VIERNES<\/td>\n<td>18 a 22hs<\/td>\n<td>104<\/td>\n<\/tr>\n<tr>\n<td><\/td>\n<td><\/td>\n<td><\/td>\n<td><\/td>\n<\/tr>\n<tr>\n<td>Portugu\u00e9s Avanzado<\/td>\n<td>MARTES &#8211; JUEVES<\/td>\n<td>13 a 17hs<\/td>\n<td>11<\/td>\n<\/tr>\n<tr>\n<td><\/td>\n<td><\/td>\n<td><\/td>\n<td><\/td>\n<\/tr>\n<tr>\n<td>Problem\u00e1tica de la Comunicaci\u00f3n<\/td>\n<td>MIERCOLES &#8211; VIERNES<\/td>\n<td>18 a 22 hs<\/td>\n<td>101<\/td>\n<\/tr>\n<tr>\n<td><\/td>\n<td><\/td>\n<td><\/td>\n<td><\/td>\n<\/tr>\n<tr>\n<td>Psicolog\u00eda del Desarrollo II<\/td>\n<td>MARTES &#8211; JUEVES<\/td>\n<td>18 a 22hs<\/td>\n<td>101<\/td>\n<\/tr>\n<tr>\n<td><\/td>\n<td><\/td>\n<td><\/td>\n<td><\/td>\n<\/tr>\n<tr>\n<td>Sociolog\u00eda del trabajo<\/td>\n<td>MARTES &#8211; JUEVES<\/td>\n<td>18 a 22hs<\/td>\n<td>103<\/td>\n<\/tr>\n<tr>\n<td><\/td>\n<td><\/td>\n<td><\/td>\n<td><\/td>\n<\/tr>\n<tr>\n<td>Seminario Pensamiento Nacional<\/td>\n<td>LUNES &#8211; MIERCOLES<\/td>\n<td>18 a 22 hs<\/td>\n<td>104<\/td>\n<\/tr>\n<tr>\n<td><\/td>\n<td><\/td>\n<td><\/td>\n<td><\/td>\n<\/tr>\n<tr>\n<td>Teor\u00eda de la Educaci\u00f3n (M y F)<\/td>\n<td>MARTES &#8211; VIERNES<\/td>\n<td>9 a 12hs<\/td>\n<td>5<\/td>\n<\/tr>\n<tr>\n<td><\/td>\n<td><\/td>\n<td><\/td>\n<td><\/td>\n<\/tr>\n<tr>\n<td>Teor\u00eda y M\u00e9todo del Trabajo Social I<\/td>\n<td>LUNES &#8211; MIERCOLES<\/td>\n<td>16 a 20hs<\/td>\n<td>107<\/td>\n<\/tr>\n<\/tbody>\n<\/table>\n","protected":false},"excerpt":{"rendered":"<p>Inicio: 3 de febrero CURSO DE VERANO 2020 MATERIA d\u00edas hora aula Comunicaci\u00f3n II MARTES &#8211;&#8230;<\/p>\n","protected":false},"author":5,"featured_media":0,"parent":0,"menu_order":0,"comment_status":"closed","ping_status":"closed","template":"","meta":{"footnotes":""},"class_list":["post-9963","page","type-page","status-publish","hentry"],"_links":{"self":[{"href":"https:\/\/www.sociales.unlz.edu.ar\/index.php\/wp-json\/wp\/v2\/pages\/9963","targetHints":{"allow":["GET"]}}],"collection":[{"href":"https:\/\/www.sociales.unlz.edu.ar\/index.php\/wp-json\/wp\/v2\/pages"}],"about":[{"href":"https:\/\/www.sociales.unlz.edu.ar\/index.php\/wp-json\/wp\/v2\/types\/page"}],"author":[{"embeddable":true,"href":"https:\/\/www.sociales.unlz.edu.ar\/index.php\/wp-json\/wp\/v2\/users\/5"}],"replies":[{"embeddable":true,"href":"https:\/\/www.sociales.unlz.edu.ar\/index.php\/wp-json\/wp\/v2\/comments?post=9963"}],"version-history":[{"count":14,"href":"https:\/\/www.sociales.unlz.edu.ar\/index.php\/wp-json\/wp\/v2\/pages\/9963\/revisions"}],"predecessor-version":[{"id":10006,"href":"https:\/\/www.sociales.unlz.edu.ar\/index.php\/wp-json\/wp\/v2\/pages\/9963\/revisions\/10006"}],"wp:attachment":[{"href":"https:\/\/www.sociales.unlz.edu.ar\/index.php\/wp-json\/wp\/v2\/media?parent=9963"}],"curies":[{"name":"wp","href":"https:\/\/api.w.org\/{rel}","templated":true}]}}