{"id":7346,"date":"2019-04-01T19:31:27","date_gmt":"2019-04-01T22:31:27","guid":{"rendered":"http:\/\/www.sociales.unlz.edu.ar\/?page_id=7346"},"modified":"2019-04-01T19:31:27","modified_gmt":"2019-04-01T22:31:27","slug":"cronograma-de-clases","status":"publish","type":"page","link":"https:\/\/www.sociales.unlz.edu.ar\/index.php\/cronograma-de-clases\/","title":{"rendered":"Cronograma de Clases"},"content":{"rendered":"<table cellspacing=\"0\" cellpadding=\"0\">\n<tbody>\n<tr>\n<td valign=\"middle\">\n<p align=\"center\"><span style=\"color: #000000; font-family: Arial Narrow; font-size: medium;\"><b>Fecha<\/b><\/span><\/p>\n<\/td>\n<td valign=\"middle\">\n<p align=\"center\"><span style=\"color: #000000; font-family: Arial Narrow; font-size: medium;\"><b>Horario<\/b><\/span><\/p>\n<\/td>\n<td valign=\"middle\">\n<p align=\"center\"><span style=\"color: #000000; font-family: Arial Narrow; font-size: medium;\"><b>Asignatura<\/b><\/span><\/p>\n<\/td>\n<\/tr>\n<tr>\n<td valign=\"middle\">\n<p align=\"center\"><span style=\"color: #000000; font-family: Arial Narrow; font-size: medium;\">23-04-2019<\/span><\/p>\n<\/td>\n<td valign=\"middle\">\n<p align=\"center\"><span style=\"color: #000000; font-family: Arial Narrow; font-size: medium;\">18 &#8211; 22<\/span><\/p>\n<\/td>\n<td valign=\"middle\">\n<p align=\"center\"><span style=\"color: #000000; font-family: Arial Narrow; font-size: medium;\">Did\u00e1ctica del Nivel Superior <\/span><\/p>\n<\/td>\n<\/tr>\n<tr>\n<td valign=\"middle\">\n<p align=\"center\"><span style=\"color: #000000; font-family: Arial Narrow; font-size: medium;\">25-04-2019<\/span><\/p>\n<\/td>\n<td valign=\"middle\">\n<p align=\"center\"><span style=\"color: #000000; font-family: Arial Narrow; font-size: medium;\">18 &#8211; 22<\/span><\/p>\n<\/td>\n<td valign=\"middle\">\n<p align=\"center\"><span style=\"color: #000000; font-family: Arial Narrow; font-size: medium;\">Gesti\u00f3n Acad\u00e9mica de la Universidad<\/span><\/p>\n<\/td>\n<\/tr>\n<tr>\n<td rowspan=\"2\" valign=\"middle\">\n<p align=\"center\"><span style=\"color: #000000; font-family: Arial Narrow; font-size: medium;\">27-04-2019<\/span><\/p>\n<\/td>\n<td valign=\"middle\">\n<p align=\"center\"><span style=\"color: #000000; font-family: Arial Narrow; font-size: medium;\">09 -12.30<\/span><\/p>\n<\/td>\n<td valign=\"middle\">\n<p align=\"center\"><span style=\"color: #000000; font-family: Arial Narrow; font-size: medium;\">Formulaci\u00f3n y Evaluaci\u00f3n de Proyectos Educativos<\/span><\/p>\n<\/td>\n<\/tr>\n<tr>\n<td valign=\"middle\">\n<p align=\"center\"><span style=\"color: #000000; font-family: Arial Narrow; font-size: medium;\">13.30 &#8211; 17<\/span><\/p>\n<\/td>\n<td valign=\"middle\">\n<p align=\"center\"><span style=\"color: #000000; font-family: Arial Narrow; font-size: medium;\">Los Estudios de la Universidad<\/span><\/p>\n<\/td>\n<\/tr>\n<tr>\n<td valign=\"middle\">\n<p align=\"center\"><span style=\"color: #000000; font-family: Arial Narrow; font-size: medium;\">30-04-2019<\/span><\/p>\n<\/td>\n<td valign=\"middle\">\n<p align=\"center\"><span style=\"color: #000000; font-family: Arial Narrow; font-size: medium;\">18 &#8211; 22<\/span><\/p>\n<\/td>\n<td valign=\"middle\">\n<p align=\"center\"><span style=\"color: #000000; font-family: Arial Narrow; font-size: medium;\">Did\u00e1ctica del Nivel Superior <\/span><\/p>\n<\/td>\n<\/tr>\n<tr>\n<td valign=\"middle\">\n<p align=\"center\"><span style=\"color: #000000; font-family: Arial Narrow; font-size: medium;\">02-05-2019<\/span><\/p>\n<\/td>\n<td valign=\"middle\">\n<p align=\"center\"><span style=\"color: #000000; font-family: Arial Narrow; font-size: medium;\">18 &#8211; 22<\/span><\/p>\n<\/td>\n<td valign=\"middle\">\n<p align=\"center\"><span style=\"color: #000000; font-family: Arial Narrow; font-size: medium;\">Taller de Dise\u00f1o Curricular<\/span><\/p>\n<\/td>\n<\/tr>\n<tr>\n<td valign=\"middle\">\n<p align=\"center\"><span style=\"color: #000000; font-family: Arial Narrow; font-size: medium;\">04-05-2019<\/span><\/p>\n<\/td>\n<td valign=\"middle\">\n<p align=\"center\"><span style=\"color: #000000; font-family: Arial Narrow; font-size: medium;\">09 &#8211; 17<\/span><\/p>\n<\/td>\n<td valign=\"middle\">\n<p align=\"center\"><span style=\"color: #000000; font-family: Arial Narrow; font-size: medium;\">Formulaci\u00f3n y Evaluaci\u00f3n de Proyectos Educativos<\/span><\/p>\n<\/td>\n<\/tr>\n<tr>\n<td valign=\"middle\">\n<p align=\"center\"><span style=\"color: #000000; font-family: Arial Narrow; font-size: medium;\">14-05-2019<\/span><\/p>\n<\/td>\n<td valign=\"middle\">\n<p align=\"center\"><span style=\"color: #000000; font-family: Arial Narrow; font-size: medium;\">18 &#8211; 22<\/span><\/p>\n<\/td>\n<td valign=\"middle\">\n<p align=\"center\"><span style=\"color: #000000; font-family: Arial Narrow; font-size: medium;\">Did\u00e1ctica del Nivel Superior <\/span><\/p>\n<\/td>\n<\/tr>\n<tr>\n<td valign=\"middle\">\n<p align=\"center\"><span style=\"color: #000000; font-family: Arial Narrow; font-size: medium;\">16-05-2019<\/span><\/p>\n<\/td>\n<td valign=\"middle\">\n<p align=\"center\"><span style=\"color: #000000; font-family: Arial Narrow; font-size: medium;\">18 &#8211; 22<\/span><\/p>\n<\/td>\n<td valign=\"middle\">\n<p align=\"center\"><span style=\"color: #000000; font-family: Arial Narrow; font-size: medium;\">Gesti\u00f3n Acad\u00e9mica de la Universidad<\/span><\/p>\n<\/td>\n<\/tr>\n<tr>\n<td rowspan=\"2\" valign=\"middle\">\n<p align=\"center\"><span style=\"color: #000000; font-family: Arial Narrow; font-size: medium;\">18-05-2019<\/span><\/p>\n<\/td>\n<td valign=\"middle\">\n<p align=\"center\"><span style=\"color: #000000; font-family: Arial Narrow; font-size: medium;\">09 -12.30<\/span><\/p>\n<\/td>\n<td valign=\"middle\">\n<p align=\"center\"><span style=\"color: #000000; font-family: Arial Narrow; font-size: medium;\">Formulaci\u00f3n y Evaluaci\u00f3n de Proyectos Educativos<\/span><\/p>\n<\/td>\n<\/tr>\n<tr>\n<td valign=\"middle\">\n<p align=\"center\"><span style=\"color: #000000; font-family: Arial Narrow; font-size: medium;\">13.30 &#8211; 17<\/span><\/p>\n<\/td>\n<td valign=\"middle\">\n<p align=\"center\"><span style=\"color: #000000; font-family: Arial Narrow; font-size: medium;\">Los Estudios de la Universidad<\/span><\/p>\n<\/td>\n<\/tr>\n<tr>\n<td valign=\"middle\">\n<p align=\"center\"><span style=\"color: #000000; font-family: Arial Narrow; font-size: medium;\">28-05-2019<\/span><\/p>\n<\/td>\n<td valign=\"middle\">\n<p align=\"center\"><span style=\"color: #000000; font-family: Arial Narrow; font-size: medium;\">18 &#8211; 22<\/span><\/p>\n<\/td>\n<td valign=\"middle\">\n<p align=\"center\"><span style=\"color: #000000; font-family: Arial Narrow; font-size: medium;\">Did\u00e1ctica del Nivel Superior <\/span><\/p>\n<\/td>\n<\/tr>\n<tr>\n<td valign=\"middle\">\n<p align=\"center\"><span style=\"color: #000000; font-family: Arial Narrow; font-size: medium;\">30-05-2019<\/span><\/p>\n<\/td>\n<td valign=\"middle\">\n<p align=\"center\"><span style=\"color: #000000; font-family: Arial Narrow; font-size: medium;\">18 &#8211; 22<\/span><\/p>\n<\/td>\n<td valign=\"middle\">\n<p align=\"center\"><span style=\"color: #000000; font-family: Arial Narrow; font-size: medium;\">Taller de Dise\u00f1o Curricular<\/span><\/p>\n<\/td>\n<\/tr>\n<tr>\n<td valign=\"middle\">\n<p align=\"center\"><span style=\"color: #000000; font-family: Arial Narrow; font-size: medium;\">01-06-2019<\/span><\/p>\n<\/td>\n<td valign=\"middle\">\n<p align=\"center\"><span style=\"color: #000000; font-family: Arial Narrow; font-size: medium;\">09 &#8211; 17<\/span><\/p>\n<\/td>\n<td valign=\"middle\">\n<p align=\"center\"><span style=\"color: #000000; font-family: Arial Narrow; font-size: medium;\">Los Estudios de la Universidad<\/span><\/p>\n<\/td>\n<\/tr>\n<tr>\n<td valign=\"middle\">\n<p align=\"center\"><span style=\"color: #000000; font-family: Arial Narrow; font-size: medium;\">11-06-2019<\/span><\/p>\n<\/td>\n<td valign=\"middle\">\n<p align=\"center\"><span style=\"color: #000000; font-family: Arial Narrow; font-size: medium;\">18 &#8211; 22<\/span><\/p>\n<\/td>\n<td valign=\"middle\">\n<p align=\"center\"><span style=\"color: #000000; font-family: Arial Narrow; font-size: medium;\">Gesti\u00f3n Acad\u00e9mica de la Universidad<\/span><\/p>\n<\/td>\n<\/tr>\n<tr>\n<td valign=\"middle\">\n<p align=\"center\"><span style=\"color: #000000; font-family: Arial Narrow; font-size: medium;\">13-06-2019<\/span><\/p>\n<\/td>\n<td valign=\"middle\">\n<p align=\"center\"><span style=\"color: #000000; font-family: Arial Narrow; font-size: medium;\">18 &#8211; 22<\/span><\/p>\n<\/td>\n<td valign=\"middle\">\n<p align=\"center\"><span style=\"color: #000000; font-family: Arial Narrow; font-size: medium;\">Taller de Dise\u00f1o Curricular<\/span><\/p>\n<\/td>\n<\/tr>\n<tr>\n<td valign=\"middle\">\n<p align=\"center\"><span style=\"color: #000000; font-family: Arial Narrow; font-size: medium;\">15-06-2019<\/span><\/p>\n<\/td>\n<td valign=\"middle\">\n<p align=\"center\"><span style=\"color: #000000; font-family: Arial Narrow; font-size: medium;\">09-17<\/span><\/p>\n<\/td>\n<td valign=\"middle\">\n<p align=\"center\"><span style=\"color: #000000; font-family: Arial Narrow; font-size: medium;\">Pol\u00edticas P\u00fablicas y Sistema de Educaci\u00f3n Superior<\/span><\/p>\n<\/td>\n<\/tr>\n<tr>\n<td valign=\"middle\">\n<p align=\"center\"><span style=\"color: #000000; font-family: Arial Narrow; font-size: medium;\">25-06-2019<\/span><\/p>\n<\/td>\n<td valign=\"middle\">\n<p align=\"center\"><span style=\"color: #000000; font-family: Arial Narrow; font-size: medium;\">18 &#8211; 22<\/span><\/p>\n<\/td>\n<td valign=\"middle\">\n<p align=\"center\"><span style=\"color: #000000; font-family: Arial Narrow; font-size: medium;\">Gesti\u00f3n Acad\u00e9mica de la Universidad<\/span><\/p>\n<\/td>\n<\/tr>\n<tr>\n<td valign=\"middle\">\n<p align=\"center\"><span style=\"color: #000000; font-family: Arial Narrow; font-size: medium;\">27-06-2019<\/span><\/p>\n<\/td>\n<td valign=\"middle\">\n<p align=\"center\"><span style=\"color: #000000; font-family: Arial Narrow; font-size: medium;\">18 &#8211; 22<\/span><\/p>\n<\/td>\n<td valign=\"middle\">\n<p align=\"center\"><span style=\"color: #000000; font-family: Arial Narrow; font-size: medium;\">Taller de Dise\u00f1o Curricular<\/span><\/p>\n<\/td>\n<\/tr>\n<tr>\n<td valign=\"middle\">\n<p align=\"center\"><span style=\"color: #000000; font-family: Arial Narrow; font-size: medium;\">29-06-2019<\/span><\/p>\n<\/td>\n<td valign=\"middle\">\n<p align=\"center\"><span style=\"color: #000000; font-family: Arial Narrow; font-size: medium;\">09-17<\/span><\/p>\n<\/td>\n<td valign=\"middle\">\n<p align=\"center\"><span style=\"color: #000000; font-family: Arial Narrow; font-size: medium;\">Pol\u00edticas P\u00fablicas y Sistema de Educaci\u00f3n Superior<\/span><\/p>\n<\/td>\n<\/tr>\n<tr>\n<td valign=\"middle\">\n<p align=\"center\"><span style=\"color: #000000; font-family: Arial Narrow; font-size: medium;\">02-07-2019<\/span><\/p>\n<\/td>\n<td valign=\"middle\">\n<p align=\"center\"><span style=\"color: #000000; font-family: Arial Narrow; font-size: medium;\">18-22<\/span><\/p>\n<\/td>\n<td valign=\"middle\">\n<p align=\"center\"><span style=\"color: #000000; font-family: Arial Narrow; font-size: medium;\"><b>Clase conjunta:<\/b><\/span><\/p>\n<p align=\"center\"><span style=\"color: #000000; font-family: Arial Narrow; font-size: medium;\">Gesti\u00f3n Acad\u00e9mica de la Universidad<\/span><\/p>\n<p align=\"center\"><span style=\"color: #000000; font-family: Arial Narrow; font-size: medium;\">Did\u00e1ctica del Nivel Superior<\/span><\/p>\n<p align=\"center\"><span style=\"color: #000000; font-family: Arial Narrow; font-size: medium;\">Taller de Dise\u00f1o Curricular<\/span><\/p>\n<\/td>\n<\/tr>\n<\/tbody>\n<\/table>\n","protected":false},"excerpt":{"rendered":"<p>Fecha Horario Asignatura 23-04-2019 18 &#8211; 22 Did\u00e1ctica del Nivel Superior 25-04-2019 18 &#8211; 22 Gesti\u00f3n&#8230;<\/p>\n","protected":false},"author":8,"featured_media":5510,"parent":0,"menu_order":0,"comment_status":"closed","ping_status":"closed","template":"","meta":{"footnotes":""},"class_list":["post-7346","page","type-page","status-publish","has-post-thumbnail","hentry"],"_links":{"self":[{"href":"https:\/\/www.sociales.unlz.edu.ar\/index.php\/wp-json\/wp\/v2\/pages\/7346","targetHints":{"allow":["GET"]}}],"collection":[{"href":"https:\/\/www.sociales.unlz.edu.ar\/index.php\/wp-json\/wp\/v2\/pages"}],"about":[{"href":"https:\/\/www.sociales.unlz.edu.ar\/index.php\/wp-json\/wp\/v2\/types\/page"}],"author":[{"embeddable":true,"href":"https:\/\/www.sociales.unlz.edu.ar\/index.php\/wp-json\/wp\/v2\/users\/8"}],"replies":[{"embeddable":true,"href":"https:\/\/www.sociales.unlz.edu.ar\/index.php\/wp-json\/wp\/v2\/comments?post=7346"}],"version-history":[{"count":1,"href":"https:\/\/www.sociales.unlz.edu.ar\/index.php\/wp-json\/wp\/v2\/pages\/7346\/revisions"}],"predecessor-version":[{"id":7347,"href":"https:\/\/www.sociales.unlz.edu.ar\/index.php\/wp-json\/wp\/v2\/pages\/7346\/revisions\/7347"}],"wp:featuredmedia":[{"embeddable":true,"href":"https:\/\/www.sociales.unlz.edu.ar\/index.php\/wp-json\/wp\/v2\/media\/5510"}],"wp:attachment":[{"href":"https:\/\/www.sociales.unlz.edu.ar\/index.php\/wp-json\/wp\/v2\/media?parent=7346"}],"curies":[{"name":"wp","href":"https:\/\/api.w.org\/{rel}","templated":true}]}}