{"id":7313,"date":"2019-03-31T10:37:31","date_gmt":"2019-03-31T13:37:31","guid":{"rendered":"http:\/\/www.sociales.unlz.edu.ar\/?page_id=7313"},"modified":"2022-02-11T11:10:47","modified_gmt":"2022-02-11T14:10:47","slug":"seminarios-de-posgrado","status":"publish","type":"page","link":"https:\/\/www.sociales.unlz.edu.ar\/index.php\/seminarios-de-posgrado\/","title":{"rendered":"Nuevos Seminarios de Posgrado"},"content":{"rendered":"<p>[vc_row][vc_column]<div class=\"\"><a  id=\"btn-69f9db96ee700\" class=\"btn btn-filled  ti-write  btn-sm-sm\" href= \"https:\/\/docs.google.com\/forms\/d\/e\/1FAIpQLSce1DrBBXGIjCTs6NLS3RhMpgqGvLPk--SjzHH0XlzZb3dIuA\/viewform\" target=\"_self\" >Inscripci\u00f3n On-line<\/a><\/div>[vc_column_text]<\/p>\n<div>\n<h4 style=\"text-align: center;\">LA FACULTAD DE CIENCIAS SOCIALES ABRE LA INSCRIPCI\u00d3N<\/h4>\n<h4 style=\"text-align: center;\">A DOS NUEVOS SEMINARIOS DE POSGRADO<\/h4>\n<p>&nbsp;<\/p>\n<p>La Facultad de Ciencias Sociales abre la inscripci\u00f3n a los seminarios de Imagen P\u00fablica e Institucional y Asuntos P\u00fablicos y Comunicaci\u00f3n de Crisis que inician el s\u00e1bado 2 de octubre. Ambos seminarios acreditan para el posgrado Especializaci\u00f3n en Gesti\u00f3n de las Comunicaciones y la Maestr\u00eda en Comunicaci\u00f3n.<\/p>\n<p>Adem\u00e1s, la Facultad dicta los siguientes posgrados: Especializaci\u00f3n en Did\u00e1ctica y Curr\u00edculum, Especializaci\u00f3n en Docencia para la Educaci\u00f3n Superior, Maestr\u00eda en Curr\u00edculum, Maestr\u00eda en Comunicaci\u00f3n y Maestr\u00eda en Formaci\u00f3n y Desarrollo del Rendimiento Deportivo.<\/p>\n<\/div>\n<div><\/div>\n<div>\n<hr \/>\n<\/div>\n<div><\/div>\n<div><\/div>\n<div>\n<div><span style=\"font-size: large;\"><b>Imagen P\u00fablica e Institucional<\/b><\/span><\/div>\n<div>A cargo de Carol Carbone<\/div>\n<div>Modalidad a distancia<\/div>\n<div>Duraci\u00f3n: 32 hs \/ 8 s\u00e1bados de 9 a 13 hs<\/div>\n<div>Inicio: 2 de octubre<\/div>\n<div>Actividad arancelada. Descuentos para graduados UNLZ<\/div>\n<div><\/div>\n<div>Acredita para la Especializaci\u00f3n en Gesti\u00f3n de las Comunicaciones y la Maestr\u00eda en Comunicaci\u00f3n<\/div>\n<div>Inscripci\u00f3n:\u00a0<a href=\"https:\/\/docs.google.com\/forms\/d\/e\/1FAIpQLSce1DrBBXGIjCTs6NLS3RhMpgqGvLPk--SjzHH0XlzZb3dIuA\/viewform\" target=\"_blank\" rel=\"noopener\" data-saferedirecturl=\"https:\/\/www.google.com\/url?q=https:\/\/docs.google.com\/forms\/d\/e\/1FAIpQLSce1DrBBXGIjCTs6NLS3RhMpgqGvLPk--SjzHH0XlzZb3dIuA\/viewform&amp;source=gmail&amp;ust=1628960839926000&amp;usg=AFQjCNFs7bWP95CMiAbalf22NZMTV6Er3Q\">https:\/\/docs.<wbr \/>google.com\/forms\/d\/e\/<wbr \/>1FAIpQLSce1DrBBXGIjCTs6NLS3RhM<wbr \/>pgqGvLPk&#8211;SjzHH0XlzZb3dIuA\/<wbr \/>viewform<\/a><\/div>\n<div><\/div>\n<\/div>\n<div><\/div>\n<div><\/div>\n<div><\/div>\n<div><\/div>\n<div>\n<div><span style=\"font-size: large;\"><b>Asuntos P\u00fablicos y Comunicaci\u00f3n de Crisis<\/b><\/span><\/div>\n<div>A cargo de Adri\u00e1n Arroyo<\/div>\n<div>Modalidad a distancia<\/div>\n<div>Duraci\u00f3n: 32 hs \/ 8 s\u00e1bados de 14 a 18 hs<\/div>\n<div>Inicio: 2 de octubre<\/div>\n<div>Actividad arancelada. Descuentos para graduados UNLZ<\/div>\n<div><\/div>\n<div>Acredita para la Especializaci\u00f3n en Gesti\u00f3n de las Comunicaciones y la Maestr\u00eda en Comunicaci\u00f3n<\/div>\n<div>Inscripci\u00f3n:\u00a0<a href=\"https:\/\/docs.google.com\/forms\/d\/e\/1FAIpQLSce1DrBBXGIjCTs6NLS3RhMpgqGvLPk--SjzHH0XlzZb3dIuA\/viewform\" target=\"_blank\" rel=\"noopener\" data-saferedirecturl=\"https:\/\/www.google.com\/url?q=https:\/\/docs.google.com\/forms\/d\/e\/1FAIpQLSce1DrBBXGIjCTs6NLS3RhMpgqGvLPk--SjzHH0XlzZb3dIuA\/viewform&amp;source=gmail&amp;ust=1628960839926000&amp;usg=AFQjCNFs7bWP95CMiAbalf22NZMTV6Er3Q\">https:\/\/docs.<wbr \/>google.com\/forms\/d\/e\/<wbr \/>1FAIpQLSce1DrBBXGIjCTs6NLS3RhM<wbr \/>pgqGvLPk&#8211;SjzHH0XlzZb3dIuA\/<wbr \/>viewform<\/a><\/div>\n<\/div>\n<p>[\/vc_column_text]<div class=\"\"><a  id=\"btn-69f9db96ee739\" class=\"btn btn-filled  ti-angle-double-right  btn-sm-sm\" href= \"https:\/\/www.sociales.unlz.edu.ar\/index.php\/posgrado\/\" target=\"_self\" >Mir\u00e1 la oferta completa<\/a><\/div>[\/vc_column][\/vc_row][vc_row][vc_column][\/vc_column][\/vc_row]<\/p>\n","protected":false},"excerpt":{"rendered":"<p>[vc_row][vc_column][vc_column_text] LA FACULTAD DE CIENCIAS SOCIALES ABRE LA INSCRIPCI\u00d3N A DOS NUEVOS SEMINARIOS DE POSGRADO &nbsp;&#8230;<\/p>\n","protected":false},"author":8,"featured_media":15234,"parent":0,"menu_order":0,"comment_status":"closed","ping_status":"closed","template":"","meta":{"footnotes":""},"class_list":["post-7313","page","type-page","status-publish","has-post-thumbnail","hentry"],"_links":{"self":[{"href":"https:\/\/www.sociales.unlz.edu.ar\/index.php\/wp-json\/wp\/v2\/pages\/7313","targetHints":{"allow":["GET"]}}],"collection":[{"href":"https:\/\/www.sociales.unlz.edu.ar\/index.php\/wp-json\/wp\/v2\/pages"}],"about":[{"href":"https:\/\/www.sociales.unlz.edu.ar\/index.php\/wp-json\/wp\/v2\/types\/page"}],"author":[{"embeddable":true,"href":"https:\/\/www.sociales.unlz.edu.ar\/index.php\/wp-json\/wp\/v2\/users\/8"}],"replies":[{"embeddable":true,"href":"https:\/\/www.sociales.unlz.edu.ar\/index.php\/wp-json\/wp\/v2\/comments?post=7313"}],"version-history":[{"count":57,"href":"https:\/\/www.sociales.unlz.edu.ar\/index.php\/wp-json\/wp\/v2\/pages\/7313\/revisions"}],"predecessor-version":[{"id":14028,"href":"https:\/\/www.sociales.unlz.edu.ar\/index.php\/wp-json\/wp\/v2\/pages\/7313\/revisions\/14028"}],"wp:featuredmedia":[{"embeddable":true,"href":"https:\/\/www.sociales.unlz.edu.ar\/index.php\/wp-json\/wp\/v2\/media\/15234"}],"wp:attachment":[{"href":"https:\/\/www.sociales.unlz.edu.ar\/index.php\/wp-json\/wp\/v2\/media?parent=7313"}],"curies":[{"name":"wp","href":"https:\/\/api.w.org\/{rel}","templated":true}]}}