{"id":7157,"date":"2019-03-22T10:00:13","date_gmt":"2019-03-22T13:00:13","guid":{"rendered":"http:\/\/www.sociales.unlz.edu.ar\/?page_id=7157"},"modified":"2019-03-25T11:49:34","modified_gmt":"2019-03-25T14:49:34","slug":"materias-y-aulas-de-cursada-dia-martes","status":"publish","type":"page","link":"https:\/\/www.sociales.unlz.edu.ar\/index.php\/materias-y-aulas-de-cursada-dia-martes\/","title":{"rendered":"Materias y Aulas de Cursada &#8211; D\u00eda Martes"},"content":{"rendered":"<p>[vc_row][vc_column]<div class=\"\"><a  id=\"btn-69f9b4712502d\" class=\"btn btn-filled  ti-arrow-right  btn-sm-sm\" href= \"http:\/\/www.sociales.unlz.edu.ar\/index.php\/materias-de-primer-ano-2\/\" target=' _blank' >Materias de Primer A\u00f1o<\/a><\/div>[vc_column_text]<\/p>\n<table>\n<tbody>\n<tr>\n<td><strong>Materias<\/strong><\/td>\n<td><strong>Dias<\/strong><\/td>\n<td><strong>Modalidad<\/strong><\/td>\n<td><strong>Horarios<\/strong><\/td>\n<td><strong>AULAS<\/strong><\/td>\n<\/tr>\n<tr>\n<td>Campo I\u00a0 (M y F)<\/td>\n<td>MA<\/td>\n<td>Teorico- practico<\/td>\n<td>18 a 21hs<\/td>\n<td>13<\/td>\n<\/tr>\n<tr>\n<td>Comunicaci\u00f3n II<\/td>\n<td>MA<\/td>\n<td>Te\u00f3rico<\/td>\n<td>18 a 20hs<\/td>\n<td>108<\/td>\n<\/tr>\n<tr>\n<td>Comunicaci\u00f3n II<\/td>\n<td>MA<\/td>\n<td>Pr\u00e1ctico<\/td>\n<td>20 a 22hs<\/td>\n<td>108\u00a0 &#8211;\u00a0 6<\/td>\n<\/tr>\n<tr>\n<td>Comunicaci\u00f3n Visual<\/td>\n<td>MA<\/td>\n<td>Teorico- practico<\/td>\n<td>18 a 22hs<\/td>\n<td>LAB. 1<\/td>\n<\/tr>\n<tr>\n<td>Diagn\u00f3stico Psicopedag\u00f3gico<\/td>\n<td>MA<\/td>\n<td>Teorico- practico<\/td>\n<td>18 a 22hs<\/td>\n<td>111<\/td>\n<\/tr>\n<tr>\n<td>Econom\u00eda General<\/td>\n<td>MA<\/td>\n<td>Te\u00f3rico y Pr\u00e1ctico<\/td>\n<td>8 a 12hs<\/td>\n<td><a href=\"http:\/\/www.sociales.unlz.edu.ar\/index.php\/economia-general\/\">Ver informaci\u00f3n aparte por carrera<\/a><\/td>\n<\/tr>\n<tr>\n<td>Econom\u00eda General<\/td>\n<td>MA<\/td>\n<td>Te\u00f3rico y Pr\u00e1ctico<\/td>\n<td>14 a 18hs<\/td>\n<td><a href=\"http:\/\/www.sociales.unlz.edu.ar\/index.php\/economia-general\/\">Ver informaci\u00f3n aparte por carrera<\/a><\/td>\n<\/tr>\n<tr>\n<td>Econom\u00eda General<\/td>\n<td>MA<\/td>\n<td>Te\u00f3rico y Pr\u00e1ctico<\/td>\n<td>18 a 22hs<\/td>\n<td><a href=\"http:\/\/www.sociales.unlz.edu.ar\/index.php\/economia-general\/\">Ver informaci\u00f3n aparte por carrera<\/a><\/td>\n<\/tr>\n<tr>\n<td>El deseo y su articulacion con el aprendizaje<\/td>\n<td>MA<\/td>\n<td>Teorico- practico<\/td>\n<td>18 a 22hs<\/td>\n<td>14<\/td>\n<\/tr>\n<tr>\n<td>Elementos de Neuropsicolog\u00eda Infantil<\/td>\n<td>MA<\/td>\n<td>Pr\u00e1ctico<\/td>\n<td>16 a 18hs<\/td>\n<td>102<\/td>\n<\/tr>\n<tr>\n<td>Elementos de Neuropsicolog\u00eda Infantil<\/td>\n<td>MA<\/td>\n<td>Te\u00f3rico<\/td>\n<td>18 a 20hs<\/td>\n<td>C<\/td>\n<\/tr>\n<tr>\n<td>Elementos de Neuropsicolog\u00eda Infantil<\/td>\n<td>MA<\/td>\n<td>Pr\u00e1ctico<\/td>\n<td>20 a 22hs<\/td>\n<td>C<\/td>\n<\/tr>\n<tr>\n<td>Filosof\u00eda<\/td>\n<td>MA<\/td>\n<td>Teorico- practico<\/td>\n<td>8 a 12hs<\/td>\n<td><a href=\"http:\/\/www.sociales.unlz.edu.ar\/index.php\/filosofia\/\">Ver informaci\u00f3n aparte por carrera<\/a><\/td>\n<\/tr>\n<tr>\n<td>Filosof\u00eda<\/td>\n<td>MA<\/td>\n<td>Teorico- practico<\/td>\n<td>14 a 18hs<\/td>\n<td><a href=\"http:\/\/www.sociales.unlz.edu.ar\/index.php\/filosofia\/\">Ver informaci\u00f3n aparte por carrera<\/a><\/td>\n<\/tr>\n<tr>\n<td>Filosof\u00eda<\/td>\n<td>MA<\/td>\n<td>Teorico- practico<\/td>\n<td>18 a 22hs<\/td>\n<td><a href=\"http:\/\/www.sociales.unlz.edu.ar\/index.php\/filosofia\/\">Ver informaci\u00f3n aparte por carrera<\/a><\/td>\n<\/tr>\n<tr>\n<td>Historia de la Educaci\u00f3n<\/td>\n<td>MA<\/td>\n<td>Teorico- practico<\/td>\n<td>14 a 18hs<\/td>\n<td>C<\/td>\n<\/tr>\n<tr>\n<td>Ingl\u00e9s:Nivel Avanzado<\/td>\n<td>MA<\/td>\n<td>Teorico- practico<\/td>\n<td>15 a 18hs<\/td>\n<td>108<\/td>\n<\/tr>\n<tr>\n<td>Ingl\u00e9s:Nivel Inicial<\/td>\n<td>MA<\/td>\n<td>Teorico- practico<\/td>\n<td>9 A 12hs<\/td>\n<td>6<\/td>\n<\/tr>\n<tr>\n<td>Introducci\u00f3n a la Pr\u00e1ctica Psicopedag\u00f3gica<\/td>\n<td>MA<\/td>\n<td>Teorico- practico<\/td>\n<td>8 a 12hs<\/td>\n<td><a href=\"http:\/\/www.sociales.unlz.edu.ar\/index.php\/introduccion-a-la-psicopedagogia\/\">Ver informaci\u00f3n aparte por carrera<\/a><\/td>\n<\/tr>\n<tr>\n<td>Introducci\u00f3n a la Pr\u00e1ctica Psicopedag\u00f3gica<\/td>\n<td>MA<\/td>\n<td>Teorico- practico<\/td>\n<td>14 a 18hs<\/td>\n<td><a href=\"http:\/\/www.sociales.unlz.edu.ar\/index.php\/introduccion-a-la-psicopedagogia\/\">Ver informaci\u00f3n aparte por carrera<\/a><\/td>\n<\/tr>\n<tr>\n<td>Introducci\u00f3n a la Pr\u00e1ctica Psicopedag\u00f3gica<\/td>\n<td>MA<\/td>\n<td>Teorico- practico<\/td>\n<td>18 a 22hs<\/td>\n<td><a href=\"http:\/\/www.sociales.unlz.edu.ar\/index.php\/introduccion-a-la-psicopedagogia\/\">Ver informaci\u00f3n aparte por carrera<\/a><\/td>\n<\/tr>\n<tr>\n<td>Introducci\u00f3n a los Estudios Literarios<\/td>\n<td>MA<\/td>\n<td>Pr\u00e1ctico<\/td>\n<td>16 a 18hs<\/td>\n<td>6<\/td>\n<\/tr>\n<tr>\n<td>Introducci\u00f3n a los Estudios Literarios<\/td>\n<td>MA<\/td>\n<td>Te\u00f3rico<\/td>\n<td>18 a 20hs<\/td>\n<td>6<\/td>\n<\/tr>\n<tr>\n<td>Introducci\u00f3n a los Estudios Literarios<\/td>\n<td>MA<\/td>\n<td>Pr\u00e1ctico<\/td>\n<td>20 a 22hs<\/td>\n<td>2<\/td>\n<\/tr>\n<tr>\n<td>Lat\u00edn I o Griego I<\/td>\n<td>MA<\/td>\n<td>Teorico- practico<\/td>\n<td>18 a 22hs<\/td>\n<td>10<\/td>\n<\/tr>\n<tr>\n<td>Literatura Latinoamericana I<\/td>\n<td>MA<\/td>\n<td>Teorico- practico<\/td>\n<td>18 a 22hs<\/td>\n<td>4<\/td>\n<\/tr>\n<tr>\n<td>Medicina Preventiva y Social<\/td>\n<td>MA<\/td>\n<td>Teorico- practico<\/td>\n<td>9 a 13hs<\/td>\n<td>10<\/td>\n<\/tr>\n<tr>\n<td>Organizaci\u00f3n y Administr. de Empresas<\/td>\n<td>MA<\/td>\n<td>Teorico- practico<\/td>\n<td>18 a 22hs<\/td>\n<td>A<\/td>\n<\/tr>\n<tr>\n<td>Periodismo y Literatura<\/td>\n<td>MA<\/td>\n<td>Teorico- practico<\/td>\n<td>18 a 22hs<\/td>\n<td>5<\/td>\n<\/tr>\n<tr>\n<td>Planeamiento de servicios<\/td>\n<td>MA<\/td>\n<td>Teorico- practico<\/td>\n<td>18 a 22hs<\/td>\n<td>9<\/td>\n<\/tr>\n<tr>\n<td>Prensa y Comunicaci\u00f3n Institucional<\/td>\n<td>MA<\/td>\n<td>Teorico- practico<\/td>\n<td>18 a 22hs<\/td>\n<td>8<\/td>\n<\/tr>\n<tr>\n<td>Problem\u00e1tica Period\u00edstica<\/td>\n<td>MA<\/td>\n<td>Teorico- practico<\/td>\n<td>18 a 22hs<\/td>\n<td>15<\/td>\n<\/tr>\n<tr>\n<td>Producci\u00f3n Audiovisual<\/td>\n<td>MA<\/td>\n<td>Teorico- practico<\/td>\n<td>18 a 22hs<\/td>\n<td>LAB. 2<\/td>\n<\/tr>\n<tr>\n<td>Promoci\u00f3n social de la salud<\/td>\n<td>MA<\/td>\n<td>Teorico- practico<\/td>\n<td>9 a 13hs<\/td>\n<td>10<\/td>\n<\/tr>\n<tr>\n<td>Psicolog\u00eda Social<\/td>\n<td>MA<\/td>\n<td>Te\u00f3rico<\/td>\n<td>8 a 10 hs<\/td>\n<td>D<\/td>\n<\/tr>\n<tr>\n<td>Psicolog\u00eda Social<\/td>\n<td>MA<\/td>\n<td>Pr\u00e1ctico<\/td>\n<td>10 a 12hs<\/td>\n<td>112 &#8211; 106 &#8211; 107<\/td>\n<\/tr>\n<tr>\n<td>Psicolog\u00eda Social<\/td>\n<td>MA<\/td>\n<td>Pr\u00e1ctico<\/td>\n<td>16 a 18hs<\/td>\n<td>104<\/td>\n<\/tr>\n<tr>\n<td>Psicolog\u00eda Social<\/td>\n<td>MA<\/td>\n<td>Te\u00f3rico<\/td>\n<td>18 a 20hs<\/td>\n<td>D<\/td>\n<\/tr>\n<tr>\n<td>Psicolog\u00eda Social<\/td>\n<td>MA<\/td>\n<td>Pr\u00e1ctico<\/td>\n<td>20 a 22hs<\/td>\n<td>D<\/td>\n<\/tr>\n<tr>\n<td>Radio<\/td>\n<td>MA<\/td>\n<td>Teorico- practico<\/td>\n<td>17 a 21hs<\/td>\n<td>MEDIOS<\/td>\n<\/tr>\n<tr>\n<td>Relaciones Internacionales<\/td>\n<td>MA<\/td>\n<td>Teorico- practico<\/td>\n<td>18 a 22hs<\/td>\n<td>106<\/td>\n<\/tr>\n<tr>\n<td>Remuneraciones y Pol\u00edtica Salarial<\/td>\n<td>MA<\/td>\n<td>Teorico- practico<\/td>\n<td>18 a 22hs<\/td>\n<td>7<\/td>\n<\/tr>\n<tr>\n<td>Taller de innovaciones educativas<\/td>\n<td>MA<\/td>\n<td>Teorico- practico<\/td>\n<td>14 a 18hs<\/td>\n<td>LAB. 1<\/td>\n<\/tr>\n<tr>\n<td>\u00a0 \u00a0 \u00a0 \u00a0 \u00a0 \u00a0 \u00a0 \u00a0 \u00a0 \u00a0 \u00a0 \u00a0 \u00a0 \u00a0 \u00a0 \u00a0 \u00a0 \u00a0 \u00a0 \u00a0 \u00a0 \u00a0 \u00a0 \u00a0 \u00a0 \u00a0 \u00a0 \u00a0 \u00a0 \u00a0 \u00a0 \u00a0 \u00a0 \u00a0 \u00a0 \u00a0 \u00a0 \u00a0 \u00a0 \u00a0 \u00a0 \u00a0 \u00a0 \u00a0 \u00a0 \u00a0 \u00a0 \u00a0 \u00a0 \u00a0 \u00a0 \u00a0 \u00a0 \u00a0 \u00a0 \u00a0 \u00a0 \u00a0 \u00a0 \u00a0 \u00a0 \u00a0 \u00a0 \u00a0 \u00a0 \u00a0 \u00a0 Taller de Radio\u00a0 (Prof.com.soc.<\/td>\n<td>MA<\/td>\n<td>Teorico- practico<\/td>\n<td>17 a 21hs<\/td>\n<td>MEDIOS<\/td>\n<\/tr>\n<tr>\n<td>T\u00e9cnicas de Exploraci\u00f3n Psicopedag\u00f3gica<\/td>\n<td>MA<\/td>\n<td>Teorico- practico<\/td>\n<td>18 a 22hs<\/td>\n<td>107<\/td>\n<\/tr>\n<tr>\n<td>Teor\u00eda y M\u00e9todo del Trabajo Social II<\/td>\n<td>MA<\/td>\n<td>Teorico- practico<\/td>\n<td>18 a 22hs<\/td>\n<td>3<\/td>\n<\/tr>\n<\/tbody>\n<\/table>\n<p>[\/vc_column_text][\/vc_column][\/vc_row]<\/p>\n","protected":false},"excerpt":{"rendered":"<p>[vc_row][vc_column][vc_column_text] Materias Dias Modalidad Horarios AULAS Campo I\u00a0 (M y F) MA Teorico- practico 18 a&#8230;<\/p>\n","protected":false},"author":8,"featured_media":5197,"parent":0,"menu_order":0,"comment_status":"closed","ping_status":"closed","template":"","meta":{"footnotes":""},"class_list":["post-7157","page","type-page","status-publish","has-post-thumbnail","hentry"],"_links":{"self":[{"href":"https:\/\/www.sociales.unlz.edu.ar\/index.php\/wp-json\/wp\/v2\/pages\/7157","targetHints":{"allow":["GET"]}}],"collection":[{"href":"https:\/\/www.sociales.unlz.edu.ar\/index.php\/wp-json\/wp\/v2\/pages"}],"about":[{"href":"https:\/\/www.sociales.unlz.edu.ar\/index.php\/wp-json\/wp\/v2\/types\/page"}],"author":[{"embeddable":true,"href":"https:\/\/www.sociales.unlz.edu.ar\/index.php\/wp-json\/wp\/v2\/users\/8"}],"replies":[{"embeddable":true,"href":"https:\/\/www.sociales.unlz.edu.ar\/index.php\/wp-json\/wp\/v2\/comments?post=7157"}],"version-history":[{"count":7,"href":"https:\/\/www.sociales.unlz.edu.ar\/index.php\/wp-json\/wp\/v2\/pages\/7157\/revisions"}],"predecessor-version":[{"id":7193,"href":"https:\/\/www.sociales.unlz.edu.ar\/index.php\/wp-json\/wp\/v2\/pages\/7157\/revisions\/7193"}],"wp:featuredmedia":[{"embeddable":true,"href":"https:\/\/www.sociales.unlz.edu.ar\/index.php\/wp-json\/wp\/v2\/media\/5197"}],"wp:attachment":[{"href":"https:\/\/www.sociales.unlz.edu.ar\/index.php\/wp-json\/wp\/v2\/media?parent=7157"}],"curies":[{"name":"wp","href":"https:\/\/api.w.org\/{rel}","templated":true}]}}