{"id":6726,"date":"2019-02-14T16:43:52","date_gmt":"2019-02-14T19:43:52","guid":{"rendered":"http:\/\/www.sociales.unlz.edu.ar\/?page_id=6726"},"modified":"2025-09-03T18:26:25","modified_gmt":"2025-09-03T21:26:25","slug":"cuerpo-docente","status":"publish","type":"page","link":"https:\/\/www.sociales.unlz.edu.ar\/index.php\/cuerpo-docente\/","title":{"rendered":"Cuerpo Docente"},"content":{"rendered":"<p>[vc_row][vc_column width=&#8221;1\/2&#8243;][vc_single_image image=&#8221;6747&#8243; img_size=&#8221;medium&#8221; alignment=&#8221;center&#8221;][vc_column_text css=&#8221;.vc_custom_1756933731126{border-right-width: 10% !important;padding-right: 10% !important;}&#8221;]<\/p>\n<h6 style=\"text-align: center;\">Doctora en Comunicaci\u00f3n por la UNLP. Estancia posdoctoral en Comunicaci\u00f3n, Medios y Cultura (UNLP)<br \/>\nLicenciada en Comunicaci\u00f3n Social (UNLZ). Postgraduada en Semiolog\u00eda y Antropolog\u00eda Cultural (Universit\u00e1 di Bologna).<br \/>\nDirectora de la Lic. en Ense\u00f1anza de las Artes Audiovisuales (UNSAM &#8211; INCAA).<br \/>\nDirectora de Desarrollo Acad\u00e9mico del Image Campus. Ex Directora del Centro de<br \/>\nComunicaci\u00f3n La Cruj\u00eda. Es docente e investigadora de grado y posgrado en<br \/>\nUNSAM, UNLZ, UNLaM y UNLaR. Es autora de numerosas publicaciones y desarrolla<br \/>\nInvestigaci\u00f3n aplicada a la Comunicaci\u00f3n<\/h6>\n<p>[\/vc_column_text][\/vc_column][vc_column width=&#8221;1\/2&#8243;][vc_single_image image=&#8221;6748&#8243; img_size=&#8221;medium&#8221; alignment=&#8221;center&#8221;][vc_column_text]<\/p>\n<h6 style=\"text-align: center;\">Consultor en Relaciones P\u00fablicas y Comunicaci\u00f3n Estrat\u00e9gica. Profesor Titular en la<br \/>\nUniversidad Cat\u00f3lica Argentina y en la Universidad Nacional de La Matanza.<br \/>\nInvestigador en el Departamento de Humanidades y Ciencias Sociales (UNLaM).<br \/>\nProfesor Titular de Comunicaci\u00f3n P\u00fablica Centro de Estudios e Investigaci\u00f3n para la<br \/>\nDirigencia Agroindustrial (CEIDA). Director de la carrera Licenciatura en<br \/>\nComunicaci\u00f3n Publicitaria e Institucional (UCA).<br \/>\nAutor de \u201cDoris &amp; Eddy. Pioneros de las Relaciones P\u00fablicas\u201d, \u201cReflexiones sobre el<br \/>\nmanagement de la comunicaci\u00f3n (2o edici\u00f3n)\u201d, \u201cEdward Bernays. El d\u00eda en que se<br \/>\ninventaron las relaciones p\u00fablicas\u201d, entre otros.<\/h6>\n<p>[\/vc_column_text][\/vc_column][\/vc_row][vc_row][vc_column width=&#8221;1\/2&#8243;][vc_single_image image=&#8221;11808&#8243; img_size=&#8221;medium&#8221; alignment=&#8221;center&#8221;][vc_column_text]<\/p>\n<h6 dir=\"ltr\" style=\"text-align: center;\">Licenciada en Periodismo y Profesora Universitaria en Comunicaci\u00f3n Social (UNLZ). Especialista en Educaci\u00f3n y Nuevas Tecnolog\u00edas (FLACSO). Curs\u00f3 adem\u00e1s la Especializaci\u00f3n en Periodismo Digital (UAI). Actualmente est\u00e1 realizando la Maestr\u00eda en Comunicaci\u00f3n Digital Interactiva (UNR). Es docente en la Universidad Nacional de Lomas de Zamora (UNLZ) y la Universidad Cat\u00f3lica Argentina (UCA), en materias vinculadas a comunicaci\u00f3n y nuevas tecnolog\u00edas.<br \/>\nAdem\u00e1s se desempe\u00f1a como editora de la Agencia AUNO de la UNLZ. Brinda capacitaciones sobre comunicaci\u00f3n digital, social media, narrativas transmedia y educaci\u00f3n en entornos virtuales. Adem\u00e1s es docente del Instituto de Ense\u00f1anza Virtual de la Sociedad Interamericana de Prensa (SIP). Integrante de Proyecto Desconf\u00edo sobre desinformaci\u00f3n y periodismo. Tambi\u00e9n participa en otros proyectos vinculados a comunicaci\u00f3n y educaci\u00f3n en el entorno digital.<\/h6>\n<p>[\/vc_column_text][\/vc_column][vc_column width=&#8221;1\/2&#8243;][vc_single_image image=&#8221;24764&#8243; img_size=&#8221;medium&#8221; alignment=&#8221;center&#8221;][vc_column_text]<\/p>\n<h6 style=\"text-align: center;\">Master\u2019s degree en Periodismo de viajes de la Universidad Aut\u00f3noma de Barcelona.<br \/>\nLicenciada en Relaciones P\u00fablicas y en Publicidad. Directora de la Licenciatura en<br \/>\nRelaciones P\u00fablicas en la Universidad de Belgrano, disertante de nivel internacional.<br \/>\nDirectora de Relaciones P\u00fablicas de la ALACAURP (Asociaci\u00f3n Latinoamericana de<br \/>\nCarreras Universitarias de Relaciones P\u00fablicas). Docente en universidades privadas y<br \/>\np\u00fablicas de la Rep\u00fablica Argentina. Profesora invitada de la Maestr\u00eda en Relaciones<br \/>\nP\u00fablicas, en la Universidad San Mart\u00edn de Porres, Lima, Per\u00fa. Directora de U-LearnPR.<br \/>\nProfesora de Planificaci\u00f3n de Medios, carrera de Publicidad en la Universidad<br \/>\nNacional de Lomas de Zamora.<\/h6>\n<p>[\/vc_column_text][\/vc_column][\/vc_row][vc_row][vc_column width=&#8221;1\/2&#8243;][vc_single_image image=&#8221;6752&#8243; img_size=&#8221;medium&#8221; alignment=&#8221;center&#8221;][vc_column_text]<\/p>\n<h6 style=\"text-align: center;\">Master in Business Administration por la Universidad de Baltimore. Licenciado en<br \/>\nRelaciones P\u00fablicas. Ex rector y actual vicerrector de la Universidad Nacional de<br \/>\nLomas de Zamora. Es docente de grado y posgrado en distintas universidades<br \/>\nargentinas y latinoamericanas. Se ha especializado en gesti\u00f3n y comunicaci\u00f3n<br \/>\ninstitucional en el \u00e1mbito de la Educaci\u00f3n Superior. Ha desarrollado un rol activo en<br \/>\nla divulgaci\u00f3n de las Relaciones P\u00fablicas como disciplina, en toda la regi\u00f3n. En ese<br \/>\nmarco, es autor de numerosas publicaciones. Desarrolla investigaci\u00f3n aplicada a las<br \/>\nCiencias Sociales.<\/h6>\n<p>[\/vc_column_text][\/vc_column][vc_column width=&#8221;1\/2&#8243;][vc_single_image image=&#8221;6753&#8243; img_size=&#8221;medium&#8221; alignment=&#8221;center&#8221;][vc_column_text]<\/p>\n<h6 style=\"text-align: center;\">Doctor en Comunicaci\u00f3n. Director General en AB Comunicaciones. Director del<br \/>\nposgrado &#8220;Especializaci\u00f3n en Comunicaci\u00f3n Digital&#8221; y de la carrera de grado<br \/>\n&#8220;Tecnicatura en Comunicaci\u00f3n Digital&#8221;. Profesor Titular de Gesti\u00f3n de la<br \/>\nComunicaci\u00f3n Digital. Secretario de Vinculaci\u00f3n Tecnol\u00f3gica (UNLP). Ha publicado<br \/>\n\u201cConversaciones- La gesti\u00f3n del di\u00e1logo en organizaciones desafiantes\u201d (Ed. La<br \/>\nCruj\u00eda) y \u201cComunicaci\u00f3n Interna: claves para una gesti\u00f3n exitosa\u201d (Ed. La Cruj\u00eda).<\/h6>\n<p>[\/vc_column_text][\/vc_column][\/vc_row][vc_row][vc_column width=&#8221;1\/2&#8243;][vc_single_image image=&#8221;6754&#8243; img_size=&#8221;medium&#8221; alignment=&#8221;center&#8221;][vc_column_text]<\/p>\n<h6 style=\"text-align: center;\">Mag\u00edster en Gesti\u00f3n de la Comunicaci\u00f3n en las Organizaciones por la Universidad<br \/>\nAustral. Licenciado en Periodismo por la UNLZ. Fue fundador y responsable del<br \/>\nprograma \u2018Argentina investiga\u2019, dependiente del Ministerio de Educaci\u00f3n de la<br \/>\nNaci\u00f3n. Especializado en divulgaci\u00f3n cient\u00edfica por el Instituto Leloir. Posgraduado en<br \/>\nOpini\u00f3n p\u00fablica y medios de comunicaci\u00f3n en la Facultad Latinoamericana de<br \/>\nCiencias Sociales (FLACSO). En la actualidad, es Decano de la Facultad de Ciencias<br \/>\nSociales de la Universidad Nacional de Lomas de Zamora.<\/h6>\n<p>[\/vc_column_text][\/vc_column][vc_column width=&#8221;1\/2&#8243;][vc_single_image image=&#8221;12129&#8243; img_size=&#8221;medium&#8221; alignment=&#8221;center&#8221;][vc_column_text]<\/p>\n<h6 style=\"font-weight: 400; text-align: center;\"><strong>Licenciado en Relaciones P\u00fablicas por Universidad Nacional de Lomas de Zamora. Doctorando en Ciencias Sociales por Universidad Nacional de General Sarmiento. Posgraduado en Opini\u00f3n P\u00fablica y Medios de Comunicaci\u00f3n por FLACSO. Posgraduado en Introducci\u00f3n al Pensamiento Complejo por C\u00e1tedra UNESCO Edgar Mor\u00edn . Se desempe\u00f1\u00f3 como Coordinador de la Licenciatura en Relaciones P\u00fablicas en Universidad Nacional de La Matanza entre 2005 y 2013. Fue Market Leader de Milenium Group Reputation Management para Argentina, consultora multilatina de comunicaci\u00f3n estrat\u00e9gica. Actualmente socio en Milenium Group Communications Consulting. Es Asesor del Banco Credicoop. Profesor Titular en la Maestr\u00eda en Comunicaci\u00f3n Digital de la Universidad Casa Grande de Ecuador. Profesor Titular en Universidad Nacional de Lomas de Zamora, Universidad de Belgrano y Universidad Abierta Interamericana. Profesor Adjunto en la Universidad Nacional de La Matanza.\u00a0 Miembro de la Comisi\u00f3n Directiva del Consejo Profesional de Relaciones P\u00fablicas.<\/strong><\/h6>\n<p>[\/vc_column_text][\/vc_column][\/vc_row][vc_row][vc_column width=&#8221;1\/2&#8243;][vc_single_image image=&#8221;6756&#8243; img_size=&#8221;medium&#8221; alignment=&#8221;center&#8221;][vc_column_text]<\/p>\n<h6 style=\"text-align: center;\">Licenciado en Periodismo por la UNLZ. Magister en Gesti\u00f3n en Comunicaci\u00f3n de las<br \/>\norganizaciones por la Universidad Austral. Es docente de grado y posgrado en la<br \/>\nUNLZ, la UNLaM y la Universidad Austral. Se especializa en Comunicaci\u00f3n Institucional<br \/>\ny Pol\u00edtica.<br \/>\nFue Decano de la Facultad de Ciencias Sociales de la UNLZ, Presidente del Directorio<br \/>\nde la Autoridad Federal de Servicios de Comunicaci\u00f3n Audiovisual, AFSCA,<br \/>\nPresidente de la Uni\u00f3n Latinoamericana de Agencias y Vicepresidente de T\u00e9lam.<br \/>\nDesarrolla investigaci\u00f3n aplicada a Comunicaci\u00f3n y Espacio P\u00fablico.<\/h6>\n<p>[\/vc_column_text][\/vc_column][vc_column width=&#8221;1\/2&#8243;][vc_single_image image=&#8221;17738&#8243; img_size=&#8221;medium&#8221; alignment=&#8221;center&#8221;][vc_column_text]<\/p>\n<h6 style=\"text-align: center;\">Doctor en Ciencias Sociales (UBA). Mag\u00edster en Comunicaci\u00f3n y Cultura (UBA). Es profesor de grado y posgrado en UNQ, UNLZ, FUdeSA, UNSAM y USAL. Fue director de la Maestr\u00eda en \u201cIndustrias Culturales: Pol\u00edticas y Gesti\u00f3n\u201d en la UNQ. Es investigador asociado de Observacom y autor de varios libros, entre ellos, \u201cPol\u00edticas de comunicaci\u00f3n del sector audiovisual: modelos divergentes, resultados equivalentes. La televisi\u00f3n por cable y el cine en la Argentina (1989-2007)\u201d y \u201cEl Audiovisual Ampliado. Pol\u00edticas p\u00fablicas, innovaciones del mercado y tensiones regulatorias en la industria de la televisi\u00f3n argentina frente a la convergencia.\u201d<\/h6>\n<p>[\/vc_column_text][\/vc_column][\/vc_row][vc_row][vc_column width=&#8221;1\/2&#8243;][vc_single_image image=&#8221;17741&#8243; img_size=&#8221;medium&#8221; alignment=&#8221;center&#8221;][vc_column_text]<\/p>\n<h6 style=\"text-align: center;\">Doctora en Ciencias Sociales y Humanas (UNQui). Mag\u00edster en Comunicaci\u00f3n, Cultura y Sociedad (Goldsmiths. University of London. Gran Breta\u00f1a. Beca Chevening Scholarship). Investigadora del CONICET. Es investigadora asociada del grupo de I+D Mediaflows de la Universidad de Valencia y Visiting Research Fellow en el departamento de Sociolog\u00eda de Goldsmiths, University of London. Profesora de grado y posgrado en universidades nacionales y extranjeras. Dirige el grupo de investigaci\u00f3n \u2018Repertorios y flujos de comunicaci\u00f3n en espacios digitales\u201d radicado en el Instituto de Pol\u00edtica y Gobierno de la UNNOBA.<\/h6>\n<p>[\/vc_column_text][\/vc_column][vc_column width=&#8221;1\/2&#8243;][vc_single_image image=&#8221;17743&#8243; img_size=&#8221;medium&#8221; alignment=&#8221;center&#8221;][vc_column_text]<\/p>\n<h6 style=\"text-align: center;\">Periodista, docente e investigador de la comunicaci\u00f3n. Su campo de especializaci\u00f3n son los temas de comunicaci\u00f3n vinculados con la ciudadan\u00eda, la participaci\u00f3n, las pol\u00edticas p\u00fablicas y la planificaci\u00f3n de procesos comunicacionales. Se desempe\u00f1a como periodista en el diario P\u00e1gina 12 (Buenos Aires), donde es responsable la secci\u00f3n La Ventana, y escribe sobre temas de comunicaci\u00f3n en medios acad\u00e9micos y cient\u00edficos. Fue presidente del Instituto Latinoamericano de Comunicaci\u00f3n para el Desarrollo (ILCD) y de la Asociaci\u00f3n Cat\u00f3lica Latinoamericana para la Radio y la Televisi\u00f3n. Asesora a organizaciones sociales, entidades p\u00fablicas y gobiernos. Docente de posgrado en universidades nacionales y extranjeras. Autor de numerosos libros y art\u00edculos.<\/h6>\n<p>[\/vc_column_text][\/vc_column][\/vc_row][vc_row][vc_column width=&#8221;1\/2&#8243;][vc_single_image image=&#8221;24765&#8243; img_size=&#8221;medium&#8221; alignment=&#8221;center&#8221;][vc_column_text]<\/p>\n<h6 style=\"text-align: center;\">Prensa institucional de la Universidad Nacional de Lomas de Zamora.<\/h6>\n<h6 style=\"text-align: center;\">Docente de Introducci\u00f3n a la Comunicaci\u00f3n en la Facultad de Ciencias Sociales UNLZ.<\/h6>\n<p>[\/vc_column_text][\/vc_column][\/vc_row]<\/p>\n","protected":false},"excerpt":{"rendered":"<p>[vc_row][vc_column width=&#8221;1\/2&#8243;][vc_single_image image=&#8221;6747&#8243; img_size=&#8221;medium&#8221; alignment=&#8221;center&#8221;][vc_column_text css=&#8221;.vc_custom_1756933731126{border-right-width: 10% !important;padding-right: 10% !important;}&#8221;] Doctora en Comunicaci\u00f3n por la UNLP&#8230;.<\/p>\n","protected":false},"author":5,"featured_media":5510,"parent":0,"menu_order":0,"comment_status":"closed","ping_status":"closed","template":"","meta":{"footnotes":""},"class_list":["post-6726","page","type-page","status-publish","has-post-thumbnail","hentry"],"_links":{"self":[{"href":"https:\/\/www.sociales.unlz.edu.ar\/index.php\/wp-json\/wp\/v2\/pages\/6726","targetHints":{"allow":["GET"]}}],"collection":[{"href":"https:\/\/www.sociales.unlz.edu.ar\/index.php\/wp-json\/wp\/v2\/pages"}],"about":[{"href":"https:\/\/www.sociales.unlz.edu.ar\/index.php\/wp-json\/wp\/v2\/types\/page"}],"author":[{"embeddable":true,"href":"https:\/\/www.sociales.unlz.edu.ar\/index.php\/wp-json\/wp\/v2\/users\/5"}],"replies":[{"embeddable":true,"href":"https:\/\/www.sociales.unlz.edu.ar\/index.php\/wp-json\/wp\/v2\/comments?post=6726"}],"version-history":[{"count":47,"href":"https:\/\/www.sociales.unlz.edu.ar\/index.php\/wp-json\/wp\/v2\/pages\/6726\/revisions"}],"predecessor-version":[{"id":24766,"href":"https:\/\/www.sociales.unlz.edu.ar\/index.php\/wp-json\/wp\/v2\/pages\/6726\/revisions\/24766"}],"wp:featuredmedia":[{"embeddable":true,"href":"https:\/\/www.sociales.unlz.edu.ar\/index.php\/wp-json\/wp\/v2\/media\/5510"}],"wp:attachment":[{"href":"https:\/\/www.sociales.unlz.edu.ar\/index.php\/wp-json\/wp\/v2\/media?parent=6726"}],"curies":[{"name":"wp","href":"https:\/\/api.w.org\/{rel}","templated":true}]}}