{"id":6631,"date":"2019-02-07T15:19:00","date_gmt":"2019-02-07T18:19:00","guid":{"rendered":"http:\/\/www.sociales.unlz.edu.ar\/?page_id=6631"},"modified":"2019-02-07T15:19:00","modified_gmt":"2019-02-07T18:19:00","slug":"imagen-corporativa","status":"publish","type":"page","link":"https:\/\/www.sociales.unlz.edu.ar\/index.php\/imagen-corporativa\/","title":{"rendered":"IMAGEN CORPORATIVA"},"content":{"rendered":"<p>El fen\u00f3meno de la imagen p\u00fablica es esencial para vincular la construcci\u00f3n de un proyecto que ha de ser percibido por las audiencias de acuerdo a sus propias impresiones.<span class=\"Apple-converted-space\">\u00a0 <\/span>Su estudio demanda un abordaje multidimensional; el rol que ocupa en la sociedad, los diferentes modelos de gestionarla y finalmente los efectos que produce en las conductas humanas.<\/p>\n","protected":false},"excerpt":{"rendered":"<p>El fen\u00f3meno de la imagen p\u00fablica es esencial para vincular la construcci\u00f3n de un proyecto que&#8230;<\/p>\n","protected":false},"author":5,"featured_media":5510,"parent":0,"menu_order":0,"comment_status":"closed","ping_status":"closed","template":"","meta":{"footnotes":""},"class_list":["post-6631","page","type-page","status-publish","has-post-thumbnail","hentry"],"_links":{"self":[{"href":"https:\/\/www.sociales.unlz.edu.ar\/index.php\/wp-json\/wp\/v2\/pages\/6631","targetHints":{"allow":["GET"]}}],"collection":[{"href":"https:\/\/www.sociales.unlz.edu.ar\/index.php\/wp-json\/wp\/v2\/pages"}],"about":[{"href":"https:\/\/www.sociales.unlz.edu.ar\/index.php\/wp-json\/wp\/v2\/types\/page"}],"author":[{"embeddable":true,"href":"https:\/\/www.sociales.unlz.edu.ar\/index.php\/wp-json\/wp\/v2\/users\/5"}],"replies":[{"embeddable":true,"href":"https:\/\/www.sociales.unlz.edu.ar\/index.php\/wp-json\/wp\/v2\/comments?post=6631"}],"version-history":[{"count":1,"href":"https:\/\/www.sociales.unlz.edu.ar\/index.php\/wp-json\/wp\/v2\/pages\/6631\/revisions"}],"predecessor-version":[{"id":6632,"href":"https:\/\/www.sociales.unlz.edu.ar\/index.php\/wp-json\/wp\/v2\/pages\/6631\/revisions\/6632"}],"wp:featuredmedia":[{"embeddable":true,"href":"https:\/\/www.sociales.unlz.edu.ar\/index.php\/wp-json\/wp\/v2\/media\/5510"}],"wp:attachment":[{"href":"https:\/\/www.sociales.unlz.edu.ar\/index.php\/wp-json\/wp\/v2\/media?parent=6631"}],"curies":[{"name":"wp","href":"https:\/\/api.w.org\/{rel}","templated":true}]}}