{"id":6414,"date":"2018-11-29T14:33:29","date_gmt":"2018-11-29T17:33:29","guid":{"rendered":"http:\/\/www.sociales.unlz.edu.ar\/?page_id=6414"},"modified":"2020-12-16T13:49:27","modified_gmt":"2020-12-16T16:49:27","slug":"inscripciones-a-la-licenciatura-en-alto-rendimiento-deportivo","status":"publish","type":"page","link":"https:\/\/www.sociales.unlz.edu.ar\/index.php\/inscripciones-a-la-licenciatura-en-alto-rendimiento-deportivo\/","title":{"rendered":"Inscripciones a la Licenciatura en Alto Rendimiento Deportivo"},"content":{"rendered":"<p><strong>Documentaci\u00f3n a presentar:<\/strong><\/p>\n<p>\u2013 Tres (3) fotograf\u00edas tipo carnet.<\/p>\n<p>\u2013 Fotocopia del DNI<\/p>\n<p>\u2013 Original y Fotocopia del Certificado Anal\u00edtico de los Estudios Secundarios,\u00a0debidamente legalizado por el Ministerio del Interior.(si el mismo ha sido\u00a0extendido antes).<\/p>\n<p>\u2013 Original y Fotocopia del Certificado Anal\u00edtico de los Estudios Terciarios\u00a0(Profesorado de Educaci\u00f3n F\u00edsica), debidamente legalizado por el Ministerio\u00a0del Interior, siempre y cuando el mismo haya sido expedido antes del a\u00f1o\u00a02010.<\/p>\n<p>\u2013 Certificado de Carga Horaria de la Carrera Terciaria.<\/p>\n<p>Con la presentaci\u00f3n de lo anteriormente mencionado se har\u00e1 la inscripci\u00f3n\u00a0provisoria de los alumnos, la cual ser\u00e1 ratificada oportunamente durante la\u00a0Cursada ante las Autoridades de la Universidad Nacional de Lomas de Zamora.<\/p>\n<p><strong>INFORMES<\/strong><\/p>\n<p>E-mail: <a href=\"mailto:cdsecretaria@sociales.unlz.edu.ar\" target=\"_blank\" rel=\"noopener\">cdsecretaria@sociales.unlz.<wbr \/>edu.ar<\/a><\/p>\n<p>Sra. Elizabeth BARATTA<\/p>\n<p><b>Acercate al Instituto \u201cEnrique Romero Brest\u201d<\/b><\/p>\n<p>Direcci\u00f3n: Miguel S\u00e1nchez (ex C. Larralde) 1338<\/p>\n<p>Atenci\u00f3n: Sra. Elizabeth BARATTA<\/p>\n<p><b>Lugar de Cursada<\/b><\/p>\n<p>I.E.F. \u201cRomero Brest\u201d \u2013 Miguel S\u00e1nchez 1338 (ex Cris\u00f3logo Larralde) \u2013 Ciudad\u00a0Aut\u00f3noma de Buenos Aires.<\/p>\n<p><b>D\u00edas de Cursada<\/b><\/p>\n<p>Viernes de 19,00 a 23,00 horas y S\u00e1bados de 08:00 a 14:00 horas.<\/p>\n<p><b>Duraci\u00f3n de la Carrera:<\/b><\/p>\n<p>Cuatro Cuatrimestres Consecutivos.<\/p>\n<p><b>Alcances:<\/b><\/p>\n<p>Reconocida por el Ministerio de Educaci\u00f3n a trav\u00e9s de la Resoluci\u00f3n N\u00b0 180, del 14\u00a0de marzo del 2001, por lo tanto posee reconocimiento oficial y su titulo tiene\u00a0validez a nivel nacional.\u00a0Provincia de Buenos Aires, la LARD es bonificante con un (1) punto para la rama\u00a0de Educaci\u00f3n Superior y para la Modalidad de Educaci\u00f3n F\u00edsica Capital Federal, la\u00a0LARD es bonificante de dos (2) puntos para Educaci\u00f3n General B\u00e1sica<\/p>\n<p><b>Arancel:<\/b><\/p>\n<p>Matr\u00edcula y 12 cuotas. Consulte valores.<\/p>\n<p>&nbsp;<\/p>\n","protected":false},"excerpt":{"rendered":"<p>Documentaci\u00f3n a presentar: \u2013 Tres (3) fotograf\u00edas tipo carnet. \u2013 Fotocopia del DNI \u2013 Original y&#8230;<\/p>\n","protected":false},"author":5,"featured_media":6474,"parent":0,"menu_order":0,"comment_status":"closed","ping_status":"closed","template":"","meta":{"footnotes":""},"class_list":["post-6414","page","type-page","status-publish","has-post-thumbnail","hentry"],"_links":{"self":[{"href":"https:\/\/www.sociales.unlz.edu.ar\/index.php\/wp-json\/wp\/v2\/pages\/6414","targetHints":{"allow":["GET"]}}],"collection":[{"href":"https:\/\/www.sociales.unlz.edu.ar\/index.php\/wp-json\/wp\/v2\/pages"}],"about":[{"href":"https:\/\/www.sociales.unlz.edu.ar\/index.php\/wp-json\/wp\/v2\/types\/page"}],"author":[{"embeddable":true,"href":"https:\/\/www.sociales.unlz.edu.ar\/index.php\/wp-json\/wp\/v2\/users\/5"}],"replies":[{"embeddable":true,"href":"https:\/\/www.sociales.unlz.edu.ar\/index.php\/wp-json\/wp\/v2\/comments?post=6414"}],"version-history":[{"count":10,"href":"https:\/\/www.sociales.unlz.edu.ar\/index.php\/wp-json\/wp\/v2\/pages\/6414\/revisions"}],"predecessor-version":[{"id":12621,"href":"https:\/\/www.sociales.unlz.edu.ar\/index.php\/wp-json\/wp\/v2\/pages\/6414\/revisions\/12621"}],"wp:featuredmedia":[{"embeddable":true,"href":"https:\/\/www.sociales.unlz.edu.ar\/index.php\/wp-json\/wp\/v2\/media\/6474"}],"wp:attachment":[{"href":"https:\/\/www.sociales.unlz.edu.ar\/index.php\/wp-json\/wp\/v2\/media?parent=6414"}],"curies":[{"name":"wp","href":"https:\/\/api.w.org\/{rel}","templated":true}]}}