{"id":606,"date":"2019-03-06T16:01:01","date_gmt":"2019-03-06T19:01:01","guid":{"rendered":"http:\/\/demo.themelogi.com\/roneous\/?page_id=606"},"modified":"2026-03-27T11:20:52","modified_gmt":"2026-03-27T14:20:52","slug":"home_sociales","status":"publish","type":"page","link":"https:\/\/www.sociales.unlz.edu.ar\/","title":{"rendered":"Home_Sociales"},"content":{"rendered":"<p>[vc_row full_width=&#8221;stretch_row&#8221; tlg_text_align=&#8221;text-center&#8221;][vc_column]<section class=\"m0 p0 cover   image-slider\" style=\"height:750px;px\">\n\t\t\t\t\t<div class=\"carousel-one-item-fade main-slider slides\"><div  id=\"slider-69deb6092c7f4\" class=\"header-slider item m0 image-bg p0\" style=\"height:750px;\"><div class=\"background-content\"><img fetchpriority=\"high\" decoding=\"async\" width=\"1920\" height=\"1000\" src=\"https:\/\/www.sociales.unlz.edu.ar\/wp-content\/uploads\/2025\/10\/2.jpg\" class=\"background-image\" alt=\"\" srcset=\"https:\/\/www.sociales.unlz.edu.ar\/wp-content\/uploads\/2025\/10\/2.jpg 1920w, https:\/\/www.sociales.unlz.edu.ar\/wp-content\/uploads\/2025\/10\/2-300x156.jpg 300w, https:\/\/www.sociales.unlz.edu.ar\/wp-content\/uploads\/2025\/10\/2-1024x533.jpg 1024w, https:\/\/www.sociales.unlz.edu.ar\/wp-content\/uploads\/2025\/10\/2-768x400.jpg 768w, https:\/\/www.sociales.unlz.edu.ar\/wp-content\/uploads\/2025\/10\/2-1536x800.jpg 1536w\" sizes=\"(max-width: 1920px) 100vw, 1920px\" \/><div  class=\"background-overlay\"><\/div><\/div><div  class=\"container vertical-alignment item-content slide-up\"><div class=\"row\"><div class=\"col-md-10 col-md-offset-1 col-sm-12 text-center\"><h1 class=\"heading-title-bold\">MATERIAS DEL PRIMER CUATRIMESTRE PARA INGRESANTES Y NO INGRESANTES<\/h1><div class=\"lead\" >Aulas, d\u00edas y horarios<\/div><div class=\"heading-content\"><\/div><div class=\"mt24 mt-xs-0\"><a  id=\"btn-69deb6092c7f5\" class=\"btn-lg btn-sm-sm m0 btn btn-filled  \" href= \"https:\/\/www.sociales.unlz.edu.ar\/index.php\/aulas-1-cuatrimestre-2026-no-ingresantes\/\" target=' _blank' >\u00a1M\u00e1s informaci\u00f3n!<\/a><\/div>\n                <\/div><\/div><\/div><\/div><div  id=\"slider-69deb6092ca62\" class=\"header-slider item m0 image-bg p0\" style=\"height:750px;\"><div class=\"background-content\"><img decoding=\"async\" width=\"1920\" height=\"1000\" src=\"https:\/\/www.sociales.unlz.edu.ar\/wp-content\/uploads\/2025\/11\/a-na.jpg\" class=\"background-image\" alt=\"\" srcset=\"https:\/\/www.sociales.unlz.edu.ar\/wp-content\/uploads\/2025\/11\/a-na.jpg 1920w, https:\/\/www.sociales.unlz.edu.ar\/wp-content\/uploads\/2025\/11\/a-na-300x156.jpg 300w, https:\/\/www.sociales.unlz.edu.ar\/wp-content\/uploads\/2025\/11\/a-na-1024x533.jpg 1024w, https:\/\/www.sociales.unlz.edu.ar\/wp-content\/uploads\/2025\/11\/a-na-768x400.jpg 768w, https:\/\/www.sociales.unlz.edu.ar\/wp-content\/uploads\/2025\/11\/a-na-1536x800.jpg 1536w\" sizes=\"(max-width: 1920px) 100vw, 1920px\" \/><div  class=\"background-overlay\"><\/div><\/div><div  class=\"container vertical-alignment item-content slide-up\"><div class=\"row\"><div class=\"col-md-10 col-md-offset-1 col-sm-12 text-center\"><h1 class=\"heading-title-bold\">Posgrados en Comunicaci\u00f3n 2026<\/h1><div class=\"lead\" >Doctorado, Maestr\u00eda y Especializaci\u00f3n<\/div><div class=\"heading-content\"><\/div><div class=\"mt24 mt-xs-0\"><a  id=\"btn-69deb6092ca63\" class=\"btn-lg btn-sm-sm m0 btn btn-filled  \" href= \"https:\/\/www.sociales.unlz.edu.ar\/index.php\/posgrados-en-comunicacion-2026\/\" target=' _blank' >\u00a1Conoc\u00e9 la oferta!<\/a><\/div>\n                <\/div><\/div><\/div><\/div><div  id=\"slider-69deb6092cbf6\" class=\"header-slider item m0 image-bg p0\" style=\"height:750px;\"><div class=\"background-content\"><img decoding=\"async\" width=\"1920\" height=\"1000\" src=\"https:\/\/www.sociales.unlz.edu.ar\/wp-content\/uploads\/2025\/11\/SLIDER-WEB.jpg\" class=\"background-image\" alt=\"\" srcset=\"https:\/\/www.sociales.unlz.edu.ar\/wp-content\/uploads\/2025\/11\/SLIDER-WEB.jpg 1920w, https:\/\/www.sociales.unlz.edu.ar\/wp-content\/uploads\/2025\/11\/SLIDER-WEB-300x156.jpg 300w, https:\/\/www.sociales.unlz.edu.ar\/wp-content\/uploads\/2025\/11\/SLIDER-WEB-1024x533.jpg 1024w, https:\/\/www.sociales.unlz.edu.ar\/wp-content\/uploads\/2025\/11\/SLIDER-WEB-768x400.jpg 768w, https:\/\/www.sociales.unlz.edu.ar\/wp-content\/uploads\/2025\/11\/SLIDER-WEB-1536x800.jpg 1536w\" sizes=\"(max-width: 1920px) 100vw, 1920px\" \/><div  class=\"background-overlay\"><\/div><\/div><div  class=\"container vertical-alignment item-content slide-up\"><div class=\"row\"><div class=\"col-md-10 col-md-offset-1 col-sm-12 text-center\"><h1 class=\"heading-title-bold\">Sociales en l\u00ednea<\/h1><div class=\"lead\" >Tr\u00e1mites online<\/div><div class=\"heading-content\"><\/div><div class=\"mt24 mt-xs-0\"><a  id=\"btn-69deb6092cbf7\" class=\"btn-lg btn-sm-sm m0 btn btn-filled  \" href= \"https:\/\/www.sociales.unlz.edu.ar\/index.php\/sociales-en-linea-2\/\" target=' _blank' >M\u00e1s informaci\u00f3n<\/a><\/div>\n                <\/div><\/div><\/div><\/div><\/div>\n\t\t\t\t<\/section>[\/vc_column][\/vc_row][vc_row tlg_background_style=&#8221;bg-dark&#8221; css=&#8221;.vc_custom_1701904317258{padding-bottom: 1% !important;background-color: #2c6fa3 !important;}&#8221;][vc_column width=&#8221;1\/4&#8243;]<div class=\"headings-title\"><div class=\"mb72  mb-xs-40 text-center\"><h5 style=\"color:#ffffff!important;\" class=\"widgettitle \">Inicio del primer cuatrimestre (NO Ingresantes)<\/h5><div class=\"divider-wrap\"><i style=\"color:#ffffff!important;\" class=\"ti-calendar\"><\/i><div class=\"tlg-divider\"><\/div><\/div><div style=\"color:#ffffff!important;\" class=\"widgetsubtitle\">25 de marzo<\/div><\/div><\/div>[\/vc_column][vc_column width=&#8221;1\/4&#8243;]<div class=\"headings-title\"><div class=\"mb72  mb-xs-40 text-center\"><h5 style=\"color:#ffffff!important;\" class=\"widgettitle \">Inicio del primer cuatrimestre (Ingresantes)<\/h5><div class=\"divider-wrap\"><i style=\"color:#ffffff!important;\" class=\"ti-calendar\"><\/i><div class=\"tlg-divider\"><\/div><\/div><div style=\"color:#ffffff!important;\" class=\"widgetsubtitle\">30 de marzo<\/div><\/div><\/div>[\/vc_column][vc_column width=&#8221;1\/4&#8243;]<div class=\"headings-title\"><div class=\"mb72  mb-xs-40 text-center\"><h5 style=\"color:#ffffff!important;\" class=\"widgettitle \">\u00a1Inscripci\u00f3n abierta! Diplomatura en Derechos Humanos y C\u00e1rceles<\/h5><div class=\"divider-wrap\"><i style=\"color:#ffffff!important;\" class=\"ti-calendar\"><\/i><div class=\"tlg-divider\"><\/div><\/div><div style=\"color:#ffffff!important;\" class=\"widgetsubtitle\">Inicio: abril 2026<\/div><\/div><\/div>[\/vc_column][vc_column width=&#8221;1\/4&#8243;]<div class=\"headings-title\"><div class=\"mb72  mb-xs-40 text-center\"><h5 style=\"color:#ffffff!important;\" class=\"widgettitle \">\u00a1Inscripci\u00f3n abierta! Diplomatura Universitaria en Comunicaci\u00f3n Agropecuaria<\/h5><div class=\"divider-wrap\"><i style=\"color:#ffffff!important;\" class=\"ti-calendar\"><\/i><div class=\"tlg-divider\"><\/div><\/div><div style=\"color:#ffffff!important;\" class=\"widgetsubtitle\">Inicio: abril 2026<\/div><\/div><\/div>[\/vc_column][\/vc_row][vc_row css=&#8221;.vc_custom_1540403504484{padding-bottom: 2px !important;}&#8221;][vc_column width=&#8221;1\/4&#8243;][vc_single_image image=&#8221;5155&#8243; alignment=&#8221;center&#8221; onclick=&#8221;custom_link&#8221; link=&#8221;http:\/\/www.sociales.unlz.edu.ar\/index.php\/carreras\/&#8221;][vc_column_text]<\/p>\n<h4 style=\"text-align: center;\"><strong>OFERTA ACAD\u00c9MICA<\/strong><\/h4>\n<p style=\"text-align: center;\">Carreras de Grado y Posgrado, Diplomaturas, Ciclos de Complementaci\u00f3n Curricular y cursos<\/p>\n<p>[\/vc_column_text][\/vc_column][vc_column width=&#8221;1\/4&#8243;][vc_single_image image=&#8221;4933&#8243; alignment=&#8221;center&#8221; onclick=&#8221;custom_link&#8221; link=&#8221;https:\/\/www.sociales.unlz.edu.ar\/index.php\/calendario-academico-2025-2\/&#8221;][vc_column_text]<\/p>\n<h4 style=\"text-align: center;\"><strong>CALENDARIO ACAD\u00c9MICO<\/strong><\/h4>\n<p style=\"text-align: center;\">Fechas de inscripciones y Mesas de ex\u00e1menes<\/p>\n<p>[\/vc_column_text][\/vc_column][vc_column width=&#8221;1\/4&#8243;][vc_single_image image=&#8221;10926&#8243; alignment=&#8221;center&#8221; onclick=&#8221;custom_link&#8221; link=&#8221;https:\/\/www.sociales.unlz.edu.ar\/index.php\/sociales-en-linea-2\/&#8221;][vc_column_text]<\/p>\n<h4 style=\"text-align: center;\"><strong>SOCIALES EN L\u00cdNEA<\/strong><\/h4>\n<p style=\"text-align: center;\">Asistencia para la realizaci\u00f3n de tr\u00e1mites online<\/p>\n<p>[\/vc_column_text][\/vc_column][vc_column width=&#8221;1\/4&#8243;][vc_single_image image=&#8221;4935&#8243; alignment=&#8221;center&#8221; onclick=&#8221;custom_link&#8221; link=&#8221;https:\/\/www.sociales.unlz.edu.ar\/index.php\/estudiantes-3\/&#8221;][vc_column_text]<\/p>\n<h4 style=\"text-align: center;\"><strong>ESTUDIANTES<\/strong><\/h4>\n<p style=\"text-align: center;\">Informaci\u00f3n para Ingresantes<br \/>\ny No Ingresantes[\/vc_column_text][\/vc_column][\/vc_row][vc_row][vc_column width=&#8221;1\/4&#8243;][vc_single_image image=&#8221;4930&#8243; alignment=&#8221;center&#8221; onclick=&#8221;custom_link&#8221; link=&#8221;http:\/\/www.sociales.unlz.edu.ar\/index.php\/unite\/&#8221;][vc_column_text]<\/p>\n<h4 style=\"text-align: center;\"><strong>UniTE<\/strong><\/h4>\n<p style=\"text-align: center;\">Programa Universitario para la Tercera Edad<\/p>\n<p>[\/vc_column_text][\/vc_column][vc_column width=&#8221;1\/4&#8243;][vc_single_image image=&#8221;4929&#8243; alignment=&#8221;center&#8221; onclick=&#8221;custom_link&#8221; link=&#8221;http:\/\/www.sociales.unlz.edu.ar\/index.php\/saop\/&#8221;][vc_column_text]<\/p>\n<h4 style=\"text-align: center;\"><strong>SAOP<\/strong><\/h4>\n<p style=\"text-align: center;\">Servicio de Atenci\u00f3n y Orientaci\u00f3n Psicopedag\u00f3gica<\/p>\n<p>[\/vc_column_text][\/vc_column][vc_column width=&#8221;1\/4&#8243;][vc_single_image image=&#8221;4928&#8243; alignment=&#8221;center&#8221; onclick=&#8221;custom_link&#8221; link=&#8221;http:\/\/www.sociales.unlz.edu.ar\/index.php\/comunicacion\/&#8221;][vc_column_text]<\/p>\n<h4 style=\"text-align: center;\"><strong>MEDIOS<\/strong><\/h4>\n<p style=\"text-align: center;\">AUNO &#8211; Radio Conurbana &#8211; Hologram\u00e1tica<\/p>\n<p>[\/vc_column_text][\/vc_column][vc_column width=&#8221;1\/4&#8243;][vc_single_image image=&#8221;4932&#8243; alignment=&#8221;center&#8221; onclick=&#8221;custom_link&#8221; link=&#8221;http:\/\/www.sociales.unlz.edu.ar\/index.php\/institutos-2\/&#8221;][vc_column_text]<\/p>\n<h4 style=\"text-align: center;\"><strong>INSTITUTOS y PROGRAMAS<\/strong><\/h4>\n<p style=\"text-align: center;\">UniCom &#8211; ICE &#8211; La Radio en la Escuela<\/p>\n<p>[\/vc_column_text][\/vc_column][\/vc_row][vc_row][vc_column]<section id=\"blog-69deb6092d41f\" class=\"p0 text-left\"><div class=\"blog-carousel blog-carousel-detail three-columns\"><div class=\"post-wrap project\">\r\n    <div class=\"inner-wrap border-none p0\">\r\n        <a href=\"https:\/\/www.sociales.unlz.edu.ar\/index.php\/2026\/04\/09\/presentaron-la-bap-el-documental-sobre-la-biblioteca-autonoma-de-periodismo-que-resistio-a-la-dictadura\/\">\r\n            <div class=\"post-image bg-overlay mb16\">\r\n                <img loading=\"lazy\" decoding=\"async\" width=\"600\" height=\"400\" src=\"https:\/\/www.sociales.unlz.edu.ar\/wp-content\/uploads\/2026\/04\/fotos-en-sociales-hor-1-600x400.jpg\" class=\"background-image wp-post-image\" alt=\"\" \/>                <div class=\"bg-mask\"><i class=\"ti-plus\"><\/i><\/div>\r\n            <\/div>\r\n        <\/a>\r\n        <div class=\"inner-left inner-small\">\r\n            <div class=\"day\">09<\/div>\r\n            <div class=\"month\">Abr<\/div>\r\n        <\/div>\r\n        <div class=\"inner-right inner-small\">\r\n            <div class=\"post-title\">\r\n                <h5 class=\"mb0\"><a class=\"link-dark-title\" href=\"https:\/\/www.sociales.unlz.edu.ar\/index.php\/2026\/04\/09\/presentaron-la-bap-el-documental-sobre-la-biblioteca-autonoma-de-periodismo-que-resistio-a-la-dictadura\/\">Presentaron \u201cLa BAP\u201d, el documental sobre la Biblioteca Aut\u00f3noma de Periodismo que resisti\u00f3 a la Dictadura<\/a><\/h5>            <\/div>\r\n            <div class=\"entry-meta mt8 mb16 p0\">\r\n                                    <span class=\"inline-block\"><span>en<\/span><a href=\"https:\/\/www.sociales.unlz.edu.ar\/index.php\/category\/novedades\/\" rel=\"category tag\">Novedades<\/a><\/span>\r\n                            <\/div>\r\n        <\/div>\r\n        <div class=\"clearfix\"><\/div>\r\n        <p>El documental \u201cLa BAP\u201d sobre la Biblioteca Aut\u00f3noma de Periodismo se estren\u00f3 este martes 7 de&#8230;<\/p>\n    <\/div>\r\n<\/div><div class=\"post-wrap project\">\r\n    <div class=\"inner-wrap border-none p0\">\r\n        <a href=\"https:\/\/www.sociales.unlz.edu.ar\/index.php\/2026\/03\/17\/naon-fue-reelecto-como-decano-en-la-facultad-de-ciencias-sociales-unlz\/\">\r\n            <div class=\"post-image bg-overlay mb16\">\r\n                <img loading=\"lazy\" decoding=\"async\" width=\"600\" height=\"400\" src=\"https:\/\/www.sociales.unlz.edu.ar\/wp-content\/uploads\/2026\/03\/11-600x400.jpg\" class=\"background-image wp-post-image\" alt=\"\" \/>                <div class=\"bg-mask\"><i class=\"ti-plus\"><\/i><\/div>\r\n            <\/div>\r\n        <\/a>\r\n        <div class=\"inner-left inner-small\">\r\n            <div class=\"day\">17<\/div>\r\n            <div class=\"month\">Mar<\/div>\r\n        <\/div>\r\n        <div class=\"inner-right inner-small\">\r\n            <div class=\"post-title\">\r\n                <h5 class=\"mb0\"><a class=\"link-dark-title\" href=\"https:\/\/www.sociales.unlz.edu.ar\/index.php\/2026\/03\/17\/naon-fue-reelecto-como-decano-en-la-facultad-de-ciencias-sociales-unlz\/\">Na\u00f3n fue reelecto como decano en la Facultad de Ciencias Sociales UNLZ<\/a><\/h5>            <\/div>\r\n            <div class=\"entry-meta mt8 mb16 p0\">\r\n                                    <span class=\"inline-block\"><span>en<\/span><a href=\"https:\/\/www.sociales.unlz.edu.ar\/index.php\/category\/novedades\/\" rel=\"category tag\">Novedades<\/a><\/span>\r\n                            <\/div>\r\n        <\/div>\r\n        <div class=\"clearfix\"><\/div>\r\n        <p>El decano de la Facultad de Ciencias Sociales de la Universidad Nacional de Lomas de Zamora&#8230;<\/p>\n    <\/div>\r\n<\/div><div class=\"post-wrap project\">\r\n    <div class=\"inner-wrap border-none p0\">\r\n        <a href=\"https:\/\/www.sociales.unlz.edu.ar\/index.php\/2025\/12\/15\/se-realizo-una-nueva-colacion-de-grado-en-sociales\/\">\r\n            <div class=\"post-image bg-overlay mb16\">\r\n                <img loading=\"lazy\" decoding=\"async\" width=\"600\" height=\"400\" src=\"https:\/\/www.sociales.unlz.edu.ar\/wp-content\/uploads\/2025\/12\/92-600x400.jpg\" class=\"background-image wp-post-image\" alt=\"\" \/>                <div class=\"bg-mask\"><i class=\"ti-plus\"><\/i><\/div>\r\n            <\/div>\r\n        <\/a>\r\n        <div class=\"inner-left inner-small\">\r\n            <div class=\"day\">15<\/div>\r\n            <div class=\"month\">Dic<\/div>\r\n        <\/div>\r\n        <div class=\"inner-right inner-small\">\r\n            <div class=\"post-title\">\r\n                <h5 class=\"mb0\"><a class=\"link-dark-title\" href=\"https:\/\/www.sociales.unlz.edu.ar\/index.php\/2025\/12\/15\/se-realizo-una-nueva-colacion-de-grado-en-sociales\/\">Se realiz\u00f3 una nueva colaci\u00f3n de grado en Sociales<\/a><\/h5>            <\/div>\r\n            <div class=\"entry-meta mt8 mb16 p0\">\r\n                                    <span class=\"inline-block\"><span>en<\/span><a href=\"https:\/\/www.sociales.unlz.edu.ar\/index.php\/category\/novedades\/\" rel=\"category tag\">Novedades<\/a><\/span>\r\n                            <\/div>\r\n        <\/div>\r\n        <div class=\"clearfix\"><\/div>\r\n        <p>Graduados y graduadas de la Facultad de Ciencias Sociales de la Universidad Nacional de Lomas de&#8230;<\/p>\n    <\/div>\r\n<\/div><div class=\"post-wrap project\">\r\n    <div class=\"inner-wrap border-none p0\">\r\n        <a href=\"https:\/\/www.sociales.unlz.edu.ar\/index.php\/2025\/12\/11\/esta-abierta-la-inscripcion-a-una-nueva-edicion-de-la-diplomatura-en-comunicacion-agropecuaria\/\">\r\n            <div class=\"post-image bg-overlay mb16\">\r\n                <img loading=\"lazy\" decoding=\"async\" width=\"600\" height=\"400\" src=\"https:\/\/www.sociales.unlz.edu.ar\/wp-content\/uploads\/2025\/12\/Diplomatura-en-Comuniacacion-Agropecuaria-600x400.jpg\" class=\"background-image wp-post-image\" alt=\"\" \/>                <div class=\"bg-mask\"><i class=\"ti-plus\"><\/i><\/div>\r\n            <\/div>\r\n        <\/a>\r\n        <div class=\"inner-left inner-small\">\r\n            <div class=\"day\">11<\/div>\r\n            <div class=\"month\">Dic<\/div>\r\n        <\/div>\r\n        <div class=\"inner-right inner-small\">\r\n            <div class=\"post-title\">\r\n                <h5 class=\"mb0\"><a class=\"link-dark-title\" href=\"https:\/\/www.sociales.unlz.edu.ar\/index.php\/2025\/12\/11\/esta-abierta-la-inscripcion-a-una-nueva-edicion-de-la-diplomatura-en-comunicacion-agropecuaria\/\">Est\u00e1 abierta la inscripci\u00f3n a una nueva edici\u00f3n de la Diplomatura en Comunicaci\u00f3n Agropecuaria<\/a><\/h5>            <\/div>\r\n            <div class=\"entry-meta mt8 mb16 p0\">\r\n                                    <span class=\"inline-block\"><span>en<\/span><a href=\"https:\/\/www.sociales.unlz.edu.ar\/index.php\/category\/novedades\/\" rel=\"category tag\">Novedades<\/a><\/span>\r\n                            <\/div>\r\n        <\/div>\r\n        <div class=\"clearfix\"><\/div>\r\n        <p>Est\u00e1 orientada a periodistas, comunicadores e influencers en comunicaci\u00f3n agroindustrial. El trabajo final es el dise\u00f1o&#8230;<\/p>\n    <\/div>\r\n<\/div><div class=\"post-wrap project\">\r\n    <div class=\"inner-wrap border-none p0\">\r\n        <a href=\"https:\/\/www.sociales.unlz.edu.ar\/index.php\/2025\/11\/03\/con-destacados-expositores-y-espacios-de-reflexion-se-realizo-la-viii-jornada-de-comunicacion-estrategica\/\">\r\n            <div class=\"post-image bg-overlay mb16\">\r\n                <img loading=\"lazy\" decoding=\"async\" width=\"600\" height=\"400\" src=\"https:\/\/www.sociales.unlz.edu.ar\/wp-content\/uploads\/2025\/11\/33-600x400.jpg\" class=\"background-image wp-post-image\" alt=\"\" \/>                <div class=\"bg-mask\"><i class=\"ti-plus\"><\/i><\/div>\r\n            <\/div>\r\n        <\/a>\r\n        <div class=\"inner-left inner-small\">\r\n            <div class=\"day\">03<\/div>\r\n            <div class=\"month\">Nov<\/div>\r\n        <\/div>\r\n        <div class=\"inner-right inner-small\">\r\n            <div class=\"post-title\">\r\n                <h5 class=\"mb0\"><a class=\"link-dark-title\" href=\"https:\/\/www.sociales.unlz.edu.ar\/index.php\/2025\/11\/03\/con-destacados-expositores-y-espacios-de-reflexion-se-realizo-la-viii-jornada-de-comunicacion-estrategica\/\">Con destacadas conferencias y espacios de reflexi\u00f3n, se realiz\u00f3 la VIII Jornada de Comunicaci\u00f3n Estrat\u00e9gica<\/a><\/h5>            <\/div>\r\n            <div class=\"entry-meta mt8 mb16 p0\">\r\n                                    <span class=\"inline-block\"><span>en<\/span><a href=\"https:\/\/www.sociales.unlz.edu.ar\/index.php\/category\/novedades\/\" rel=\"category tag\">Novedades<\/a><\/span>\r\n                            <\/div>\r\n        <\/div>\r\n        <div class=\"clearfix\"><\/div>\r\n        <p>Bajo la consigna \u201cHackear el algoritmo\u201d, la Facultad de Ciencias Sociales de la Universidad Nacional de&#8230;<\/p>\n    <\/div>\r\n<\/div><div class=\"post-wrap project\">\r\n    <div class=\"inner-wrap border-none p0\">\r\n        <a href=\"https:\/\/www.sociales.unlz.edu.ar\/index.php\/2025\/10\/23\/sociales-entrego-diplomas-de-grado-y-posgrado-en-la-colacion-219\/\">\r\n            <div class=\"post-image bg-overlay mb16\">\r\n                <img loading=\"lazy\" decoding=\"async\" width=\"600\" height=\"400\" src=\"https:\/\/www.sociales.unlz.edu.ar\/wp-content\/uploads\/2025\/10\/66-600x400.jpg\" class=\"background-image wp-post-image\" alt=\"\" \/>                <div class=\"bg-mask\"><i class=\"ti-plus\"><\/i><\/div>\r\n            <\/div>\r\n        <\/a>\r\n        <div class=\"inner-left inner-small\">\r\n            <div class=\"day\">23<\/div>\r\n            <div class=\"month\">Oct<\/div>\r\n        <\/div>\r\n        <div class=\"inner-right inner-small\">\r\n            <div class=\"post-title\">\r\n                <h5 class=\"mb0\"><a class=\"link-dark-title\" href=\"https:\/\/www.sociales.unlz.edu.ar\/index.php\/2025\/10\/23\/sociales-entrego-diplomas-de-grado-y-posgrado-en-la-colacion-219\/\">Sociales entreg\u00f3 diplomas de grado y posgrado en la colaci\u00f3n 219<\/a><\/h5>            <\/div>\r\n            <div class=\"entry-meta mt8 mb16 p0\">\r\n                                    <span class=\"inline-block\"><span>en<\/span><a href=\"https:\/\/www.sociales.unlz.edu.ar\/index.php\/category\/novedades\/\" rel=\"category tag\">Novedades<\/a><\/span>\r\n                            <\/div>\r\n        <\/div>\r\n        <div class=\"clearfix\"><\/div>\r\n        <p>La Facultad de Ciencias Sociales de la Universidad Nacional de Lomas de Zamora (UNLZ) entreg\u00f3 t\u00edtulos&#8230;<\/p>\n    <\/div>\r\n<\/div><\/div><\/section>[vc_column_text]<a href=\"https:\/\/www.sociales.unlz.edu.ar\/index.php\/Novedades\/\"><strong>M\u00e1s Novedades<\/strong><\/a>[\/vc_column_text][\/vc_column][vc_column][\/vc_column][\/vc_row][vc_row tlg_bg_video_style=&#8221;youtube&#8221; tlg_bg_youtube_url=&#8221;https:\/\/youtu.be\/NaVg_zj43CA&#8221; css=&#8221;.vc_custom_1701904357758{padding-top: 5px !important;padding-bottom: 5px !important;}&#8221;][vc_column css_animation=&#8221;fadeIn&#8221; width=&#8221;1\/4&#8243; css=&#8221;.vc_custom_1594741172617{margin-top: 30% !important;margin-bottom: 30% !important;}&#8221;]<div class=\"\"><a  id=\"btn-69deb6092f4e4\" class=\"btn btn-filled btn-lg ti-control-play  btn-sm-sm\" href= \"http:\/\/www.radioconurbana.unlz.edu.ar\/wordpress\/\" target=\"_self\" >Escuch\u00e1 en vivo<\/a><\/div>[\/vc_column][vc_column width=&#8221;3\/4&#8243;][vc_single_image image=&#8221;11471&#8243; img_size=&#8221;full&#8221; alignment=&#8221;center&#8221;][\/vc_column][\/vc_row][vc_row full_width=&#8221;stretch_row&#8221;][vc_column width=&#8221;1\/5&#8243; css=&#8221;.vc_custom_1533581929556{padding-top: 60px !important;padding-bottom: 60px !important;background-color: #016bb6 !important;}&#8221;][vc_single_image image=&#8221;10012&#8243; alignment=&#8221;center&#8221; onclick=&#8221;custom_link&#8221; link=&#8221;https:\/\/www.facebook.com\/socialesunlz&#8221; css=&#8221;.vc_custom_1580929706946{background-color: #016bb6 !important;}&#8221;][\/vc_column][vc_column width=&#8221;1\/5&#8243; css=&#8221;.vc_custom_1533581922546{padding-top: 60px !important;padding-bottom: 60px !important;background-color: #08c1e2 !important;}&#8221;][vc_single_image image=&#8221;10014&#8243; alignment=&#8221;center&#8221; onclick=&#8221;custom_link&#8221; link=&#8221;https:\/\/twitter.com\/socialesunlz&#8221; css=&#8221;.vc_custom_1580929804937{background-color: #08c1e2 !important;}&#8221;][\/vc_column][vc_column width=&#8221;1\/5&#8243; css=&#8221;.vc_custom_1533581914587{padding-top: 60px !important;padding-bottom: 60px !important;background-color: #c4302b !important;}&#8221;][vc_single_image image=&#8221;10018&#8243; alignment=&#8221;center&#8221; onclick=&#8221;custom_link&#8221; link=&#8221;https:\/\/www.youtube.com\/user\/UNLZSociales&#8221; css=&#8221;.vc_custom_1580929901182{background-color: #c4302b !important;}&#8221;][\/vc_column][vc_column width=&#8221;1\/5&#8243; css=&#8221;.vc_custom_1541185539854{padding-top: 60px !important;padding-bottom: 60px !important;background-color: #cd486b !important;}&#8221;][vc_single_image image=&#8221;10016&#8243; alignment=&#8221;center&#8221; onclick=&#8221;custom_link&#8221; link=&#8221;https:\/\/www.instagram.com\/socialesunlz\/&#8221; css=&#8221;.vc_custom_1580929977095{background-color: #cd486b !important;}&#8221;][\/vc_column][vc_column width=&#8221;1\/5&#8243; css=&#8221;.vc_custom_1580930163255{padding-top: 60px !important;padding-bottom: 60px !important;background-color: #35b23f !important;}&#8221;][vc_single_image image=&#8221;10013&#8243; alignment=&#8221;center&#8221; onclick=&#8221;custom_link&#8221; link=&#8221;https:\/\/open.spotify.com\/show\/1O53plfa4RXdxr2lW6SfxO&#8221; css=&#8221;.vc_custom_1580930111636{background-color: #35b23f !important;}&#8221;][\/vc_column][\/vc_row]<\/p>\n","protected":false},"excerpt":{"rendered":"<p>[vc_row full_width=&#8221;stretch_row&#8221; tlg_text_align=&#8221;text-center&#8221;][vc_column][\/vc_column][\/vc_row][vc_row tlg_background_style=&#8221;bg-dark&#8221; css=&#8221;.vc_custom_1701904317258{padding-bottom: 1% !important;background-color: #2c6fa3 !important;}&#8221;][vc_column width=&#8221;1\/4&#8243;][\/vc_column][vc_column width=&#8221;1\/4&#8243;][\/vc_column][vc_column width=&#8221;1\/4&#8243;][\/vc_column][vc_column width=&#8221;1\/4&#8243;][\/vc_column][\/vc_row][vc_row css=&#8221;.vc_custom_1540403504484{padding-bottom: 2px !important;}&#8221;][vc_column&#8230;<\/p>\n","protected":false},"author":7,"featured_media":0,"parent":0,"menu_order":0,"comment_status":"closed","ping_status":"closed","template":"","meta":{"footnotes":""},"class_list":["post-606","page","type-page","status-publish","hentry"],"_links":{"self":[{"href":"https:\/\/www.sociales.unlz.edu.ar\/index.php\/wp-json\/wp\/v2\/pages\/606","targetHints":{"allow":["GET"]}}],"collection":[{"href":"https:\/\/www.sociales.unlz.edu.ar\/index.php\/wp-json\/wp\/v2\/pages"}],"about":[{"href":"https:\/\/www.sociales.unlz.edu.ar\/index.php\/wp-json\/wp\/v2\/types\/page"}],"author":[{"embeddable":true,"href":"https:\/\/www.sociales.unlz.edu.ar\/index.php\/wp-json\/wp\/v2\/users\/7"}],"replies":[{"embeddable":true,"href":"https:\/\/www.sociales.unlz.edu.ar\/index.php\/wp-json\/wp\/v2\/comments?post=606"}],"version-history":[{"count":2281,"href":"https:\/\/www.sociales.unlz.edu.ar\/index.php\/wp-json\/wp\/v2\/pages\/606\/revisions"}],"predecessor-version":[{"id":25537,"href":"https:\/\/www.sociales.unlz.edu.ar\/index.php\/wp-json\/wp\/v2\/pages\/606\/revisions\/25537"}],"wp:attachment":[{"href":"https:\/\/www.sociales.unlz.edu.ar\/index.php\/wp-json\/wp\/v2\/media?parent=606"}],"curies":[{"name":"wp","href":"https:\/\/api.w.org\/{rel}","templated":true}]}}