{"id":6008,"date":"2018-11-29T14:30:51","date_gmt":"2018-11-29T17:30:51","guid":{"rendered":"http:\/\/www.sociales.unlz.edu.ar\/?page_id=6008"},"modified":"2023-02-08T11:08:56","modified_gmt":"2023-02-08T14:08:56","slug":"lard","status":"publish","type":"page","link":"https:\/\/www.sociales.unlz.edu.ar\/index.php\/lard\/","title":{"rendered":"Licenciatura en Alto Rendimiento Deportivo"},"content":{"rendered":"<p>[vc_row][vc_column][vc_row_inner][vc_column_inner width=&#8221;1\/4&#8243;][vc_single_image image=&#8221;15344&#8243; img_size=&#8221;medium&#8221;][vc_column_text]<\/p>\n<h5 style=\"text-align: center;\">Presencial*<\/h5>\n<p>[\/vc_column_text][\/vc_column_inner][vc_column_inner width=&#8221;1\/4&#8243;][vc_single_image image=&#8221;15350&#8243; img_size=&#8221;medium&#8221;][vc_column_text]<\/p>\n<h5 style=\"text-align: center;\">CABA<\/h5>\n<p>[\/vc_column_text][\/vc_column_inner][vc_column_inner width=&#8221;1\/4&#8243;][vc_single_image image=&#8221;15341&#8243; img_size=&#8221;medium&#8221;][vc_column_text]<\/p>\n<h5 style=\"text-align: center;\">2 A\u00d1OS<\/h5>\n<p>[\/vc_column_text][\/vc_column_inner][vc_column_inner width=&#8221;1\/4&#8243;][vc_single_image image=&#8221;15342&#8243; img_size=&#8221;medium&#8221;][vc_column_text]<\/p>\n<h5 style=\"text-align: center;\">Marzo 2023<\/h5>\n<p>[\/vc_column_text][\/vc_column_inner][\/vc_row_inner][vc_column_text]<\/p>\n<h4 align=\"center\"><\/h4>\n<h4 align=\"center\"><\/h4>\n<p>&nbsp;<\/p>\n<p>&nbsp;<\/p>\n<p style=\"text-align: center;\"><strong>Bienvenidos<\/strong><\/p>\n<p>Bienvenidos a la Licenciatura en Alto Rendimiento Deportivo de la Facultad de Ciencias Sociales de la Universidad Nacional de Lomas de Zamora. Desde hace 12 a\u00f1os desarrollamos un espacio educativo de excelencia acad\u00e9mica que contribuye a la formaci\u00f3n de profesionales en Alto Rendimiento Deportivo\u00a0 que, por su nivel de calificaci\u00f3n, logran intervenir con pertinencia y eficacia en los procesos de entrenamiento de los deportistas de nuestro pa\u00eds, en las diferentes fases de iniciaci\u00f3n, deporte de base, desarrollo y alto rendimiento.\u00a0Contamos para esa tarea con el auspicio del Comit\u00e9 Ol\u00edmpico Argentino, la Confederaci\u00f3n Argentina de Deportes y la Confederaci\u00f3n Argentina de Handball.<\/p>\n<p>Promovemos en nuestros alumnos la construcci\u00f3n de un enfoque integral y cr\u00edtico del\u00a0 entrenamiento deportivo, a los efectos de facilitar la comprensi\u00f3n de los complejos procesos intervinientes en el desarrollo individual y grupal para el logro de los m\u00e1ximos niveles de calidad en el deporte. Nuestro cuerpo de profesores es altamente calificado y entre nuestros profesores invitados se encuentran los m\u00e1s destacados t\u00e9cnicos y entrenadores de nuestro medio.<\/p>\n<p>Nuestro egresados, muchos de los cuales se desempe\u00f1an en el pa\u00eds y en el extranjero, llevan a cabo una excelente carrera profesional, integrando equipos de conducci\u00f3n de planteles profesionales y deportista destacados.<\/p>\n<p class=\"Estilo4\" align=\"center\"><strong>Objetivos de LARD<\/strong><\/p>\n<ul>\n<li class=\"Estilo7\">Crear y desarrollar un espacio educativo de excelencia acad\u00e9mica que contribuya a la formaci\u00f3n de profesionales en Alto Rendimiento Deportivo que, por su nivel de calificaci\u00f3n, logren intervenir con pertinencia y eficacia en los procesos de entrenamiento de los destacados atletas del pa\u00eds.<\/li>\n<li class=\"Estilo7\">Contribuir al desarrollo de un marco te\u00f3rico-conceptual referido a la relaci\u00f3n Alto Rendimiento Deportivo &#8211; Sociedad en los actuales escenarios, con el prop\u00f3sito de identificar nuevos t\u00e9rminos de an\u00e1lisis que operen como base de sustentaci\u00f3n para la definici\u00f3n e implementaci\u00f3n de adecuadas pol\u00edticas deportivas para el sector.<\/li>\n<li class=\"Estilo7\">Promover el conocimiento y la criticidad de los fundamentos te\u00f3ricos, metodol\u00f3gicos y t\u00e9cnicos del Alto Rendimiento Deportivo.<\/li>\n<li class=\"Estilo7\">Favorecer la construcci\u00f3n de un enfoque integral y cr\u00edtico del\u00a0 entrenamiento deportivo, a los efectos de facilitar la comprensi\u00f3n de las caracter\u00edsticas esenciales de cada especialidad, como tambi\u00e9n de los complejos procesos intervinientes en el desarrollo individual y grupal para el logro de m\u00e1ximos niveles de competitividad.<\/li>\n<li class=\"Estilo7\">Facilitar la apropiaci\u00f3n de conocimientos de car\u00e1cter te\u00f3rico-conceptuales y t\u00e9cnico-instrumentales para el dise\u00f1o y gesti\u00f3n de planes, programas, proyectos y eventos de Alto Rendimiento Deportivo, en un contexto de articulaci\u00f3n de las racionalidades pol\u00edtica, t\u00e9cnica y administrativa para su ejecuci\u00f3n.<\/li>\n<li class=\"Estilo7\">Promover la investigaci\u00f3n cient\u00edfica en el Campo del Alto Rendimiento Deportivo, desde un enfoque interdisciplinario que resulte superador de la tensi\u00f3n entre el abstraccionismo te\u00f3rico y el empirismo f\u00e1ctico para el logro de validos y pertinentes niveles de resoluci\u00f3n de los problemas en cuesti\u00f3n.<\/li>\n<\/ul>\n<p>[\/vc_column_text][vc_row_inner][vc_column_inner width=&#8221;1\/4&#8243;]<div class=\"\"><a  id=\"btn-69d025b1112e2\" class=\"btn btn-filled btn-lg   btn-sm-sm\" href= \"http:\/\/www.sociales.unlz.edu.ar\/index.php\/estructuracion-del-plan-de-estudios-por-asignaturas\/\" target=' _blank' >PLAN DE ESTUDIOS Y EQUIPO DOCENTE<\/a><\/div><div class=\"\"><a  id=\"btn-69d025b111335\" class=\"btn btn-filled btn-lg   btn-sm-sm\" href= \"http:\/\/www.sociales.unlz.edu.ar\/index.php\/contenidos-minimos\/\" target=' _blank' >CONTENIDOS M\u00cdNIMOS<\/a><\/div>[\/vc_column_inner][vc_column_inner width=&#8221;1\/4&#8243;][\/vc_column_inner][vc_column_inner width=&#8221;1\/4&#8243;][\/vc_column_inner][vc_column_inner width=&#8221;1\/4&#8243;][\/vc_column_inner][\/vc_row_inner]<div class=\"\"><a  id=\"btn-69d025b11134f\" class=\"btn btn-filled btn-lg   btn-sm-sm\" href= \"http:\/\/www.sociales.unlz.edu.ar\/index.php\/inscripciones-a-la-licenciatura-en-alto-rendimiento-deportivo\/\" target=' _blank' >INSCRIPCIONES Y ARANCELES<\/a><\/div>[\/vc_column][\/vc_row]<\/p>\n","protected":false},"excerpt":{"rendered":"<p>[vc_row][vc_column][vc_row_inner][vc_column_inner width=&#8221;1\/4&#8243;][vc_single_image image=&#8221;15344&#8243; img_size=&#8221;medium&#8221;][vc_column_text] Presencial* [\/vc_column_text][\/vc_column_inner][vc_column_inner width=&#8221;1\/4&#8243;][vc_single_image image=&#8221;15350&#8243; img_size=&#8221;medium&#8221;][vc_column_text] CABA [\/vc_column_text][\/vc_column_inner][vc_column_inner width=&#8221;1\/4&#8243;][vc_single_image image=&#8221;15341&#8243; img_size=&#8221;medium&#8221;][vc_column_text] 2 A\u00d1OS&#8230;<\/p>\n","protected":false},"author":5,"featured_media":6474,"parent":0,"menu_order":0,"comment_status":"closed","ping_status":"closed","template":"","meta":{"footnotes":""},"class_list":["post-6008","page","type-page","status-publish","has-post-thumbnail","hentry"],"_links":{"self":[{"href":"https:\/\/www.sociales.unlz.edu.ar\/index.php\/wp-json\/wp\/v2\/pages\/6008","targetHints":{"allow":["GET"]}}],"collection":[{"href":"https:\/\/www.sociales.unlz.edu.ar\/index.php\/wp-json\/wp\/v2\/pages"}],"about":[{"href":"https:\/\/www.sociales.unlz.edu.ar\/index.php\/wp-json\/wp\/v2\/types\/page"}],"author":[{"embeddable":true,"href":"https:\/\/www.sociales.unlz.edu.ar\/index.php\/wp-json\/wp\/v2\/users\/5"}],"replies":[{"embeddable":true,"href":"https:\/\/www.sociales.unlz.edu.ar\/index.php\/wp-json\/wp\/v2\/comments?post=6008"}],"version-history":[{"count":29,"href":"https:\/\/www.sociales.unlz.edu.ar\/index.php\/wp-json\/wp\/v2\/pages\/6008\/revisions"}],"predecessor-version":[{"id":18280,"href":"https:\/\/www.sociales.unlz.edu.ar\/index.php\/wp-json\/wp\/v2\/pages\/6008\/revisions\/18280"}],"wp:featuredmedia":[{"embeddable":true,"href":"https:\/\/www.sociales.unlz.edu.ar\/index.php\/wp-json\/wp\/v2\/media\/6474"}],"wp:attachment":[{"href":"https:\/\/www.sociales.unlz.edu.ar\/index.php\/wp-json\/wp\/v2\/media?parent=6008"}],"curies":[{"name":"wp","href":"https:\/\/api.w.org\/{rel}","templated":true}]}}