{"id":5834,"date":"2018-11-13T17:16:37","date_gmt":"2018-11-13T20:16:37","guid":{"rendered":"http:\/\/www.sociales.unlz.edu.ar\/?page_id=5834"},"modified":"2020-05-14T16:38:53","modified_gmt":"2020-05-14T19:38:53","slug":"tramites-frecuentes","status":"publish","type":"page","link":"https:\/\/www.sociales.unlz.edu.ar\/index.php\/tramites-frecuentes\/","title":{"rendered":"Tr\u00e1mites Frecuentes"},"content":{"rendered":"<h4><strong>Tr\u00e1mites Frecuentes<\/strong><\/h4>\n<p>&nbsp;<\/p>\n<h5><strong>\u00a0<\/strong><strong>Equivalencias<\/strong><\/h5>\n<p><strong>\u00bfQu\u00e9 son las equivalencias?<br \/>\n<\/strong>El tr\u00e1mite de equivalencias es el proceso administrativo que pod\u00e9s iniciar para solicitar a la Facultad que se te otorgue por aprobadas las materias que\u00a0ya hayas rendido en \u00e9sta u otra Universidad.<\/p>\n<p><strong>\u00bfC\u00f3mo se realiza el tr\u00e1mite?<\/strong><br \/>\n-Ten\u00e9s que acercarte al \u00c1rea de Alumnos y completar la solicitud. Cuando lo hagas tra\u00e9 con vos:<\/p>\n<p>-El anal\u00edtico final o parcial de la Universidad en la que aprobaste la o las materias que est\u00e1s solicitando.<\/p>\n<p>-El plan de estudios de la carrera que cursabas en otra Facultad o Universidad.<\/p>\n<p>-El Programa anal\u00edtico de materias aprobadas certificado por la Universidad.<\/p>\n<p>-Una vez que iniciaste el tr\u00e1mite, la Secretaria Acad\u00e9mica podr\u00e1 otorgarte autom\u00e1ticamente la equivalencia o podr\u00e1 solicitar el dictamen de la c\u00e1tedra correspondiente.<\/p>\n<p>La equivalencia de contenidos debe ser integral, solo si la diferencia es m\u00ednima y en el caso de que lo requiera, la c\u00e1tedra podr\u00e1 solicitarte que rindas un \u201cColoquio de equivalencia\u201d en fecha establecida por la Secretar\u00eda Acad\u00e9mica y con el contenido que la c\u00e1tedra establezca.<\/p>\n<p><strong>\u00a0<\/strong><strong>Record\u00e1:<br \/>\n<\/strong>-Para aprobarte la solicitud, cada materia que solicit\u00e1s deber\u00e1 ser equivalente a la que curses en esta Facultad, tanto en su contenido y enfoque como en extensi\u00f3n e intensidad.<\/p>\n<p>-Pod\u00e9s solicitar un m\u00e1ximo del 70 por ciento de las materias que componen el Plan de Estudios de la carrera correspondiente.<\/p>\n<p>-No se puede pedir equivalencias de Seminarios optativos.<\/p>\n<p>-Si sos graduado de esta Facultad y realizaste un nuevo Ingreso ten\u00e9s que solicitar las equivalencias (no as\u00ed si hubieras tramitado antes de concluir tu carrera original la Simultaneidad).<\/p>\n<p>-Si pasaron 15 a\u00f1os o m\u00e1s desde que aprobaste la \u00faltima materia en esta Facultad y solicit\u00e1s la reincorporaci\u00f3n ten\u00e9s tambi\u00e9n que iniciar el tr\u00e1mite de equivalencias de las materias que hubieras aprobado.<\/p>\n<h5><\/h5>\n<p>&nbsp;<\/p>\n<h5><strong>Simultaneidad<\/strong><\/h5>\n<p><strong>\u00bfQu\u00e9 es la Simultaneidad?<br \/>\n<\/strong>El tr\u00e1mite de simultaneidad de carreras es el proceso administrativo que inici\u00e1s para poder cursar dos carreras en simult\u00e1neo en la Facultad de Ciencias Sociales.<\/p>\n<p><strong>\u00bfC\u00f3mo se solicita?<br \/>\n<\/strong>Ten\u00e9s que iniciar el tr\u00e1mite en al \u00c1rea de Alumnos en las fechas establecidas en el <a href=\"http:\/\/www.sociales.unlz.edu.ar\/index.php\/calendario-academico\/\">calendario acad\u00e9mico.<\/a><\/p>\n<p>El \u00c1rea de Alumnos te va a decir en cu\u00e1nto tiempo eval\u00faan tu pedido y as\u00ed pod\u00e9s volver a buscar el resultado de tu solicitud. En caso de ser aceptada ya pod\u00e9s abrir el expediente correspondiente por Mesa de Entradas de nuestra Facultad.<\/p>\n<p>Es imprescindible que guardes con vos el n\u00famero de expediente de tu tr\u00e1mite para que puedas seguirlo y saber en qu\u00e9 parte del proceso est\u00e1 cuando lo necesites.<\/p>\n<p><strong>Requisitos<br \/>\n<\/strong>-Necesit\u00e1s no haber perdido la regularidad m\u00e1s de una vez.<\/p>\n<p>-Tener aprobado como m\u00ednimo la mitad del Plan de Estudios de tu carrera original.<\/p>\n<p>-No ten\u00e9s que haber solicitado m\u00e1s de un cambio de carrera desde tu ingreso a la Facultad.<\/p>\n<p>-Promedio de calificaciones de 7 o m\u00e1s.<\/p>\n<p>Record\u00e1 que para cursar en simult\u00e1neo dos carreras deb\u00e9s cumplir los requisitos de regularidad de ambas.<\/p>\n<p>&nbsp;<\/p>\n<h5><strong>Reincorporaci\u00f3n<\/strong><\/h5>\n<p><strong>\u00bfQu\u00e9 es la Reincorporaci\u00f3n?<br \/>\n<\/strong>Si perdiste la regularidad, es decir si no aprobaste dos materias en el \u00faltimo ciclo lectivo, ten\u00e9s que realizar el tr\u00e1mite de reincorporaci\u00f3n para poder volver a cursar o rendir ex\u00e1menes finales.<\/p>\n<p><strong>\u00bfC\u00f3mo inici\u00e1s el tr\u00e1mite?<br \/>\n<\/strong>-Lo inici\u00e1s en el \u00c1rea de Alumnos, en cualquier momento hasta 30 d\u00edas antes de comenzar el per\u00edodo de inscripci\u00f3n a materias y\/o ex\u00e1menes finales.<\/p>\n<p>-\u00c1rea de Alumnos te va a decir en cu\u00e1nto tiempo eval\u00faan tu pedido y as\u00ed pod\u00e9s volver a buscar el resultado de la solicitud. En caso de que te correspondiera reincorporaci\u00f3n por expediente ya podr\u00edas abrirlo por Mesa de Entradas de nuestra Facultad.<\/p>\n<p>-Hay diversas modalidades de reincorporaci\u00f3n, seg\u00fan tu situaci\u00f3n particular:<\/p>\n<p><strong><em>Reincorporaci\u00f3n autom\u00e1tica:<br \/>\n<\/em><\/strong>Te corresponde cuando la interrupci\u00f3n de tus estudios no supera el\u00a0\u00a0tiempo de tres ciclos lectivos o cuando te falten no m\u00e1s de cuatro materias para terminar la carrera (siempre que no hayan transcurrido m\u00e1s de cinco ciclos lectivos). Pod\u00e9s solicitarla hasta tres veces.<\/p>\n<p><strong><em>Reincorporaci\u00f3n con coloquio:<br \/>\n<\/em><\/strong>Te corresponde cuando la interrupci\u00f3n de tus estudios supere el tiempo de tres ciclos lectivos o cuando hayas agotado las tres reincorporaciones autom\u00e1ticas. Tambi\u00e9n te corresponde la reincorporaci\u00f3n con coloquio cuando la duraci\u00f3n de tu carrera supere m\u00e1s del triple de los a\u00f1os previstos. Pod\u00e9s solicitar la reincorporaci\u00f3n con coloquio s\u00f3lo una vez.<\/p>\n<p>El coloquio de reincorporaci\u00f3n es un examen que tiene por objeto actualizar los conocimientos necesarios para la continuaci\u00f3n de los estudios. La Secretar\u00eda Acad\u00e9mica dispondr\u00e1, luego de evaluar tu situaci\u00f3n acad\u00e9mica, sobre cu\u00e1les asignaturas versar\u00e1 el coloquio.<\/p>\n<p><strong><em>Situaci\u00f3n acad\u00e9mica especial:<br \/>\n<\/em><\/strong>Te corresponde cuando hayan transcurrido m\u00e1s de 10 ciclos lectivos desde que perdiste tu condici\u00f3n de alumno regular. O si tu situaci\u00f3n particular no encuadra en las distintas modalidades anteriores.<\/p>\n<p>&nbsp;<\/p>\n<h5><strong>Cambio de carrera<\/strong><\/h5>\n<p><strong><em>\u00bfC\u00f3mo inici\u00e1s el tr\u00e1mite?<br \/>\n<\/em><\/strong>Ten\u00e9s que iniciar el tr\u00e1mite en al \u00c1rea de alumnos en las fechas establecidas en el <a href=\"http:\/\/www.sociales.unlz.edu.ar\/calendario.html\">calendario acad\u00e9mico.<\/a><\/p>\n<p>El \u00c1rea de Alumnos te va a decir en cu\u00e1nto tiempo eval\u00faan tu pedido y as\u00ed pod\u00e9s volver a buscar el resultado de tu solicitud. En caso de ser aceptada ya pod\u00e9s abrir el expediente correspondiente por Mesa de Entradas de nuestra Facultad.<\/p>\n<p>Es imprescindible que guardes con vos el n\u00famero de expediente de tu tr\u00e1mite para que puedas seguirlo y saber en qu\u00e9 parte del proceso est\u00e1 cuando lo necesites.<\/p>\n<p><strong>Requisitos<br \/>\n<\/strong>Ten\u00e9s que haber aprobado al menos una materia de tu carrera original para poder iniciar el tr\u00e1mite.<\/p>\n<h5><\/h5>\n<h5><strong>Excepci\u00f3n de correlatividades<\/strong><\/h5>\n<p><strong>\u00bfQu\u00e9 es la Excepci\u00f3n de correlatividades?<br \/>\n<\/strong>Si adeud\u00e1s hasta cuatro asignaturas para terminar la carrera y ten\u00e9s problemas de correlatividades con las mismas, pod\u00e9s solicitar una excepci\u00f3n de correlatividades.<\/p>\n<p><strong>\u00bfC\u00f3mo inicias el tr\u00e1mite?<br \/>\n<\/strong>Ten\u00e9s que iniciar el tr\u00e1mite en al \u00c1rea de Alumnos. All\u00ed se te informar\u00e1 en cu\u00e1nto tiempo evaluamos tu pedido y as\u00ed pod\u00e9s volver a buscar el resultado de la solicitud. En caso de ser aceptada ya pod\u00e9s abrir un tr\u00e1mite interno por Mesa de Entradas de nuestra Facultad.<\/p>\n<p>Es imprescindible que guardes con vos el n\u00famero de Tr\u00e1mite para que puedas seguirlo y saber en qu\u00e9 parte del proceso est\u00e1 cuando lo necesites.<\/p>\n<p>Te recordamos que las excepciones de correlatividades son para cursar. No para rendir finales.<\/p>\n<p>&nbsp;<\/p>\n<h5><strong>R\u00e9gimen especial de cursada para estudiantes embarazadas<\/strong><\/h5>\n<p><strong>\u00bfQu\u00e9 es el R\u00e9gimen Especial de Cursada?<br \/>\n<\/strong>Si est\u00e1s embarazada o en per\u00edodo de lactancia ten\u00e9s derecho a solicitar un r\u00e9gimen especial de cursada para que tengas las mismas posibilidades de continuar tu carrera como los dem\u00e1s estudiantes.<\/p>\n<p>Solicitando este r\u00e9gimen vas a poder:<\/p>\n<p>-Justificar la totalidad de las inasistencias que tengas debido a tu estado para que no pierdas la regularidad.<\/p>\n<p>-Obtener una flexibilizaci\u00f3n de las fechas, dentro de cada cuatrimestre, de los ex\u00e1menes parciales y entregas de Trabajos Pr\u00e1cticos si una prescripci\u00f3n m\u00e9dica te impide asistir a la Facultad.<\/p>\n<p>-Acceder a una modalidad especial para los ex\u00e1menes parciales y los trabajos pr\u00e1cticos en el caso de que tu embarazo requiera reposo prolongado por prescripci\u00f3n m\u00e9dica.<\/p>\n<p>-Acceder a la pr\u00f3rroga de un a\u00f1o en la regularidad de las materias cursadas al momento de certificar el embarazo.<\/p>\n<p>-No perder la condici\u00f3n de alumna regular.<\/p>\n<p>-Tener prioridad al presentarte a rendir ex\u00e1menes finales.<\/p>\n","protected":false},"excerpt":{"rendered":"<p>Tr\u00e1mites Frecuentes &nbsp; \u00a0Equivalencias \u00bfQu\u00e9 son las equivalencias? El tr\u00e1mite de equivalencias es el proceso administrativo&#8230;<\/p>\n","protected":false},"author":5,"featured_media":5197,"parent":0,"menu_order":0,"comment_status":"closed","ping_status":"closed","template":"","meta":{"footnotes":""},"class_list":["post-5834","page","type-page","status-publish","has-post-thumbnail","hentry"],"_links":{"self":[{"href":"https:\/\/www.sociales.unlz.edu.ar\/index.php\/wp-json\/wp\/v2\/pages\/5834","targetHints":{"allow":["GET"]}}],"collection":[{"href":"https:\/\/www.sociales.unlz.edu.ar\/index.php\/wp-json\/wp\/v2\/pages"}],"about":[{"href":"https:\/\/www.sociales.unlz.edu.ar\/index.php\/wp-json\/wp\/v2\/types\/page"}],"author":[{"embeddable":true,"href":"https:\/\/www.sociales.unlz.edu.ar\/index.php\/wp-json\/wp\/v2\/users\/5"}],"replies":[{"embeddable":true,"href":"https:\/\/www.sociales.unlz.edu.ar\/index.php\/wp-json\/wp\/v2\/comments?post=5834"}],"version-history":[{"count":11,"href":"https:\/\/www.sociales.unlz.edu.ar\/index.php\/wp-json\/wp\/v2\/pages\/5834\/revisions"}],"predecessor-version":[{"id":10964,"href":"https:\/\/www.sociales.unlz.edu.ar\/index.php\/wp-json\/wp\/v2\/pages\/5834\/revisions\/10964"}],"wp:featuredmedia":[{"embeddable":true,"href":"https:\/\/www.sociales.unlz.edu.ar\/index.php\/wp-json\/wp\/v2\/media\/5197"}],"wp:attachment":[{"href":"https:\/\/www.sociales.unlz.edu.ar\/index.php\/wp-json\/wp\/v2\/media?parent=5834"}],"curies":[{"name":"wp","href":"https:\/\/api.w.org\/{rel}","templated":true}]}}