{"id":5662,"date":"2018-11-12T10:08:54","date_gmt":"2018-11-12T13:08:54","guid":{"rendered":"http:\/\/10.0.1.20\/?page_id=5662"},"modified":"2022-11-11T10:19:35","modified_gmt":"2022-11-11T13:19:35","slug":"proceso-de-admision-4","status":"publish","type":"page","link":"https:\/\/www.sociales.unlz.edu.ar\/index.php\/proceso-de-admision-4\/","title":{"rendered":"Proceso de admisi\u00f3n"},"content":{"rendered":"<p><b>PROCESO DE ADMISI\u00d3N<\/b><\/p>\n<p>Los interesados en esta carrera podr\u00e1n inscribirse teniendo en cuenta las siguientes instancias:<\/p>\n<ol>\n<li>Pre \u2013 inscripci\u00f3n a trav\u00e9s de formulario online disponible desde\u00a0<a href=\"https:\/\/forms.gle\/GQpMy21wtqRP1c6c6\">aqu\u00ed<\/a>.<\/li>\n<\/ol>\n<ol start=\"2\">\n<li>Presentaci\u00f3n de la documentaci\u00f3n:<\/li>\n<\/ol>\n<ul>\n<li>Carta de presentaci\u00f3n dirigida al Se\u00f1or Director de la Carrera.<\/li>\n<li>Fotocopia de documento de identidad.<\/li>\n<li>Fotocopia de t\u00edtulos y\/o certificados anal\u00edticos. Los t\u00edtulos y certificados anal\u00edticos emitidos con anterioridad al 1\u00ba de enero de 2012 deber\u00e1n ser legalizados ante el Ministerio de Educaci\u00f3n y el Ministerio del Interior.<\/li>\n<li>Curr\u00edculum vitae firmado en todas sus hojas en car\u00e1cter de declaraci\u00f3n jurada.<\/li>\n<li>3 fotos carnet<\/li>\n<li>En el caso se aspirantes extranjeros se aplicar\u00e1 la normativa vigente para el ingreso y permanencia de los mismos en la carrera.<\/li>\n<\/ul>\n<ol start=\"3\">\n<li>Entrevista personal<\/li>\n<\/ol>\n<p>La admisi\u00f3n a la carrera ser\u00e1 comunicada por la Coordinaci\u00f3n de Posgrado de la Facultad de Ciencias Sociales de la Universidad Nacional de Lomas de Zamora.<\/p>\n","protected":false},"excerpt":{"rendered":"<p>PROCESO DE ADMISI\u00d3N Los interesados en esta carrera podr\u00e1n inscribirse teniendo en cuenta las siguientes instancias:&#8230;<\/p>\n","protected":false},"author":8,"featured_media":5510,"parent":0,"menu_order":0,"comment_status":"closed","ping_status":"closed","template":"","meta":{"footnotes":""},"class_list":["post-5662","page","type-page","status-publish","has-post-thumbnail","hentry"],"_links":{"self":[{"href":"https:\/\/www.sociales.unlz.edu.ar\/index.php\/wp-json\/wp\/v2\/pages\/5662","targetHints":{"allow":["GET"]}}],"collection":[{"href":"https:\/\/www.sociales.unlz.edu.ar\/index.php\/wp-json\/wp\/v2\/pages"}],"about":[{"href":"https:\/\/www.sociales.unlz.edu.ar\/index.php\/wp-json\/wp\/v2\/types\/page"}],"author":[{"embeddable":true,"href":"https:\/\/www.sociales.unlz.edu.ar\/index.php\/wp-json\/wp\/v2\/users\/8"}],"replies":[{"embeddable":true,"href":"https:\/\/www.sociales.unlz.edu.ar\/index.php\/wp-json\/wp\/v2\/comments?post=5662"}],"version-history":[{"count":10,"href":"https:\/\/www.sociales.unlz.edu.ar\/index.php\/wp-json\/wp\/v2\/pages\/5662\/revisions"}],"predecessor-version":[{"id":17687,"href":"https:\/\/www.sociales.unlz.edu.ar\/index.php\/wp-json\/wp\/v2\/pages\/5662\/revisions\/17687"}],"wp:featuredmedia":[{"embeddable":true,"href":"https:\/\/www.sociales.unlz.edu.ar\/index.php\/wp-json\/wp\/v2\/media\/5510"}],"wp:attachment":[{"href":"https:\/\/www.sociales.unlz.edu.ar\/index.php\/wp-json\/wp\/v2\/media?parent=5662"}],"curies":[{"name":"wp","href":"https:\/\/api.w.org\/{rel}","templated":true}]}}