{"id":5655,"date":"2018-11-12T09:54:41","date_gmt":"2018-11-12T12:54:41","guid":{"rendered":"http:\/\/10.0.1.20\/?page_id=5655"},"modified":"2019-02-07T15:29:53","modified_gmt":"2019-02-07T18:29:53","slug":"plan-de-estudio","status":"publish","type":"page","link":"https:\/\/www.sociales.unlz.edu.ar\/index.php\/plan-de-estudio\/","title":{"rendered":"Plan de Estudio"},"content":{"rendered":"<p><b>PLAN DE ESTUDIOS<\/b><\/p>\n<table cellspacing=\"0\" cellpadding=\"0\">\n<tbody>\n<tr>\n<td valign=\"middle\"><b>SEMINARIOS<\/b><\/td>\n<\/tr>\n<tr>\n<td valign=\"middle\"><a href=\"http:\/\/www.sociales.unlz.edu.ar\/index.php\/teorias-de-la-comunicacion-humana\/\">TEOR\u00cdAS DE LA COMUNICACI\u00d3N HUMANA<span class=\"Apple-converted-space\">\u00a0<\/span><\/a><\/td>\n<\/tr>\n<tr>\n<td valign=\"middle\"><a href=\"http:\/\/www.sociales.unlz.edu.ar\/index.php\/gestion-estrategica-de-las-comunicaciones\/\">GESTI\u00d3N ESTRAT\u00c9GICA DE LAS COMUNICACIONES<\/a><\/td>\n<\/tr>\n<tr>\n<td valign=\"middle\"><a href=\"http:\/\/www.sociales.unlz.edu.ar\/index.php\/comunicacion-y-tecnologia\/\">COMUNICACI\u00d3N Y TECNOLOG\u00cdA<\/a><\/td>\n<\/tr>\n<tr>\n<td valign=\"middle\"><a href=\"http:\/\/www.sociales.unlz.edu.ar\/?page_id=6625&amp;preview=true\">PRENSA Y PUBLICIDAD INSTITUCIONAL<\/a><\/td>\n<\/tr>\n<tr>\n<td valign=\"middle\"><a href=\"http:\/\/www.sociales.unlz.edu.ar\/index.php\/imagen-corporativa\/\">IMAGEN P\u00daBLICA E INSTITUCIONAL<\/a><\/td>\n<\/tr>\n<tr>\n<td valign=\"middle\"><a href=\"http:\/\/www.sociales.unlz.edu.ar\/index.php\/comunicacion-y-marketing\/\">COMUNICACI\u00d3N Y MARKETING<\/a><\/td>\n<\/tr>\n<tr>\n<td valign=\"middle\"><a href=\"http:\/\/www.sociales.unlz.edu.ar\/index.php\/asuntos-publicos-y-comunicacion-en-crisis\/\">ASUNTOS P\u00daBLICOS Y COMUNICACI\u00d3N EN CRISIS<\/a><\/td>\n<\/tr>\n<tr>\n<td valign=\"middle\"><a href=\"http:\/\/www.sociales.unlz.edu.ar\/index.php\/comunicacion-interna\/\">COMUNICACI\u00d3N INTERNA<\/a><\/td>\n<\/tr>\n<tr>\n<td valign=\"middle\"><a href=\"http:\/\/www.sociales.unlz.edu.ar\/index.php\/comunicacion-politica\/\">COMUNICACI\u00d3N POL\u00cdTICA<\/a><\/td>\n<\/tr>\n<\/tbody>\n<\/table>\n<p>&nbsp;<\/p>\n<p>&nbsp;<\/p>\n","protected":false},"excerpt":{"rendered":"<p>PLAN DE ESTUDIOS SEMINARIOS TEOR\u00cdAS DE LA COMUNICACI\u00d3N HUMANA\u00a0 GESTI\u00d3N ESTRAT\u00c9GICA DE LAS COMUNICACIONES COMUNICACI\u00d3N Y&#8230;<\/p>\n","protected":false},"author":8,"featured_media":5510,"parent":0,"menu_order":0,"comment_status":"closed","ping_status":"closed","template":"","meta":{"footnotes":""},"class_list":["post-5655","page","type-page","status-publish","has-post-thumbnail","hentry"],"_links":{"self":[{"href":"https:\/\/www.sociales.unlz.edu.ar\/index.php\/wp-json\/wp\/v2\/pages\/5655","targetHints":{"allow":["GET"]}}],"collection":[{"href":"https:\/\/www.sociales.unlz.edu.ar\/index.php\/wp-json\/wp\/v2\/pages"}],"about":[{"href":"https:\/\/www.sociales.unlz.edu.ar\/index.php\/wp-json\/wp\/v2\/types\/page"}],"author":[{"embeddable":true,"href":"https:\/\/www.sociales.unlz.edu.ar\/index.php\/wp-json\/wp\/v2\/users\/8"}],"replies":[{"embeddable":true,"href":"https:\/\/www.sociales.unlz.edu.ar\/index.php\/wp-json\/wp\/v2\/comments?post=5655"}],"version-history":[{"count":5,"href":"https:\/\/www.sociales.unlz.edu.ar\/index.php\/wp-json\/wp\/v2\/pages\/5655\/revisions"}],"predecessor-version":[{"id":6646,"href":"https:\/\/www.sociales.unlz.edu.ar\/index.php\/wp-json\/wp\/v2\/pages\/5655\/revisions\/6646"}],"wp:featuredmedia":[{"embeddable":true,"href":"https:\/\/www.sociales.unlz.edu.ar\/index.php\/wp-json\/wp\/v2\/media\/5510"}],"wp:attachment":[{"href":"https:\/\/www.sociales.unlz.edu.ar\/index.php\/wp-json\/wp\/v2\/media?parent=5655"}],"curies":[{"name":"wp","href":"https:\/\/api.w.org\/{rel}","templated":true}]}}