{"id":5635,"date":"2018-11-12T09:21:55","date_gmt":"2018-11-12T12:21:55","guid":{"rendered":"http:\/\/10.0.1.20\/?page_id=5635"},"modified":"2025-09-03T18:33:39","modified_gmt":"2025-09-03T21:33:39","slug":"especializacion-en-gestion-de-las-comunicaciones-2","status":"publish","type":"page","link":"https:\/\/www.sociales.unlz.edu.ar\/index.php\/especializacion-en-gestion-de-las-comunicaciones-2\/","title":{"rendered":"Especializaci\u00f3n en Gesti\u00f3n de las Comunicaciones"},"content":{"rendered":"<p>[vc_row][vc_column width=&#8221;1\/4&#8243;][vc_single_image image=&#8221;15344&#8243; img_size=&#8221;medium&#8221; alignment=&#8221;center&#8221;][vc_column_text]<\/p>\n<h5 style=\"text-align: center;\">Virtual<\/h5>\n<p>[\/vc_column_text][\/vc_column][vc_column width=&#8221;1\/4&#8243;][vc_single_image image=&#8221;15341&#8243; img_size=&#8221;medium&#8221; alignment=&#8221;center&#8221;][vc_column_text]<\/p>\n<h5 style=\"text-align: center;\">1 a\u00f1os (3 trimestres)<\/h5>\n<p>[\/vc_column_text][\/vc_column][vc_column width=&#8221;1\/4&#8243;][vc_single_image image=&#8221;15342&#8243; img_size=&#8221;medium&#8221; alignment=&#8221;center&#8221;][vc_column_text]<\/p>\n<h5 style=\"text-align: center;\">Marzo 2026<\/h5>\n<p>[\/vc_column_text][\/vc_column][vc_column width=&#8221;1\/4&#8243;][vc_single_image image=&#8221;17677&#8243; img_size=&#8221;medium&#8221; alignment=&#8221;center&#8221;][vc_column_text]<\/p>\n<h5 style=\"text-align: center;\">Carrera acreditada por CONEAU<\/h5>\n<p>[\/vc_column_text][\/vc_column][\/vc_row][vc_row css=&#8221;.vc_custom_1756934850721{background-color: #dddddd !important;}&#8221;][vc_column]<div class=\"\"><a  id=\"btn-69d5607b4435c\" class=\"btn btn-rounded  ti-marker-alt  btn-sm-sm\" href= \"https:\/\/docs.google.com\/forms\/d\/e\/1FAIpQLSeYykLvZPsMn6xCTJi01iOdX6HU3c08P0jSuJ4FurtXOgubzw\/viewform\" target=\"_self\" >Inscripci\u00f3n 2026<\/a><\/div>[vc_column_text]<\/p>\n<h5><strong>\u203a CONSULTAS: posgradocomunicacion@sociales.unlz.edu.ar<\/strong><\/h5>\n<p>[\/vc_column_text][\/vc_column][\/vc_row][vc_row][vc_column][vc_column_text]<span style=\"font-weight: 400;\">La <strong>Especializaci\u00f3n en Gesti\u00f3n de las Comunicaciones<\/strong> es una carrera acreditada por CONEAU con t\u00edtulo de validez nacional.<\/span><\/p>\n<p><span style=\"font-weight: 400;\">La duraci\u00f3n es de 1 a\u00f1o. Se desarrolla en modalidad virtual, a trav\u00e9s de clases en Zoom y trabajo en campus virtual.<\/span><\/p>\n<p><span style=\"font-weight: 400;\">La cursada contempla 9 <\/span><span style=\"font-weight: 400;\">seminarios de 8 encuentros cada uno. Es el primer a\u00f1o de la <\/span><a href=\"https:\/\/www.sociales.unlz.edu.ar\/index.php\/maestria-en-comunicacion\/\"><span style=\"font-weight: 400;\">Maestr\u00eda en Comunicaci\u00f3n<\/span><\/a><span style=\"font-weight: 400;\">. Esta articulaci\u00f3n te permite obtener dos t\u00edtulos de posgrado (previa aprobaci\u00f3n de los trabajos correspondientes).<\/span><\/p>\n<p><span style=\"font-weight: 400;\">Para su inscripci\u00f3n es requisito contar con t\u00edtulo de grado de carreras universitarias afines de 4 a\u00f1os de duraci\u00f3n.<\/span><\/p>\n<p><span style=\"font-weight: 400;\">Cada seminario se aprueba con la realizaci\u00f3n de un trabajo final. Para obtener el t\u00edtulo de Especialista adem\u00e1s debe presentarse y aprobar un Trabajo Final Integrador.<\/span><\/p>\n<p>&nbsp;<\/p>\n<p><b>La Especializaci\u00f3n en Gesti\u00f3n de las Comunicaciones aporta una perspectiva en torno a la comprensi\u00f3n de la complejidad de las pr\u00e1cticas de comunicaci\u00f3n en el escenario social, al mismo tiempo que se orienta al desarrollo de las capacidades de los profesionales para la gesti\u00f3n estrat\u00e9gica de las instituciones.<\/b><\/p>\n<p>La carrera promueve el desarrollo de equipos profesionales tendientes al fortalecimiento de un campo interdisciplinario para la indagaci\u00f3n sobre los objetos de estudio del \u00e1rea de las comunicaciones, a fin de lograr adecuadas focalizaciones e interpretaciones de la realidad que operen como sustento para la toma de decisiones en lo relativo al dise\u00f1o y gesti\u00f3n dentro del \u00e1rea.<\/p>\n<p>Esta especializaci\u00f3n articula con la\u00a0<a href=\"https:\/\/www.sociales.unlz.edu.ar\/index.php\/maestria-en-comunicacion\/\">Maestr\u00eda en Comunicaci\u00f3n<\/a><\/p>\n<p>&nbsp;<\/p>\n<p><b>ALCANCES DEL T\u00cdTULO:<\/b><\/p>\n<ul>\n<li>Participar en el proceso de dise\u00f1o, planificaci\u00f3n, ejecuci\u00f3n y gesti\u00f3n de modelos y proyectos de comunicaci\u00f3n social e<br \/>\ninstitucional, en los \u00e1mbitos del Estado, empresas privadas, sociedades intermedias, c\u00e1maras empresarias, etc.<\/li>\n<li>Gestionar las diferentes herramientas involucradas en los procesos de comunicaci\u00f3n social e institucional considerando sus discursos, lenguajes, actuales desarrollos tecnol\u00f3gicos y modalidades de<br \/>\nrelaci\u00f3n.<\/li>\n<li>Participar en el desarrollo de pol\u00edticas p\u00fablicas de planificaci\u00f3n integral considerando los elementos para el dise\u00f1o, el<br \/>\nplaneamiento y la gesti\u00f3n estrat\u00e9gica de las comunicaciones.<\/li>\n<li>Formular diagn\u00f3sticos sobre las problem\u00e1ticas actuales de la comunicaci\u00f3n en el plano social e institucional a trav\u00e9s de la aplicaci\u00f3n de estrategias metodol\u00f3gicas adecuadas a las diferentes pr\u00e1cticas sociales.<\/li>\n<li>Asesorar e integrar equipos interdisciplinarios de dise\u00f1o y gesti\u00f3n en el \u00e1rea comunicacional de instituciones educativas p\u00fablicas y privadas.<\/li>\n<li>Dirigir equipos profesionales dentro del campo de las comunicaciones en organizaciones sociales gubernamentales y no gubernamentales.<\/li>\n<li>Participar en la evaluaci\u00f3n de los procesos de comunicaci\u00f3n, los sistemas y los medios comunicacionales, su organizaci\u00f3n, sus resultados y el significado de sus mensajes.<\/li>\n<li>Elaborar estrategias de comunicaci\u00f3n que incluyan la construcci\u00f3n de espacios y metodolog\u00eda adecuados a los nuevos lenguajes y tecnolog\u00edas en el marco de procesos de comunicaci\u00f3n globalizados.<\/li>\n<\/ul>\n<p><b>DESTINATARIOS<\/b><\/p>\n<ul>\n<li>Docentes, ayudantes de c\u00e1tedra e investigadores que deseen profundizar sus conocimientos en el \u00e1mbito de la Gesti\u00f3n de las Comunicaciones.<\/li>\n<li>Profesionales de la comunicaci\u00f3n que sedesempe\u00f1an en el sector p\u00fablico y privado con inter\u00e9s en capacitarse espec\u00edficamente en la Gesti\u00f3n de las Comunicaciones.<\/li>\n<li>Graduados universitarios interesados en desarrollar una formaci\u00f3n profesional especializada en el \u00e1rea de las comunicaciones<\/li>\n<\/ul>\n<p><b>OBJETIVOS DE LA CARRERA<\/b><\/p>\n<ul>\n<li>Contribuir a la formaci\u00f3n de un perfil profesional enfocado sobre las pr\u00e1cticas e instrumentos espec\u00edficos del campo de las Comunicaciones, tendiendo a resolver una carencia marcada de las empresas e instituciones que demandan profesionales capacitados para la puesta en valor del conocimiento.<\/li>\n<li>Promover el conocimiento y discusi\u00f3n sobre los nuevos paradigmas te\u00f3ricos, metodol\u00f3gicos y t\u00e9cnicos comprometidos en el \u00e1rea de las comunicaciones a fin de reorientar los procesos y adecuar estrategias de gesti\u00f3n tendientes a la promoci\u00f3n de nuevas formas en la relaci\u00f3n comunicaci\u00f3n y sociedad.<span class=\"Apple-converted-space\">\u00a0<\/span><\/li>\n<li>Contribuir a la profundizaci\u00f3n de los conocimientos en la formaci\u00f3n acad\u00e9mica de un profesional de la comunicaci\u00f3n respecto de los nuevos modos de la gesti\u00f3n comunicacional en el \u00e1mbito institucional,<span class=\"Apple-converted-space\">\u00a0 <\/span>vinculados a la reformulaci\u00f3n de las tendencias tradicionales y\/o mediatizadas por el mercado.<span class=\"Apple-converted-space\">\u00a0<\/span><\/li>\n<\/ul>\n<p>[\/vc_column_text][\/vc_column][\/vc_row][vc_row css=&#8221;.vc_custom_1550252490207{padding-right: 10px !important;padding-left: 10px !important;}&#8221;][vc_column width=&#8221;1\/4&#8243; css=&#8221;.vc_custom_1550252637666{margin-right: 5px !important;margin-left: 5px !important;}&#8221;]<div class=\"\"><a  id=\"btn-69d5607b4438d\" class=\"btn btn-filled    btn-sm-sm\" href= \"http:\/\/www.sociales.unlz.edu.ar\/index.php\/plan-de-estudio\/\" target=' _blank' >Plan de Estudios<\/a><\/div>[\/vc_column][vc_column width=&#8221;1\/4&#8243; css=&#8221;.vc_custom_1550252648042{margin-right: 5px !important;margin-left: 5px !important;}&#8221;]<div class=\"\"><a  id=\"btn-69d5607b443b5\" class=\"btn btn-filled    btn-sm-sm\" href= \"https:\/\/www.sociales.unlz.edu.ar\/index.php\/cuerpo-docente-maestria\/\" target=\"_self\" >Cuerpo Docente<\/a><\/div>[\/vc_column][vc_column width=&#8221;1\/4&#8243; css=&#8221;.vc_custom_1550252659571{margin-right: 5px !important;margin-left: 5px !important;}&#8221;]<div class=\"\"><a  id=\"btn-69d5607b443cb\" class=\"btn btn-filled    btn-sm-sm\" href= \"http:\/\/www.sociales.unlz.edu.ar\/index.php\/modalidad-de-cursada-y-aranceles-4\/\" target=\"_self\" >Cursada y Aranceles<\/a><\/div>[\/vc_column][vc_column width=&#8221;1\/4&#8243; css=&#8221;.vc_custom_1550252674692{margin-right: 5px !important;margin-left: 5px !important;}&#8221;]<div class=\"\"><a  id=\"btn-69d5607b443dd\" class=\"btn btn-filled    btn-sm-sm\" href= \"http:\/\/www.sociales.unlz.edu.ar\/index.php\/proceso-de-admision-4\/\" target=' _blank' >Proceso de Admisi\u00f3n<\/a><\/div>[\/vc_column][\/vc_row]<\/p>\n","protected":false},"excerpt":{"rendered":"<p>[vc_row][vc_column width=&#8221;1\/4&#8243;][vc_single_image image=&#8221;15344&#8243; img_size=&#8221;medium&#8221; alignment=&#8221;center&#8221;][vc_column_text] Virtual [\/vc_column_text][\/vc_column][vc_column width=&#8221;1\/4&#8243;][vc_single_image image=&#8221;15341&#8243; img_size=&#8221;medium&#8221; alignment=&#8221;center&#8221;][vc_column_text] 1 a\u00f1os (3 trimestres) [\/vc_column_text][\/vc_column][vc_column&#8230;<\/p>\n","protected":false},"author":5,"featured_media":15229,"parent":0,"menu_order":0,"comment_status":"closed","ping_status":"closed","template":"","meta":{"footnotes":""},"class_list":["post-5635","page","type-page","status-publish","has-post-thumbnail","hentry"],"_links":{"self":[{"href":"https:\/\/www.sociales.unlz.edu.ar\/index.php\/wp-json\/wp\/v2\/pages\/5635","targetHints":{"allow":["GET"]}}],"collection":[{"href":"https:\/\/www.sociales.unlz.edu.ar\/index.php\/wp-json\/wp\/v2\/pages"}],"about":[{"href":"https:\/\/www.sociales.unlz.edu.ar\/index.php\/wp-json\/wp\/v2\/types\/page"}],"author":[{"embeddable":true,"href":"https:\/\/www.sociales.unlz.edu.ar\/index.php\/wp-json\/wp\/v2\/users\/5"}],"replies":[{"embeddable":true,"href":"https:\/\/www.sociales.unlz.edu.ar\/index.php\/wp-json\/wp\/v2\/comments?post=5635"}],"version-history":[{"count":54,"href":"https:\/\/www.sociales.unlz.edu.ar\/index.php\/wp-json\/wp\/v2\/pages\/5635\/revisions"}],"predecessor-version":[{"id":24771,"href":"https:\/\/www.sociales.unlz.edu.ar\/index.php\/wp-json\/wp\/v2\/pages\/5635\/revisions\/24771"}],"wp:featuredmedia":[{"embeddable":true,"href":"https:\/\/www.sociales.unlz.edu.ar\/index.php\/wp-json\/wp\/v2\/media\/15229"}],"wp:attachment":[{"href":"https:\/\/www.sociales.unlz.edu.ar\/index.php\/wp-json\/wp\/v2\/media?parent=5635"}],"curies":[{"name":"wp","href":"https:\/\/api.w.org\/{rel}","templated":true}]}}