{"id":5208,"date":"2018-11-06T09:46:19","date_gmt":"2018-11-06T12:46:19","guid":{"rendered":"http:\/\/10.0.1.20\/?page_id=5208"},"modified":"2020-08-05T11:24:28","modified_gmt":"2020-08-05T14:24:28","slug":"informacion-para-ingresantes","status":"publish","type":"page","link":"https:\/\/www.sociales.unlz.edu.ar\/index.php\/informacion-para-ingresantes\/","title":{"rendered":"Ingresantes 2020"},"content":{"rendered":"<p>[vc_row][vc_column][vc_column_text]<\/p>\n<h4>VER APERTURA DE MATERIAS DEL PRIMER CUATRIMESTRE<\/h4>\n<h4><a href=\"https:\/\/www.sociales.unlz.edu.ar\/index.php\/calendario-academico-ingreso-2019\/\"><strong>VER CALENDARIO ACAD\u00c9MICO INGRESO 2020\u00a0<\/strong><\/a><\/h4>\n<p><a href=\"https:\/\/www.sociales.unlz.edu.ar\/index.php\/blog-de-catedras\/\">VER BLOGS DE C\u00c1TEDRAS<\/a><\/p>\n<h4><strong>Inscripci\u00f3n definitiva #Ingreso2020 (FINALIZADA)<br \/>\nEl proceso de inscripci\u00f3n para el ciclo lectivo 2020 comenz\u00f3 en noviembre de 2019 y finaliz\u00f3 con la presentaci\u00f3n de la documentaci\u00f3n el 10 de marzo de 2020.<\/strong><\/h4>\n<p><strong>Lugar y horario:<\/strong>\u00a0En el aula 2, de 09:00 a 13:00 hs. y de 16:00 a 20:00 hs. La presentaci\u00f3n de la documentaci\u00f3n se realiza en la fecha indicada seg\u00fan la terminaci\u00f3n del DNI.<\/p>\n<table>\n<tbody>\n<tr>\n<td width=\"92\"><strong>FECHA<\/strong><\/td>\n<td width=\"132\"><strong>TERMINACI\u00d3N DNI<\/strong><\/td>\n<\/tr>\n<tr>\n<td width=\"92\">02\/03<\/td>\n<td width=\"132\">0 Y 1<\/td>\n<\/tr>\n<tr>\n<td width=\"92\">03\/03<\/td>\n<td width=\"132\">2 Y 3<\/td>\n<\/tr>\n<tr>\n<td width=\"92\">04\/03<\/td>\n<td width=\"132\">4 Y 5<\/td>\n<\/tr>\n<tr>\n<td width=\"92\">05\/03<\/td>\n<td width=\"132\">6 Y 7<\/td>\n<\/tr>\n<tr>\n<td width=\"92\">06\/03<\/td>\n<td width=\"132\">8 Y 9<\/td>\n<\/tr>\n<tr>\n<td width=\"92\">\u00a010\/03<\/td>\n<td width=\"132\">Rezagados<\/td>\n<\/tr>\n<\/tbody>\n<\/table>\n<p>Ten\u00e9s que traer:<\/p>\n<ul>\n<li>DNI (original y copia)<\/li>\n<li>3 fotos carnet 4&#215;4 (en papel fotogr\u00e1fico)<\/li>\n<li>T\u00edtulo Secundario (original y copia) o Certificado de T\u00edtulo en Tr\u00e1mite expedido por la Instituci\u00f3n donde estudiaste.<br \/>\nExtranjeros: en caso de no tener la convalidaci\u00f3n presentan copia del t\u00edtulo sin convalidar<\/li>\n<li>Planilla de preinscripci\u00f3n generada en la inscripci\u00f3n Online realizada en noviembre<\/li>\n<li>Carpeta oficio de 3 solapas (preferentemente rosa). En la tapa deber\u00e1n aparecer los siguientes datos en imprenta may\u00fascula: Apellido y nombres, DNI, carrera y a\u00f1o de ingreso a la facultad (2020)<\/li>\n<\/ul>\n<p>Una vez finalizado el proceso deb\u00e9s inscribirte en el sistema <em><strong>Siu Guaran\u00ed<\/strong> <\/em>con los siguientes pasos:<\/p>\n<ol>\n<li>Ingresar a la web de sociales (<a href=\"http:\/\/www.sociales.unlz.edu.ar\">www.sociales.unlz.edu.ar<\/a>)<\/li>\n<li>Seleccionar Siu Guaran\u00ed y el desplegable &#8220;Acceso al Sistema&#8221;<\/li>\n<li>Presionar en \u00bfOlvidaste tu contrase\u00f1a o sos un usuario nuevo?<\/li>\n<li>Colocar numero de documento y presionar continuar.<\/li>\n<li>Te llegara un mail con un enlace (link) para finalizar el Proceso.<\/li>\n<\/ol>\n<h3 style=\"text-align: center;\"><em><strong>Paso 1<\/strong><\/em><\/h3>\n<p><a href=\"https:\/\/www.sociales.unlz.edu.ar\/index.php\/calendario-academico-ingreso-2019\/\"><strong><img fetchpriority=\"high\" decoding=\"async\" class=\"alignnone size-full wp-image-10218\" src=\"https:\/\/www.sociales.unlz.edu.ar\/wp-content\/uploads\/2020\/03\/ingreso2020paso1.png\" alt=\"\" width=\"1903\" height=\"944\" \/><\/strong><\/a><\/p>\n<h3 style=\"text-align: center;\"><em><strong>Paso 2<\/strong><\/em><\/h3>\n<p><a href=\"https:\/\/www.sociales.unlz.edu.ar\/index.php\/calendario-academico-ingreso-2019\/\"><strong><img decoding=\"async\" class=\"alignnone size-full wp-image-10219\" src=\"https:\/\/www.sociales.unlz.edu.ar\/wp-content\/uploads\/2020\/03\/ingreso2020paso2.png\" alt=\"\" width=\"1920\" height=\"944\" \/><\/strong><\/a><\/p>\n<h3 style=\"text-align: center;\"><em><strong>Paso 3<\/strong><\/em><\/h3>\n<p><a href=\"https:\/\/www.sociales.unlz.edu.ar\/index.php\/calendario-academico-ingreso-2019\/\"><strong><img decoding=\"async\" class=\"alignnone size-full wp-image-10220\" src=\"https:\/\/www.sociales.unlz.edu.ar\/wp-content\/uploads\/2020\/03\/ingreso2020paso3.png\" alt=\"\" width=\"1920\" height=\"944\" \/><\/strong><\/a>[\/vc_column_text][vc_column_text]<\/p>\n<p style=\"text-align: center;\"><strong>Las actividades acad\u00e9micas restantes se encuentran detalladas en el Calendario Acad\u00e9mico general.<\/strong><\/p>\n<p>[\/vc_column_text][vc_video link=&#8221;https:\/\/www.youtube.com\/watch?v=2oVqwY8rF3E&amp;feature=youtu.be&#8221;][\/vc_column][\/vc_row][vc_row][vc_column width=&#8221;1\/4&#8243;][vc_single_image image=&#8221;5211&#8243; img_size=&#8221;full&#8221; onclick=&#8221;custom_link&#8221; img_link_target=&#8221;_blank&#8221; link=&#8221;http:\/\/www.bibliounlz.com.ar&#8221;][\/vc_column][vc_column width=&#8221;1\/4&#8243;][vc_single_image image=&#8221;5212&#8243; img_size=&#8221;large&#8221; onclick=&#8221;custom_link&#8221; img_link_target=&#8221;_blank&#8221; link=&#8221;http:\/\/ingresantes.unlz.edu.ar\/index.php\/orientacion-vocacional\/&#8221;][\/vc_column][vc_column width=&#8221;1\/4&#8243;][vc_single_image image=&#8221;5213&#8243; img_size=&#8221;large&#8221; onclick=&#8221;custom_link&#8221; img_link_target=&#8221;_blank&#8221; link=&#8221;http:\/\/ingresantes.unlz.edu.ar\/index.php\/boletouniversitario\/&#8221;][\/vc_column][vc_column width=&#8221;1\/4&#8243;][vc_single_image image=&#8221;5216&#8243; img_size=&#8221;large&#8221; onclick=&#8221;custom_link&#8221; img_link_target=&#8221;_blank&#8221; link=&#8221;http:\/\/www.unlz.edu.ar\/?page_id=2109&#8243;][\/vc_column][\/vc_row]<\/p>\n","protected":false},"excerpt":{"rendered":"<p>[vc_row][vc_column][vc_column_text] VER APERTURA DE MATERIAS DEL PRIMER CUATRIMESTRE VER CALENDARIO ACAD\u00c9MICO INGRESO 2020\u00a0 VER BLOGS DE&#8230;<\/p>\n","protected":false},"author":5,"featured_media":10190,"parent":0,"menu_order":0,"comment_status":"closed","ping_status":"closed","template":"","meta":{"footnotes":""},"class_list":["post-5208","page","type-page","status-publish","has-post-thumbnail","hentry"],"_links":{"self":[{"href":"https:\/\/www.sociales.unlz.edu.ar\/index.php\/wp-json\/wp\/v2\/pages\/5208","targetHints":{"allow":["GET"]}}],"collection":[{"href":"https:\/\/www.sociales.unlz.edu.ar\/index.php\/wp-json\/wp\/v2\/pages"}],"about":[{"href":"https:\/\/www.sociales.unlz.edu.ar\/index.php\/wp-json\/wp\/v2\/types\/page"}],"author":[{"embeddable":true,"href":"https:\/\/www.sociales.unlz.edu.ar\/index.php\/wp-json\/wp\/v2\/users\/5"}],"replies":[{"embeddable":true,"href":"https:\/\/www.sociales.unlz.edu.ar\/index.php\/wp-json\/wp\/v2\/comments?post=5208"}],"version-history":[{"count":116,"href":"https:\/\/www.sociales.unlz.edu.ar\/index.php\/wp-json\/wp\/v2\/pages\/5208\/revisions"}],"predecessor-version":[{"id":10474,"href":"https:\/\/www.sociales.unlz.edu.ar\/index.php\/wp-json\/wp\/v2\/pages\/5208\/revisions\/10474"}],"wp:featuredmedia":[{"embeddable":true,"href":"https:\/\/www.sociales.unlz.edu.ar\/index.php\/wp-json\/wp\/v2\/media\/10190"}],"wp:attachment":[{"href":"https:\/\/www.sociales.unlz.edu.ar\/index.php\/wp-json\/wp\/v2\/media?parent=5208"}],"curies":[{"name":"wp","href":"https:\/\/api.w.org\/{rel}","templated":true}]}}