{"id":4847,"date":"2018-11-01T12:03:34","date_gmt":"2018-11-01T15:03:34","guid":{"rendered":"http:\/\/10.0.1.20\/?page_id=4847"},"modified":"2019-10-25T09:23:15","modified_gmt":"2019-10-25T12:23:15","slug":"secretaria-economico-administrativa","status":"publish","type":"page","link":"https:\/\/www.sociales.unlz.edu.ar\/index.php\/secretaria-economico-administrativa\/","title":{"rendered":"Secretar\u00eda Econ\u00f3mico Administrativa"},"content":{"rendered":"<p>La Secretar\u00eda Econ\u00f3mico Administrativa de la Facultad de Ciencias Sociales de la Universidad Nacional de Lomas de Zamora entiende en las tareas administrativas que se sustancian en la unidad acad\u00e9mica. Supervisa y controla la administraci\u00f3n de los recursos humanos de la casa de estudios y coordina los programas presupuestarios, de acuerdo a las directivas emanadas por los organismos de conducci\u00f3n.<\/p>\n<p>Sus misiones son:<\/p>\n<p>-Asistir al Decano en la tramitaci\u00f3n, estudio, resoluci\u00f3n y ejecuci\u00f3n de los asuntos relativos a la gesti\u00f3n administrativa\u00a0 y econ\u00f3mica de la unidad acad\u00e9mica.<\/p>\n<p>-Planear la contrataci\u00f3n de bienes y servicios, y supervisar las liquidaciones de gastos de la instituci\u00f3n.<\/p>\n<p>-Patrimoniar los bienes y designarlos a sus correspondientes responsables.<\/p>\n<p>-Proyectar los actos administrativos, resoluciones y disposiciones, asegurando la normal tramitaci\u00f3n de los expedientes y la concordancia de las informaciones contenidas en ellos.<\/p>\n<p>-Controlar lo relativo al cumplimiento de las normas y reglamentos en los aspectos administrativos y asistencia al personal.<\/p>\n","protected":false},"excerpt":{"rendered":"<p>La Secretar\u00eda Econ\u00f3mico Administrativa de la Facultad de Ciencias Sociales de la Universidad Nacional de Lomas&#8230;<\/p>\n","protected":false},"author":8,"featured_media":9371,"parent":0,"menu_order":0,"comment_status":"closed","ping_status":"closed","template":"","meta":{"footnotes":""},"class_list":["post-4847","page","type-page","status-publish","has-post-thumbnail","hentry"],"_links":{"self":[{"href":"https:\/\/www.sociales.unlz.edu.ar\/index.php\/wp-json\/wp\/v2\/pages\/4847","targetHints":{"allow":["GET"]}}],"collection":[{"href":"https:\/\/www.sociales.unlz.edu.ar\/index.php\/wp-json\/wp\/v2\/pages"}],"about":[{"href":"https:\/\/www.sociales.unlz.edu.ar\/index.php\/wp-json\/wp\/v2\/types\/page"}],"author":[{"embeddable":true,"href":"https:\/\/www.sociales.unlz.edu.ar\/index.php\/wp-json\/wp\/v2\/users\/8"}],"replies":[{"embeddable":true,"href":"https:\/\/www.sociales.unlz.edu.ar\/index.php\/wp-json\/wp\/v2\/comments?post=4847"}],"version-history":[{"count":3,"href":"https:\/\/www.sociales.unlz.edu.ar\/index.php\/wp-json\/wp\/v2\/pages\/4847\/revisions"}],"predecessor-version":[{"id":5610,"href":"https:\/\/www.sociales.unlz.edu.ar\/index.php\/wp-json\/wp\/v2\/pages\/4847\/revisions\/5610"}],"wp:featuredmedia":[{"embeddable":true,"href":"https:\/\/www.sociales.unlz.edu.ar\/index.php\/wp-json\/wp\/v2\/media\/9371"}],"wp:attachment":[{"href":"https:\/\/www.sociales.unlz.edu.ar\/index.php\/wp-json\/wp\/v2\/media?parent=4847"}],"curies":[{"name":"wp","href":"https:\/\/api.w.org\/{rel}","templated":true}]}}