{"id":4749,"date":"2018-10-30T15:08:30","date_gmt":"2018-10-30T18:08:30","guid":{"rendered":"http:\/\/10.0.1.20\/?page_id=4749"},"modified":"2023-03-14T09:43:57","modified_gmt":"2023-03-14T12:43:57","slug":"instructivo-siu","status":"publish","type":"page","link":"https:\/\/www.sociales.unlz.edu.ar\/index.php\/instructivo-siu\/","title":{"rendered":"Instructivos SIU"},"content":{"rendered":"<p>[vc_row][vc_column]<div class=\"\"><a  id=\"btn-69f4695906015\" class=\"btn-new btn-1 btn-1a  ti-arrow-circle-right  btn-sm-sm\" href= \"https:\/\/www.sociales.unlz.edu.ar\/index.php\/2020\/03\/13\/instructivo-2020\/\" target=\"_self\" >\u00bfC\u00f3mo generar usuario en S\u00edu Guaran\u00ed?<\/a><\/div><div class=\"\"><a  id=\"btn-69f4695906099\" class=\"btn-new btn-1 btn-1a  ti-arrow-circle-right  btn-sm-sm\" href= \"https:\/\/www.sociales.unlz.edu.ar\/index.php\/2020\/07\/17\/como-recuperar-contrasena-en-el-siu-guarani\/\" target=\"_self\" >\u00bfC\u00f3mo recuperar contrase\u00f1a en el S\u00edu Guaran\u00ed?<\/a><\/div><div class=\"\"><a  id=\"btn-69f46959060e6\" class=\"btn-new btn-1 btn-1a  ti-arrow-circle-right  btn-sm-sm\" href= \"https:\/\/www.sociales.unlz.edu.ar\/index.php\/2020\/07\/17\/como-inscribirse-a-materias-para-cuatrimestres\/\" target=\"_self\" >\u00bfC\u00f3mo inscribirse a materias para cuatrimestres?<\/a><\/div><div class=\"\"><a  id=\"btn-69f4695906124\" class=\"btn-new btn-1 btn-1a  ti-arrow-circle-right  btn-sm-sm\" href= \"https:\/\/www.sociales.unlz.edu.ar\/index.php\/2020\/07\/17\/como-inscribirse-a-examenes-finales\/\" target=\"_self\" >\u00bfC\u00f3mo inscribirse a ex\u00e1menes finales?<\/a><\/div>[\/vc_column][\/vc_row]<\/p>\n","protected":false},"excerpt":{"rendered":"<p>[vc_row][vc_column][\/vc_column][\/vc_row]<\/p>\n","protected":false},"author":8,"featured_media":4139,"parent":0,"menu_order":0,"comment_status":"closed","ping_status":"closed","template":"","meta":{"footnotes":""},"class_list":["post-4749","page","type-page","status-publish","has-post-thumbnail","hentry"],"_links":{"self":[{"href":"https:\/\/www.sociales.unlz.edu.ar\/index.php\/wp-json\/wp\/v2\/pages\/4749","targetHints":{"allow":["GET"]}}],"collection":[{"href":"https:\/\/www.sociales.unlz.edu.ar\/index.php\/wp-json\/wp\/v2\/pages"}],"about":[{"href":"https:\/\/www.sociales.unlz.edu.ar\/index.php\/wp-json\/wp\/v2\/types\/page"}],"author":[{"embeddable":true,"href":"https:\/\/www.sociales.unlz.edu.ar\/index.php\/wp-json\/wp\/v2\/users\/8"}],"replies":[{"embeddable":true,"href":"https:\/\/www.sociales.unlz.edu.ar\/index.php\/wp-json\/wp\/v2\/comments?post=4749"}],"version-history":[{"count":7,"href":"https:\/\/www.sociales.unlz.edu.ar\/index.php\/wp-json\/wp\/v2\/pages\/4749\/revisions"}],"predecessor-version":[{"id":18503,"href":"https:\/\/www.sociales.unlz.edu.ar\/index.php\/wp-json\/wp\/v2\/pages\/4749\/revisions\/18503"}],"wp:featuredmedia":[{"embeddable":true,"href":"https:\/\/www.sociales.unlz.edu.ar\/index.php\/wp-json\/wp\/v2\/media\/4139"}],"wp:attachment":[{"href":"https:\/\/www.sociales.unlz.edu.ar\/index.php\/wp-json\/wp\/v2\/media?parent=4749"}],"curies":[{"name":"wp","href":"https:\/\/api.w.org\/{rel}","templated":true}]}}