{"id":4739,"date":"2018-10-30T14:34:54","date_gmt":"2018-10-30T17:34:54","guid":{"rendered":"http:\/\/10.0.1.20\/?page_id=4739"},"modified":"2020-03-13T11:13:28","modified_gmt":"2020-03-13T14:13:28","slug":"estudiantes","status":"publish","type":"page","link":"https:\/\/www.sociales.unlz.edu.ar\/index.php\/estudiantes\/","title":{"rendered":"No Ingresantes"},"content":{"rendered":"<h5>Servicios e informaci\u00f3n \u00fatil<\/h5>\n<ul>\n<li><a href=\"https:\/\/www.sociales.unlz.edu.ar\/index.php\/materias-primer-cuatrimestre-2020\/\">Inscripci\u00f3n y apertura de materias<\/a><\/li>\n<li><a href=\"https:\/\/www.sociales.unlz.edu.ar\/index.php\/2020\/02\/12\/examenes-finales\/\">Ex\u00e1menes Finales\u00a0<\/a><\/li>\n<li><a href=\"https:\/\/www.sociales.unlz.edu.ar\/index.php\/calendario-academico\/\">Calendario acad\u00e9mico 2020<\/a><\/li>\n<li><a href=\"https:\/\/www.sociales.unlz.edu.ar\/index.php\/inscripcion-curso-de-verano-2020-19-y-20-de-diciembre\/\">Curso de verano 2020<\/a><\/li>\n<li><a href=\"http:\/\/www.sociales.unlz.edu.ar\/index.php\/calendario-academico\/\" target=\"_blank\" rel=\"noopener\">Calendario Acad\u00e9mico<\/a><\/li>\n<li><a href=\"http:\/\/www.sociales.unlz.edu.ar\/index.php\/tramites-frecuentes\/\" target=\"_blank\" rel=\"noopener\">Tr\u00e1mites Frecuentes<\/a><\/li>\n<li><a href=\"http:\/\/www.bibliounlz.com.ar\/\" target=\"_blank\" rel=\"noopener\">Biblioteca Central UNLZ<\/a><\/li>\n<li><a href=\"http:\/\/www.unlz.edu.ar\/?page_id=2113\" target=\"_blank\" rel=\"noopener\">Deportes<\/a><\/li>\n<\/ul>\n<h5>Bienestar Estudiantil<\/h5>\n<ul>\n<li><a href=\"http:\/\/boleto.unlz.edu.ar\/\">Boleto Estudiantil<\/a><\/li>\n<li><a href=\"http:\/\/www.unlz.edu.ar\/?page_id=2109\">Becas<\/a><\/li>\n<\/ul>\n<h5>SIU Guaran\u00ed<\/h5>\n<ul>\n<li><a href=\"http:\/\/servicios.sociales.unlz.edu.ar\/3w\/\" target=\"_blank\" rel=\"noopener\">Acceso al Sistema<\/a><\/li>\n<li><a href=\"http:\/\/www.sociales.unlz.edu.ar\/index.php\/instructivo-siu\/\" target=\"_blank\" rel=\"noopener\">Instructivo<\/a><\/li>\n<li><a href=\"http:\/\/www.sociales.unlz.edu.ar\/index.php\/preguntas-frecuentes-siu\/\" target=\"_blank\" rel=\"noopener\">Preguntas Frecuentes<\/a><\/li>\n<\/ul>\n<h5>C\u00e1tedras<span class=\"Apple-converted-space\">\u00a0<\/span><\/h5>\n<ul>\n<li><a href=\"http:\/\/www.sociales.unlz.edu.ar\/index.php\/blog-de-catedras\/\" target=\"_blank\" rel=\"noopener\">Blogs de Cat\u00e9dras<\/a><\/li>\n<li><a href=\"http:\/\/www.sociales.unlz.edu.ar\/index.php\/programa-de-materias\/\" target=\"_blank\" rel=\"noopener\">Programas de Materias<\/a><\/li>\n<\/ul>\n<h5>Nuestras Carreras<\/h5>\n<ul>\n<li><a href=\"http:\/\/www.sociales.unlz.edu.ar\/index.php\/ciencias-de-la-educacion\/\" target=\"_blank\" rel=\"noopener\">Ciencias de la Educaci\u00f3n<\/a><\/li>\n<li><a href=\"http:\/\/www.sociales.unlz.edu.ar\/index.php\/comunicacion-social\/\" target=\"_blank\" rel=\"noopener\">Comunicaci\u00f3n Social<\/a><\/li>\n<li><a href=\"http:\/\/www.sociales.unlz.edu.ar\/index.php\/minoridad-y-familia\/\" target=\"_blank\" rel=\"noopener\">Minoridad y Familia<\/a><\/li>\n<li><a href=\"http:\/\/www.sociales.unlz.edu.ar\/index.php\/letras\/\" target=\"_blank\" rel=\"noopener\">Letras<\/a><\/li>\n<li><a href=\"http:\/\/www.sociales.unlz.edu.ar\/index.php\/relaciones-laborales\/\" target=\"_blank\" rel=\"noopener\">Relaciones Laborales<\/a><\/li>\n<li><a href=\"http:\/\/www.sociales.unlz.edu.ar\/index.php\/relaciones-publicas\/\" target=\"_blank\" rel=\"noopener\">Relaciones P\u00fablicas<\/a><\/li>\n<li><a href=\"http:\/\/www.sociales.unlz.edu.ar\/index.php\/trabajo-social\/\" target=\"_blank\" rel=\"noopener\">Trabajo Social<\/a><\/li>\n<li><a href=\"http:\/\/www.sociales.unlz.edu.ar\/index.php\/periodismo\/\" target=\"_blank\" rel=\"noopener\">Periodismo<\/a><\/li>\n<li><a href=\"http:\/\/www.sociales.unlz.edu.ar\/index.php\/psicopedagogia\/\" target=\"_blank\" rel=\"noopener\">Psicopedagogia<\/a><\/li>\n<li><a href=\"http:\/\/www.sociales.unlz.edu.ar\/index.php\/publicidad\/\" target=\"_blank\" rel=\"noopener\">Publicidad<\/a><\/li>\n<\/ul>\n<h5>Recursos para Estudiantes<\/h5>\n<ul>\n<li><a href=\"http:\/\/www.sociales.unlz.edu.ar\/wp-content\/uploads\/2018\/11\/portada_a4_individual_P-2.doc\" target=\"_blank\" rel=\"noopener\">Descargar | Car\u00e1tula TP Individual<\/a><\/li>\n<li><a href=\"http:\/\/www.sociales.unlz.edu.ar\/wp-content\/uploads\/2018\/11\/portada_a4_grupal_P.doc\" target=\"_blank\" rel=\"noopener\">Descargar | Car\u00e1tula TP Grupal<\/a><\/li>\n<\/ul>\n","protected":false},"excerpt":{"rendered":"<p>Servicios e informaci\u00f3n \u00fatil Inscripci\u00f3n y apertura de materias Ex\u00e1menes Finales\u00a0 Calendario acad\u00e9mico 2020 Curso de&#8230;<\/p>\n","protected":false},"author":5,"featured_media":4856,"parent":0,"menu_order":0,"comment_status":"closed","ping_status":"closed","template":"","meta":{"footnotes":""},"class_list":["post-4739","page","type-page","status-publish","has-post-thumbnail","hentry"],"_links":{"self":[{"href":"https:\/\/www.sociales.unlz.edu.ar\/index.php\/wp-json\/wp\/v2\/pages\/4739","targetHints":{"allow":["GET"]}}],"collection":[{"href":"https:\/\/www.sociales.unlz.edu.ar\/index.php\/wp-json\/wp\/v2\/pages"}],"about":[{"href":"https:\/\/www.sociales.unlz.edu.ar\/index.php\/wp-json\/wp\/v2\/types\/page"}],"author":[{"embeddable":true,"href":"https:\/\/www.sociales.unlz.edu.ar\/index.php\/wp-json\/wp\/v2\/users\/5"}],"replies":[{"embeddable":true,"href":"https:\/\/www.sociales.unlz.edu.ar\/index.php\/wp-json\/wp\/v2\/comments?post=4739"}],"version-history":[{"count":53,"href":"https:\/\/www.sociales.unlz.edu.ar\/index.php\/wp-json\/wp\/v2\/pages\/4739\/revisions"}],"predecessor-version":[{"id":10470,"href":"https:\/\/www.sociales.unlz.edu.ar\/index.php\/wp-json\/wp\/v2\/pages\/4739\/revisions\/10470"}],"wp:featuredmedia":[{"embeddable":true,"href":"https:\/\/www.sociales.unlz.edu.ar\/index.php\/wp-json\/wp\/v2\/media\/4856"}],"wp:attachment":[{"href":"https:\/\/www.sociales.unlz.edu.ar\/index.php\/wp-json\/wp\/v2\/media?parent=4739"}],"curies":[{"name":"wp","href":"https:\/\/api.w.org\/{rel}","templated":true}]}}