{"id":4679,"date":"2018-10-30T11:47:15","date_gmt":"2018-10-30T14:47:15","guid":{"rendered":"http:\/\/10.0.1.20\/?page_id=4679"},"modified":"2025-06-19T19:59:09","modified_gmt":"2025-06-19T22:59:09","slug":"unite","status":"publish","type":"page","link":"https:\/\/www.sociales.unlz.edu.ar\/index.php\/unite\/","title":{"rendered":"UniTE"},"content":{"rendered":"<p>[vc_row][vc_column][vc_column_text]<\/p>\n<h2><strong><span style=\"color: #000000;\">INSCRIPCI\u00d3N SEGUNDO CUATRIMESTRE 2025<\/span><\/strong><\/h2>\n<h3>23, 24 Y 25 de Junio 2025<\/h3>\n<h4>M\u00e1s informaci\u00f3n <a href=\"https:\/\/www.sociales.unlz.edu.ar\/index.php\/unite-primer-cuatrimestre-2025\/\">ac\u00e1<\/a>.<\/h4>\n<p>[\/vc_column_text][vc_column_text]<\/p>\n<h4><strong>El Programa<\/strong><\/h4>\n<p>Universidad para la Tercera Edad (UniTE) es un programa gratuito destinado a los Adultos Mayores de 60 a\u00f1os dependiente de la Facultad de Ciencias Sociales de la Universidad de Lomas de Zamora. En \u00e9l se realizan cursos, actividades y talleres dentro de cinco \u00e1reas: Humanidades y Ciencias Sociales, Comunicaci\u00f3n, Arte y Literatura, Inform\u00e1tica e Idioma Extranjero, desde hace m\u00e1s de 20 a\u00f1os. En la actualidad, la matricula supera los mil estudiantes.<\/p>\n<p>En esta iniciativa los adultos mayores encuentran en la educaci\u00f3n superior un lugar de inclusi\u00f3n social. El programa es un instrumento para trabajar en la fortaleza de los estudiantes que deben enfrentarse a los cambios de su etapa. Esta construcci\u00f3n se vuelve una herramienta de aprendizaje fundamental.<\/p>\n<p>As\u00ed se ve como la educaci\u00f3n es un camino para que los mayores puedan mantenerse activos, adquiriendo informaci\u00f3n y nuevos saberes mediante enfoques actuales, adem\u00e1s de fortalecer sus v\u00ednculos sociales. Esto se ve impulsado por el contacto inter generacional entre ellos y los estudiantes de grado.<\/p>\n<p>Es as\u00ed que gracias a UniTE una gran porci\u00f3n de la poblaci\u00f3n puede mejorar su calidad de vida, aportando su experiencia. Esto posibilita que el programa crezca para buscar nuevas metas que les permitan a los Adultos Mayores transformar la iniciativa en propia.<\/p>\n<p>&nbsp;<\/p>\n<h4><strong>Objetivos generales<\/strong><\/h4>\n<p>&nbsp;<\/p>\n<p>Propiciar un espacio para mejorar la calidad de vida de los estudiantes mayores<\/p>\n<p>Romper con el paradigma sobre la vejez, mostr\u00e1ndola como una etapa de desarrollo y oportunidad.<\/p>\n<p>Abrir las puertas a nuevos conocimientos y la creatividad de los estudiantes mayores.<\/p>\n<p>Promover h\u00e1bitos de organizaci\u00f3n, participaci\u00f3n y autogesti\u00f3n.<\/p>\n<p>Otorgar herramientas para mejorar el autoestima, como soporte de una vida m\u00e1s plena y activa.<\/p>\n<p>&nbsp;<\/p>\n<p>Para m\u00e1s informaci\u00f3n: uniteunlz@gmail.com[\/vc_column_text][\/vc_column][vc_column css=&#8221;.vc_custom_1625065344277{padding-top: 5% !important;}&#8221;][vc_column_text]<\/p>\n<h4><strong>Libro realizado por UniTE<\/strong><\/h4>\n<p>[\/vc_column_text][vc_single_image image=&#8221;22930&#8243; img_size=&#8221;medium&#8221; onclick=&#8221;custom_link&#8221; link=&#8221;https:\/\/www.sociales.unlz.edu.ar\/wp-content\/uploads\/2024\/10\/UNITE-2024-sin-prologo-final.pdf&#8221;][\/vc_column][\/vc_row]<\/p>\n","protected":false},"excerpt":{"rendered":"<p>[vc_row][vc_column][vc_column_text] INSCRIPCI\u00d3N SEGUNDO CUATRIMESTRE 2025 23, 24 Y 25 de Junio 2025 M\u00e1s informaci\u00f3n ac\u00e1. [\/vc_column_text][vc_column_text]&#8230;<\/p>\n","protected":false},"author":8,"featured_media":4854,"parent":0,"menu_order":0,"comment_status":"closed","ping_status":"closed","template":"","meta":{"footnotes":""},"class_list":["post-4679","page","type-page","status-publish","has-post-thumbnail","hentry"],"_links":{"self":[{"href":"https:\/\/www.sociales.unlz.edu.ar\/index.php\/wp-json\/wp\/v2\/pages\/4679","targetHints":{"allow":["GET"]}}],"collection":[{"href":"https:\/\/www.sociales.unlz.edu.ar\/index.php\/wp-json\/wp\/v2\/pages"}],"about":[{"href":"https:\/\/www.sociales.unlz.edu.ar\/index.php\/wp-json\/wp\/v2\/types\/page"}],"author":[{"embeddable":true,"href":"https:\/\/www.sociales.unlz.edu.ar\/index.php\/wp-json\/wp\/v2\/users\/8"}],"replies":[{"embeddable":true,"href":"https:\/\/www.sociales.unlz.edu.ar\/index.php\/wp-json\/wp\/v2\/comments?post=4679"}],"version-history":[{"count":50,"href":"https:\/\/www.sociales.unlz.edu.ar\/index.php\/wp-json\/wp\/v2\/pages\/4679\/revisions"}],"predecessor-version":[{"id":24250,"href":"https:\/\/www.sociales.unlz.edu.ar\/index.php\/wp-json\/wp\/v2\/pages\/4679\/revisions\/24250"}],"wp:featuredmedia":[{"embeddable":true,"href":"https:\/\/www.sociales.unlz.edu.ar\/index.php\/wp-json\/wp\/v2\/media\/4854"}],"wp:attachment":[{"href":"https:\/\/www.sociales.unlz.edu.ar\/index.php\/wp-json\/wp\/v2\/media?parent=4679"}],"curies":[{"name":"wp","href":"https:\/\/api.w.org\/{rel}","templated":true}]}}