{"id":4368,"date":"2018-10-26T11:01:42","date_gmt":"2018-10-26T14:01:42","guid":{"rendered":"http:\/\/10.0.1.20\/?page_id=4368"},"modified":"2023-04-05T19:14:24","modified_gmt":"2023-04-05T22:14:24","slug":"secretaria-de-extension","status":"publish","type":"page","link":"https:\/\/www.sociales.unlz.edu.ar\/index.php\/secretaria-de-extension\/","title":{"rendered":"Secretar\u00eda de Extensi\u00f3n"},"content":{"rendered":"<div>\n<div align=\"justify\">\n<p>La Secretar\u00eda de Extensi\u00f3n tiene como objeto acercar la Facultad de Ciencias Sociales a la comunidad y la comunidad a la Facultad, a trav\u00e9s de iniciativas, proyectos, programas o actividades que provienen de los docentes, de los estudiantes, de los no docentes y de los vecinos de la Universidad. Creemos que la Facultad tiene un rol social muy importante el cual solo puede ser llevado adelante de la mano de su comunidad. Buscamos promover diversas actividades dirigidas a favorecer la participaci\u00f3n y la inclusi\u00f3n social.<\/p>\n<p>Es fundamental la articulaci\u00f3n entre la comunidad educativa universitaria, las instituciones p\u00fablicas y privadas de la regi\u00f3n.<\/p>\n<p>Te invitamos a formar parte de nuestros proyectos y a ser el arquitecto de nuevas propuestas.<\/p>\n<\/div>\n<div align=\"justify\">\n<h5><strong>La Radio en la Escuela<\/strong>:<\/h5>\n<p>Cientos de docentes se acercan al curso de Capacitaci\u00f3n en herramientas radiof\u00f3nicas dentro del aula que brinda este exitoso Programa desde hace m\u00e1s de una d\u00e9cada. Buscamos estimular el aprendizaje, incentivar la producci\u00f3n de contenidos propios y generar un espacio de socializaci\u00f3n. Los alumnos y los docentes realizan producciones radiof\u00f3nicas en nuestro estudio de radio.<br \/>\nMail: <a href=\"mailto:radioenlaescuela@sociales.unlz.edu.ar\" target=\"_blank\" rel=\"noopener noreferrer\">radioenlaescuela@sociales.unlz.edu.ar<\/a> Escuchanos:\u00a0<a href=\"http:\/\/www.radiojauretche.com.ar\/\">www.radiojauretche.com.ar<\/a><\/p>\n<p><strong>Centro de Estudios y Extensi\u00f3n en DDHH:<\/strong><br \/>\nPlantea un abordaje integral de los DDHH en pos de la preservaci\u00f3n de los valores y de las pol\u00edticas de Memoria, Verdad, y Justicia.<br \/>\nLa misi\u00f3n es consolidar un archivo de la memoria del conurbano sobre los cr\u00edmenes de lesa humanidad, los testimonios de los ciudadanos que fueron testigos, v\u00edctimas y familiares. Construir una mirada basada en valores sobre la historia Argentina y sobre todas las dictaduras militares, y tambi\u00e9n reflexionar sobre los derechos vulnerados en democracia.<\/p>\n<p>El objetivo central es trabajar en la formaci\u00f3n de los DDHH buscando profundizar su cumplimento con proyectos de intervenci\u00f3n junto a la comunidad. Capacitar, formar, investigar, difundir e instalar una mirada sobre los Derechos Humanos<br \/>\narticulada con diversas instituciones gubernamentales, no gubernamentales, sociales, comerciales, p\u00fablicas, privadas, no universitarias, y otras que cuenten con los objetivos sociales antes desarrollados.<\/p>\n<h5><strong>C\u00e1tedra de Historia Argentina y Latinoamericana<\/strong>:<\/h5>\n<p>Proyecto de formaci\u00f3n en historia Argentina y latinoamericana.\u00a0 Espacio de discusi\u00f3n, producciones escritas, producci\u00f3n audiovisual, seminarios, charlas y conferencias. Para m\u00e1s informaci\u00f3n escribinos.<\/p>\n<h5><strong>Cursos, seminarios, diplomaturas<\/strong>:<\/h5>\n<p>Escribinos por mail para tener informaci\u00f3n sobre la oferta actualizada.<\/p>\n<h5><strong>Sociales te acompa\u00f1a:<\/strong><\/h5>\n<p>Invitamos a las escuelas secundarias del Conurbano Bonaerense a participar del programa <strong>\u201cSociales Te acompa\u00f1a<\/strong>\u201d. A trav\u00e9s de este proyecto\u00a0 los grupos del \u00faltimo a\u00f1o del Colegio secundario, del programa Fines II y la escuela de adultos, pueden inscribirse para desarrollar actividades en la escuela y en la Universidad de manera tal que podamos acercar la Facultad a la escuela y la escuela a la Facultad. El programa consiste en una serie de talleres y actividades que se encuentran a disposici\u00f3n para que los docentes puedan implementar algunas pr\u00e1cticas que les permitan a los alumnos tener un fuerte acercamiento a la Universidad antes de finalizar la Escuela Secundaria.<\/p>\n<h5><strong>Asesoramiento<\/strong>:<\/h5>\n<p>Para \u201c<u>instituciones sin fines de lucro\u201d<\/u> por Tr\u00e1mites de Personer\u00edas Jur\u00eddicas, entre otros.<\/p>\n<h5><strong>Programa Fines II<\/strong>:<\/h5>\n<p>Finalizaci\u00f3n de estudios secundarios.<br \/>\nRequisitos: Ser mayor de 18 a\u00f1os.<br \/>\n\u00b7\u00a0\u00a0\u00a0\u00a0\u00a0\u00a0\u00a0\u00a0 Fotocopia del DNI.<br \/>\n\u00b7\u00a0\u00a0\u00a0\u00a0\u00a0\u00a0\u00a0\u00a0 Fotocopia de la Partida de Nacimiento.<br \/>\n\u00b7\u00a0\u00a0\u00a0\u00a0\u00a0\u00a0\u00a0\u00a0 Constancia de CUIT.<br \/>\n\u00b7\u00a0\u00a0\u00a0\u00a0\u00a0\u00a0\u00a0\u00a0 Constancia de Materias Aprobadas o Anal\u00edtico.<br \/>\nHorario de 8:00 hs. a 12:00 hs<\/p>\n<p>&nbsp;<\/p>\n<h5><strong>+ Propuestas<\/strong>:<\/h5>\n<p>Desde la Secretar\u00eda de extensi\u00f3n nos interesa conocer tus ideas, iniciativas y proyectos. Por eso te pedimos que nos escribas y nos cuentes para lograr motorizar juntos.<br \/>\nArma tu propio proyecto:<br \/>\nAlgunos ejes:<br \/>\n\u25ba Vincular la Facultad con la comunidad.<br \/>\n\u25baFomentar la inclusi\u00f3n de estudiantes, graduados y docentes.<br \/>\n\u25baPromover iniciativas en pos del desarrollo cultural, social, educativo y productivo.<br \/>\n\u25baAbordar problemas presentes en la comunidad y ofrecer soluciones desde la implementaci\u00f3n de un proyecto.<\/p>\n<p><a href=\"http:\/\/www.sociales.unlz.edu.ar\/wp-content\/uploads\/2019\/03\/Formulario-Lomas-XT.doc\">Descarga el formulario aqu\u00ed<\/a><\/p>\n<\/div>\n<\/div>\n<h5>Contacto:<\/h5>\n<h6>extension@sociales.unlz.edu.ar<\/h6>\n","protected":false},"excerpt":{"rendered":"<p>La Secretar\u00eda de Extensi\u00f3n tiene como objeto acercar la Facultad de Ciencias Sociales a la comunidad&#8230;<\/p>\n","protected":false},"author":5,"featured_media":9371,"parent":0,"menu_order":0,"comment_status":"closed","ping_status":"closed","template":"","meta":{"footnotes":""},"class_list":["post-4368","page","type-page","status-publish","has-post-thumbnail","hentry"],"_links":{"self":[{"href":"https:\/\/www.sociales.unlz.edu.ar\/index.php\/wp-json\/wp\/v2\/pages\/4368","targetHints":{"allow":["GET"]}}],"collection":[{"href":"https:\/\/www.sociales.unlz.edu.ar\/index.php\/wp-json\/wp\/v2\/pages"}],"about":[{"href":"https:\/\/www.sociales.unlz.edu.ar\/index.php\/wp-json\/wp\/v2\/types\/page"}],"author":[{"embeddable":true,"href":"https:\/\/www.sociales.unlz.edu.ar\/index.php\/wp-json\/wp\/v2\/users\/5"}],"replies":[{"embeddable":true,"href":"https:\/\/www.sociales.unlz.edu.ar\/index.php\/wp-json\/wp\/v2\/comments?post=4368"}],"version-history":[{"count":16,"href":"https:\/\/www.sociales.unlz.edu.ar\/index.php\/wp-json\/wp\/v2\/pages\/4368\/revisions"}],"predecessor-version":[{"id":18815,"href":"https:\/\/www.sociales.unlz.edu.ar\/index.php\/wp-json\/wp\/v2\/pages\/4368\/revisions\/18815"}],"wp:featuredmedia":[{"embeddable":true,"href":"https:\/\/www.sociales.unlz.edu.ar\/index.php\/wp-json\/wp\/v2\/media\/9371"}],"wp:attachment":[{"href":"https:\/\/www.sociales.unlz.edu.ar\/index.php\/wp-json\/wp\/v2\/media?parent=4368"}],"curies":[{"name":"wp","href":"https:\/\/api.w.org\/{rel}","templated":true}]}}