{"id":4364,"date":"2018-10-26T10:23:54","date_gmt":"2018-10-26T13:23:54","guid":{"rendered":"http:\/\/10.0.1.20\/?page_id=4364"},"modified":"2024-03-19T11:19:21","modified_gmt":"2024-03-19T14:19:21","slug":"secretaria-academica","status":"publish","type":"page","link":"https:\/\/www.sociales.unlz.edu.ar\/index.php\/secretaria-academica\/","title":{"rendered":"Secretar\u00eda Acad\u00e9mica"},"content":{"rendered":"<p>[vc_row][vc_column][vc_tta_accordion][vc_tta_section title=&#8221;Secretar\u00eda Acad\u00e9mica&#8221; tab_id=&#8221;1710857776159-8d350804-a69c&#8221;][vc_column_text]<\/p>\n<h5>La Secretar\u00eda Acad\u00e9mica tiene como objetivo planificar, coordinar, supervisar,\u00a0\u00a0gestionar y evaluar las actividades acad\u00e9micas de grado.<\/h5>\n<p>[\/vc_column_text][\/vc_tta_section][vc_tta_section title=&#8221;Prop\u00f3sitos&#8221; tab_id=&#8221;1710857643808-7eca9719-e77d&#8221;][vc_column_text]<\/p>\n<h5>* Propiciar el mejoramiento acad\u00e9mico de la formaci\u00f3n de grado que brinda la Facultad.<\/h5>\n<h5>* Fortalecer la labor docente a trav\u00e9s de la asistencia t\u00e9cnica permanente de los equipos de c\u00e1tedra.<\/h5>\n<h5>* Promover la evaluaci\u00f3n acad\u00e9mica permanente.<\/h5>\n<h5>* Contribuir en el fortalecimiento de la actividad administrativa de la Facultad.<\/h5>\n<h5>* Fortalecer los mecanismos de gesti\u00f3n y organizaci\u00f3n institucional a trav\u00e9s de la revisi\u00f3n, actualizaci\u00f3n y evaluaci\u00f3n de los procesos.<\/h5>\n<h5>* Articular la formaci\u00f3n de grado con la investigaci\u00f3n, la extensi\u00f3n y el posgrado.<\/h5>\n<p>[\/vc_column_text][\/vc_tta_section][vc_tta_section title=&#8221;Acciones&#8221; tab_id=&#8221;1710857643817-85465d5d-755b&#8221;][vc_column_text]<\/p>\n<h5>* Coordinar las actividades acad\u00e9micas y administrativas en todo lo relacionado a la formaci\u00f3n de los estudiantes desde su ingreso hasta el egreso.<\/h5>\n<h5>* Supervisar el funcionamiento de las carreras de grado.<\/h5>\n<h5>* Entender en lo relativo a la formaci\u00f3n y actualizaci\u00f3n del personal docente.<\/h5>\n<h5>* Proponer normas que faciliten el ordenamiento acad\u00e9mico \u2013 administrativo.<\/h5>\n<h5>* Proyectar e implementar mecanismos de ingreso a las diferentes carreras de la facultad.<\/h5>\n<h5>* Elaborar anualmente la propuesta de calendario acad\u00e9mico y supervisar su cumplimiento.<\/h5>\n<h5>* Planificar y organizar la apertura cuatrimestral de materias y ex\u00e1menes finales.<\/h5>\n<h5>* Intervenir en todo lo concerniente al funcionamiento de la Sala de Profesores y el \u00c1rea de Alumnos.<\/h5>\n<h5>* Gestionar y supervisar los tr\u00e1mites iniciados por los alumnos.<\/h5>\n<h5>* Entender en todo lo concerniente a los datos que son ingresados al SIU \u2013 Guaran\u00ed.<\/h5>\n<h5>* Entender en todo lo relativo a la entrega de t\u00edtulos y colaciones.<\/h5>\n<p>[\/vc_column_text][\/vc_tta_section][\/vc_tta_accordion][\/vc_column][\/vc_row]<\/p>\n","protected":false},"excerpt":{"rendered":"<p>[vc_row][vc_column][vc_tta_accordion][vc_tta_section title=&#8221;Secretar\u00eda Acad\u00e9mica&#8221; tab_id=&#8221;1710857776159-8d350804-a69c&#8221;][vc_column_text] La Secretar\u00eda Acad\u00e9mica tiene como objetivo planificar, coordinar, supervisar,\u00a0\u00a0gestionar y evaluar las&#8230;<\/p>\n","protected":false},"author":5,"featured_media":9371,"parent":0,"menu_order":0,"comment_status":"closed","ping_status":"closed","template":"","meta":{"footnotes":""},"class_list":["post-4364","page","type-page","status-publish","has-post-thumbnail","hentry"],"_links":{"self":[{"href":"https:\/\/www.sociales.unlz.edu.ar\/index.php\/wp-json\/wp\/v2\/pages\/4364","targetHints":{"allow":["GET"]}}],"collection":[{"href":"https:\/\/www.sociales.unlz.edu.ar\/index.php\/wp-json\/wp\/v2\/pages"}],"about":[{"href":"https:\/\/www.sociales.unlz.edu.ar\/index.php\/wp-json\/wp\/v2\/types\/page"}],"author":[{"embeddable":true,"href":"https:\/\/www.sociales.unlz.edu.ar\/index.php\/wp-json\/wp\/v2\/users\/5"}],"replies":[{"embeddable":true,"href":"https:\/\/www.sociales.unlz.edu.ar\/index.php\/wp-json\/wp\/v2\/comments?post=4364"}],"version-history":[{"count":8,"href":"https:\/\/www.sociales.unlz.edu.ar\/index.php\/wp-json\/wp\/v2\/pages\/4364\/revisions"}],"predecessor-version":[{"id":21297,"href":"https:\/\/www.sociales.unlz.edu.ar\/index.php\/wp-json\/wp\/v2\/pages\/4364\/revisions\/21297"}],"wp:featuredmedia":[{"embeddable":true,"href":"https:\/\/www.sociales.unlz.edu.ar\/index.php\/wp-json\/wp\/v2\/media\/9371"}],"wp:attachment":[{"href":"https:\/\/www.sociales.unlz.edu.ar\/index.php\/wp-json\/wp\/v2\/media?parent=4364"}],"curies":[{"name":"wp","href":"https:\/\/api.w.org\/{rel}","templated":true}]}}