{"id":4350,"date":"2018-10-26T09:28:22","date_gmt":"2018-10-26T12:28:22","guid":{"rendered":"http:\/\/10.0.1.20\/?page_id=4350"},"modified":"2022-04-27T10:39:06","modified_gmt":"2022-04-27T13:39:06","slug":"publicidad","status":"publish","type":"page","link":"https:\/\/www.sociales.unlz.edu.ar\/index.php\/publicidad\/","title":{"rendered":"Publicidad"},"content":{"rendered":"<p>[vc_row css=&#8221;.vc_custom_1651063536451{background-color: #f2f2f2 !important;}&#8221;][vc_column][vc_column_text]<\/p>\n<h4 class=\"p1\"><b>PERFIL<span class=\"Apple-converted-space\">\u00a0 <\/span>DEL T\u00c9CNICO\/A EN PUBLICIDAD<\/b><\/h4>\n<p>[\/vc_column_text][vc_column_text]<\/p>\n<h5 class=\"p1\">El T\u00e9cnico Universitario en Publicidad de la Universidad Nacional de Lomas de Zamora, es un graduado universitario con s\u00f3lida formaci\u00f3n te\u00f3rica y t\u00e9cnica en el campo de las comunicaciones, humanas e institucionales, que puede participar en los procesos de construcci\u00f3n de imagen y en la optimizaci\u00f3n de los recursos publicitarios en \u00e1mbitos p\u00fablicos y privados.<\/h5>\n<h5 class=\"p1\">Est\u00e1 capacitado para colaborar en \u00e1reas gerenciales de empresas, instituciones o en divisiones especializadas de agencias de publicidad y para participar en su gesti\u00f3n publicitaria.<span class=\"Apple-converted-space\">\u00a0<\/span><\/h5>\n<h5 class=\"p1\">Puede asistir en la gesti\u00f3n de los Departamentos de comercializaci\u00f3n de la empresa; colaborando en la definici\u00f3n y construcci\u00f3n de su identidad a trav\u00e9s de recursos visuales, comunicacionales y culturales.<\/h5>\n<h5 class=\"p1\">Posee formaci\u00f3n t\u00e9cnica para dise\u00f1ar e implementar estrategias de intervenci\u00f3n que permitan diagnosticar, analizar y gestionar el complejo comunicacional en distintas organizaciones.<\/h5>\n<h5 class=\"p1\">Posee capacidad para desempe\u00f1arse profesionalmente colaborando en la resoluci\u00f3n de situaciones de comunicaci\u00f3n publicitaria, asistiendo en el proceso de gesti\u00f3n de la identidad y la imagen de una organizaci\u00f3n, definiendo estrategias y dise\u00f1ando campa\u00f1as publicitarias.<\/h5>\n<p>[\/vc_column_text][\/vc_column][\/vc_row][vc_row css=&#8221;.vc_custom_1651063721957{background-color: #e0e0e0 !important;}&#8221;][vc_column][vc_column_text]<\/p>\n<h4 class=\"p1\"><b>ALCANCES PROFESIONALES DEL T\u00c9CNICO\/A EN PUBLICIDAD<\/b><\/h4>\n<p>[\/vc_column_text][vc_column_text]<\/p>\n<h5>\u2022 Colaborar en el diagn\u00f3stico, planeamiento, implementaci\u00f3n y evaluaci\u00f3n de acciones tendientes a optimizar la comunicaci\u00f3n publicitaria de organizaciones gubernamentales y no gubernamentales, p\u00fablicas y privadas.<\/h5>\n<h5>\u2022 Colaborar en la planificaci\u00f3n, implementaci\u00f3n y evaluaci\u00f3n de campa\u00f1as de publicidad en relaci\u00f3n con la comunicaci\u00f3n de personas e instituciones.<\/h5>\n<h5>\u2022 Participar en equipos t\u00e9cnicos de agencias publicitarias y departamentos dependientes de empresas y organizaciones.<\/h5>\n<h5>\u2022 Planificar, implementar y evaluar todo tipo de campa\u00f1a publicitaria respecto de la imagen institucional y de opini\u00f3n p\u00fablica.<\/h5>\n<h5>\u2022 Gestionar, seleccionar y formular los mensajes y medios de comunicaci\u00f3n a utilizar, de acuerdo con las demandas institucionales y comunicacionales en el \u00e1mbito de la organizaci\u00f3n.<\/h5>\n<h5>\u2022 Participar en equipos de investigaci\u00f3n y auditor\u00edas sobre imagen y opini\u00f3n p\u00fablica referentes a personas o a instituciones.<\/h5>\n<h5>\u2022 Participar en la planificaci\u00f3n de proyectos y programas sobre pol\u00edticas de comunicaci\u00f3n publicitaria, de la imagen institucional de personas y organizaciones.<\/h5>\n<p>[\/vc_column_text][\/vc_column][\/vc_row][vc_row css=&#8221;.vc_custom_1651066568223{background-color: #ededed !important;}&#8221;][vc_column][vc_column_text]<\/p>\n<h4 class=\"p2\"><b>PERFIL DEL LICENCIADO\/A EN PUBLICIDAD<\/b><\/h4>\n<p>[\/vc_column_text][vc_column_text]<\/p>\n<h5 class=\"p1\">El Licenciado en Publicidad es un profesional que tiene los conocimientos y capacidades que se detallan a continuaci\u00f3n.<span class=\"Apple-converted-space\">\u00a0<\/span><\/h5>\n<h5 class=\"p1\">Posee conocimientos que le permiten colaborar en diferentes niveles de las organizaciones, participar y aportar elementos te\u00f3ricos y t\u00e9cnicos, en el marco de los objetivos generales de la comunicaci\u00f3n institucional.<\/h5>\n<h5 class=\"p1\">Comprender los fundamentos psicol\u00f3gicos y sociales en que se encuentran basadas las relaciones interhumanas para realizar una tarea de integraci\u00f3n \u00f3ptima.<\/h5>\n<h5 class=\"p1\">Comprender las bases cient\u00edficas de la organizaci\u00f3n humana considerando las aspiraciones, motivaciones, sentimientos y dem\u00e1s factores que constituyen la esencia de la persona humana.<\/h5>\n<h5 class=\"p1\">Programar, implementar, evaluar y auditar campa\u00f1as publicitarias de todo tipo de instituciones.<\/h5>\n<h5 class=\"p1\">Asesorar a los poderes p\u00fablicos en lo referido a legislaci\u00f3n y reglamentaci\u00f3n <span class=\"Apple-converted-space\">\u00a0 <\/span>de actividades en el \u00e1mbito publicitario y de la comunicaci\u00f3n.<\/h5>\n<h5 class=\"p1\">Es capaz de comprender los actuales escenarios econ\u00f3mico, social, pol\u00edtico y cultural, a nivel nacional y local, con el prop\u00f3sito de orientar adecuadamente<span class=\"Apple-converted-space\">\u00a0 <\/span>la aplicaci\u00f3n de procesos de Innovaci\u00f3n publicitaria.<\/h5>\n<h5 class=\"p1\">Posee una actitud abierta, cr\u00edtica y reflexiva respecto de la convivencia democr\u00e1tica, el respeto por la diversidad, el desarrollo y la justicia social, que converge en la comprensi\u00f3n de la realidad social como una compleja construcci\u00f3n a partir de lo cual se considera los procesos comunicacionales<span class=\"Apple-converted-space\">\u00a0<\/span><\/h5>\n<p>[\/vc_column_text][\/vc_column][\/vc_row][vc_row css=&#8221;.vc_custom_1651066675513{background-color: #e2e2e2 !important;}&#8221;][vc_column][vc_column_text]<\/p>\n<h4 class=\"p1\"><b><span class=\"Apple-converted-space\">\u00a0<\/span>ALCANCES PROFESIONALES DEL LICENCIADO\/A EN PUBLICIDAD<\/b><\/h4>\n<p>[\/vc_column_text][vc_column_text]<\/p>\n<h5>\u2022 Estructurar, proyectar y evaluar la imagen institucional de personas y de organizaciones de existencia real o ideal.<\/h5>\n<h5>\u2022 Planificar, organizar y ejecutar estrategias publicitarias.<span class=\"Apple-converted-space\">\u00a0<\/span><\/h5>\n<h5>\u2022 Administrar y gerenciar agencias y departamentos de publicidad.<span class=\"Apple-converted-space\">\u00a0<\/span><\/h5>\n<h5>\u2022 Programar, implementar y evaluar campa\u00f1as publicitarias en relaci\u00f3n con la comunicaci\u00f3n de la imagen institucional de personas y organizaciones p\u00fablicas y privadas.<\/h5>\n<h5>\u2022 Asesorar sobre pol\u00edticas de comunicaci\u00f3n publicitaria, de la imagen institucional de personas, de organizaciones y empresas.<\/h5>\n<h5>\u2022 Realizar estudios e investigaciones referidos a la relaci\u00f3n entre la Organizaci\u00f3n y sus p\u00fablicos y la imagen institucional de personas y organizaciones p\u00fablicas o privadas.<\/h5>\n<h5>\u2022 Realizar estudios e investigaciones acerca de la estructuraci\u00f3n y evoluci\u00f3n de la opini\u00f3n p\u00fablica en general y de los p\u00fablicos en particular en relaci\u00f3n con la imagen institucional de personas y organizaciones.<\/h5>\n<h5>\u2022 Dise\u00f1ar, participar y evaluar investigaciones de mercado y publicidad.<\/h5>\n<p>[\/vc_column_text]<div class=\"\"><a  id=\"btn-69f0ebed9ab2e\" class=\"btn btn-rounded  ti-pencil  btn-sm-sm\" href= \"http:\/\/www.sociales.unlz.edu.ar\/wp-content\/uploads\/2018\/10\/LicPublicidad.pdf\" target=\"_self\" >Plan de Estudios<\/a><\/div>[\/vc_column][\/vc_row]<\/p>\n","protected":false},"excerpt":{"rendered":"<p>[vc_row css=&#8221;.vc_custom_1651063536451{background-color: #f2f2f2 !important;}&#8221;][vc_column][vc_column_text] PERFIL\u00a0 DEL T\u00c9CNICO\/A EN PUBLICIDAD [\/vc_column_text][vc_column_text] El T\u00e9cnico Universitario en Publicidad de&#8230;<\/p>\n","protected":false},"author":8,"featured_media":5197,"parent":0,"menu_order":0,"comment_status":"closed","ping_status":"closed","template":"","meta":{"footnotes":""},"class_list":["post-4350","page","type-page","status-publish","has-post-thumbnail","hentry"],"_links":{"self":[{"href":"https:\/\/www.sociales.unlz.edu.ar\/index.php\/wp-json\/wp\/v2\/pages\/4350","targetHints":{"allow":["GET"]}}],"collection":[{"href":"https:\/\/www.sociales.unlz.edu.ar\/index.php\/wp-json\/wp\/v2\/pages"}],"about":[{"href":"https:\/\/www.sociales.unlz.edu.ar\/index.php\/wp-json\/wp\/v2\/types\/page"}],"author":[{"embeddable":true,"href":"https:\/\/www.sociales.unlz.edu.ar\/index.php\/wp-json\/wp\/v2\/users\/8"}],"replies":[{"embeddable":true,"href":"https:\/\/www.sociales.unlz.edu.ar\/index.php\/wp-json\/wp\/v2\/comments?post=4350"}],"version-history":[{"count":16,"href":"https:\/\/www.sociales.unlz.edu.ar\/index.php\/wp-json\/wp\/v2\/pages\/4350\/revisions"}],"predecessor-version":[{"id":4416,"href":"https:\/\/www.sociales.unlz.edu.ar\/index.php\/wp-json\/wp\/v2\/pages\/4350\/revisions\/4416"}],"wp:featuredmedia":[{"embeddable":true,"href":"https:\/\/www.sociales.unlz.edu.ar\/index.php\/wp-json\/wp\/v2\/media\/5197"}],"wp:attachment":[{"href":"https:\/\/www.sociales.unlz.edu.ar\/index.php\/wp-json\/wp\/v2\/media?parent=4350"}],"curies":[{"name":"wp","href":"https:\/\/api.w.org\/{rel}","templated":true}]}}