{"id":25529,"date":"2026-03-27T11:15:03","date_gmt":"2026-03-27T14:15:03","guid":{"rendered":"https:\/\/www.sociales.unlz.edu.ar\/?page_id=25529"},"modified":"2026-03-27T11:15:03","modified_gmt":"2026-03-27T14:15:03","slug":"aulas-lunes-ingreso-2026","status":"publish","type":"page","link":"https:\/\/www.sociales.unlz.edu.ar\/index.php\/aulas-lunes-ingreso-2026\/","title":{"rendered":"AULAS LUNES | INGRESO 2026"},"content":{"rendered":"<p><strong>MATERIAS DE PRIMER A\u00d1O <\/strong><\/p>\n<p><u>LUNES<\/u>: <strong><em>INTRODUCCI\u00d3N A LA SOCIOLOG\u00cdA <\/em><\/strong><\/p>\n<p><strong>CIENCIAS DE LA EDUCACI\u00d3N\u00a0\u00a0\u00a0 <\/strong>No ingresantes<\/p>\n<table width=\"610\">\n<thead>\n<tr>\n<td width=\"99\"><strong>MATERIA<\/strong><\/td>\n<td width=\"57\"><strong>D\u00cdA<\/strong><\/td>\n<td width=\"104\"><strong>TURNO<\/strong><\/td>\n<td width=\"161\"><strong>HORARIO<\/strong><\/td>\n<td width=\"189\"><strong>AULAS<\/strong><\/td>\n<\/tr>\n<tr>\n<td rowspan=\"6\" width=\"99\"><strong><em>\u00a0<\/em><\/strong><\/p>\n<p><strong><em>INTRODUCCI\u00d3N A LA SOCIOLOG\u00cdA<\/em><\/strong><\/td>\n<td rowspan=\"6\" width=\"57\">LUNES<\/td>\n<td rowspan=\"2\" width=\"104\">&nbsp;<\/p>\n<p>MA\u00d1ANA<\/td>\n<td width=\"161\">Te\u00f3rico 10 a 12 hs<\/td>\n<td width=\"189\">Aula &#8211; C<\/td>\n<\/tr>\n<tr>\n<td width=\"161\">Pr\u00e1ctico 8 a 10\u00a0 hs.<\/td>\n<td width=\"189\">Aula -104<\/td>\n<\/tr>\n<tr>\n<td rowspan=\"2\" width=\"104\">&nbsp;<\/p>\n<p>TARDE<\/td>\n<td width=\"161\">Te\u00f3rico 14 a 16 hs<\/td>\n<td width=\"189\">Aula &#8211; C<\/td>\n<\/tr>\n<tr>\n<td width=\"161\">Pr\u00e1ctico 16 a 18 hs<\/td>\n<td width=\"189\">Aula \u2013 104<\/p>\n<p>&nbsp;<\/td>\n<\/tr>\n<tr>\n<td rowspan=\"2\" width=\"104\">&nbsp;<\/p>\n<p>NOCHE<\/td>\n<td width=\"161\">Te\u00f3rico 20 a 22 hs<\/td>\n<td width=\"189\">Aula &#8211; C<\/td>\n<\/tr>\n<tr>\n<td width=\"161\">Pr\u00e1ctico 18 a 20 hs<\/td>\n<td width=\"189\">Aula \u2013 13<\/td>\n<\/tr>\n<\/thead>\n<\/table>\n<p>&nbsp;<\/p>\n<p><strong>Licenciatura y Profesorado en COMUNICACI\u00d3N SOCIAL\u00a0\u00a0\u00a0\u00a0 <\/strong>No ingresantes<\/p>\n<p><u>\u00a0<\/u><\/p>\n<table width=\"610\">\n<thead>\n<tr>\n<td width=\"104\"><strong>MATERIA<\/strong><\/td>\n<td width=\"57\"><strong>D\u00cdA<\/strong><\/td>\n<td width=\"104\"><strong>TURNO<\/strong><\/td>\n<td width=\"180\"><strong>HORARIO<\/strong><\/td>\n<td width=\"165\"><strong>AULAS<\/strong><\/td>\n<\/tr>\n<tr>\n<td rowspan=\"6\" width=\"104\"><strong><em>\u00a0<\/em><\/strong><\/p>\n<p><strong><em>INTRODUCCI\u00d3N A LA SOCIOLOG\u00cdA<\/em><\/strong><\/td>\n<td rowspan=\"6\" width=\"57\">LUNES<\/td>\n<td rowspan=\"2\" width=\"104\">&nbsp;<\/p>\n<p>MA\u00d1ANA<\/td>\n<td width=\"180\">Te\u00f3rico\u00a0 10 a 12\u00a0 hs.<\/p>\n<p>&nbsp;<\/td>\n<td width=\"165\">Aula \u2013 C<\/p>\n<p>&nbsp;<\/td>\n<\/tr>\n<tr>\n<td width=\"180\">Pr\u00e1ctico 8 a 10 hs.<\/td>\n<td width=\"165\">Aula &#8211; 104<\/td>\n<\/tr>\n<tr>\n<td rowspan=\"2\" width=\"104\">&nbsp;<\/p>\n<p>TARDE<\/td>\n<td width=\"180\">Te\u00f3rico 14 a 16 hs.<\/td>\n<td width=\"165\">Aula &#8211; C<\/td>\n<\/tr>\n<tr>\n<td width=\"180\">Pr\u00e1ctico 16 a 18 hs.<\/td>\n<td width=\"165\">Aula \u2013 104<\/td>\n<\/tr>\n<tr>\n<td rowspan=\"2\" width=\"104\">&nbsp;<\/p>\n<p>NOCHE<\/td>\n<td width=\"180\">Te\u00f3rico 18 a 20hs.<\/td>\n<td width=\"165\">Aula &#8211; C<\/td>\n<\/tr>\n<tr>\n<td width=\"180\">Pr\u00e1ctico 20 a 22hs.<\/td>\n<td width=\"165\">Aula &#8211; 108<\/td>\n<\/tr>\n<\/thead>\n<\/table>\n<p>&nbsp;<\/p>\n<p>&nbsp;<\/p>\n<p><strong>Licenciatura\u00a0 y Profesorado\u00a0 en\u00a0\u00a0 LETRAS\u00a0\u00a0\u00a0 <\/strong>Ingresantes 2026\u00a0 y no ingresantes<\/p>\n<p>&nbsp;<\/p>\n<table width=\"614\">\n<thead>\n<tr>\n<td width=\"104\"><strong>MATERIA<\/strong><\/td>\n<td width=\"66\"><strong>D\u00cdA<\/strong><\/td>\n<td width=\"113\"><strong>TURNO<\/strong><\/td>\n<td width=\"189\"><strong>HORARIO<\/strong><\/td>\n<td width=\"142\"><strong>AULAS<\/strong><\/td>\n<\/tr>\n<tr>\n<td rowspan=\"6\" width=\"104\"><strong><em>\u00a0<\/em><\/strong><\/p>\n<p><strong><em>INTRODUCCI\u00d3N A LA SOCIOLOG\u00cdA<\/em><\/strong><\/td>\n<td rowspan=\"6\" width=\"66\">&nbsp;<\/p>\n<p>LUNES<\/td>\n<td rowspan=\"2\" width=\"113\">&nbsp;<\/p>\n<p>MA\u00d1ANA<\/td>\n<td width=\"189\">Te\u00f3rico 8 a 10\u00a0 hs<\/td>\n<td width=\"142\">Aula &#8211; C<\/td>\n<\/tr>\n<tr>\n<td width=\"189\">Pr\u00e1ctico 10 a 12 hs.<\/td>\n<td width=\"142\">Aula \u2013 103<\/td>\n<\/tr>\n<tr>\n<td rowspan=\"2\" width=\"113\">&nbsp;<\/p>\n<p>TARDE<\/td>\n<td width=\"189\">Te\u00f3rico 14 a 16 hs.<\/td>\n<td width=\"142\">Aula &#8211; C<\/td>\n<\/tr>\n<tr>\n<td width=\"189\">Pr\u00e1ctico 16 a 18 hs.<\/td>\n<td width=\"142\">Aula \u2013 104<\/td>\n<\/tr>\n<tr>\n<td rowspan=\"2\" width=\"113\">NOCHE<\/td>\n<td width=\"189\">Te\u00f3rico 18 a 20 hs.<\/td>\n<td width=\"142\">Aula &#8211; C<\/td>\n<\/tr>\n<tr>\n<td width=\"189\">Pr\u00e1ctico\u00a0 20 a 22 hs.<\/td>\n<td width=\"142\">Aula &#8211; 108<\/td>\n<\/tr>\n<\/thead>\n<\/table>\n<p>&nbsp;<\/p>\n<p>&nbsp;<\/p>\n<p><strong>MINORIDAD Y FAMILIA\u00a0\u00a0\u00a0\u00a0\u00a0 <\/strong>Ingresantes 2026 y no ingresantes<\/p>\n<p>&nbsp;<\/p>\n<table width=\"614\">\n<thead>\n<tr>\n<td width=\"104\"><strong>MATERIA<\/strong><\/td>\n<td width=\"66\"><strong>D\u00cdA<\/strong><\/td>\n<td width=\"113\"><strong>MATERIA<\/strong><\/td>\n<td width=\"189\"><strong>HORARIO<\/strong><\/td>\n<td width=\"142\"><strong>AULAS<\/strong><\/td>\n<\/tr>\n<tr>\n<td rowspan=\"6\" width=\"104\"><strong><em>\u00a0<\/em><\/strong><\/p>\n<p><strong><em>INTRODUCCI\u00d3N A LA SOCIOLOG\u00cdA<\/em><\/strong><\/td>\n<td rowspan=\"6\" width=\"66\">&nbsp;<\/p>\n<p>LUNES<\/td>\n<td rowspan=\"2\" width=\"113\">&nbsp;<\/p>\n<p>MA\u00d1ANA<\/td>\n<td width=\"189\">Te\u00f3rico 8 a 10\u00a0 hs<\/td>\n<td width=\"142\">Aula &#8211; C<\/td>\n<\/tr>\n<tr>\n<td width=\"189\">Pr\u00e1ctico 10 a 12 hs.<\/td>\n<td width=\"142\">Aula \u2013 104<\/td>\n<\/tr>\n<tr>\n<td rowspan=\"2\" width=\"113\">&nbsp;<\/p>\n<p>TARDE<\/td>\n<td width=\"189\">Te\u00f3rico 14 a 16 hs.<\/td>\n<td width=\"142\">Aula &#8211; C<\/td>\n<\/tr>\n<tr>\n<td width=\"189\">Pr\u00e1ctico 16 a 18 hs.<\/td>\n<td width=\"142\">Aula \u2013 108<\/td>\n<\/tr>\n<tr>\n<td rowspan=\"2\" width=\"113\">&nbsp;<\/p>\n<p>NOCHE<\/td>\n<td width=\"189\">Pr\u00e1ctico\u00a0 18 a 20 hs.<\/td>\n<td width=\"142\">Aula &#8211; 103<\/td>\n<\/tr>\n<tr>\n<td width=\"189\">Te\u00f3rico 20 a 22 hs.<\/td>\n<td width=\"142\">Aula \u2013 C<\/td>\n<\/tr>\n<\/thead>\n<\/table>\n<p>&nbsp;<\/p>\n<p>&nbsp;<\/p>\n<p><strong>PERIODISMO<\/strong>\u00a0\u00a0\u00a0 No ingresantes<\/p>\n<p>&nbsp;<\/p>\n<table width=\"614\">\n<thead>\n<tr>\n<td width=\"104\"><strong>MATERIA<\/strong><\/td>\n<td width=\"66\"><strong>D\u00cdA<\/strong><\/td>\n<td width=\"113\"><strong>TURNO<\/strong><\/td>\n<td width=\"189\"><strong>HORARIO<\/strong><\/td>\n<td width=\"142\"><strong>AULAS<\/strong><\/td>\n<\/tr>\n<tr>\n<td rowspan=\"6\" width=\"104\"><strong><em>\u00a0<\/em><\/strong><\/p>\n<p><strong><em>INTRODUCCI\u00d3N A LA SOCIOLOG\u00cdA<\/em><\/strong><\/td>\n<td rowspan=\"6\" width=\"66\">&nbsp;<\/p>\n<p>LUNES<\/td>\n<td rowspan=\"2\" width=\"113\">&nbsp;<\/p>\n<p>&nbsp;<\/p>\n<p>MA\u00d1ANA<\/td>\n<td width=\"189\">Te\u00f3rico 8 a 10\u00a0 hs.<\/td>\n<td width=\"142\">Aula &#8211; C<\/td>\n<\/tr>\n<tr>\n<td width=\"189\">Pr\u00e1ctico 10 a 12 hs.<\/td>\n<td width=\"142\">Aula \u2013 103<\/td>\n<\/tr>\n<tr>\n<td rowspan=\"2\" width=\"113\">&nbsp;<\/p>\n<p>&nbsp;<\/p>\n<p>TARDE<\/td>\n<td width=\"189\">Te\u00f3rico 14 a 16 hs.<\/td>\n<td width=\"142\">Aula &#8211; C<\/td>\n<\/tr>\n<tr>\n<td width=\"189\">Pr\u00e1ctico 16 a 18 hs.<\/td>\n<td width=\"142\">Aula \u2013 104<\/td>\n<\/tr>\n<tr>\n<td rowspan=\"2\" width=\"113\">&nbsp;<\/p>\n<p>NOCHE<\/td>\n<td width=\"189\">Te\u00f3rico 18 a 20 hs.<\/td>\n<td width=\"142\">Aula &#8211; C<\/td>\n<\/tr>\n<tr>\n<td width=\"189\">Pr\u00e1ctico 20 a 22 hs.<\/td>\n<td width=\"142\">Aula &#8211; 108<\/td>\n<\/tr>\n<\/thead>\n<\/table>\n<p><strong>\u00a0<\/strong><\/p>\n<p><strong>\u00a0<\/strong><\/p>\n<p><strong>PUBLICIDAD\u00a0\u00a0\u00a0\u00a0 <\/strong>No ingresantes<\/p>\n<p><u>\u00a0<\/u><\/p>\n<table width=\"614\">\n<thead>\n<tr>\n<td width=\"95\"><strong>MATERIA<\/strong><\/td>\n<td width=\"76\"><strong>D\u00cdA<\/strong><\/td>\n<td width=\"113\"><strong>TURNO<\/strong><\/td>\n<td width=\"198\"><strong>HORARIO<\/strong><\/td>\n<td width=\"133\"><strong>AULAS<\/strong><\/td>\n<\/tr>\n<tr>\n<td rowspan=\"6\" width=\"95\"><strong><em>\u00a0<\/em><\/strong><\/p>\n<p><strong><em>INTRODUCCI\u00d3N A LA SOCIOLOG\u00cdA<\/em><\/strong><\/td>\n<td rowspan=\"6\" width=\"76\">&nbsp;<\/p>\n<p>LUNES<\/td>\n<td rowspan=\"2\" width=\"113\">&nbsp;<\/p>\n<p>MA\u00d1ANA<\/td>\n<td width=\"198\">Te\u00f3rico 8 A 10 hs<\/td>\n<td width=\"133\">Aula \u2013 C<\/p>\n<p>&nbsp;<\/td>\n<\/tr>\n<tr>\n<td width=\"198\">Pr\u00e1ctico 10 A 12 hs<\/td>\n<td width=\"133\">Aula 104<\/p>\n<p>&nbsp;<\/td>\n<\/tr>\n<tr>\n<td rowspan=\"2\" width=\"113\">&nbsp;<\/p>\n<p>TARDE<\/td>\n<td width=\"198\">Te\u00f3rico 14 a 16 hs.<\/td>\n<td width=\"133\">Aula &#8211; C<\/td>\n<\/tr>\n<tr>\n<td width=\"198\">Pr\u00e1ctico 16 a 18 hs.<\/td>\n<td width=\"133\">Aula \u2013 104<\/p>\n<p>&nbsp;<\/td>\n<\/tr>\n<tr>\n<td rowspan=\"2\" width=\"113\">&nbsp;<\/p>\n<p>NOCHE<\/td>\n<td width=\"198\">Te\u00f3rico 18 a 20 hs.<\/td>\n<td width=\"133\">&nbsp;<\/p>\n<p>Aula \u2013 C<\/td>\n<\/tr>\n<tr>\n<td width=\"198\">Pr\u00e1ctico 20 a 22 hs.<\/p>\n<p>&nbsp;<\/td>\n<td width=\"133\">Aula &#8211; 108<\/td>\n<\/tr>\n<\/thead>\n<\/table>\n<p><u>\u00a0<\/u><\/p>\n<p><u>\u00a0<\/u><\/p>\n<p><strong>\u00a0<\/strong><\/p>\n<p><strong>\u00a0<\/strong><\/p>\n<p><strong>Licenciatura en PSICOPEDAGOG\u00cdA <\/strong>Ingresantes 2026 y no ingresantes<\/p>\n<p><u>\u00a0<\/u><\/p>\n<table width=\"638\">\n<thead>\n<tr>\n<td width=\"90\"><strong>MATERIA<\/strong><\/td>\n<td width=\"57\"><strong>D\u00cdA<\/strong><\/td>\n<td width=\"94\"><strong>TURNO<\/strong><\/td>\n<td width=\"151\"><strong>HORARIO<\/strong><\/td>\n<td width=\"246\"><strong>AULAS<\/strong><\/td>\n<\/tr>\n<tr>\n<td rowspan=\"6\" width=\"90\"><strong><em>\u00a0<\/em><\/strong><\/p>\n<p><strong><em>INTRODUCCI\u00d3N A LA SOCIOLOG\u00cdA<\/em><\/strong><\/td>\n<td rowspan=\"6\" width=\"57\">&nbsp;<\/p>\n<p>LUNES<\/td>\n<td rowspan=\"2\" width=\"94\">&nbsp;<\/p>\n<p>&nbsp;<\/p>\n<p>&nbsp;<\/p>\n<p>MA\u00d1ANA<\/td>\n<td width=\"151\">Te\u00f3rico 10 a 12 hs.<\/td>\n<td width=\"246\">Aula \u2013 C<\/p>\n<p>&nbsp;<\/td>\n<\/tr>\n<tr>\n<td width=\"151\">&nbsp;<\/p>\n<p>Pr\u00e1ctico 8 a 10\u00a0 hs.<\/td>\n<td width=\"246\"><strong><em>Ingreso <\/em><\/strong><em>\u00a0:\u00a0 de <strong>A a G <\/strong><\/em>Aula &#8211; 102<\/p>\n<p>De <strong><em>H a Z<\/em><\/strong> Aula \u2013 103<\/p>\n<p><strong><em>NO INGRESANTES<\/em><\/strong>\u00a0\u00a0\u00a0\u00a0 Aula -104<\/p>\n<p>&nbsp;<\/td>\n<\/tr>\n<tr>\n<td rowspan=\"2\" width=\"94\">&nbsp;<\/p>\n<p>TARDE<\/td>\n<td width=\"151\">Te\u00f3rico 14 a 16 hs.<\/td>\n<td width=\"246\">Aula \u2013 C<\/td>\n<\/tr>\n<tr>\n<td width=\"151\">&nbsp;<\/p>\n<p>Pr\u00e1ctico 16 a 18 hs.<\/td>\n<td width=\"246\"><strong><em>Ingreso\u00a0 <\/em><\/strong>Aula \u2013 103<\/p>\n<p><strong><em>NO INGRESANTES<\/em><\/strong>\u00a0\u00a0\u00a0\u00a0\u00a0\u00a0 Aula -104<\/td>\n<\/tr>\n<tr>\n<td rowspan=\"2\" width=\"94\">&nbsp;<\/p>\n<p>&nbsp;<\/p>\n<p>NOCHE<\/td>\n<td width=\"151\">Te\u00f3rico 20 a 22 hs.<\/td>\n<td width=\"246\">Aula \u2013 C<\/td>\n<\/tr>\n<tr>\n<td width=\"151\">&nbsp;<\/p>\n<p>Pr\u00e1ctico 18 a 20 hs<\/td>\n<td width=\"246\"><strong><em>Ingreso\u00a0 <\/em><\/strong><em>: De <strong>A a L <\/strong><\/em>Aula &#8211; 108<\/p>\n<p>De <strong><em>M a Z<\/em><\/strong> Aula &#8211; 103<\/p>\n<p><strong><em>NO INGRESANTES<\/em><\/strong>\u00a0\u00a0\u00a0\u00a0 Aula -13<\/p>\n<p>&nbsp;<\/td>\n<\/tr>\n<\/thead>\n<\/table>\n<p>&nbsp;<\/p>\n<p><strong>\u00a0<\/strong><\/p>\n<p><strong>Profesorado en PSICOPEDAGOG\u00cdA\u00a0\u00a0 <\/strong>No ingresantes<\/p>\n<p><u>\u00a0<\/u><\/p>\n<table width=\"669\">\n<thead>\n<tr>\n<td width=\"127\"><strong>MATERIA<\/strong><\/td>\n<td width=\"62\"><strong>D\u00cdA<\/strong><\/td>\n<td width=\"127\"><strong>TURNO<\/strong><\/td>\n<td width=\"179\"><strong>HORARIO<\/strong><\/td>\n<td width=\"174\"><strong>AULAS<\/strong><\/td>\n<\/tr>\n<tr>\n<td rowspan=\"6\" width=\"127\"><strong><em>\u00a0<\/em><\/strong><\/p>\n<p><strong><em>INTRODUCCI\u00d3N A LA SOCIOLOG\u00cdA<\/em><\/strong><\/td>\n<td rowspan=\"6\" width=\"62\">&nbsp;<\/p>\n<p>LUNES<\/td>\n<td rowspan=\"2\" width=\"127\">&nbsp;<\/p>\n<p>MA\u00d1ANA<\/td>\n<td width=\"179\">Te\u00f3rico 10 a 12 hs.<\/td>\n<td width=\"174\">Aula \u2013 C<\/td>\n<\/tr>\n<tr>\n<td width=\"179\">Pr\u00e1ctico 8 a 10\u00a0 hs.<\/td>\n<td width=\"174\">Aula 104<\/p>\n<p>&nbsp;<\/td>\n<\/tr>\n<tr>\n<td rowspan=\"2\" width=\"127\">&nbsp;<\/p>\n<p>TARDE<\/td>\n<td width=\"179\">Te\u00f3rico 14 a 16 hs.<\/td>\n<td width=\"174\">Aula \u2013 C<\/td>\n<\/tr>\n<tr>\n<td width=\"179\">Pr\u00e1ctico 16 a 18 hs.<\/td>\n<td width=\"174\">Aula \u2013 103<\/p>\n<p>&nbsp;<\/td>\n<\/tr>\n<tr>\n<td rowspan=\"2\" width=\"127\">&nbsp;<\/p>\n<p>NOCHE<\/td>\n<td width=\"179\">Te\u00f3rico 20 a 22 hs.<\/td>\n<td width=\"174\">Aula &#8211; C<\/td>\n<\/tr>\n<tr>\n<td width=\"179\">Pr\u00e1ctico 18 a 20 hs<\/td>\n<td width=\"174\">Aula \u2013 13<\/p>\n<p>&nbsp;<\/td>\n<\/tr>\n<\/thead>\n<\/table>\n<p>&nbsp;<\/p>\n<p><strong>RELACIONES LABORALES\u00a0 <\/strong>Ingresantes 2026 y no ingresantes<\/p>\n<p><u>\u00a0<\/u><\/p>\n<table width=\"676\">\n<thead>\n<tr>\n<td width=\"90\"><strong>MATERIA<\/strong><\/td>\n<td width=\"38\"><strong>D\u00cdA<\/strong><\/td>\n<td width=\"76\"><strong>TURNO<\/strong><\/td>\n<td width=\"189\"><strong>HORARIO<\/strong><\/td>\n<td width=\"284\"><strong>AULAS<\/strong><\/td>\n<\/tr>\n<tr>\n<td rowspan=\"6\" width=\"90\"><strong><em>INTRODUCCI\u00d3N A LASOCIOLOG\u00cdA<\/em><\/strong><\/td>\n<td rowspan=\"6\" width=\"38\">LUNES<\/td>\n<td rowspan=\"2\" width=\"76\">&nbsp;<\/p>\n<p>MA\u00d1ANA<\/td>\n<td width=\"189\">Te\u00f3rico 10 A 12 hs<\/td>\n<td width=\"284\">Aula &#8211; C<\/td>\n<\/tr>\n<tr>\n<td width=\"189\">Pr\u00e1ctico 8 A 10 hs<\/td>\n<td width=\"284\">Aula -105<\/p>\n<p>&nbsp;<\/td>\n<\/tr>\n<tr>\n<td rowspan=\"2\" width=\"76\">&nbsp;<\/p>\n<p>TARDE<\/td>\n<td width=\"189\">Te\u00f3rico 14 a 16 hs.<\/td>\n<td width=\"284\">Aula &#8211; C<\/td>\n<\/tr>\n<tr>\n<td width=\"189\">Pr\u00e1ctico 16 a 18 hs.<\/td>\n<td width=\"284\">Aula &#8211; 108<\/p>\n<p>&nbsp;<\/td>\n<\/tr>\n<tr>\n<td rowspan=\"2\" width=\"76\">&nbsp;<\/p>\n<p>NOCHE<\/td>\n<td width=\"189\">Te\u00f3rico 18 a 20 hs.<\/td>\n<td width=\"284\">Aula \u2013 C<\/p>\n<p>&nbsp;<\/td>\n<\/tr>\n<tr>\n<td width=\"189\">Pr\u00e1ctico 20 a 22 hs.<\/td>\n<td width=\"284\">Aula -103<\/p>\n<p>&nbsp;<\/td>\n<\/tr>\n<\/thead>\n<\/table>\n<p>&nbsp;<\/p>\n<p><strong>\u00a0<\/strong><\/p>\n<p><strong>\u00a0<\/strong><\/p>\n<p><strong>\u00a0<\/strong><\/p>\n<p><strong>RELACIONES P\u00daBLICAS\u00a0 <\/strong>Ingresantes 2026 y no ingresantes<\/p>\n<p><u>\u00a0<\/u><\/p>\n<p><u>\u00a0<\/u><\/p>\n<table width=\"678\">\n<thead>\n<tr>\n<td width=\"99\"><strong>MATERIA<\/strong><\/td>\n<td width=\"57\"><strong>D\u00cdA<\/strong><\/td>\n<td width=\"132\"><strong>TURNO<\/strong><\/td>\n<td width=\"207\"><strong>HORARIO<\/strong><\/td>\n<td width=\"183\"><strong>AULAS<\/strong><\/td>\n<\/tr>\n<tr>\n<td rowspan=\"6\" width=\"99\"><strong><em>INTRODUCCION A LA SOCIOLOG\u00cdA<\/em><\/strong><\/td>\n<td rowspan=\"6\" width=\"57\">LUNES<\/td>\n<td rowspan=\"2\" width=\"132\">&nbsp;<\/p>\n<p>MA\u00d1ANA<\/td>\n<td width=\"207\">Te\u00f3rico 8 a 10\u00a0 hs.<\/td>\n<td width=\"183\">Aula \u2013 C<\/p>\n<p>&nbsp;<\/td>\n<\/tr>\n<tr>\n<td width=\"207\">Pr\u00e1ctico 10 a 12\u00a0 hs.<\/td>\n<td width=\"183\">Aula 102<\/p>\n<p>&nbsp;<\/td>\n<\/tr>\n<tr>\n<td rowspan=\"2\" width=\"132\">&nbsp;<\/p>\n<p>TARDE<\/td>\n<td width=\"207\">Te\u00f3rico 14 a 16 hs.<\/td>\n<td width=\"183\">Aula &#8211; C<\/td>\n<\/tr>\n<tr>\n<td width=\"207\">Pr\u00e1ctico 16 a 18 hs.<\/p>\n<p>&nbsp;<\/td>\n<td width=\"183\">Aula &#8211; 108<\/td>\n<\/tr>\n<tr>\n<td rowspan=\"2\" width=\"132\">&nbsp;<\/p>\n<p>NOCHE<\/td>\n<td width=\"207\">Te\u00f3rico 18 a 20 hs.<\/p>\n<p>&nbsp;<\/td>\n<td width=\"183\">Aula &#8211; C<\/td>\n<\/tr>\n<tr>\n<td width=\"207\">\u00a0\u00a0\u00a0\u00a0\u00a0 Pr\u00e1ctico 20 a 22 hs.<\/td>\n<td width=\"183\">Aula \u2013 108<\/td>\n<\/tr>\n<\/thead>\n<\/table>\n<p><u>\u00a0<\/u><\/p>\n<p><strong>\u00a0<\/strong><\/p>\n<p><strong><u>TRABAJO SOCIAL <\/u><\/strong>Ingresantes 2026 y no ingresantes<\/p>\n<p><u>\u00a0<\/u><\/p>\n<table width=\"702\">\n<thead>\n<tr>\n<td width=\"82\"><strong>MATERIA<\/strong><\/td>\n<td width=\"42\"><strong>D\u00cdA<\/strong><\/td>\n<td width=\"85\"><strong>TURNO<\/strong><\/td>\n<td width=\"173\"><strong>HORARIO<\/strong><\/td>\n<td width=\"320\"><strong>AULAS<\/strong><\/td>\n<\/tr>\n<tr>\n<td rowspan=\"6\" width=\"82\"><strong><em>INTRODUCCI\u00d3N A LA SOCIOLOG\u00cdA<\/em><\/strong><\/td>\n<td rowspan=\"6\" width=\"42\">LUNES<\/td>\n<td rowspan=\"2\" width=\"85\">&nbsp;<\/p>\n<p>MA\u00d1ANA<\/td>\n<td width=\"173\">Te\u00f3rico 8 a 10\u00a0 hs.<\/td>\n<td width=\"320\">Aula \u2013 C<\/td>\n<\/tr>\n<tr>\n<td width=\"173\">Pr\u00e1ctico 10 a 12\u00a0 hs.<\/td>\n<td width=\"320\">Aula \u2013 104<\/p>\n<p>&nbsp;<\/td>\n<\/tr>\n<tr>\n<td rowspan=\"2\" width=\"85\">&nbsp;<\/p>\n<p>TARDE<\/td>\n<td width=\"173\">Te\u00f3rico 14 a 16 hs.<\/td>\n<td width=\"320\">Aula &#8211; C<\/td>\n<\/tr>\n<tr>\n<td width=\"173\">Pr\u00e1ctico 16 a 18 hs.<\/td>\n<td width=\"320\">Aula \u2013 108<\/p>\n<p>&nbsp;<\/td>\n<\/tr>\n<tr>\n<td rowspan=\"2\" width=\"85\">&nbsp;<\/p>\n<p>NOCHE<\/td>\n<td width=\"173\">Te\u00f3rico 20 a 22 hs.<\/td>\n<td width=\"320\">Aula &#8211; C<\/td>\n<\/tr>\n<tr>\n<td width=\"173\">Pr\u00e1ctico 18 a 20 hs<\/td>\n<td width=\"320\">Aula \u2013 103<\/p>\n<p>&nbsp;<\/td>\n<\/tr>\n<\/thead>\n<\/table>\n<p><u>\u00a0<\/u><\/p>\n<p><u>\u00a0<\/u><\/p>\n<p>&nbsp;<\/p>\n<p>&nbsp;<\/p>\n<p>&nbsp;<\/p>\n<p><strong>LUNES<\/strong>: <strong>INTRODUCCI\u00d3N<em>\u00a0 A\u00a0 LA\u00a0 EDUCACI\u00d3N<\/em><\/strong><\/p>\n<p>&nbsp;<\/p>\n<p><strong>Licenciatura en PSICOPEDAGOG\u00cdA <\/strong>\u00a0Ingresantes 2026 y no ingresantes<\/p>\n<p>&nbsp;<\/p>\n<table width=\"647\">\n<thead>\n<tr>\n<td width=\"82\"><strong>MATERIA<\/strong><\/td>\n<td width=\"64\"><strong>D\u00cdA<\/strong><\/td>\n<td width=\"100\"><strong>TURNO<\/strong><\/td>\n<td width=\"230\"><strong>HORARIO<\/strong><\/td>\n<td width=\"170\"><strong>AULAS<\/strong><\/td>\n<\/tr>\n<tr>\n<td rowspan=\"2\" width=\"82\"><strong><em>INTRODUCCI\u00d3N\u00a0 A\u00a0 LA\u00a0 EDUCACI\u00d3N<\/em><\/strong><\/td>\n<td rowspan=\"2\" width=\"64\">LUNES<\/td>\n<td width=\"100\">&nbsp;<\/p>\n<p>MA\u00d1ANA<\/td>\n<td width=\"230\">Te\u00f3rico\u00a0 y Pr\u00e1ctico<\/p>\n<p>8 a 12 hs<\/p>\n<p>&nbsp;<\/td>\n<td width=\"170\">&nbsp;<\/p>\n<p>Aula &#8211; B<\/p>\n<p>&nbsp;<\/td>\n<\/tr>\n<tr>\n<td width=\"100\">&nbsp;<\/p>\n<p>NOCHE<\/p>\n<p>&nbsp;<\/td>\n<td width=\"230\">Te\u00f3rico\u00a0 y Pr\u00e1ctico<\/p>\n<p>18 a 22 hs<\/td>\n<td width=\"170\">&nbsp;<\/p>\n<p>Aula \u2013 B<\/p>\n<p>&nbsp;<\/td>\n<\/tr>\n<\/thead>\n<\/table>\n<p>&nbsp;<\/p>\n<p><strong>Profesorado en PSICOPEDAGOG\u00cdA\u00a0\u00a0 <\/strong>Ingresantes 2026 y no ingresantes<\/p>\n<p>&nbsp;<\/p>\n<table width=\"647\">\n<thead>\n<tr>\n<td width=\"91\"><strong>MATERIA<\/strong><\/td>\n<td width=\"60\"><strong>D\u00cdA<\/strong><\/td>\n<td width=\"95\"><strong>TURNO<\/strong><\/td>\n<td width=\"231\"><strong>HORARIO<\/strong><\/td>\n<td width=\"170\"><strong>AULAS<\/strong><\/td>\n<\/tr>\n<tr>\n<td rowspan=\"2\" width=\"91\"><strong><em>\u00a0<\/em><\/strong><\/p>\n<p><strong><em>INTRODUCCI\u00d3N\u00a0 A\u00a0 LA\u00a0 EDUCACI\u00d3N<\/em><\/strong><\/td>\n<td rowspan=\"2\" width=\"60\">LUNES<\/td>\n<td width=\"95\">&nbsp;<\/p>\n<p>MA\u00d1ANA<\/td>\n<td width=\"231\">&nbsp;<\/p>\n<p>Te\u00f3rico\u00a0 y Pr\u00e1ctico<\/p>\n<p>8 a 12 hs<\/p>\n<p>&nbsp;<\/td>\n<td width=\"170\">&nbsp;<\/p>\n<p>Aula &#8211; B<\/p>\n<p>&nbsp;<\/p>\n<p>&nbsp;<\/td>\n<\/tr>\n<tr>\n<td width=\"95\">&nbsp;<\/p>\n<p>NOCHE<\/td>\n<td width=\"231\">Te\u00f3rico\u00a0 y Pr\u00e1ctico<\/p>\n<p>18 a 22 hs<\/td>\n<td width=\"170\">&nbsp;<\/p>\n<p>Aula \u2013 B<\/td>\n<\/tr>\n<\/thead>\n<\/table>\n<p>&nbsp;<\/p>\n<p><strong><u>CIENCIAS DE LA EDUCACI\u00d3N<\/u><\/strong><strong>\u00a0 Ingresantes 202<\/strong><strong>6 y no ingresantes<\/strong><\/p>\n<p>&nbsp;<\/p>\n<p>&nbsp;<\/p>\n<table width=\"675\">\n<thead>\n<tr>\n<td width=\"99\"><strong>MATERIA<\/strong><\/td>\n<td width=\"57\"><strong>D\u00cdA<\/strong><\/td>\n<td width=\"88\"><strong>TURNO<\/strong><\/td>\n<td width=\"233\"><strong>HORARIO<\/strong><\/td>\n<td width=\"198\"><strong>AULAS<\/strong><\/td>\n<\/tr>\n<tr>\n<td rowspan=\"2\" width=\"99\"><strong><em>\u00a0<\/em><\/strong><\/p>\n<p><strong><em>INTRODUCCI\u00d3N\u00a0 A\u00a0 LA\u00a0 EDUCACI\u00d3N<\/em><\/strong><\/td>\n<td rowspan=\"2\" width=\"57\">LUNES<\/td>\n<td width=\"88\">&nbsp;<\/p>\n<p>MA\u00d1ANA<\/td>\n<td width=\"233\">Te\u00f3rico\u00a0 y Pr\u00e1ctico<\/p>\n<p>8 a 12 hs<\/td>\n<td width=\"198\">&nbsp;<\/p>\n<p>Aula &#8211; B<\/p>\n<p>&nbsp;<\/td>\n<\/tr>\n<tr>\n<td width=\"88\">&nbsp;<\/p>\n<p>NOCHE<\/td>\n<td width=\"233\">Te\u00f3rico\u00a0 y Pr\u00e1ctico<\/p>\n<p>18 a 22 hs<\/td>\n<td width=\"198\">&nbsp;<\/p>\n<p>Aula &#8211; B<\/td>\n<\/tr>\n<\/thead>\n<\/table>\n<p>&nbsp;<\/p>\n<p>&nbsp;<\/p>\n<p><strong>LUNES<\/strong>: <strong>INTRODUCCI\u00d3N<em>\u00a0 A\u00a0 LAS \u00a0RELACIONES LABORALES<\/em><\/strong><\/p>\n<p><u>\u00a0<\/u><\/p>\n<p><strong>RELACIONES LABORALES\u00a0 <\/strong>Ingresantes 2026 y no ingresantes<\/p>\n<p><u>\u00a0<\/u><\/p>\n<table width=\"605\">\n<thead>\n<tr>\n<td width=\"151\"><strong>TURNO<\/strong><\/td>\n<td width=\"217\"><strong>HORARIO<\/strong><\/td>\n<td width=\"236\"><strong>AULAS<\/strong><\/td>\n<\/tr>\n<tr>\n<td width=\"151\">&nbsp;<\/p>\n<p>MA\u00d1ANA<\/td>\n<td width=\"217\">Te\u00f3rico y Pr\u00e1ctico\u00a0 8 a 12 hs.<\/td>\n<td width=\"236\">Aula \u2013 8<\/p>\n<p>&nbsp;<\/td>\n<\/tr>\n<tr>\n<td width=\"151\">&nbsp;<\/p>\n<p>NOCHE<\/td>\n<td width=\"217\">Te\u00f3rico y Pr\u00e1ctico\u00a0 18 a 22 hs.<\/td>\n<td width=\"236\">Aula \u20138<\/p>\n<p>&nbsp;<\/td>\n<\/tr>\n<\/thead>\n<\/table>\n<p>&nbsp;<\/p>\n","protected":false},"excerpt":{"rendered":"<p>MATERIAS DE PRIMER A\u00d1O LUNES: INTRODUCCI\u00d3N A LA SOCIOLOG\u00cdA CIENCIAS DE LA EDUCACI\u00d3N\u00a0\u00a0\u00a0 No ingresantes MATERIA&#8230;<\/p>\n","protected":false},"author":5,"featured_media":0,"parent":0,"menu_order":0,"comment_status":"closed","ping_status":"closed","template":"","meta":{"footnotes":""},"class_list":["post-25529","page","type-page","status-publish","hentry"],"_links":{"self":[{"href":"https:\/\/www.sociales.unlz.edu.ar\/index.php\/wp-json\/wp\/v2\/pages\/25529","targetHints":{"allow":["GET"]}}],"collection":[{"href":"https:\/\/www.sociales.unlz.edu.ar\/index.php\/wp-json\/wp\/v2\/pages"}],"about":[{"href":"https:\/\/www.sociales.unlz.edu.ar\/index.php\/wp-json\/wp\/v2\/types\/page"}],"author":[{"embeddable":true,"href":"https:\/\/www.sociales.unlz.edu.ar\/index.php\/wp-json\/wp\/v2\/users\/5"}],"replies":[{"embeddable":true,"href":"https:\/\/www.sociales.unlz.edu.ar\/index.php\/wp-json\/wp\/v2\/comments?post=25529"}],"version-history":[{"count":2,"href":"https:\/\/www.sociales.unlz.edu.ar\/index.php\/wp-json\/wp\/v2\/pages\/25529\/revisions"}],"predecessor-version":[{"id":25533,"href":"https:\/\/www.sociales.unlz.edu.ar\/index.php\/wp-json\/wp\/v2\/pages\/25529\/revisions\/25533"}],"wp:attachment":[{"href":"https:\/\/www.sociales.unlz.edu.ar\/index.php\/wp-json\/wp\/v2\/media?parent=25529"}],"curies":[{"name":"wp","href":"https:\/\/api.w.org\/{rel}","templated":true}]}}