{"id":25507,"date":"2026-03-20T18:45:57","date_gmt":"2026-03-20T21:45:57","guid":{"rendered":"https:\/\/www.sociales.unlz.edu.ar\/?page_id=25507"},"modified":"2026-03-27T20:12:47","modified_gmt":"2026-03-27T23:12:47","slug":"aulas-1-cuatrimestre-2026-no-ingresantes","status":"publish","type":"page","link":"https:\/\/www.sociales.unlz.edu.ar\/index.php\/aulas-1-cuatrimestre-2026-no-ingresantes\/","title":{"rendered":"AULAS | 1\u00b0 Cuatrimestre 2026"},"content":{"rendered":"<p>[vc_row][vc_column][vc_column_text]<\/p>\n<h4>A continuaci\u00f3n compartimos las <strong>aulas, d\u00edas y horarios de las materias del primer cuatrimestre<\/strong> del ciclo 2026 para estudiantes <strong>NO INGRESANTES<\/strong>.<\/h4>\n<h4>Para las y los NO INGRESANTES que deban cursar materias de primer a\u00f1o la informaci\u00f3n de las mismas se encuentra abajo.<\/h4>\n<p>[\/vc_column_text]<div class=\"\"><a  id=\"btn-69d27b083d998\" class=\"btn btn-filled  ti-angle-double-right  btn-sm-sm\" href= \"https:\/\/www.sociales.unlz.edu.ar\/wp-content\/uploads\/2026\/03\/AULAS-LU-MA-1ro-2026-WEB.xlsx-LUNES.pdf\" target=\"_self\" >LUNES<\/a><\/div><div class=\"\"><a  id=\"btn-69d27b083d9c1\" class=\"btn btn-filled  ti-angle-double-right  btn-sm-sm\" href= \"https:\/\/www.sociales.unlz.edu.ar\/wp-content\/uploads\/2026\/03\/AULAS-LU-MA-1ro-2026-WEB.xlsx-MARTES.pdf\" target=\"_self\" >MARTES<\/a><\/div><div class=\"\"><a  id=\"btn-69d27b083d9d5\" class=\"btn btn-filled  ti-angle-double-right  btn-sm-sm\" href= \"https:\/\/www.sociales.unlz.edu.ar\/wp-content\/uploads\/2026\/03\/AULAS-imprimir-1ro-2026-WEB-.xlsx-MIERCOLES.pdf\" target=\"_self\" >MI\u00c9RCOLES<\/a><\/div><div class=\"\"><a  id=\"btn-69d27b083d9e5\" class=\"btn btn-filled  ti-angle-double-right  btn-sm-sm\" href= \"https:\/\/www.sociales.unlz.edu.ar\/wp-content\/uploads\/2026\/03\/AULAS-imprimir-1ro-2026-WEB-.xlsx-JUEVES.pdf\" target=\"_self\" >JUEVES<\/a><\/div><div class=\"\"><a  id=\"btn-69d27b083d9f4\" class=\"btn btn-filled  ti-angle-double-right  btn-sm-sm\" href= \"https:\/\/www.sociales.unlz.edu.ar\/wp-content\/uploads\/2026\/03\/AULAS-imprimir-1ro-2026-WEB-.xlsx-VIERNES.pdf\" target=\"_self\" >VIERNES<\/a><\/div><div class=\"\"><a  id=\"btn-69d27b083da02\" class=\"btn btn-filled  ti-angle-double-right  btn-sm-sm\" href= \"https:\/\/www.sociales.unlz.edu.ar\/wp-content\/uploads\/2026\/03\/AULAS-imprimir-1ro-2026-WEB-.xlsx-SABADO.pdf\" target=\"_self\" >S\u00c1BADO<\/a><\/div>[vc_column_text]<\/p>\n<h4><strong>INGRESO 2026:<\/strong> a continuaci\u00f3n encontrar\u00e1n aulas y horarios de lunes y martes para las materias de PRIMER A\u00d1O del 1\u00b0 cuatrimestre del corriente ciclo.<\/h4>\n<h4><\/h4>\n<p>[\/vc_column_text]<div class=\"\"><a  id=\"btn-69d27b083da0f\" class=\"btn btn-filled  ti-angle-double-right  btn-sm-sm\" href= \"https:\/\/www.sociales.unlz.edu.ar\/index.php\/aulas-lunes-ingreso-2026\/\" target=\"_self\" >LUNES<\/a><\/div><div class=\"\"><a  id=\"btn-69d27b083da1c\" class=\"btn btn-filled  ti-angle-double-right  btn-sm-sm\" href= \"https:\/\/www.sociales.unlz.edu.ar\/index.php\/aulas-martes-ingreso-2026\/\" target=\"_self\" >MARTES<\/a><\/div><div class=\"\"><a  id=\"btn-69d27b083da28\" class=\"btn btn-filled  ti-angle-double-right  btn-sm-sm\" href= \"https:\/\/www.sociales.unlz.edu.ar\/wp-content\/uploads\/2026\/03\/aulas-miercoles_-Taller-GRUPO-1-2026.pdf\" target=\"_self\" >MI\u00c9RCOLES<\/a><\/div>[\/vc_column][\/vc_row]<\/p>\n","protected":false},"excerpt":{"rendered":"<p>[vc_row][vc_column][vc_column_text] A continuaci\u00f3n compartimos las aulas, d\u00edas y horarios de las materias del primer cuatrimestre del&#8230;<\/p>\n","protected":false},"author":5,"featured_media":0,"parent":0,"menu_order":0,"comment_status":"closed","ping_status":"closed","template":"","meta":{"footnotes":""},"class_list":["post-25507","page","type-page","status-publish","hentry"],"_links":{"self":[{"href":"https:\/\/www.sociales.unlz.edu.ar\/index.php\/wp-json\/wp\/v2\/pages\/25507","targetHints":{"allow":["GET"]}}],"collection":[{"href":"https:\/\/www.sociales.unlz.edu.ar\/index.php\/wp-json\/wp\/v2\/pages"}],"about":[{"href":"https:\/\/www.sociales.unlz.edu.ar\/index.php\/wp-json\/wp\/v2\/types\/page"}],"author":[{"embeddable":true,"href":"https:\/\/www.sociales.unlz.edu.ar\/index.php\/wp-json\/wp\/v2\/users\/5"}],"replies":[{"embeddable":true,"href":"https:\/\/www.sociales.unlz.edu.ar\/index.php\/wp-json\/wp\/v2\/comments?post=25507"}],"version-history":[{"count":14,"href":"https:\/\/www.sociales.unlz.edu.ar\/index.php\/wp-json\/wp\/v2\/pages\/25507\/revisions"}],"predecessor-version":[{"id":25540,"href":"https:\/\/www.sociales.unlz.edu.ar\/index.php\/wp-json\/wp\/v2\/pages\/25507\/revisions\/25540"}],"wp:attachment":[{"href":"https:\/\/www.sociales.unlz.edu.ar\/index.php\/wp-json\/wp\/v2\/media?parent=25507"}],"curies":[{"name":"wp","href":"https:\/\/api.w.org\/{rel}","templated":true}]}}