{"id":25469,"date":"2026-03-10T10:24:21","date_gmt":"2026-03-10T13:24:21","guid":{"rendered":"https:\/\/www.sociales.unlz.edu.ar\/?page_id=25469"},"modified":"2026-03-10T10:25:14","modified_gmt":"2026-03-10T13:25:14","slug":"iii-concurso-literario","status":"publish","type":"page","link":"https:\/\/www.sociales.unlz.edu.ar\/index.php\/iii-concurso-literario\/","title":{"rendered":"III Concurso literario"},"content":{"rendered":"<p>[vc_row][vc_column][vc_column_text]<\/p>\n<h4>A <strong>50 a\u00f1os del Golpe de Estado<\/strong> que dio inicio a uno de los per\u00edodos m\u00e1s oscuros de nuestra historia, la Facultad de Ciencias Sociales de la UNLZ invita a la comunidad a participar del III Concurso Literario \u201cHistorias que florecen\u201d.<\/h4>\n<h4>Env\u00edo de obras a: <strong>hologramatica@sociales.unlz.edu.ar<\/strong><\/h4>\n<p>&nbsp;<\/p>\n<h4>La convocatoria est\u00e1 dirigida a escritores y escritoras mayores de 18 a\u00f1os, de nacionalidad argentina o extranjeros con residencia en el pa\u00eds.<\/h4>\n<p>&nbsp;<\/p>\n<h4>Se recibir\u00e1n cuentos o relatos breves y poes\u00eda.<\/h4>\n<h4>Cada participante podr\u00e1 presentar una sola obra.<\/h4>\n<h4>Cierre de la convocatoria: 5 de abril de 2026<\/h4>\n<p>&nbsp;<\/p>\n<h4><strong>PREMIOS:<\/strong> Se otorgar\u00e1n en cada categor\u00eda; 1\u00b0, 2\u00b0 y 3\u00b0 premios y todas Menciones de Honor que el jurado considere. A los primeros premios se les entregar\u00e1 Diploma y lote de libros. Adem\u00e1s, todas las obras que sean premiadas en cada categor\u00eda ser\u00e1n publicadas en una antolog\u00eda especial que ser\u00e1 obsequiada a los ganadores en fecha a convenir.<\/h4>\n<p>[\/vc_column_text]<div class=\"\"><a  id=\"btn-6a05235ca9aba\" class=\"btn btn-filled    btn-sm-sm\" href= \"https:\/\/www.sociales.unlz.edu.ar\/wp-content\/uploads\/2026\/03\/III-Concurso-literario-Bases.docx.pdf\" target=\"_self\" >Bases y condiciones<\/a><\/div>[\/vc_column][\/vc_row]<\/p>\n","protected":false},"excerpt":{"rendered":"<p>[vc_row][vc_column][vc_column_text] A 50 a\u00f1os del Golpe de Estado que dio inicio a uno de los per\u00edodos&#8230;<\/p>\n","protected":false},"author":8,"featured_media":0,"parent":0,"menu_order":0,"comment_status":"closed","ping_status":"closed","template":"","meta":{"footnotes":""},"class_list":["post-25469","page","type-page","status-publish","hentry"],"_links":{"self":[{"href":"https:\/\/www.sociales.unlz.edu.ar\/index.php\/wp-json\/wp\/v2\/pages\/25469","targetHints":{"allow":["GET"]}}],"collection":[{"href":"https:\/\/www.sociales.unlz.edu.ar\/index.php\/wp-json\/wp\/v2\/pages"}],"about":[{"href":"https:\/\/www.sociales.unlz.edu.ar\/index.php\/wp-json\/wp\/v2\/types\/page"}],"author":[{"embeddable":true,"href":"https:\/\/www.sociales.unlz.edu.ar\/index.php\/wp-json\/wp\/v2\/users\/8"}],"replies":[{"embeddable":true,"href":"https:\/\/www.sociales.unlz.edu.ar\/index.php\/wp-json\/wp\/v2\/comments?post=25469"}],"version-history":[{"count":3,"href":"https:\/\/www.sociales.unlz.edu.ar\/index.php\/wp-json\/wp\/v2\/pages\/25469\/revisions"}],"predecessor-version":[{"id":25473,"href":"https:\/\/www.sociales.unlz.edu.ar\/index.php\/wp-json\/wp\/v2\/pages\/25469\/revisions\/25473"}],"wp:attachment":[{"href":"https:\/\/www.sociales.unlz.edu.ar\/index.php\/wp-json\/wp\/v2\/media?parent=25469"}],"curies":[{"name":"wp","href":"https:\/\/api.w.org\/{rel}","templated":true}]}}