{"id":25452,"date":"2026-03-09T12:16:34","date_gmt":"2026-03-09T15:16:34","guid":{"rendered":"https:\/\/www.sociales.unlz.edu.ar\/?page_id=25452"},"modified":"2026-03-11T09:53:36","modified_gmt":"2026-03-11T12:53:36","slug":"apertura-de-materias-del-primer-cuatrimestre-2026","status":"publish","type":"page","link":"https:\/\/www.sociales.unlz.edu.ar\/index.php\/apertura-de-materias-del-primer-cuatrimestre-2026\/","title":{"rendered":"Apertura de materias del primer cuatrimestre 2026"},"content":{"rendered":"<p>[vc_row][vc_column][vc_column_text]<\/p>\n<h5>A continuaci\u00f3n encontrar\u00e1s la apertura de materias por carreras del Primer Cuatrimestre para No Ingresantes. Te recomendamos que siempre guardes los comprobantes de inscripci\u00f3n de las materias y el n\u00famero de transacci\u00f3n. Una vez que finaliz\u00e1s revis\u00e1 que est\u00e9 registrada correctamente en el sistema.<\/h5>\n<p>[\/vc_column_text]<div class=\"\"><a  id=\"btn-69f0da7909c96\" class=\"btn btn-filled    btn-sm-sm\" href= \"https:\/\/www.sociales.unlz.edu.ar\/wp-content\/uploads\/2026\/03\/apertura-1ro-2026-WEB-5-marzo-P-Enviar.xlsx-Com_soc.pdf\" target=\"_self\" >Comunicaci\u00f3n Social<\/a><\/div><div class=\"\"><a  id=\"btn-69f0da7909cc0\" class=\"btn btn-filled    btn-sm-sm\" href= \"https:\/\/www.sociales.unlz.edu.ar\/wp-content\/uploads\/2026\/03\/apertura-1ro-2026-WEB-5-marzo-P-Enviar.xlsx-Period.pdf\" target=\"_self\" >Periodismo<\/a><\/div><div class=\"\"><a  id=\"btn-69f0da7909cd5\" class=\"btn btn-filled    btn-sm-sm\" href= \"https:\/\/www.sociales.unlz.edu.ar\/wp-content\/uploads\/2026\/03\/apertura-1ro-2026-WEB-5-marzo-P-Enviar.xlsx-Public.pdf\" target=\"_self\" >Publicidad<\/a><\/div><div class=\"\"><a  id=\"btn-69f0da7909ce5\" class=\"btn btn-filled    btn-sm-sm\" href= \"https:\/\/www.sociales.unlz.edu.ar\/wp-content\/uploads\/2026\/03\/apertura-1ro-2026-WEB-5-marzo-P-Enviar.xlsx-RRPP.pdf\" target=\"_self\" >Relaciones P\u00fablicas<\/a><\/div><div class=\"\"><a  id=\"btn-69f0da7909cf5\" class=\"btn btn-filled    btn-sm-sm\" href= \"https:\/\/www.sociales.unlz.edu.ar\/wp-content\/uploads\/2026\/03\/apertura-1ro-2026-WEB-5-marzo-P-Enviar.xlsx-RRLL-1.pdf\" target=\"_self\" >Relaciones Laborales<\/a><\/div><div class=\"\"><a  id=\"btn-69f0da7909d03\" class=\"btn btn-filled    btn-sm-sm\" href= \"https:\/\/www.sociales.unlz.edu.ar\/wp-content\/uploads\/2026\/03\/apertura-1ro-2026-WEB-5-marzo-P-Enviar.xlsx-CS-EDUC.pdf\" target=\"_self\" >Ciencias de la Educaci\u00f3n<\/a><\/div><div class=\"\"><a  id=\"btn-69f0da7909d11\" class=\"btn btn-filled    btn-sm-sm\" href= \"https:\/\/www.sociales.unlz.edu.ar\/wp-content\/uploads\/2026\/03\/apertura-1ro-2026-WEB-5-marzo-P-Enviar.xlsx-PROF-LETRAS.pdf\" target=\"_self\" >Prof. en Letras<\/a><\/div><div class=\"\"><a  id=\"btn-69f0da7909d1e\" class=\"btn btn-filled    btn-sm-sm\" href= \"https:\/\/www.sociales.unlz.edu.ar\/wp-content\/uploads\/2026\/03\/apertura-1ro-2026-WEB-5-marzo-P-Enviar.xlsx-LIC-LETRAS.pdf\" target=\"_self\" >Lic. en Letras<\/a><\/div><div class=\"\"><a  id=\"btn-69f0da7909d2c\" class=\"btn btn-filled    btn-sm-sm\" href= \"https:\/\/www.sociales.unlz.edu.ar\/wp-content\/uploads\/2026\/03\/apertura-1ro-2026-WEB-5-marzo-P-Enviar.xlsx-M-Y-F.pdf\" target=\"_self\" >Minoridad y Familia<\/a><\/div><div class=\"\"><a  id=\"btn-69f0da7909d38\" class=\"btn btn-filled    btn-sm-sm\" href= \"https:\/\/www.sociales.unlz.edu.ar\/wp-content\/uploads\/2026\/03\/apertura-1ro-2026-WEB-5-marzo-P-Enviar.xlsx-TRAB-SOCIAL.pdf\" target=\"_self\" >Tabajo Social<\/a><\/div><div class=\"\"><a  id=\"btn-69f0da7909d46\" class=\"btn btn-filled    btn-sm-sm\" href= \"https:\/\/www.sociales.unlz.edu.ar\/wp-content\/uploads\/2026\/03\/apertura-1ro-2026-WEB-5-marzo-P-Enviar.xlsx-Psico.pdf\" target=\"_self\" >Psicopedagog\u00eda<\/a><\/div>[\/vc_column][\/vc_row]<\/p>\n","protected":false},"excerpt":{"rendered":"<p>[vc_row][vc_column][vc_column_text] A continuaci\u00f3n encontrar\u00e1s la apertura de materias por carreras del Primer Cuatrimestre para No Ingresantes&#8230;.<\/p>\n","protected":false},"author":8,"featured_media":0,"parent":0,"menu_order":0,"comment_status":"closed","ping_status":"closed","template":"","meta":{"footnotes":""},"class_list":["post-25452","page","type-page","status-publish","hentry"],"_links":{"self":[{"href":"https:\/\/www.sociales.unlz.edu.ar\/index.php\/wp-json\/wp\/v2\/pages\/25452","targetHints":{"allow":["GET"]}}],"collection":[{"href":"https:\/\/www.sociales.unlz.edu.ar\/index.php\/wp-json\/wp\/v2\/pages"}],"about":[{"href":"https:\/\/www.sociales.unlz.edu.ar\/index.php\/wp-json\/wp\/v2\/types\/page"}],"author":[{"embeddable":true,"href":"https:\/\/www.sociales.unlz.edu.ar\/index.php\/wp-json\/wp\/v2\/users\/8"}],"replies":[{"embeddable":true,"href":"https:\/\/www.sociales.unlz.edu.ar\/index.php\/wp-json\/wp\/v2\/comments?post=25452"}],"version-history":[{"count":3,"href":"https:\/\/www.sociales.unlz.edu.ar\/index.php\/wp-json\/wp\/v2\/pages\/25452\/revisions"}],"predecessor-version":[{"id":25476,"href":"https:\/\/www.sociales.unlz.edu.ar\/index.php\/wp-json\/wp\/v2\/pages\/25452\/revisions\/25476"}],"wp:attachment":[{"href":"https:\/\/www.sociales.unlz.edu.ar\/index.php\/wp-json\/wp\/v2\/media?parent=25452"}],"curies":[{"name":"wp","href":"https:\/\/api.w.org\/{rel}","templated":true}]}}