{"id":25431,"date":"2026-02-13T16:09:03","date_gmt":"2026-02-13T19:09:03","guid":{"rendered":"https:\/\/www.sociales.unlz.edu.ar\/?page_id=25431"},"modified":"2026-02-13T16:09:03","modified_gmt":"2026-02-13T19:09:03","slug":"cursos-talleres-de-unite-sociales-unlz","status":"publish","type":"page","link":"https:\/\/www.sociales.unlz.edu.ar\/index.php\/cursos-talleres-de-unite-sociales-unlz\/","title":{"rendered":"CURSOS\/TALLERES DE UNITE | SOCIALES UNLZ"},"content":{"rendered":"<p>[vc_row][vc_column][vc_row_inner][vc_column_inner][vc_column_text]<\/p>\n<h4><strong>Inscripci\u00f3n Primer Cuatrimestre<\/strong><br \/>\n<strong>18, 19 y 20 de febrero de 2026<\/strong><\/h4>\n<p>Durante los tres d\u00edas de inscripci\u00f3n debe enviar un correo electr\u00f3nico a\u00a0<strong>uniteprograma@gmai.com<\/strong>\u00a0con la solicitud de el o los cursos o talleres a los que desea anotarse. La cantidad m\u00e1xima es de tres propuestas, sin excepci\u00f3n.<\/p>\n<p>Luego de enviado el correo recibir\u00e1 una respuesta personalizada para confirmar la inscripci\u00f3n. Este env\u00edo puede demorar hasta 15 d\u00edas. Por favor, aguarde esa respuesta.<\/p>\n<h5><strong>REQUISITOS PARA PARTICIPAR:<\/strong><br \/>\n* Ser mayor de 60 A\u00f1os<\/h5>\n<h5>* Celular con WhatsApp<\/h5>\n<h5>* Conexi\u00f3n a Internet<\/h5>\n<h5>* Instalaci\u00f3n de APP de videollamadas<\/h5>\n<h5>* Cuenta Email de GMAIL<\/h5>\n<p>[\/vc_column_text][\/vc_column_inner][\/vc_row_inner][\/vc_column][\/vc_row][vc_row][vc_column width=&#8221;1\/2&#8243;][vc_single_image image=&#8221;25435&#8243; img_size=&#8221;full&#8221; onclick=&#8221;custom_link&#8221; link=&#8221;https:\/\/www.sociales.unlz.edu.ar\/wp-content\/uploads\/2026\/02\/CURSOS-UNITE.pdf&#8221;][\/vc_column][vc_column width=&#8221;1\/2&#8243;][vc_single_image image=&#8221;25434&#8243; img_size=&#8221;full&#8221; onclick=&#8221;custom_link&#8221; link=&#8221;https:\/\/www.sociales.unlz.edu.ar\/wp-content\/uploads\/2026\/02\/CURSOS-UNITE-1.pdf&#8221;][\/vc_column][\/vc_row]<\/p>\n","protected":false},"excerpt":{"rendered":"<p>[vc_row][vc_column][vc_row_inner][vc_column_inner][vc_column_text] Inscripci\u00f3n Primer Cuatrimestre 18, 19 y 20 de febrero de 2026 Durante los tres d\u00edas&#8230;<\/p>\n","protected":false},"author":8,"featured_media":0,"parent":0,"menu_order":0,"comment_status":"closed","ping_status":"closed","template":"","meta":{"footnotes":""},"class_list":["post-25431","page","type-page","status-publish","hentry"],"_links":{"self":[{"href":"https:\/\/www.sociales.unlz.edu.ar\/index.php\/wp-json\/wp\/v2\/pages\/25431","targetHints":{"allow":["GET"]}}],"collection":[{"href":"https:\/\/www.sociales.unlz.edu.ar\/index.php\/wp-json\/wp\/v2\/pages"}],"about":[{"href":"https:\/\/www.sociales.unlz.edu.ar\/index.php\/wp-json\/wp\/v2\/types\/page"}],"author":[{"embeddable":true,"href":"https:\/\/www.sociales.unlz.edu.ar\/index.php\/wp-json\/wp\/v2\/users\/8"}],"replies":[{"embeddable":true,"href":"https:\/\/www.sociales.unlz.edu.ar\/index.php\/wp-json\/wp\/v2\/comments?post=25431"}],"version-history":[{"count":2,"href":"https:\/\/www.sociales.unlz.edu.ar\/index.php\/wp-json\/wp\/v2\/pages\/25431\/revisions"}],"predecessor-version":[{"id":25436,"href":"https:\/\/www.sociales.unlz.edu.ar\/index.php\/wp-json\/wp\/v2\/pages\/25431\/revisions\/25436"}],"wp:attachment":[{"href":"https:\/\/www.sociales.unlz.edu.ar\/index.php\/wp-json\/wp\/v2\/media?parent=25431"}],"curies":[{"name":"wp","href":"https:\/\/api.w.org\/{rel}","templated":true}]}}