{"id":25378,"date":"2025-12-22T18:10:34","date_gmt":"2025-12-22T21:10:34","guid":{"rendered":"https:\/\/www.sociales.unlz.edu.ar\/?page_id=25378"},"modified":"2026-02-02T10:31:19","modified_gmt":"2026-02-02T13:31:19","slug":"aulas-por-comision-ingreso-2026","status":"publish","type":"page","link":"https:\/\/www.sociales.unlz.edu.ar\/index.php\/aulas-por-comision-ingreso-2026\/","title":{"rendered":"CURSO DE INGRESO 2026 | SOCIALES UNLZ"},"content":{"rendered":"<p>[vc_row][vc_column width=&#8221;1\/2&#8243;][vc_single_image image=&#8221;25380&#8243; img_size=&#8221;full&#8221; onclick=&#8221;custom_link&#8221; link=&#8221;https:\/\/www.sociales.unlz.edu.ar\/wp-content\/uploads\/2025\/12\/AULAS-Ingreso-2026-GRUPO-A.xlsx-Hoja-1.pdf&#8221;][\/vc_column][vc_column width=&#8221;1\/2&#8243;][vc_single_image image=&#8221;25379&#8243; img_size=&#8221;full&#8221; onclick=&#8221;custom_link&#8221; link=&#8221;https:\/\/www.sociales.unlz.edu.ar\/wp-content\/uploads\/2025\/12\/AULAS-Ingreso-2026-GRUPO-B.xlsx-Comisiones-con-docentes.pdf&#8221;][\/vc_column][\/vc_row][vc_row][vc_column][vc_column_text]<\/p>\n<h5>El\u00a0<strong>Curso de Ingreso 2026<\/strong>\u00a0se desarrollar\u00e1 entre el 2 de febrero y el 6 de marzo, y ser\u00e1 obligatorio para todas y todos los aspirantes.<\/h5>\n<h5>La propuesta combinar\u00e1 instancias presenciales y virtuales, y cada estudiante deber\u00e1 cumplir con al menos el\u00a0<strong>ochenta por ciento de asistencia,<\/strong>\u00a0adem\u00e1s de realizar los trabajos pr\u00e1cticos y los cuestionarios en Google Form y aprobar una evaluaci\u00f3n integradora.<\/h5>\n<h5>La modalidad prevista es la de un curso\u2013taller que alternar\u00e1 clases presenciales con clases virtuales a trav\u00e9s de la plataforma Classroom. Durante los encuentros presenciales se dictar\u00e1n clases te\u00f3ricas y pr\u00e1cticas orientadas a promover la participaci\u00f3n activa de quienes ingresan, generando un espacio de di\u00e1logo, intercambio, reflexi\u00f3n y aprendizaje tanto individual como grupal a partir de los textos que se trabajen.<\/h5>\n<h5>En los d\u00edas destinados a la cursada virtual, las y los aspirantes desarrollar\u00e1n actividades, gu\u00edas de lectura y formularios dentro de Classroom. El material bibliogr\u00e1fico estar\u00e1 disponible en el centro de copiado de la Facultad.<\/h5>\n<h5>El curso contar\u00e1 con turnos ma\u00f1ana, tarde y noche, y la informaci\u00f3n correspondiente a los d\u00edas y horarios asignados para cada estudiante est\u00e1 disponible en el bot\u00f3n\u00a0<strong>\u201cpadr\u00f3n\u201d<\/strong>\u00a0que se encuentra m\u00e1s abajo.<\/h5>\n<h5>La organizaci\u00f3n prev\u00e9 que el\u00a0<strong>Grupo A curse de manera presencial los lunes y jueves<\/strong>, mientras que el\u00a0<strong>Grupo B lo har\u00e1 los martes y viernes<\/strong>. Los mi\u00e9rcoles se llevar\u00e1n adelante las\u00a0<strong>actividades virtuales<\/strong>\u00a0para ambos grupos.<\/h5>\n<h5>El 19 de diciembre, las y los ingresantes recibieron por correo electr\u00f3nico la invitaci\u00f3n para sumarse a Classroom, desde donde pueden acceder al cronograma completo y a toda la informaci\u00f3n necesaria para el desarrollo del curso. Si pasado algunos d\u00edas de esa fecha y no lleg\u00f3 el mencionado mail, recomendamos revisar el padr\u00f3n de preinscriptos para el Curso de Ingreso y revisar el correo no deseado o spam antes de enviar una consulta.<\/h5>\n<h5>A continuaci\u00f3n se puede acceder a instructivos para UNIRTE al Google Classroom y quedar en condiciones de comenzar, a partir del 2 de febrero de 2026, el curso de ingreso. En los pr\u00f3ximos d\u00edas, se ir\u00e1 incorporando informaci\u00f3n al Classroom. En esta primera instancia, lo m\u00e1s importante es que puedas UNIRTE.<\/h5>\n<h5><strong>Cualquier consulta puede enviarse a las casillas institucionales ingresogrupoa@sociales.unlz.edu.ar o ingresogrupob@sociales.unlz.edu.ar<\/strong>, seg\u00fan corresponda. Se debe tener en cuenta que del 29\/12 al 1\/2 la Facultad ingresa en per\u00edodo de receso, motivo por el cual los correos enviados durante ese per\u00edodo ser\u00e1n contestados a partir del reinicio de actividades.<\/h5>\n<h5>El curso de ingreso se desarrollar\u00e1 del 02\/02 al 06\/03\/2026<\/h5>\n<h5><strong>GRUPO A:<\/strong>\u00a0LUNES Y JUEVES<br \/>\n<strong>GRUPO B:<\/strong>\u00a0MARTES Y VIERNES<\/h5>\n<h5>Turnos:<\/h5>\n<h5>* Ma\u00f1ana de 9 a 12 hs.<\/h5>\n<h5>* Tarde de 14 a 17 hs.<\/h5>\n<h5>* Noche de 18 a 21 hs.<\/h5>\n<p>[\/vc_column_text][vc_row_inner][vc_column_inner]<div class=\"\"><a  id=\"btn-69f0eb1a87a3b\" class=\"btn btn-rounded  ti-user  btn-sm-sm\" href= \"https:\/\/www.sociales.unlz.edu.ar\/index.php\/padron-definitivo-ingreso-2026\/\" target=\"_self\" >Padr\u00f3n Definitivo<\/a><\/div><div class=\"\"><a  id=\"btn-69f0eb1a87a6d\" class=\"btn btn-rounded  ti-headphone-alt  btn-sm-sm\" href= \"https:\/\/www.sociales.unlz.edu.ar\/index.php\/ingreso-a-google-classroom\/\" target=\"_self\" >Instructivo Google Classroom<\/a><\/div>[\/vc_column_inner][\/vc_row_inner][\/vc_column][\/vc_row]<\/p>\n","protected":false},"excerpt":{"rendered":"<p>[vc_row][vc_column width=&#8221;1\/2&#8243;][vc_single_image image=&#8221;25380&#8243; img_size=&#8221;full&#8221; onclick=&#8221;custom_link&#8221; link=&#8221;https:\/\/www.sociales.unlz.edu.ar\/wp-content\/uploads\/2025\/12\/AULAS-Ingreso-2026-GRUPO-A.xlsx-Hoja-1.pdf&#8221;][\/vc_column][vc_column width=&#8221;1\/2&#8243;][vc_single_image image=&#8221;25379&#8243; img_size=&#8221;full&#8221; onclick=&#8221;custom_link&#8221; link=&#8221;https:\/\/www.sociales.unlz.edu.ar\/wp-content\/uploads\/2025\/12\/AULAS-Ingreso-2026-GRUPO-B.xlsx-Comisiones-con-docentes.pdf&#8221;][\/vc_column][\/vc_row][vc_row][vc_column][vc_column_text] El\u00a0Curso de Ingreso 2026\u00a0se desarrollar\u00e1&#8230;<\/p>\n","protected":false},"author":8,"featured_media":0,"parent":0,"menu_order":0,"comment_status":"closed","ping_status":"closed","template":"","meta":{"footnotes":""},"class_list":["post-25378","page","type-page","status-publish","hentry"],"_links":{"self":[{"href":"https:\/\/www.sociales.unlz.edu.ar\/index.php\/wp-json\/wp\/v2\/pages\/25378","targetHints":{"allow":["GET"]}}],"collection":[{"href":"https:\/\/www.sociales.unlz.edu.ar\/index.php\/wp-json\/wp\/v2\/pages"}],"about":[{"href":"https:\/\/www.sociales.unlz.edu.ar\/index.php\/wp-json\/wp\/v2\/types\/page"}],"author":[{"embeddable":true,"href":"https:\/\/www.sociales.unlz.edu.ar\/index.php\/wp-json\/wp\/v2\/users\/8"}],"replies":[{"embeddable":true,"href":"https:\/\/www.sociales.unlz.edu.ar\/index.php\/wp-json\/wp\/v2\/comments?post=25378"}],"version-history":[{"count":7,"href":"https:\/\/www.sociales.unlz.edu.ar\/index.php\/wp-json\/wp\/v2\/pages\/25378\/revisions"}],"predecessor-version":[{"id":25430,"href":"https:\/\/www.sociales.unlz.edu.ar\/index.php\/wp-json\/wp\/v2\/pages\/25378\/revisions\/25430"}],"wp:attachment":[{"href":"https:\/\/www.sociales.unlz.edu.ar\/index.php\/wp-json\/wp\/v2\/media?parent=25378"}],"curies":[{"name":"wp","href":"https:\/\/api.w.org\/{rel}","templated":true}]}}