{"id":24935,"date":"2025-10-20T17:20:17","date_gmt":"2025-10-20T20:20:17","guid":{"rendered":"https:\/\/www.sociales.unlz.edu.ar\/?page_id=24935"},"modified":"2025-11-17T10:57:46","modified_gmt":"2025-11-17T13:57:46","slug":"preinscripcion-ingreso-2026","status":"publish","type":"page","link":"https:\/\/www.sociales.unlz.edu.ar\/index.php\/preinscripcion-ingreso-2026\/","title":{"rendered":"Preinscripci\u00f3n Ingreso 2026"},"content":{"rendered":"<p>[vc_row][vc_column][vc_column_text]<\/p>\n<h3><strong>Preinscripci\u00f3n Ingreso 2026<\/strong><\/h3>\n<h4>La Facultad de Ciencias Sociales de la Universidad Nacional de Lomas de Zamora (UNLZ) inicia el proceso de preinscripci\u00f3n para los y las aspirantes a comenzar una de sus carreras de grado en el ciclo lectivo 2026. El mismo se desarrolla en dos pasos: el primero de manera virtual y el segundo de forma presencial.<\/h4>\n<p>&nbsp;<\/p>\n<section class=\"vc_row wpb_row vc_row-fluid bg-light not-equal not-color\">\n<div class=\" container \">\n<div class=\"row \">\n<div class=\"wpb_column vc_column_container vc_col-sm-12\">\n<div class=\"vc_column-inner \">\n<div class=\"wpb_wrapper\">\n<div class=\"vc_row wpb_row vc_inner vc_row-fluid\">\n<div class=\"wpb_column vc_column_container vc_col-sm-12\">\n<div class=\"vc_column-inner \">\n<div class=\"wpb_wrapper\">\n<div class=\"wpb_text_column wpb_content_element \">\n<div class=\"wpb_wrapper\">\n<h3><strong>\u2022 Paso 1:<\/strong><\/h3>\n<h4>La<strong>\u00a0preinscripci\u00f3n<\/strong> es online, deber\u00e1s cargar la solicitud en la p\u00e1gina web de la Facultad (www.sociales.unlz.edu.ar)<\/h4>\n<h4>Ingresando al <a href=\"https:\/\/servicios.sociales.unlz.edu.ar\/preinscripcion\/?__o=\">SIU-Guaran\u00ed<\/a> (&#8220;Preinscripci\u00f3n 2026&#8221; del men\u00fa desplegable) del 10 al 14 de Noviembre 2025.<\/h4>\n<h4><strong><a href=\"https:\/\/www.sociales.unlz.edu.ar\/index.php\/2020\/03\/13\/instructivo-2020\/\">\u00bb Hac\u00e9 click y mir\u00e1 el instructivo<\/a><\/strong><\/h4>\n<h5 style=\"line-height: 1.84615; margin-top: 1.71429rem; margin-bottom: 1.71429rem; font-size: 0.928571rem;\"><img fetchpriority=\"high\" decoding=\"async\" class=\"alignnone wp-image-17341 \" src=\"https:\/\/www.sociales.unlz.edu.ar\/wp-content\/uploads\/2022\/10\/Diseno-sin-titulo-1-1-1024x683.png\" sizes=\"(max-width: 1024px) 100vw, 1024px\" srcset=\"https:\/\/www.sociales.unlz.edu.ar\/wp-content\/uploads\/2022\/10\/Diseno-sin-titulo-1-1-1024x683.png 1024w, https:\/\/www.sociales.unlz.edu.ar\/wp-content\/uploads\/2022\/10\/Diseno-sin-titulo-1-1-300x200.png 300w, https:\/\/www.sociales.unlz.edu.ar\/wp-content\/uploads\/2022\/10\/Diseno-sin-titulo-1-1-768x512.png 768w, https:\/\/www.sociales.unlz.edu.ar\/wp-content\/uploads\/2022\/10\/Diseno-sin-titulo-1-1-600x400.png 600w, https:\/\/www.sociales.unlz.edu.ar\/wp-content\/uploads\/2022\/10\/Diseno-sin-titulo-1-1.png 1200w\" alt=\"\" width=\"1098\" height=\"733\" \/><\/h5>\n<h3><strong>Importante:<\/strong><\/h3>\n<h4>\u00bb \u00a0Deber\u00e1s tener un <strong>correo electr\u00f3nico<\/strong> para ingresar al SIU-Guaran\u00ed.<\/h4>\n<h4>\u00bb Tendr\u00e1s que cargar nombre\/s y apellido\/s como figuran en el DNI.<\/h4>\n<h4><strong>Si ten\u00e9s inconvenientes para realizar el primer paso de la preinscripci\u00f3n escrib\u00ed a: <span class=\"a_GcMg font-feature-liga-off font-feature-clig-off font-feature-calt-off text-decoration-none text-strikethrough-none\">preinscripcion2026@sociales.unlz.edu.ar<\/span><\/strong><\/h4>\n<h4><em>(Toda consulta referida al ingreso 2026 solo ser\u00e1 respondida en el mencionado correo electr\u00f3nico. Otras v\u00edas de comunicaci\u00f3n ser\u00e1n desestimadas).<\/em><\/h4>\n<h4><strong>Otras consultas se realizan de manera presencial en el Departamento de Alumnos de lunes a viernes de 10 a 20 hs.<\/strong><\/h4>\n<\/div>\n<\/div>\n<\/div>\n<\/div>\n<\/div>\n<\/div>\n<\/div>\n<\/div>\n<\/div>\n<\/div>\n<\/div>\n<\/section>\n<p>\u00a0[\/vc_column_text][vc_video link=&#8221;https:\/\/youtu.be\/fj2t33LWorA?si=6JDw9NhF-CR0ve_5&#8243;][\/vc_column][\/vc_row][vc_row][vc_column][vc_column_text]<\/p>\n<section class=\"vc_row wpb_row vc_row-fluid bg-light not-equal not-color\">\n<div class=\" container \">\n<div class=\"row \">\n<div class=\"wpb_column vc_column_container vc_col-sm-12\">\n<div class=\"vc_column-inner \">\n<div class=\"wpb_wrapper\">\n<div class=\"vc_row wpb_row vc_inner vc_row-fluid\">\n<div class=\"wpb_column vc_column_container vc_col-sm-12\">\n<div class=\"vc_column-inner \">\n<div class=\"wpb_wrapper\">\n<div class=\"wpb_text_column wpb_content_element \">\n<h4 class=\"wpb_wrapper\"><\/h4>\n<\/div>\n<\/div>\n<\/div>\n<\/div>\n<\/div>\n<\/div>\n<\/div>\n<\/div>\n<\/div>\n<\/div>\n<\/section>\n<section class=\"vc_row wpb_row vc_row-fluid bg-light not-equal not-color\">\n<div class=\" container \">\n<div class=\"row \">\n<div class=\"wpb_column vc_column_container vc_col-sm-12\">\n<div class=\"vc_column-inner \">\n<div class=\"wpb_wrapper\">\n<div class=\"wpb_text_column wpb_content_element \">\n<div class=\"wpb_wrapper\">\n<h3><strong>Paso 2:<\/strong><\/h3>\n<h4>Concurrir a la Facultad del<strong> 17 al 28\/11<\/strong>\u00a0de<strong>\u00a010:00 a 13:00 hs<\/strong>\u00a0o de\u00a0<strong>16:00 a 19:00 hs<\/strong> seg\u00fan el siguiente cronograma:<\/h4>\n<table>\n<tbody>\n<tr>\n<td>\n<h5><b>D\u00eda de presentaci\u00f3n de documentaci\u00f3n:<\/b><\/h5>\n<\/td>\n<td>\n<h5><b>Terminaci\u00f3n de DNI:<\/b><\/h5>\n<\/td>\n<\/tr>\n<tr>\n<td><span style=\"font-weight: 400;\">Lunes 17 de noviembre\u00a0<\/span><\/td>\n<td><span style=\"font-weight: 400;\">0 y 1<\/span><\/td>\n<\/tr>\n<tr>\n<td><span style=\"font-weight: 400;\">Martes 18 de noviembre<\/span><\/td>\n<td><span style=\"font-weight: 400;\">2 y 3<\/span><\/td>\n<\/tr>\n<tr>\n<td><span style=\"font-weight: 400;\">Jueves 20 de noviembre<\/span><\/td>\n<td><span style=\"font-weight: 400;\">6 y 7<\/span><\/td>\n<\/tr>\n<tr>\n<td><span style=\"font-weight: 400;\">Jueves 27 de noviembre<\/span><\/td>\n<td><span style=\"font-weight: 400;\">8 y 9<\/span><\/td>\n<\/tr>\n<tr>\n<td>Viernes 28 de noviembre<\/td>\n<td>4 y 5<\/td>\n<\/tr>\n<\/tbody>\n<\/table>\n<\/div>\n<\/div>\n<div class=\"vc_row wpb_row vc_inner vc_row-fluid\">\n<div class=\"wpb_column vc_column_container vc_col-sm-12\">\n<div class=\"vc_column-inner \">\n<div class=\"wpb_wrapper\">\n<div class=\"wpb_text_column wpb_content_element \"><\/div>\n<\/div>\n<\/div>\n<\/div>\n<\/div>\n<\/div>\n<\/div>\n<\/div>\n<\/div>\n<\/div>\n<\/section>\n<section class=\"vc_row wpb_row vc_row-fluid bg-light not-equal not-color\">\n<div class=\" container \">\n<div class=\"row \">\n<div class=\"wpb_column vc_column_container vc_col-sm-12\">\n<div class=\"vc_column-inner \">\n<div class=\"wpb_wrapper\">\n<div class=\"wpb_text_column wpb_content_element \">\n<div class=\"wpb_wrapper\">\n<h3>\u2022\u00a0<strong>Documentaci\u00f3n a presentar:<\/strong><\/h3>\n<h4>\u2217 Ficha de inscripci\u00f3n impresa (es la generada a trav\u00e9s del sistema SIU- Guaran\u00ed).<\/h4>\n<h4>\u2217 DNI.<\/h4>\n<h4>\u2217 T\u00edtulo Secundario o Certificado de T\u00edtulo en tr\u00e1mite.<\/h4>\n<h4>\u2217 Constancia de Alumno Regular para quienes a\u00fan no tengan Certificado de T\u00edtulo en Tr\u00e1mite (\u00faltimo plazo para la entrega de dicho certificado el 19 de Diciembre de 2025).<\/h4>\n<h4>\u2217 Certificado de Trabajo (para garantizar el turno, dado que la elecci\u00f3n del mismo estar\u00e1 condicionada a la disponibilidad edilicia).<\/h4>\n<p>&nbsp;<\/p>\n<\/div>\n<\/div>\n<\/div>\n<\/div>\n<\/div>\n<\/div>\n<\/div>\n<\/section>\n<section class=\"vc_row wpb_row vc_row-fluid bg-light not-equal not-color\">\n<div class=\" container \">\n<div class=\"row \">\n<div class=\"wpb_column vc_column_container vc_col-sm-12\">\n<div class=\"vc_column-inner \">\n<div class=\"wpb_wrapper\">\n<div class=\"wpb_text_column wpb_content_element \">\n<div class=\"wpb_wrapper\">\n<h3><strong>IMPORTANTE:<\/strong><\/h3>\n<h4>Para poder realizar el PASO 2 tendr\u00e1s que haber realizado previamente y en las fechas establecidas el PASO 1.<\/h4>\n<h4><strong>Para quedar preinscripto\/a a la Facultad deber\u00e1s cumplir sin excepci\u00f3n con los dos PASOS de la preinscripci\u00f3n en las fechas estipuladas.<\/strong><\/h4>\n<\/div>\n<\/div>\n<\/div>\n<\/div>\n<\/div>\n<\/div>\n<\/div>\n<\/section>\n<section class=\"vc_row wpb_row vc_row-fluid bg-light not-equal not-color\">\n<div class=\" container \">\n<div class=\"row \">\n<div class=\"wpb_column vc_column_container vc_col-sm-12\">\n<div class=\"vc_column-inner \">\n<div class=\"wpb_wrapper\">\n<div class=\"wpb_text_column wpb_content_element \">\n<div class=\"wpb_wrapper\">\n<h3><strong><em>CURSO DE INGRESO<\/em><\/strong><\/h3>\n<h4>Para ingresar a la Facultad\u00a0<strong>deber\u00e1s aprobar el CURSO DE INGRESO OBLIGATORIO<\/strong> que tendr\u00e1 una clase inicial en<br \/>\nla semana del 1 al 5 de Diciembre y se desarrollar\u00e1 del 02\/02 al 06\/03 de 2026.<\/h4>\n<h4><strong>Estar\u00e1n exceptuados del curso de ingreso quienes sean graduados universitarios con t\u00edtulo de grado de 4 a\u00f1os o m\u00e1s.\u00a0<\/strong><\/h4>\n<h4 class=\"p1\">Turnos:<\/h4>\n<h4 class=\"p2\">Ma\u00f1ana de 9 a 12 hs.<\/h4>\n<h4 class=\"p2\">Tarde de 14 a 17 hs.<\/h4>\n<h4 class=\"p2\">Noche de 18 a 21 hs.<\/h4>\n<\/div>\n<\/div>\n<\/div>\n<\/div>\n<\/div>\n<\/div>\n<\/div>\n<\/section>\n<p>[\/vc_column_text][\/vc_column][\/vc_row]<\/p>\n","protected":false},"excerpt":{"rendered":"<p>[vc_row][vc_column][vc_column_text] Preinscripci\u00f3n Ingreso 2026 La Facultad de Ciencias Sociales de la Universidad Nacional de Lomas de&#8230;<\/p>\n","protected":false},"author":8,"featured_media":0,"parent":0,"menu_order":0,"comment_status":"closed","ping_status":"closed","template":"","meta":{"footnotes":""},"class_list":["post-24935","page","type-page","status-publish","hentry"],"_links":{"self":[{"href":"https:\/\/www.sociales.unlz.edu.ar\/index.php\/wp-json\/wp\/v2\/pages\/24935","targetHints":{"allow":["GET"]}}],"collection":[{"href":"https:\/\/www.sociales.unlz.edu.ar\/index.php\/wp-json\/wp\/v2\/pages"}],"about":[{"href":"https:\/\/www.sociales.unlz.edu.ar\/index.php\/wp-json\/wp\/v2\/types\/page"}],"author":[{"embeddable":true,"href":"https:\/\/www.sociales.unlz.edu.ar\/index.php\/wp-json\/wp\/v2\/users\/8"}],"replies":[{"embeddable":true,"href":"https:\/\/www.sociales.unlz.edu.ar\/index.php\/wp-json\/wp\/v2\/comments?post=24935"}],"version-history":[{"count":23,"href":"https:\/\/www.sociales.unlz.edu.ar\/index.php\/wp-json\/wp\/v2\/pages\/24935\/revisions"}],"predecessor-version":[{"id":25429,"href":"https:\/\/www.sociales.unlz.edu.ar\/index.php\/wp-json\/wp\/v2\/pages\/24935\/revisions\/25429"}],"wp:attachment":[{"href":"https:\/\/www.sociales.unlz.edu.ar\/index.php\/wp-json\/wp\/v2\/media?parent=24935"}],"curies":[{"name":"wp","href":"https:\/\/api.w.org\/{rel}","templated":true}]}}