{"id":24776,"date":"2025-09-04T10:44:19","date_gmt":"2025-09-04T13:44:19","guid":{"rendered":"https:\/\/www.sociales.unlz.edu.ar\/?page_id=24776"},"modified":"2025-09-04T10:44:19","modified_gmt":"2025-09-04T13:44:19","slug":"segunda-circular-ii-congreso-de-imaginarios-argentinos","status":"publish","type":"page","link":"https:\/\/www.sociales.unlz.edu.ar\/index.php\/segunda-circular-ii-congreso-de-imaginarios-argentinos\/","title":{"rendered":"Segunda Circular | II Congreso de Imaginarios Argentinos"},"content":{"rendered":"<h4 style=\"text-align: center;\"><strong>Segunda Circular<\/strong><\/h4>\n<p style=\"text-align: center;\"><span style=\"color: #000000;\"><strong><u>Presentaci\u00f3n de trabajos y funcionamiento del Congreso<\/u><\/strong><\/span><\/p>\n<p style=\"text-align: center;\"><span style=\"color: #000000;\"><strong><u>Cronograma<\/u><\/strong><\/span><\/p>\n<h4 style=\"text-align: center;\"><span style=\"color: #000000;\">Recepci\u00f3n de Res\u00famenes: <strong>hasta el 25 de agosto<\/strong><\/span><\/h4>\n<h4 style=\"text-align: center;\"><span style=\"color: #000000;\"><strong>Inscripci\u00f3n para ponencias: env\u00edo de res\u00famenes <a href=\"https:\/\/forms.gle\/sUN3dz5eTudnM54x7\">https:\/\/forms.gle\/sUN3dz5eTudnM54x7<\/a><\/strong><\/span><\/h4>\n<h4 style=\"text-align: center;\"><span style=\"color: #000000;\">Comunicaci\u00f3n de aceptaci\u00f3n de ponencias:<strong> del 18 al 20 de agosto<\/strong><\/span><\/h4>\n<h4 style=\"text-align: center;\"><span style=\"color: #000000;\">Env\u00edo de trabajos completos aceptados:<strong> hasta el 30 de agosto<\/strong><\/span><\/h4>\n<p style=\"text-align: center;\"><span style=\"color: #000000;\"><strong><u>Condiciones y requisitos<\/u><\/strong><\/span><\/p>\n<ol style=\"text-align: center;\">\n<li><span style=\"color: #000000;\">Los trabajos deber\u00e1n ser in\u00e9ditos.<\/span><\/li>\n<\/ol>\n<p style=\"text-align: center;\"><span style=\"color: #000000;\">Se espera que, en correspondencia con el t\u00edtulo del Congreso, aludan a imaginarios y propuestas sobre Pa\u00eds, Ciudadan\u00eda y Democracia, as\u00ed como a temas o actividades significativas de \u201clo argentino\u201d que se ofrecer\u00e1n en los espacios de trabajo de cada jornada, tales como Crisis y Cambios, Participaci\u00f3n, Universidad, Relaci\u00f3n con \u201cel Mundo\u201d, Humor, Psicoan\u00e1lisis, F\u00fatbol, Radio, Periodismo, Literatura, entre otros<\/span><\/p>\n<ol style=\"text-align: center;\">\n<li><span style=\"color: #000000;\">Se admitir\u00e1 s\u00f3lo un trabajo por autor, ya sea que se trate de un trabajo individual o como integrante de un equipo<\/span><\/li>\n<li><span style=\"color: #000000;\">Se aceptar\u00e1n trabajos que den cuenta de investigaciones preliminares, exploratorias o en curso, as\u00ed como de los que est\u00e9n concluidos o constituyan una unidad en s\u00ed mismos<\/span><\/li>\n<li><span style=\"color: #000000;\">La extensi\u00f3n m\u00e1xima de los trabajos, incluidas notas y bibliograf\u00eda, ser\u00e1 de 6 (seis) p\u00e1ginas formato A4, tipograf\u00eda Arial tama\u00f1o 12, interlineado 1.5, m\u00e1rgenes 3 cm. En formato Microsoft Word. Las notas ir\u00e1n a pie de p\u00e1gina, numer\u00e1ndolas correlativamente.<\/span><\/li>\n<li><span style=\"color: #000000;\">Todos los trabajos que resulten aceptados ser\u00e1n pasibles de ser publicados en las actas del Congreso y se har\u00e1n los mayores esfuerzos para que todos puedan ser expuestos. De no resultar posible de acuerdo al n\u00famero final y a los espacios de tiempo disponibles, se determinar\u00e1 a partir de su mayor pertinencia en relaci\u00f3n a los prop\u00f3sitos del Congreso, qu\u00e9 trabajos ser\u00e1n invitados a exponerse, y ser\u00e1 informado v\u00eda correo electr\u00f3nico en la fecha que se indica.<\/span><\/li>\n<\/ol>\n<p style=\"text-align: center;\"><span style=\"color: #000000;\">Dicha exposici\u00f3n no podr\u00e1 superar en ning\u00fan caso -esto es, cualquiera sea el soporte t\u00e9cnico o recurso que se utilice- los 10 minutos.<\/span><\/p>\n<ol style=\"text-align: center;\">\n<li><span style=\"color: #000000;\">En caso de que la\/el expositor\/a viva a m\u00e1s de 200 km de distancia, y se encuentre con impedimentos para viajar, podr\u00e1 presentar un video de su ponencia, de un m\u00e1ximo de 10 (diez) minutos. Los requisitos del mismo se detallar\u00e1n por correo electr\u00f3nico que se enviar\u00e1 luego de la aceptaci\u00f3n del trabajo. Asimismo, deber\u00e1 estar presente de manera virtual para las preguntas que resulten de su presentaci\u00f3n.<\/span><\/li>\n<\/ol>\n<p style=\"text-align: center;\"><span style=\"color: #000000;\">Para unificar criterios de edici\u00f3n se solicita atenerse a las establecidas seg\u00fan normas APA 2021 y sus actualizaciones. Para ejemplificar las formas de cita:<\/span><\/p>\n<p style=\"text-align: center;\"><span style=\"color: #000000;\">En el texto: (Apellido del autor citado, a\u00f1o: p\u00e1gina).<\/span><\/p>\n<ul style=\"text-align: center;\">\n<li><span style=\"color: #000000;\">Al final del texto, como bibliograf\u00eda citada: APELLIDO, Nombre, (A\u00f1o) &#8211; T\u00edtulo de la obra citada en bastardilla. Ciudad y pa\u00eds: Editorial.<\/span><\/li>\n<li><span style=\"color: #000000;\">Si se trata de art\u00edculos, en la bibliograf\u00eda citada: APELLIDO, Nombre, (A\u00f1o) &#8211; T\u00edtulo de la obra citada en bastardilla. En: Nombre de la publicaci\u00f3n, tomo: n\u00fameros de p\u00e1ginas que comprende el art\u00edculo. Ciudad, pa\u00eds: Editorial.<\/span><\/li>\n<li><span style=\"color: #000000;\">Si se trata de cap\u00edtulo de libro: APELLIDO, Nombre, (A\u00f1o) &#8211; T\u00edtulo de la obra citada en bastardilla. En: nombre del compilador, Nombre en bastardilla del libro, tomo: n\u00fameros de p\u00e1ginas que comprende el cap\u00edtulo citado. Ciudad, pa\u00eds: Editorial.<\/span><\/li>\n<\/ul>\n<p style=\"text-align: center;\"><span style=\"color: #000000;\">Para la cita de art\u00edculos digitalizados, p\u00e1ginas webs, blogs y otros, consultar en:<\/span><br \/>\n<span style=\"color: #3366ff;\"><a style=\"color: #3366ff;\" href=\"https:\/\/normasapa.com\/\">https:\/\/normasapa.com\/<\/a><\/span><\/p>\n<p style=\"text-align: center;\"><span style=\"color: #000000;\"><strong><u>Env\u00edos<\/u><\/strong><\/span><\/p>\n<p style=\"text-align: center;\"><span style=\"color: #000000;\"><strong>Res\u00famenes<\/strong><\/span><\/p>\n<p style=\"text-align: center;\"><span style=\"color: #000000;\">Se deber\u00e1 presentar un resumen escrito que no supere las 300 palabras al momento de la inscripci\u00f3n, a trav\u00e9s del formulario habilitado al respecto.<\/span><br \/>\n<span style=\"color: #000000;\">El resumen deber\u00e1 consignar:<\/span><\/p>\n<ul style=\"text-align: center;\">\n<li><span style=\"color: #000000;\">T\u00edtulo del trabajo, nombre y filiaci\u00f3n institucional de autores\/as.<\/span><\/li>\n<li><span style=\"color: #000000;\">\u00c1rea tem\u00e1tica en la cual se inscribe la propuesta<\/span><\/li>\n<li><span style=\"color: #000000;\">Tres palabras clave.<\/span><\/li>\n<\/ul>\n<p style=\"text-align: center;\"><span style=\"color: #000000;\">Deber\u00e1 indicar claramente el tema central que se propondr\u00e1, la relaci\u00f3n que se establece con la tem\u00e1tica del Congreso, y el motivo de inter\u00e9s de su presentaci\u00f3n.<\/span><\/p>\n<p style=\"text-align: center;\"><span style=\"color: #000000;\">En archivo de Word, tama\u00f1o de p\u00e1gina A4 (29,7 x 21 cm), en sentido vertical, con 2,5 cm en los m\u00e1rgenes izquierdo, derecho, superior e inferior, tipo de letra Arial, tama\u00f1o 12, interlineado 1,5.<\/span><\/p>\n<p style=\"text-align: center;\"><span style=\"color: #000000;\">Dicho archivo deber\u00e1 titularse:<\/span><\/p>\n<p style=\"text-align: center;\"><span style=\"color: #000000;\">Apellido (del \/los\/as autores\/as)\/ T\u00edtulo del trabajo\/ Nombre del eje tem\u00e1tico (Ej. Perez y Gonzalez\/La imaginaci\u00f3n argentina\/Cultura)<\/span><\/p>\n<p style=\"text-align: center;\"><span style=\"color: #000000;\">La recepci\u00f3n de los res\u00famenes ser\u00e1 hasta el 15 de agosto inclusive y deber\u00e1 realizarse a trav\u00e9s del formulario que se habilitar\u00e1 en la pr\u00f3xima publicaci\u00f3n.<\/span><\/p>\n<p style=\"text-align: center;\"><span style=\"color: #000000;\"><strong>Trabajos completos<\/strong><\/span><\/p>\n<p style=\"text-align: center;\"><span style=\"color: #000000;\">Una vez recibida la comunicaci\u00f3n de la aceptaci\u00f3n, para el env\u00edo del trabajo completo se observar\u00e1n las mismas pautas formales que para el de los res\u00famenes en cuanto al tipo de archivo, y manera de titularlo, con las especificaciones de m\u00e1rgenes y extensi\u00f3n que se establecen en Condiciones y requisitos.<\/span><\/p>\n<p style=\"text-align: center;\"><span style=\"color: #000000;\">Se har\u00e1 a trav\u00e9s del formulario que se habilitar\u00e1 oportunamente a tal efecto.<\/span><\/p>\n<p style=\"text-align: center;\"><span style=\"color: #000000;\"><strong>Contribuciones y aportes al debate<\/strong><\/span><\/p>\n<p style=\"text-align: center;\"><span style=\"color: #000000;\">Quienes<strong> no presenten trabajos<\/strong> y quieran contribuir o aportar al debate, pueden enviarnos su propuesta a trav\u00e9s del formulario de inscripci\u00f3n al Congreso, al final de la parte \u201cBreve comentario sobre qu\u00e9 lo motiva para asistir a nuestro Congreso\u2026\u201d\u00a0 indicando all\u00ed \u201cContribuci\u00f3n\/Aporte Tema tal&#8230; \u201c en una extensi\u00f3n <u>no mayor a 10 renglones.<\/u><\/span><\/p>\n<p style=\"text-align: center;\"><span style=\"color: #000000;\">Dichas contribuciones o aportes podr\u00e1n ser le\u00eddos en el transcurso de los espacios del Congreso que correspondan al tema.<\/span><\/p>\n<p style=\"text-align: center;\"><span style=\"color: #000000;\"><strong><u>Programaci\u00f3n de Actividades<\/u><\/strong><\/span><\/p>\n<p style=\"text-align: center;\"><span style=\"color: #000000;\">Para el funcionamiento del Congreso se proyecta distribuir las actividades de la misma manera en sus dos jornadas.<\/span><\/p>\n<p style=\"text-align: center;\"><span style=\"color: #000000;\">En las franjas que van de 9.00 a 12.30 y de 14.00 a 17.30, presentaciones con invitados, ponencias, mesas tem\u00e1ticas con comisiones de trabajo, talleres y plenarios.<\/span><\/p>\n<p style=\"text-align: center;\"><span style=\"color: #000000;\">En las franjas de 18.00 a 21.00 se prev\u00e9 reunir Conferencias, Conversatorios y Paneles.<\/span><\/p>\n<p style=\"text-align: center;\"><span style=\"color: #000000;\">Durante el mes de agosto estaremos publicando el Programa.<\/span><\/p>\n<p style=\"text-align: center;\"><span style=\"color: #000000;\">Cualquier actualizaci\u00f3n de la informaci\u00f3n sobre el Congreso, as\u00ed como cualquier aviso de modificaciones, la Facultad los informar\u00e1 por los medios utilizados para esta comunicaci\u00f3n y mediante sus redes sociales.<\/span><\/p>\n<p style=\"text-align: center;\"><strong><span style=\"color: #000000;\">Para cualquier tipo de consulta, dirigirse a <span style=\"color: #3366ff;\"><a style=\"color: #3366ff;\" href=\"mailto:institucionales@sociales.unlz.edu.ar\">institucionales@sociales.unlz.edu.ar<\/a><\/span><\/span><\/strong><\/p>\n","protected":false},"excerpt":{"rendered":"<p>Segunda Circular Presentaci\u00f3n de trabajos y funcionamiento del Congreso Cronograma Recepci\u00f3n de Res\u00famenes: hasta el 25&#8230;<\/p>\n","protected":false},"author":8,"featured_media":0,"parent":0,"menu_order":0,"comment_status":"closed","ping_status":"closed","template":"","meta":{"footnotes":""},"class_list":["post-24776","page","type-page","status-publish","hentry"],"_links":{"self":[{"href":"https:\/\/www.sociales.unlz.edu.ar\/index.php\/wp-json\/wp\/v2\/pages\/24776","targetHints":{"allow":["GET"]}}],"collection":[{"href":"https:\/\/www.sociales.unlz.edu.ar\/index.php\/wp-json\/wp\/v2\/pages"}],"about":[{"href":"https:\/\/www.sociales.unlz.edu.ar\/index.php\/wp-json\/wp\/v2\/types\/page"}],"author":[{"embeddable":true,"href":"https:\/\/www.sociales.unlz.edu.ar\/index.php\/wp-json\/wp\/v2\/users\/8"}],"replies":[{"embeddable":true,"href":"https:\/\/www.sociales.unlz.edu.ar\/index.php\/wp-json\/wp\/v2\/comments?post=24776"}],"version-history":[{"count":1,"href":"https:\/\/www.sociales.unlz.edu.ar\/index.php\/wp-json\/wp\/v2\/pages\/24776\/revisions"}],"predecessor-version":[{"id":24777,"href":"https:\/\/www.sociales.unlz.edu.ar\/index.php\/wp-json\/wp\/v2\/pages\/24776\/revisions\/24777"}],"wp:attachment":[{"href":"https:\/\/www.sociales.unlz.edu.ar\/index.php\/wp-json\/wp\/v2\/media?parent=24776"}],"curies":[{"name":"wp","href":"https:\/\/api.w.org\/{rel}","templated":true}]}}