{"id":24473,"date":"2025-07-23T11:11:27","date_gmt":"2025-07-23T14:11:27","guid":{"rendered":"https:\/\/www.sociales.unlz.edu.ar\/?page_id=24473"},"modified":"2025-07-25T18:56:31","modified_gmt":"2025-07-25T21:56:31","slug":"ii-congreso-sobre-imaginarios-argentinos-e-identidad-segunda-circular","status":"publish","type":"page","link":"https:\/\/www.sociales.unlz.edu.ar\/index.php\/ii-congreso-sobre-imaginarios-argentinos-e-identidad-segunda-circular\/","title":{"rendered":"II Congreso sobre Imaginarios Argentinos e Identidad | Segunda Circular"},"content":{"rendered":"<p>[vc_row][vc_column][vc_column_text]<\/p>\n<h2 style=\"text-align: center;\"><strong>II Congreso sobre Imaginarios Argentinos e Identidad<\/strong><br \/>\n<strong>Los desaf\u00edos de siempre, m\u00e1s que nunca\u2026<\/strong><\/h2>\n<h4 style=\"text-align: center;\">Pa\u00eds, Ciudadan\u00eda, Democracia<br \/>\nC\u00f3mo los imaginamos, qu\u00e9 nos proponemos<br \/>\nUn encuentro entre producciones, di\u00e1logos, debates y espacios de reflexi\u00f3n, a prop\u00f3sito de lo argentino\u2026<\/h4>\n<h5 style=\"text-align: center;\"><strong>11 y 12 de septiembre de 2025<\/strong><br \/>\nFacultad de Ciencias Sociales<br \/>\nUniversidad Nacional de Lomas de Zamora<br \/>\nCampus Universitario<br \/>\nCamino de Cintura y Juan XXIII<\/h5>\n<p style=\"text-align: center;\"><strong>Primera Circular<\/strong><br \/>\nPasados nuestros primeros 40 a\u00f1os de democracia ininterrumpida, organizamos este Congreso con una particular expectativa por el momento que nos atraviesa a nosotros como pa\u00eds, y a nuestra democracia como sistema y como forma de vida elegida.<\/p>\n<p style=\"text-align: center;\">La convocatoria a producir, exponer, dialogar, debatir, reflexionar, sobre nosotros mismos\u2026, antes y ahora\u2026, atiende y apunta a una necesidad profunda de mirarnos y pensarnos de nuevo, una vez m\u00e1s\u2026<\/p>\n<p style=\"text-align: center;\">El Proyecto Imaginarios Argentinos e Identidad, que lleva ya casi 20 a\u00f1os, se integra por un colectivo interdisciplinario conformado por investigadores, docentes, y estudiantes de distintas \u00e1reas de las ciencias sociales, que trabaja en torno a los imaginarios argentinos y a los procesos de construcci\u00f3n de identidad que se materializan en la comunicaci\u00f3n masiva, en el sistema educativo y en la cultura ciudadana.<\/p>\n<p style=\"text-align: center;\">Y cuenta a su vez con la participaci\u00f3n de un conjunto creciente de Equipos de C\u00e1tedra y de Investigaci\u00f3n que se integran a\u00f1o a a\u00f1o en acciones y actividades de intercambio y de extensi\u00f3n.<\/p>\n<p style=\"text-align: center;\">El Seminario Imaginarios Argentinos e Identidad, que se dicta regularmente en la Facultad de Ciencias Sociales de la Universidad Nacional de Lomas de Zamora como espacio curricular acad\u00e9mico para la Formaci\u00f3n de Grado -abierto asimismo a otros miembros y actores institucionales interesados en la tem\u00e1tica- fue y es el espacio fundante del Proyecto.<\/p>\n<p style=\"text-align: center;\">En \u00e9l entendemos por imaginarios argentinos, representaciones y creencias que circulan en el \u201cdecir\u201d nuestro de cada d\u00eda, expresando c\u00f3mo nos vemos a nosotros mismos en nuestra \u201ccondici\u00f3n\u201d de argentinos; y por identidad, procesos de construcci\u00f3n social e hist\u00f3rica referidos al sentido de pertenencia de personas, grupos, comunidades o sociedades, que \u00b4definen\u00b4 para sus actores el \u00b4qui\u00e9nes son\u00b4 a partir de lo que tienen en com\u00fan y de lo que los diferencia de quienes adscriben a otros sentidos de pertenencia.<\/p>\n<p style=\"text-align: center;\">En nuestro caso, estudiamos procesos de construcci\u00f3n de identidades colectivas que tienen origen en nuestro territorio en relaci\u00f3n a la idea de pa\u00eds, de naci\u00f3n, y de \u2018qu\u00e9 somos\u2019 los argentinos, y a lo largo de nuestro recorrido hemos comprobado que cada vez que nos pensamos como Naci\u00f3n, o en el \u201chacer\u201c o \u201cre-fundar\u201d el Pa\u00eds, todas las propuestas, a partir de esos imaginarios sociales en alusi\u00f3n a nuestra condici\u00f3n de argentinos, son construcciones en disputa acerca de qui\u00e9nes conforman el \u201cnosotros\u201d argentino y qui\u00e9nes no.<\/p>\n<p style=\"text-align: center;\">Y est\u00e1n, desde las fuentes de los revolucionarios de Mayo en el siglo XIX, pasando por las postuladas en nuestros diversos \u2018nacionalismos\u2019 en el siglo XX, hasta las actuales sobre qu\u00e9 es y qu\u00e9 va a ser \u201cla Argentina\u201d en el siglo XXI.<br \/>\nDe ah\u00ed, esa necesidad profunda de la que habl\u00e1bamos al principio, y el sentido de la convocatoria de este Congreso: producir, exponer, dialogar, debatir, reflexionar, sobre nosotros mismos, antes y ahora\u2026, hoy.<\/p>\n<p>&nbsp;<\/p>\n<p style=\"text-align: center;\"><strong>DESTINATARIOS<\/strong><br \/>\n\u2022 Docentes Investigadores y Equipos de C\u00e1tedra de instituciones interesadas en problem\u00e1ticas de identidad, ciudadan\u00eda, democracia<br \/>\n\u2022 Estudiantes orientados a la investigaci\u00f3n de estas tem\u00e1ticas, a la ense\u00f1anza y a la comunicaci\u00f3n<br \/>\n\u2022 Comunicadores<br \/>\n\u2022 Agentes de Organismos P\u00fablicos y de Organizaciones intermedias<br \/>\n\u2022 Docentes de Escuelas y de Institutos de Formaci\u00f3n<\/p>\n<p style=\"text-align: center;\"><strong>ACTIVIDADES<\/strong><br \/>\n\u2022 Mesas tem\u00e1ticas<br \/>\n\u2022 Talleres<br \/>\n\u2022 Ponencias<br \/>\n\u2022 Contribuciones y aportes al debate<br \/>\n\u2022 Trabajo por comisiones<br \/>\n\u2022 Plenarios<br \/>\n\u2022 Conferencias<br \/>\n\u2022 Conversatorios<br \/>\n\u2022 Paneles<\/p>\n<p style=\"text-align: center;\">En todos los casos, con tiempo y espacio para preguntar, dialogar, reflexionar, discutir.<br \/>\n<strong>\u00c1REAS TEM\u00c1TICAS<\/strong> para ponencias, contribuciones y aportes al debate<br \/>\n\u2022 Sociedad<br \/>\n\u2022 Cultura<br \/>\n\u2022 Comunicaci\u00f3n<br \/>\n\u2022 Pol\u00edtica<br \/>\n\u2022 Econom\u00eda<br \/>\n\u2022 Historia<\/p>\n<p style=\"text-align: center;\"><strong>PROP\u00d3SITOS<\/strong><br \/>\n\u2022 Problematizar contenidos y hechos que giran en torno a la construcci\u00f3n de \u201clo argentino\u00a8 en nuestras pr\u00e1cticas cotidianas, en la vida com\u00fan, en nuestras \u00e1reas de trabajo<br \/>\n\u2022 Analizar, reflexionar y discutir, sobre sus formas de producci\u00f3n<\/p>\n<p style=\"text-align: center;\"><strong>OBJETIVOS<\/strong><br \/>\n\u2022 Contribuir a la conformaci\u00f3n de espacios de reflexi\u00f3n y discusi\u00f3n con especialistas y colegas de distintas \u00e1reas disciplinares en torno a la problem\u00e1tica de la identidad nacional y de nuestros imaginarios de argentinos en nuestro sentido com\u00fan, y en sus cambios y sus tr\u00e1nsitos<br \/>\n\u2022 Establecer circuitos perdurables de comunicaci\u00f3n e intercambio entre los interesados<br \/>\n\u2022 Estimular la producci\u00f3n de conocimiento en el campo de las identidades y de las representaciones sociales en general<\/p>\n<p style=\"text-align: center;\">Durante las pr\u00f3ximas semanas, en nuestra Segunda Circular, detallaremos las pautas para la presentaci\u00f3n de ponencias, contribuciones y aportes al debate, el cronograma de env\u00edos, las l\u00edneas generales del funcionamiento del Congreso, y un esquema del programa.<\/p>\n<p style=\"text-align: center;\"><strong>Si mientras tanto desean contactarse con nosotros, dirigirse a <a href=\"mailto:institucionales@sociales.unlz.edu.ar\">institucionales@sociales.unlz.edu.ar<\/a><\/strong><\/p>\n<p>[\/vc_column_text][\/vc_column][\/vc_row]<\/p>\n","protected":false},"excerpt":{"rendered":"<p>[vc_row][vc_column][vc_column_text] II Congreso sobre Imaginarios Argentinos e Identidad Los desaf\u00edos de siempre, m\u00e1s que nunca\u2026 Pa\u00eds,&#8230;<\/p>\n","protected":false},"author":8,"featured_media":0,"parent":0,"menu_order":0,"comment_status":"closed","ping_status":"closed","template":"","meta":{"footnotes":""},"class_list":["post-24473","page","type-page","status-publish","hentry"],"_links":{"self":[{"href":"https:\/\/www.sociales.unlz.edu.ar\/index.php\/wp-json\/wp\/v2\/pages\/24473","targetHints":{"allow":["GET"]}}],"collection":[{"href":"https:\/\/www.sociales.unlz.edu.ar\/index.php\/wp-json\/wp\/v2\/pages"}],"about":[{"href":"https:\/\/www.sociales.unlz.edu.ar\/index.php\/wp-json\/wp\/v2\/types\/page"}],"author":[{"embeddable":true,"href":"https:\/\/www.sociales.unlz.edu.ar\/index.php\/wp-json\/wp\/v2\/users\/8"}],"replies":[{"embeddable":true,"href":"https:\/\/www.sociales.unlz.edu.ar\/index.php\/wp-json\/wp\/v2\/comments?post=24473"}],"version-history":[{"count":10,"href":"https:\/\/www.sociales.unlz.edu.ar\/index.php\/wp-json\/wp\/v2\/pages\/24473\/revisions"}],"predecessor-version":[{"id":24505,"href":"https:\/\/www.sociales.unlz.edu.ar\/index.php\/wp-json\/wp\/v2\/pages\/24473\/revisions\/24505"}],"wp:attachment":[{"href":"https:\/\/www.sociales.unlz.edu.ar\/index.php\/wp-json\/wp\/v2\/media?parent=24473"}],"curies":[{"name":"wp","href":"https:\/\/api.w.org\/{rel}","templated":true}]}}