{"id":24397,"date":"2025-07-17T10:37:36","date_gmt":"2025-07-17T13:37:36","guid":{"rendered":"https:\/\/www.sociales.unlz.edu.ar\/?page_id=24397"},"modified":"2025-09-05T16:08:21","modified_gmt":"2025-09-05T19:08:21","slug":"ii-congreso-sobre-imaginarios-argentinos-e-identidad-2","status":"publish","type":"page","link":"https:\/\/www.sociales.unlz.edu.ar\/index.php\/ii-congreso-sobre-imaginarios-argentinos-e-identidad-2\/","title":{"rendered":"II Congreso sobre Imaginarios Argentinos e Identidad"},"content":{"rendered":"<p>[vc_row][vc_column][vc_column_text]<\/p>\n<h2 style=\"text-align: center;\"><strong>II Congreso sobre Imaginarios Argentinos e Identidad<\/strong><\/h2>\n<h4 style=\"text-align: center;\"><em>Los desaf\u00edos de siempre, m\u00e1s que nunca\u2026<\/em><br \/>\n<em>Pa\u00eds, Ciudadan\u00eda, Democracia<\/em><\/h4>\n<h4 style=\"text-align: center;\"><em>\u00bfC\u00f3mo los imaginamos, qu\u00e9 nos proponemos?<\/em><br \/>\n<em>Un encuentro entre producciones, di\u00e1logos, debates y espacios de reflexi\u00f3n, a prop\u00f3sito de lo argentino\u2026<\/em><\/h4>\n<h5 style=\"text-align: center;\"><strong>11 y 12 de septiembre de 2025<\/strong><\/h5>\n<h5 style=\"text-align: center;\"><strong>Facultad de Ciencias Sociales<\/strong><br \/>\n<strong>Universidad Nacional de Lomas de Zamora<\/strong><\/h5>\n<h5 style=\"text-align: center;\"><strong>Campus Universitario<\/strong><\/h5>\n<h5 style=\"text-align: center;\"><strong>Camino de Cintura y Juan XXIII<\/strong><\/h5>\n<h5 style=\"text-align: center;\"><strong>Inscripci\u00f3n para asistentes al Congreso <a href=\"https:\/\/forms.gle\/nW4P8ipNFdRCP4AE8\">https:\/\/forms.gle\/nW4P8ipNFdRCP4AE8<\/a><\/strong><\/h5>\n<p>[\/vc_column_text][vc_column_text]<\/p>\n<h3 style=\"text-align: center;\"><strong>Programa de Actividades<\/strong><\/h3>\n<p>&nbsp;<\/p>\n<h4 style=\"text-align: center;\"><strong>\ud83d\udcc5 Jueves 11 de septiembre<\/strong><\/h4>\n<p>&nbsp;<\/p>\n<h5 style=\"text-align: center;\">09:00 hs. \u2013 Apertura<\/h5>\n<p>&nbsp;<\/p>\n<h5 style=\"text-align: center;\">09:30 hs. \u2013 Ponencia<\/h5>\n<h5 style=\"text-align: center;\"><\/h5>\n<p>[\/vc_column_text][vc_column_text]<\/p>\n<h5 style=\"text-align: center;\"><strong>10:00 hs. \u2013 Presentaciones con invitados:<\/strong><\/h5>\n<p><img fetchpriority=\"high\" decoding=\"async\" class=\"aligncenter wp-image-24782 size-full\" src=\"https:\/\/www.sociales.unlz.edu.ar\/wp-content\/uploads\/2025\/09\/Diseno-sin-titulo.png\" alt=\"\" width=\"1920\" height=\"1080\" srcset=\"https:\/\/www.sociales.unlz.edu.ar\/wp-content\/uploads\/2025\/09\/Diseno-sin-titulo.png 1920w, https:\/\/www.sociales.unlz.edu.ar\/wp-content\/uploads\/2025\/09\/Diseno-sin-titulo-300x169.png 300w, https:\/\/www.sociales.unlz.edu.ar\/wp-content\/uploads\/2025\/09\/Diseno-sin-titulo-1024x576.png 1024w, https:\/\/www.sociales.unlz.edu.ar\/wp-content\/uploads\/2025\/09\/Diseno-sin-titulo-768x432.png 768w, https:\/\/www.sociales.unlz.edu.ar\/wp-content\/uploads\/2025\/09\/Diseno-sin-titulo-1536x864.png 1536w\" sizes=\"(max-width: 1920px) 100vw, 1920px\" \/>[\/vc_column_text][vc_column_text]<\/p>\n<h5 style=\"text-align: center;\"><strong>14:00 hs. \u2013 Ponencia<\/strong><\/h5>\n<h5><\/h5>\n<h5 style=\"text-align: center;\">Mesas tem\u00e1ticas<\/h5>\n<h5 style=\"text-align: center;\">Trabajo por comisiones<\/h5>\n<h5 style=\"text-align: center;\">Imaginarios de sentido com\u00fan<\/h5>\n<h5><\/h5>\n<p>&nbsp;<\/p>\n<h5 style=\"text-align: center;\"><strong>17:30 hs. \u2013 Continuaci\u00f3n mesas tem\u00e1ticas:<\/strong><\/h5>\n<h5 style=\"text-align: center;\">Justicia ejemplar<\/h5>\n<h5 style=\"text-align: center;\">Comunicaci\u00f3n sin ideolog\u00eda<\/h5>\n<h5 style=\"text-align: center;\">Subjetividades y Ciudadan\u00edas:<\/h5>\n<h5 style=\"text-align: center;\">Justicia Curricular<\/h5>\n<h5 style=\"text-align: center;\">Universidad P\u00fablica e historia nacional<\/h5>\n<h5 style=\"text-align: center;\">Equipos de C\u00e1tedra:<\/h5>\n<h5 style=\"text-align: center;\">Taller Abierto de Derechos Humanos<\/h5>\n<h5 style=\"text-align: center;\">Comunicaci\u00f3n IV<\/h5>\n<h5 style=\"text-align: center;\">Teor\u00eda de la Educaci\u00f3n<\/h5>\n<h5 style=\"text-align: center;\">Pol\u00edtica Educativa<\/h5>\n<h5 style=\"text-align: center;\">Antropolog\u00eda Cultural<\/h5>\n<h5 style=\"text-align: center;\">Ling\u00fc\u00edstica<\/h5>\n<h5><\/h5>\n<p>&nbsp;<\/p>\n<h5 style=\"text-align: center;\"><strong>18:00 hs. \u2013 Plenario<\/strong><br \/>\n<strong>Conclusiones de las mesas tem\u00e1ticas<\/strong><\/h5>\n<p>[\/vc_column_text][vc_column_text]<\/p>\n<h5 style=\"text-align: center;\"><strong>De 18:00 a 21:00 hs &#8211; Exposiciones y Panel con invitados:<\/strong><\/h5>\n<p><img decoding=\"async\" class=\"aligncenter wp-image-24784 size-full\" src=\"https:\/\/www.sociales.unlz.edu.ar\/wp-content\/uploads\/2025\/09\/Argentina-en-el-Mundo-Global-\u00bfDesde-donde-nos-consideran-\u00bfQue-creemos.png\" alt=\"\" width=\"1920\" height=\"1080\" srcset=\"https:\/\/www.sociales.unlz.edu.ar\/wp-content\/uploads\/2025\/09\/Argentina-en-el-Mundo-Global-\u00bfDesde-donde-nos-consideran-\u00bfQue-creemos.png 1920w, https:\/\/www.sociales.unlz.edu.ar\/wp-content\/uploads\/2025\/09\/Argentina-en-el-Mundo-Global-\u00bfDesde-donde-nos-consideran-\u00bfQue-creemos-300x169.png 300w, https:\/\/www.sociales.unlz.edu.ar\/wp-content\/uploads\/2025\/09\/Argentina-en-el-Mundo-Global-\u00bfDesde-donde-nos-consideran-\u00bfQue-creemos-1024x576.png 1024w, https:\/\/www.sociales.unlz.edu.ar\/wp-content\/uploads\/2025\/09\/Argentina-en-el-Mundo-Global-\u00bfDesde-donde-nos-consideran-\u00bfQue-creemos-768x432.png 768w, https:\/\/www.sociales.unlz.edu.ar\/wp-content\/uploads\/2025\/09\/Argentina-en-el-Mundo-Global-\u00bfDesde-donde-nos-consideran-\u00bfQue-creemos-1536x864.png 1536w\" sizes=\"(max-width: 1920px) 100vw, 1920px\" \/>[\/vc_column_text][vc_column_text]<\/p>\n<h4 style=\"text-align: center;\"><strong>\ud83d\udcc5 Viernes 12 de septiembre<\/strong><\/h4>\n<p>&nbsp;<\/p>\n<h5 style=\"text-align: center;\">09:00 hs. \u2013 <strong>Construcci\u00f3n de identidades y posverdad<\/strong><br \/>\n<strong>Mesa en continuidad con la Jornada de Investigaci\u00f3n 2024.<\/strong><\/h5>\n<p>[\/vc_column_text][\/vc_column][\/vc_row][vc_row][vc_column][vc_column_text]<\/p>\n<h5 style=\"text-align: center;\">11:30 hs. \u2013 <strong>Presentaci\u00f3n: \u201cLengua e identidad en tiempos de la posverdad\u201d<\/strong><\/h5>\n<h5 style=\"text-align: center;\"><strong>Nuevas tecnolog\u00edas y posverdad. Pensamiento y apropiaci\u00f3n del saber. Construyendo identidad universitaria<\/strong><\/h5>\n<p><img decoding=\"async\" class=\"aligncenter wp-image-24785 size-full\" src=\"https:\/\/www.sociales.unlz.edu.ar\/wp-content\/uploads\/2025\/09\/Argentina-en-el-Mundo-Global-\u00bfDesde-donde-nos-consideran-\u00bfQue-creemos-1.png\" alt=\"\" width=\"1920\" height=\"1080\" srcset=\"https:\/\/www.sociales.unlz.edu.ar\/wp-content\/uploads\/2025\/09\/Argentina-en-el-Mundo-Global-\u00bfDesde-donde-nos-consideran-\u00bfQue-creemos-1.png 1920w, https:\/\/www.sociales.unlz.edu.ar\/wp-content\/uploads\/2025\/09\/Argentina-en-el-Mundo-Global-\u00bfDesde-donde-nos-consideran-\u00bfQue-creemos-1-300x169.png 300w, https:\/\/www.sociales.unlz.edu.ar\/wp-content\/uploads\/2025\/09\/Argentina-en-el-Mundo-Global-\u00bfDesde-donde-nos-consideran-\u00bfQue-creemos-1-1024x576.png 1024w, https:\/\/www.sociales.unlz.edu.ar\/wp-content\/uploads\/2025\/09\/Argentina-en-el-Mundo-Global-\u00bfDesde-donde-nos-consideran-\u00bfQue-creemos-1-768x432.png 768w, https:\/\/www.sociales.unlz.edu.ar\/wp-content\/uploads\/2025\/09\/Argentina-en-el-Mundo-Global-\u00bfDesde-donde-nos-consideran-\u00bfQue-creemos-1-1536x864.png 1536w\" sizes=\"(max-width: 1920px) 100vw, 1920px\" \/>[\/vc_column_text][vc_column_text]<\/p>\n<h5 style=\"text-align: center;\">14:00 hs. \u2013 <strong>Presentaciones con invitados:<\/strong><\/h5>\n<p><img loading=\"lazy\" decoding=\"async\" class=\"aligncenter wp-image-24786 size-full\" src=\"https:\/\/www.sociales.unlz.edu.ar\/wp-content\/uploads\/2025\/09\/Argentina-en-el-Mundo-Global-\u00bfDesde-donde-nos-consideran-\u00bfQue-creemos-2.png\" alt=\"\" width=\"1920\" height=\"1080\" srcset=\"https:\/\/www.sociales.unlz.edu.ar\/wp-content\/uploads\/2025\/09\/Argentina-en-el-Mundo-Global-\u00bfDesde-donde-nos-consideran-\u00bfQue-creemos-2.png 1920w, https:\/\/www.sociales.unlz.edu.ar\/wp-content\/uploads\/2025\/09\/Argentina-en-el-Mundo-Global-\u00bfDesde-donde-nos-consideran-\u00bfQue-creemos-2-300x169.png 300w, https:\/\/www.sociales.unlz.edu.ar\/wp-content\/uploads\/2025\/09\/Argentina-en-el-Mundo-Global-\u00bfDesde-donde-nos-consideran-\u00bfQue-creemos-2-1024x576.png 1024w, https:\/\/www.sociales.unlz.edu.ar\/wp-content\/uploads\/2025\/09\/Argentina-en-el-Mundo-Global-\u00bfDesde-donde-nos-consideran-\u00bfQue-creemos-2-768x432.png 768w, https:\/\/www.sociales.unlz.edu.ar\/wp-content\/uploads\/2025\/09\/Argentina-en-el-Mundo-Global-\u00bfDesde-donde-nos-consideran-\u00bfQue-creemos-2-1536x864.png 1536w\" sizes=\"(max-width: 1920px) 100vw, 1920px\" \/>[\/vc_column_text][vc_column_text]<\/p>\n<h5 style=\"text-align: center;\">16:15 hs &#8211; <strong>Mesas tem\u00e1ticas:<\/strong><\/h5>\n<h5 style=\"text-align: center;\">Imaginarios de sentido com\u00fan<\/h5>\n<h5 style=\"text-align: center;\">Literatura Universal<\/h5>\n<h5 style=\"text-align: center;\">El trabajo\u2026 qu\u00e9 es<\/h5>\n<p>&nbsp;<\/p>\n<h5 style=\"text-align: center;\"><strong>Equipos de C\u00e1tedra:<\/strong><\/h5>\n<h5 style=\"text-align: center;\">Literatura Latinoamericana I y II<\/h5>\n<h5 style=\"text-align: center;\">Taller de Lectura y Escritura<\/h5>\n<h5 style=\"text-align: center;\">Relaciones Laborales<\/h5>\n<p>[\/vc_column_text][vc_column_text]<\/p>\n<h5 style=\"text-align: center;\">16:30 hs. \u2013<strong> Presentaci\u00f3n con invitados<\/strong><\/h5>\n<p><img loading=\"lazy\" decoding=\"async\" class=\"aligncenter wp-image-24797 size-full\" src=\"https:\/\/www.sociales.unlz.edu.ar\/wp-content\/uploads\/2025\/09\/Argentina-en-el-Mundo-Global-\u00bfDesde-donde-nos-consideran-\u00bfQue-creemos-6.png\" alt=\"\" width=\"1920\" height=\"1080\" srcset=\"https:\/\/www.sociales.unlz.edu.ar\/wp-content\/uploads\/2025\/09\/Argentina-en-el-Mundo-Global-\u00bfDesde-donde-nos-consideran-\u00bfQue-creemos-6.png 1920w, https:\/\/www.sociales.unlz.edu.ar\/wp-content\/uploads\/2025\/09\/Argentina-en-el-Mundo-Global-\u00bfDesde-donde-nos-consideran-\u00bfQue-creemos-6-300x169.png 300w, https:\/\/www.sociales.unlz.edu.ar\/wp-content\/uploads\/2025\/09\/Argentina-en-el-Mundo-Global-\u00bfDesde-donde-nos-consideran-\u00bfQue-creemos-6-1024x576.png 1024w, https:\/\/www.sociales.unlz.edu.ar\/wp-content\/uploads\/2025\/09\/Argentina-en-el-Mundo-Global-\u00bfDesde-donde-nos-consideran-\u00bfQue-creemos-6-768x432.png 768w, https:\/\/www.sociales.unlz.edu.ar\/wp-content\/uploads\/2025\/09\/Argentina-en-el-Mundo-Global-\u00bfDesde-donde-nos-consideran-\u00bfQue-creemos-6-1536x864.png 1536w\" sizes=\"(max-width: 1920px) 100vw, 1920px\" \/>[\/vc_column_text][vc_column_text]<\/p>\n<p style=\"text-align: center;\">18:00 hs. \u2013 <strong>Presentaci\u00f3n:<\/strong><\/p>\n<p><img loading=\"lazy\" decoding=\"async\" class=\"aligncenter wp-image-24793 size-full\" src=\"https:\/\/www.sociales.unlz.edu.ar\/wp-content\/uploads\/2025\/09\/Argentina-en-el-Mundo-Global-\u00bfDesde-donde-nos-consideran-\u00bfQue-creemos-4.png\" alt=\"\" width=\"1920\" height=\"1080\" srcset=\"https:\/\/www.sociales.unlz.edu.ar\/wp-content\/uploads\/2025\/09\/Argentina-en-el-Mundo-Global-\u00bfDesde-donde-nos-consideran-\u00bfQue-creemos-4.png 1920w, https:\/\/www.sociales.unlz.edu.ar\/wp-content\/uploads\/2025\/09\/Argentina-en-el-Mundo-Global-\u00bfDesde-donde-nos-consideran-\u00bfQue-creemos-4-300x169.png 300w, https:\/\/www.sociales.unlz.edu.ar\/wp-content\/uploads\/2025\/09\/Argentina-en-el-Mundo-Global-\u00bfDesde-donde-nos-consideran-\u00bfQue-creemos-4-1024x576.png 1024w, https:\/\/www.sociales.unlz.edu.ar\/wp-content\/uploads\/2025\/09\/Argentina-en-el-Mundo-Global-\u00bfDesde-donde-nos-consideran-\u00bfQue-creemos-4-768x432.png 768w, https:\/\/www.sociales.unlz.edu.ar\/wp-content\/uploads\/2025\/09\/Argentina-en-el-Mundo-Global-\u00bfDesde-donde-nos-consideran-\u00bfQue-creemos-4-1536x864.png 1536w\" sizes=\"(max-width: 1920px) 100vw, 1920px\" \/>[\/vc_column_text][vc_column_text]<\/p>\n<h5 style=\"text-align: center;\">20:00 hs. \u2013 <strong>Exposiciones y di\u00e1logos:<\/strong><\/h5>\n<p><img loading=\"lazy\" decoding=\"async\" class=\"aligncenter wp-image-24795 size-full\" src=\"https:\/\/www.sociales.unlz.edu.ar\/wp-content\/uploads\/2025\/09\/Argentina-en-el-Mundo-Global-\u00bfDesde-donde-nos-consideran-\u00bfQue-creemos-5.png\" alt=\"\" width=\"1920\" height=\"1080\" srcset=\"https:\/\/www.sociales.unlz.edu.ar\/wp-content\/uploads\/2025\/09\/Argentina-en-el-Mundo-Global-\u00bfDesde-donde-nos-consideran-\u00bfQue-creemos-5.png 1920w, https:\/\/www.sociales.unlz.edu.ar\/wp-content\/uploads\/2025\/09\/Argentina-en-el-Mundo-Global-\u00bfDesde-donde-nos-consideran-\u00bfQue-creemos-5-300x169.png 300w, https:\/\/www.sociales.unlz.edu.ar\/wp-content\/uploads\/2025\/09\/Argentina-en-el-Mundo-Global-\u00bfDesde-donde-nos-consideran-\u00bfQue-creemos-5-1024x576.png 1024w, https:\/\/www.sociales.unlz.edu.ar\/wp-content\/uploads\/2025\/09\/Argentina-en-el-Mundo-Global-\u00bfDesde-donde-nos-consideran-\u00bfQue-creemos-5-768x432.png 768w, https:\/\/www.sociales.unlz.edu.ar\/wp-content\/uploads\/2025\/09\/Argentina-en-el-Mundo-Global-\u00bfDesde-donde-nos-consideran-\u00bfQue-creemos-5-1536x864.png 1536w\" sizes=\"(max-width: 1920px) 100vw, 1920px\" \/>[\/vc_column_text][vc_column_text]<\/p>\n<h5 style=\"text-align: center;\">20:00 hs. \u2013 <strong>Panel de cierre:<\/strong><br \/>\n<strong>\u00bfQu\u00e9 y c\u00f3mo se elige en Argentina hoy?<\/strong><\/h5>\n<p>[\/vc_column_text]<div class=\"\"><a  id=\"btn-69f8727c67df5\" class=\"btn btn-filled btn-rounded  ti-location-arrow  btn-sm-sm\" href= \"https:\/\/www.sociales.unlz.edu.ar\/index.php\/ii-congreso-sobre-imaginarios-argentinos-e-identidad-segunda-circular\/\" target=\"_self\" >PRIMERA CIRCULAR<\/a><\/div><div class=\"\"><a  id=\"btn-69f8727c67e28\" class=\"btn btn-filled btn-rounded  ti-location-arrow  btn-sm-sm\" href= \"https:\/\/www.sociales.unlz.edu.ar\/index.php\/segunda-circular-ii-congreso-de-imaginarios-argentinos\/\" target=\"_self\" >SEGUNDA CIRCULAR<\/a><\/div>[\/vc_column][\/vc_row][vc_row][vc_column][vc_column_text][\/vc_column_text][\/vc_column][\/vc_row]<\/p>\n","protected":false},"excerpt":{"rendered":"<p>[vc_row][vc_column][vc_column_text] II Congreso sobre Imaginarios Argentinos e Identidad Los desaf\u00edos de siempre, m\u00e1s que nunca\u2026 Pa\u00eds,&#8230;<\/p>\n","protected":false},"author":8,"featured_media":0,"parent":0,"menu_order":0,"comment_status":"closed","ping_status":"closed","template":"","meta":{"footnotes":""},"class_list":["post-24397","page","type-page","status-publish","hentry"],"_links":{"self":[{"href":"https:\/\/www.sociales.unlz.edu.ar\/index.php\/wp-json\/wp\/v2\/pages\/24397","targetHints":{"allow":["GET"]}}],"collection":[{"href":"https:\/\/www.sociales.unlz.edu.ar\/index.php\/wp-json\/wp\/v2\/pages"}],"about":[{"href":"https:\/\/www.sociales.unlz.edu.ar\/index.php\/wp-json\/wp\/v2\/types\/page"}],"author":[{"embeddable":true,"href":"https:\/\/www.sociales.unlz.edu.ar\/index.php\/wp-json\/wp\/v2\/users\/8"}],"replies":[{"embeddable":true,"href":"https:\/\/www.sociales.unlz.edu.ar\/index.php\/wp-json\/wp\/v2\/comments?post=24397"}],"version-history":[{"count":23,"href":"https:\/\/www.sociales.unlz.edu.ar\/index.php\/wp-json\/wp\/v2\/pages\/24397\/revisions"}],"predecessor-version":[{"id":24798,"href":"https:\/\/www.sociales.unlz.edu.ar\/index.php\/wp-json\/wp\/v2\/pages\/24397\/revisions\/24798"}],"wp:attachment":[{"href":"https:\/\/www.sociales.unlz.edu.ar\/index.php\/wp-json\/wp\/v2\/media?parent=24397"}],"curies":[{"name":"wp","href":"https:\/\/api.w.org\/{rel}","templated":true}]}}