{"id":24242,"date":"2025-06-19T19:14:32","date_gmt":"2025-06-19T22:14:32","guid":{"rendered":"https:\/\/www.sociales.unlz.edu.ar\/?page_id=24242"},"modified":"2025-06-19T19:14:58","modified_gmt":"2025-06-19T22:14:58","slug":"unite-primer-cuatrimestre-2025","status":"publish","type":"page","link":"https:\/\/www.sociales.unlz.edu.ar\/index.php\/unite-primer-cuatrimestre-2025\/","title":{"rendered":"UNITE \u2013 SEGUNDO CUATRIMESTRE 2025"},"content":{"rendered":"<p>[vc_row][vc_column][vc_column_text]<\/p>\n<h4><strong>Inscripci\u00f3n Segundo Cuatrimestre<\/strong><br \/>\n<strong>23, 24 y 25 de junio 2025<\/strong><\/h4>\n<p>Durante los tres d\u00edas de inscripci\u00f3n debe enviar un correo electr\u00f3nico a\u00a0<strong>uniteprograma@gmai.com<\/strong>\u00a0con la solicitud de el o los cursos o talleres a los que desea anotarse. La cantidad m\u00e1xima es de tres propuestas, sin excepci\u00f3n.<\/p>\n<p>Luego de enviado el correo recibir\u00e1 una respuesta personalizada para confirmar la inscripci\u00f3n. Este env\u00edo puede demorar hasta 15 d\u00edas. Por favor, aguarde esa respuesta.<\/p>\n<h5><strong>REQUISITOS PARA PARTICIPAR:<\/strong><br \/>\n* Ser mayor de 60 A\u00f1os<\/h5>\n<h5>* Celular con WhatsApp<\/h5>\n<h5>* Conexi\u00f3n a Internet<\/h5>\n<h5>* Instalaci\u00f3n de APP de videollamadas<\/h5>\n<h5>* Cuenta Email de GMAIL<\/h5>\n<p>[\/vc_column_text][\/vc_column][\/vc_row][vc_row][vc_column width=&#8221;1\/2&#8243;]<div class=\"\"><a  id=\"btn-69f5cdd25d8ee\" class=\"btn btn-filled    btn-sm-sm\" href= \"https:\/\/www.sociales.unlz.edu.ar\/wp-content\/uploads\/2025\/06\/CURSOS-UNITE.pdf\" target=\"_self\" >CURSOS PRESENCIALES<\/a><\/div>[\/vc_column][vc_column width=&#8221;1\/2&#8243;]<div class=\"\"><a  id=\"btn-69f5cdd25d926\" class=\"btn btn-filled    btn-sm-sm\" href= \"https:\/\/www.sociales.unlz.edu.ar\/wp-content\/uploads\/2025\/06\/CURSOS-UNITE-1.pdf\" target=\"_self\" >CURSOS VIRTUALES<\/a><\/div>[\/vc_column][\/vc_row]<\/p>\n","protected":false},"excerpt":{"rendered":"<p>[vc_row][vc_column][vc_column_text] Inscripci\u00f3n Segundo Cuatrimestre 23, 24 y 25 de junio 2025 Durante los tres d\u00edas de&#8230;<\/p>\n","protected":false},"author":8,"featured_media":0,"parent":0,"menu_order":0,"comment_status":"closed","ping_status":"closed","template":"","meta":{"footnotes":""},"class_list":["post-24242","page","type-page","status-publish","hentry"],"_links":{"self":[{"href":"https:\/\/www.sociales.unlz.edu.ar\/index.php\/wp-json\/wp\/v2\/pages\/24242","targetHints":{"allow":["GET"]}}],"collection":[{"href":"https:\/\/www.sociales.unlz.edu.ar\/index.php\/wp-json\/wp\/v2\/pages"}],"about":[{"href":"https:\/\/www.sociales.unlz.edu.ar\/index.php\/wp-json\/wp\/v2\/types\/page"}],"author":[{"embeddable":true,"href":"https:\/\/www.sociales.unlz.edu.ar\/index.php\/wp-json\/wp\/v2\/users\/8"}],"replies":[{"embeddable":true,"href":"https:\/\/www.sociales.unlz.edu.ar\/index.php\/wp-json\/wp\/v2\/comments?post=24242"}],"version-history":[{"count":4,"href":"https:\/\/www.sociales.unlz.edu.ar\/index.php\/wp-json\/wp\/v2\/pages\/24242\/revisions"}],"predecessor-version":[{"id":24248,"href":"https:\/\/www.sociales.unlz.edu.ar\/index.php\/wp-json\/wp\/v2\/pages\/24242\/revisions\/24248"}],"wp:attachment":[{"href":"https:\/\/www.sociales.unlz.edu.ar\/index.php\/wp-json\/wp\/v2\/media?parent=24242"}],"curies":[{"name":"wp","href":"https:\/\/api.w.org\/{rel}","templated":true}]}}