{"id":23795,"date":"2025-03-07T15:13:26","date_gmt":"2025-03-07T18:13:26","guid":{"rendered":"https:\/\/www.sociales.unlz.edu.ar\/?page_id=23795"},"modified":"2025-03-11T16:01:41","modified_gmt":"2025-03-11T19:01:41","slug":"inscripcionmateriasprimercuatrimestre","status":"publish","type":"page","link":"https:\/\/www.sociales.unlz.edu.ar\/index.php\/inscripcionmateriasprimercuatrimestre\/","title":{"rendered":"Inscripci\u00f3n a materias del primer cuatrimestre | NO Ingresantes 2025"},"content":{"rendered":"<p>[vc_row][vc_column][vc_column_text]<\/p>\n<h3><strong>INSCRIPCI\u00d3N A MATERIAS DEL PRIMER CUATRIMESTRE S\u00d3LO PARA NO INGRESANTES<\/strong><\/h3>\n<h4>Inicia el 12 de marzo a las 8 hs y finaliza el 13 de marzo a las 20 hs.<br \/>\n<strong>A trav\u00e9s del SIU Guaran\u00ed.<\/strong><\/h4>\n<h4>\u2022 Te recomendamos que siempre guardes los comprobantes de inscripci\u00f3n a las materias y el n\u00famero de transacci\u00f3n. Una vez que finaliz\u00e1s revis\u00e1 que est\u00e9 registrada correctamente en el sistema.<\/h4>\n<h4>Por dudas o consultas presentarse personalmente en el Departamento de Alumnos de 10 a 19 hs.<\/h4>\n<p>[\/vc_column_text]<div class=\"\"><a  id=\"btn-69f4ffb9781b3\" class=\"btn btn-filled btn-rounded    btn-sm-sm\" href= \"https:\/\/www.sociales.unlz.edu.ar\/wp-content\/uploads\/2025\/03\/Lic.-Letras-LIC-LETRAS_edited.pdf\" target=\"_self\" >Letras - Licenciatura<\/a><\/div><div class=\"\"><a  id=\"btn-69f4ffb9781db\" class=\"btn btn-filled btn-rounded    btn-sm-sm\" href= \"https:\/\/www.sociales.unlz.edu.ar\/wp-content\/uploads\/2025\/03\/Profesorado-en-Letras-PROF-LETRAS.pdf\" target=\"_self\" >Letras - Profesorado<\/a><\/div><div class=\"\"><a  id=\"btn-69f4ffb9781ef\" class=\"btn btn-filled btn-rounded    btn-sm-sm\" href= \"https:\/\/www.sociales.unlz.edu.ar\/wp-content\/uploads\/2025\/03\/Psicopedagogia-Psico.pdf\" target=\"_self\" >Psicopedagog\u00eda<\/a><\/div><div class=\"\"><a  id=\"btn-69f4ffb978200\" class=\"btn btn-filled btn-rounded    btn-sm-sm\" href= \"https:\/\/www.sociales.unlz.edu.ar\/wp-content\/uploads\/2025\/03\/Ciencias-de-la-educacion-CS-EDUC-1.pdf\" target=\"_self\" >Ciencias de la Educaci\u00f3n<\/a><\/div><div class=\"\"><a  id=\"btn-69f4ffb97820e\" class=\"btn btn-filled btn-rounded    btn-sm-sm\" href= \"https:\/\/www.sociales.unlz.edu.ar\/wp-content\/uploads\/2025\/03\/Comunicacionsocial-Com_soc.pdf\" target=\"_self\" >Comunicaci\u00f3n Social<\/a><\/div><div class=\"\"><a  id=\"btn-69f4ffb97821c\" class=\"btn btn-filled btn-rounded    btn-sm-sm\" href= \"https:\/\/www.sociales.unlz.edu.ar\/wp-content\/uploads\/2025\/03\/Periodismo-Period.pdf\" target=\"_self\" >Periodismo<\/a><\/div><div class=\"\"><a  id=\"btn-69f4ffb97822a\" class=\"btn btn-filled btn-rounded    btn-sm-sm\" href= \"https:\/\/www.sociales.unlz.edu.ar\/wp-content\/uploads\/2025\/03\/Publicidad-Public.pdf\" target=\"_self\" >Publicidad<\/a><\/div><div class=\"\"><a  id=\"btn-69f4ffb978236\" class=\"btn btn-filled btn-rounded    btn-sm-sm\" href= \"https:\/\/www.sociales.unlz.edu.ar\/wp-content\/uploads\/2025\/03\/Relaciones-publicas-RRPP.pdf\" target=\"_self\" >Relaciones p\u00fablicas<\/a><\/div><div class=\"\"><a  id=\"btn-69f4ffb978243\" class=\"btn btn-filled btn-rounded    btn-sm-sm\" href= \"https:\/\/www.sociales.unlz.edu.ar\/wp-content\/uploads\/2025\/03\/Relaciones-Laborales-RRLL-1.pdf\" target=\"_self\" >Relaciones laborales<\/a><\/div><div class=\"\"><a  id=\"btn-69f4ffb978250\" class=\"btn btn-filled btn-rounded    btn-sm-sm\" href= \"https:\/\/www.sociales.unlz.edu.ar\/wp-content\/uploads\/2025\/03\/Tecnicatura-en-Minoridad-y-Familia-M-Y-F.pdf\" target=\"_self\" >Tecnicatura en Minoridad y Familia<\/a><\/div><div class=\"\"><a  id=\"btn-69f4ffb97825c\" class=\"btn btn-filled btn-rounded    btn-sm-sm\" href= \"https:\/\/www.sociales.unlz.edu.ar\/wp-content\/uploads\/2025\/03\/Licenciatura-en-Trabajo-Social-TRAB-SOCIAL.pdf\" target=\"_self\" >Trabajo social<\/a><\/div>[\/vc_column][\/vc_row]<\/p>\n","protected":false},"excerpt":{"rendered":"<p>[vc_row][vc_column][vc_column_text] INSCRIPCI\u00d3N A MATERIAS DEL PRIMER CUATRIMESTRE S\u00d3LO PARA NO INGRESANTES Inicia el 12 de marzo&#8230;<\/p>\n","protected":false},"author":8,"featured_media":0,"parent":0,"menu_order":0,"comment_status":"closed","ping_status":"closed","template":"","meta":{"footnotes":""},"class_list":["post-23795","page","type-page","status-publish","hentry"],"_links":{"self":[{"href":"https:\/\/www.sociales.unlz.edu.ar\/index.php\/wp-json\/wp\/v2\/pages\/23795","targetHints":{"allow":["GET"]}}],"collection":[{"href":"https:\/\/www.sociales.unlz.edu.ar\/index.php\/wp-json\/wp\/v2\/pages"}],"about":[{"href":"https:\/\/www.sociales.unlz.edu.ar\/index.php\/wp-json\/wp\/v2\/types\/page"}],"author":[{"embeddable":true,"href":"https:\/\/www.sociales.unlz.edu.ar\/index.php\/wp-json\/wp\/v2\/users\/8"}],"replies":[{"embeddable":true,"href":"https:\/\/www.sociales.unlz.edu.ar\/index.php\/wp-json\/wp\/v2\/comments?post=23795"}],"version-history":[{"count":15,"href":"https:\/\/www.sociales.unlz.edu.ar\/index.php\/wp-json\/wp\/v2\/pages\/23795\/revisions"}],"predecessor-version":[{"id":23808,"href":"https:\/\/www.sociales.unlz.edu.ar\/index.php\/wp-json\/wp\/v2\/pages\/23795\/revisions\/23808"}],"wp:attachment":[{"href":"https:\/\/www.sociales.unlz.edu.ar\/index.php\/wp-json\/wp\/v2\/media?parent=23795"}],"curies":[{"name":"wp","href":"https:\/\/api.w.org\/{rel}","templated":true}]}}