{"id":23363,"date":"2024-12-03T21:11:51","date_gmt":"2024-12-04T00:11:51","guid":{"rendered":"https:\/\/www.sociales.unlz.edu.ar\/?page_id=23363"},"modified":"2024-12-05T18:53:55","modified_gmt":"2024-12-05T21:53:55","slug":"clases-inaugurales-ingreso-2025","status":"publish","type":"page","link":"https:\/\/www.sociales.unlz.edu.ar\/index.php\/clases-inaugurales-ingreso-2025\/","title":{"rendered":"Clases inaugurales &#8211; Ingreso 2025"},"content":{"rendered":"<h5>Las clases inaugurales para estudiantes aspirantes a nuestra Facultad en el ciclo lectivo 2025 se llevaron a cabo este martes 3 y jueves 5 de diciembre para <span style=\"font-weight: 400;\">las carreras de Letras, Comunicaci\u00f3n Social, Ciencias de la Educaci\u00f3n, Psicopedagog\u00eda, Periodismo, Publicidad, Relaciones P\u00fablicas, Trabajo Social, Relaciones Laborales y Minoridad y Familia.<\/span><\/h5>\n<p>&nbsp;<\/p>\n<h5><span style=\"font-weight: 400;\">Los encuentros, que comenzaron en el turno ma\u00f1ana en las aulas magnas, contin\u00faan hoy en esos espacios por la tarde y la noche.<\/span><\/h5>\n<p>&nbsp;<\/p>\n<h5><span style=\"font-weight: 400;\">Docentes y autoridades de la unidad acad\u00e9mica estuvieron a cargo de las charlas en las cuales se brindaron orientaciones de cara al <strong>curso de ingreso<\/strong>, que <strong>comenzar\u00e1 el 3 de febrero y se extender\u00e1 hasta el 7 de marzo<\/strong>, y se recorrieron hechos relevantes de la historia de la UNLZ y del sistema universitario nacional.<\/span><\/h5>\n<h5><\/h5>\n<p>&nbsp;<\/p>\n<h5><span style=\"font-weight: 400;\">A lo largo de ambas jornadas, el decano de la Facultad, <strong>Gustavo Na\u00f3n<\/strong>, particip\u00f3 de cada una de las clases para presentarse y dar un mensaje de bienvenida e incentivar a los futuros ingresantes a tomar con \u201cresponsabilidad y compromiso\u201d este inicio en el \u00e1mbito universitario y expres\u00f3: <strong>\u201cLes pido que quieran y cuiden a la Facultad de Ciencias Sociales y a la Universidad Nacional de Lomas de Zamora como lo hacemos nosotros desde hace a\u00f1os\u201d.<\/strong><\/span><\/h5>\n<h5><\/h5>\n<p>&nbsp;<\/p>\n<h5><span style=\"font-weight: 400;\"><strong>El curso para aspirantes al ingreso consta de 12 clases (ocho presenciales y cuatro virtuales) y una instancia de evaluaci\u00f3n<\/strong>. El 16 de diciembre pr\u00f3ximo se dar\u00e1n a conocer la conformaci\u00f3n de las comisiones para los tres turnos de cursada \u2013ma\u00f1ana, tarde y noche- que estar\u00e1n divididos en dos grupos y por carreras.<\/span><\/h5>\n<h5><\/h5>\n<p>&nbsp;<\/p>\n<h5><strong>Les deseamos \u00e9xitos a todas y todos en este camino que comienza.<\/strong><\/h5>\n<p>&nbsp;<\/p>\n<div class=\"clearfix mt16\"><ul class=\"carousel-one-item carousel-olw-nav slides post-slider\"><li><img decoding=\"async\" src=\"https:\/\/www.sociales.unlz.edu.ar\/wp-content\/uploads\/2024\/12\/fotos-en-sociales-hor-1-1280x900.jpg\" alt=\"gallery-item\" \/><\/li><li><img decoding=\"async\" src=\"https:\/\/www.sociales.unlz.edu.ar\/wp-content\/uploads\/2024\/12\/102-1280x900.jpg\" alt=\"gallery-item\" \/><\/li><li><img decoding=\"async\" src=\"https:\/\/www.sociales.unlz.edu.ar\/wp-content\/uploads\/2024\/12\/27-1280x900.jpg\" alt=\"gallery-item\" \/><\/li><li><img decoding=\"async\" src=\"https:\/\/www.sociales.unlz.edu.ar\/wp-content\/uploads\/2024\/12\/18-1280x900.jpg\" alt=\"gallery-item\" \/><\/li><li><img decoding=\"async\" src=\"https:\/\/www.sociales.unlz.edu.ar\/wp-content\/uploads\/2024\/12\/1-1-1280x900.jpg\" alt=\"gallery-item\" \/><\/li><li><img decoding=\"async\" src=\"https:\/\/www.sociales.unlz.edu.ar\/wp-content\/uploads\/2024\/12\/37-1280x900.jpg\" alt=\"gallery-item\" \/><\/li><li><img decoding=\"async\" src=\"https:\/\/www.sociales.unlz.edu.ar\/wp-content\/uploads\/2024\/12\/74-1280x900.jpg\" alt=\"gallery-item\" \/><\/li><li><img decoding=\"async\" src=\"https:\/\/www.sociales.unlz.edu.ar\/wp-content\/uploads\/2024\/12\/WhatsApp-Image-2024-12-03-at-12.02.25-2-1280x900.jpeg\" alt=\"gallery-item\" \/><\/li><li><img decoding=\"async\" src=\"https:\/\/www.sociales.unlz.edu.ar\/wp-content\/uploads\/2024\/12\/WhatsApp-Image-2024-12-03-at-12.02.26-1280x900.jpeg\" alt=\"gallery-item\" \/><\/li><li><img decoding=\"async\" src=\"https:\/\/www.sociales.unlz.edu.ar\/wp-content\/uploads\/2024\/12\/WhatsApp-Image-2024-12-03-at-12.02.25-3-1280x900.jpeg\" alt=\"gallery-item\" \/><\/li><li><img decoding=\"async\" src=\"https:\/\/www.sociales.unlz.edu.ar\/wp-content\/uploads\/2024\/12\/WhatsApp-Image-2024-12-03-at-12.02.25-1280x900.jpeg\" alt=\"gallery-item\" \/><\/li><li><img decoding=\"async\" src=\"https:\/\/www.sociales.unlz.edu.ar\/wp-content\/uploads\/2024\/12\/fotos-en-sociales-hor-1280x900.png\" alt=\"gallery-item\" \/><\/li><li><img decoding=\"async\" src=\"https:\/\/www.sociales.unlz.edu.ar\/wp-content\/uploads\/2024\/12\/56-1280x900.jpg\" alt=\"gallery-item\" \/><\/li><li><img decoding=\"async\" src=\"https:\/\/www.sociales.unlz.edu.ar\/wp-content\/uploads\/2024\/12\/17-1280x900.jpg\" alt=\"gallery-item\" \/><\/li><li><img decoding=\"async\" src=\"https:\/\/www.sociales.unlz.edu.ar\/wp-content\/uploads\/2024\/12\/92-1280x900.jpg\" alt=\"gallery-item\" \/><\/li><li><img decoding=\"async\" src=\"https:\/\/www.sociales.unlz.edu.ar\/wp-content\/uploads\/2024\/12\/65-1280x900.jpg\" alt=\"gallery-item\" \/><\/li><li><img decoding=\"async\" src=\"https:\/\/www.sociales.unlz.edu.ar\/wp-content\/uploads\/2024\/12\/82-1280x900.jpg\" alt=\"gallery-item\" \/><\/li><li><img decoding=\"async\" src=\"https:\/\/www.sociales.unlz.edu.ar\/wp-content\/uploads\/2024\/12\/47-1280x900.jpg\" alt=\"gallery-item\" \/><\/li><li><img decoding=\"async\" src=\"https:\/\/www.sociales.unlz.edu.ar\/wp-content\/uploads\/2024\/12\/WhatsApp-Image-2024-12-03-at-12.02.26-2-1280x900.jpeg\" alt=\"gallery-item\" \/><\/li><li><img decoding=\"async\" src=\"https:\/\/www.sociales.unlz.edu.ar\/wp-content\/uploads\/2024\/12\/WhatsApp-Image-2024-12-03-at-12.02.27-1280x900.jpeg\" alt=\"gallery-item\" \/><\/li><li><img decoding=\"async\" src=\"https:\/\/www.sociales.unlz.edu.ar\/wp-content\/uploads\/2024\/12\/WhatsApp-Image-2024-12-03-at-12.02.27-1-1280x900.jpeg\" alt=\"gallery-item\" \/><\/li><li><img decoding=\"async\" src=\"https:\/\/www.sociales.unlz.edu.ar\/wp-content\/uploads\/2024\/12\/1-1280x900.jpg\" alt=\"gallery-item\" \/><\/li><li><img decoding=\"async\" src=\"https:\/\/www.sociales.unlz.edu.ar\/wp-content\/uploads\/2024\/12\/2-1280x900.jpg\" alt=\"gallery-item\" \/><\/li><li><img decoding=\"async\" src=\"https:\/\/www.sociales.unlz.edu.ar\/wp-content\/uploads\/2024\/12\/3-1280x900.jpg\" alt=\"gallery-item\" \/><\/li><li><img decoding=\"async\" src=\"https:\/\/www.sociales.unlz.edu.ar\/wp-content\/uploads\/2024\/12\/4-1280x900.jpg\" alt=\"gallery-item\" \/><\/li><li><img decoding=\"async\" src=\"https:\/\/www.sociales.unlz.edu.ar\/wp-content\/uploads\/2024\/12\/5-1280x900.jpg\" alt=\"gallery-item\" \/><\/li><li><img decoding=\"async\" src=\"https:\/\/www.sociales.unlz.edu.ar\/wp-content\/uploads\/2024\/12\/6-1280x900.jpg\" alt=\"gallery-item\" \/><\/li><li><img decoding=\"async\" src=\"https:\/\/www.sociales.unlz.edu.ar\/wp-content\/uploads\/2024\/12\/7-1280x900.jpg\" alt=\"gallery-item\" \/><\/li><li><img decoding=\"async\" src=\"https:\/\/www.sociales.unlz.edu.ar\/wp-content\/uploads\/2024\/12\/8-1280x900.jpg\" alt=\"gallery-item\" \/><\/li><li><img decoding=\"async\" src=\"https:\/\/www.sociales.unlz.edu.ar\/wp-content\/uploads\/2024\/12\/9-1280x900.jpg\" alt=\"gallery-item\" \/><\/li><li><img decoding=\"async\" src=\"https:\/\/www.sociales.unlz.edu.ar\/wp-content\/uploads\/2024\/12\/10-1280x900.jpg\" alt=\"gallery-item\" \/><\/li><li><img decoding=\"async\" src=\"https:\/\/www.sociales.unlz.edu.ar\/wp-content\/uploads\/2024\/12\/11-1280x900.jpg\" alt=\"gallery-item\" \/><\/li><li><img decoding=\"async\" src=\"https:\/\/www.sociales.unlz.edu.ar\/wp-content\/uploads\/2024\/12\/12-1280x900.jpg\" alt=\"gallery-item\" \/><\/li><li><img decoding=\"async\" src=\"https:\/\/www.sociales.unlz.edu.ar\/wp-content\/uploads\/2024\/12\/13-1280x900.jpg\" alt=\"gallery-item\" \/><\/li><li><img decoding=\"async\" src=\"https:\/\/www.sociales.unlz.edu.ar\/wp-content\/uploads\/2024\/12\/14-1280x900.jpg\" alt=\"gallery-item\" \/><\/li><li><img decoding=\"async\" src=\"https:\/\/www.sociales.unlz.edu.ar\/wp-content\/uploads\/2024\/12\/15-1280x900.jpg\" alt=\"gallery-item\" \/><\/li><li><img decoding=\"async\" src=\"https:\/\/www.sociales.unlz.edu.ar\/wp-content\/uploads\/2024\/12\/16-1280x900.jpg\" alt=\"gallery-item\" \/><\/li><li><img decoding=\"async\" src=\"https:\/\/www.sociales.unlz.edu.ar\/wp-content\/uploads\/2024\/12\/17-1-1280x900.jpg\" alt=\"gallery-item\" \/><\/li><li><img decoding=\"async\" src=\"https:\/\/www.sociales.unlz.edu.ar\/wp-content\/uploads\/2024\/12\/2-1-1280x900.jpg\" alt=\"gallery-item\" \/><\/li><li><img decoding=\"async\" src=\"https:\/\/www.sociales.unlz.edu.ar\/wp-content\/uploads\/2024\/12\/3-1-1280x900.jpg\" alt=\"gallery-item\" \/><\/li><li><img decoding=\"async\" src=\"https:\/\/www.sociales.unlz.edu.ar\/wp-content\/uploads\/2024\/12\/4-1-1280x900.jpg\" alt=\"gallery-item\" \/><\/li><li><img decoding=\"async\" src=\"https:\/\/www.sociales.unlz.edu.ar\/wp-content\/uploads\/2024\/12\/5-1-1280x900.jpg\" alt=\"gallery-item\" \/><\/li><\/ul><\/div>\n","protected":false},"excerpt":{"rendered":"<p>Las clases inaugurales para estudiantes aspirantes a nuestra Facultad en el ciclo lectivo 2025 se llevaron&#8230;<\/p>\n","protected":false},"author":8,"featured_media":0,"parent":0,"menu_order":0,"comment_status":"closed","ping_status":"closed","template":"","meta":{"footnotes":""},"class_list":["post-23363","page","type-page","status-publish","hentry"],"_links":{"self":[{"href":"https:\/\/www.sociales.unlz.edu.ar\/index.php\/wp-json\/wp\/v2\/pages\/23363","targetHints":{"allow":["GET"]}}],"collection":[{"href":"https:\/\/www.sociales.unlz.edu.ar\/index.php\/wp-json\/wp\/v2\/pages"}],"about":[{"href":"https:\/\/www.sociales.unlz.edu.ar\/index.php\/wp-json\/wp\/v2\/types\/page"}],"author":[{"embeddable":true,"href":"https:\/\/www.sociales.unlz.edu.ar\/index.php\/wp-json\/wp\/v2\/users\/8"}],"replies":[{"embeddable":true,"href":"https:\/\/www.sociales.unlz.edu.ar\/index.php\/wp-json\/wp\/v2\/comments?post=23363"}],"version-history":[{"count":8,"href":"https:\/\/www.sociales.unlz.edu.ar\/index.php\/wp-json\/wp\/v2\/pages\/23363\/revisions"}],"predecessor-version":[{"id":23421,"href":"https:\/\/www.sociales.unlz.edu.ar\/index.php\/wp-json\/wp\/v2\/pages\/23363\/revisions\/23421"}],"wp:attachment":[{"href":"https:\/\/www.sociales.unlz.edu.ar\/index.php\/wp-json\/wp\/v2\/media?parent=23363"}],"curies":[{"name":"wp","href":"https:\/\/api.w.org\/{rel}","templated":true}]}}