{"id":22945,"date":"2024-10-24T10:57:14","date_gmt":"2024-10-24T13:57:14","guid":{"rendered":"https:\/\/www.sociales.unlz.edu.ar\/?page_id=22945"},"modified":"2025-09-03T17:57:38","modified_gmt":"2025-09-03T20:57:38","slug":"doctorado-en-comunicacion","status":"publish","type":"page","link":"https:\/\/www.sociales.unlz.edu.ar\/index.php\/doctorado-en-comunicacion\/","title":{"rendered":"DOCTORADO EN COMUNICACI\u00d3N"},"content":{"rendered":"<p>[vc_row css=&#8221;.vc_custom_1729782501791{background-image: url(https:\/\/www.sociales.unlz.edu.ar\/wp-content\/uploads\/2024\/10\/Diseno-sin-titulo.jpg?id=22961) !important;}&#8221;][vc_column][vc_column_text]<\/p>\n<h2><span style=\"color: #ffffff;\"><b>DOCTORADO EN COMUNICACI\u00d3N<\/b><\/span><\/h2>\n<p>[\/vc_column_text][\/vc_column][\/vc_row][vc_row][vc_column][vc_row_inner][vc_column_inner width=&#8221;1\/4&#8243;][vc_single_image image=&#8221;22968&#8243; alignment=&#8221;center&#8221;][vc_column_text]<\/p>\n<h5 style=\"text-align: center;\"><b>T\u00cdTULO<\/b><\/h5>\n<h5 style=\"text-align: center;\"><span style=\"font-weight: 400;\">Doctor\/a en Comunicaci\u00f3n<\/span><\/h5>\n<p>[\/vc_column_text][\/vc_column_inner][vc_column_inner width=&#8221;1\/4&#8243;][vc_single_image image=&#8221;22967&#8243; alignment=&#8221;center&#8221;][vc_column_text]<\/p>\n<h5 style=\"text-align: center;\"><b>DURACI\u00d3N<\/b><\/h5>\n<h5 style=\"text-align: center;\"><span style=\"font-weight: 400;\">4 trimestres <\/span><\/h5>\n<p>[\/vc_column_text][\/vc_column_inner][vc_column_inner width=&#8221;1\/4&#8243;][vc_single_image image=&#8221;22969&#8243; alignment=&#8221;center&#8221;][vc_column_text]<\/p>\n<h5 style=\"text-align: center;\"><strong>MODALIDAD<\/strong><\/h5>\n<h5 style=\"text-align: center;\"><span style=\"font-weight: 400;\">Virtual<\/span><\/h5>\n<p>[\/vc_column_text][\/vc_column_inner][vc_column_inner width=&#8221;1\/4&#8243;][vc_single_image image=&#8221;23719&#8243; alignment=&#8221;center&#8221;][vc_column_text]<\/p>\n<h5 style=\"text-align: center;\"><b>INICIO<\/b><\/h5>\n<h5 style=\"text-align: center;\">Marzo 2026<\/h5>\n<p>[\/vc_column_text][\/vc_column_inner][\/vc_row_inner][\/vc_column][\/vc_row][vc_row css=&#8221;.vc_custom_1729782610041{background-color: #dddddd !important;}&#8221;][vc_column][vc_column_text]<\/p>\n<h2><\/h2>\n<h5><span style=\"font-weight: 400;\">El <\/span><span style=\"font-weight: 400;\">Doctorado en Comunicaci\u00f3n<\/span><span style=\"font-weight: 400;\"> es una carrera acreditada por CONEAU con t\u00edtulo de validez nacional (IF-2024-112503526-APN-CONEAU#MCH) .\u00a0<\/span><\/h5>\n<h5><span style=\"font-weight: 400;\">La duraci\u00f3n es de 4 trimestres. Se desarrolla en <\/span><b>modalidad virtual<\/b><span style=\"font-weight: 400;\">, a trav\u00e9s de clases en Zoom y trabajo en campus virtual.\u00a0<\/span><\/h5>\n<h5><span style=\"font-weight: 400;\">La cursada contempla <\/span><b>10 seminarios te\u00f3rico-pr\u00e1cticos<\/b><span style=\"font-weight: 400;\"> (7 obligatorios y 3 electivos),<\/span><b> 2\u00a0 talleres de tesis, y la elaboraci\u00f3n de una Tesis de Doctorado<\/b><span style=\"font-weight: 400;\"> de car\u00e1cter individual.<\/span><\/h5>\n<h5><span style=\"font-weight: 400;\">En cada uno de estos trimestres el\/la doctorando\/a tendr\u00e1 la posibilidad de cursar hasta 3 (tres) actividades curriculares.<\/span><\/h5>\n<h5><span style=\"font-weight: 400;\">Los\/as doctorandos\/as tendr\u00e1n<\/span><b> 3 posibles itinerarios de cursada<\/b><span style=\"font-weight: 400;\"> seg\u00fan sus t\u00edtulos y formaci\u00f3n previa, que ser\u00e1n determinados por el Comit\u00e9 Acad\u00e9mico a partir del otorgamiento de cr\u00e9ditos seg\u00fan los criterios detallados en el Sistema de Acreditaci\u00f3n del Reglamento de la Carrera.\u00a0<\/span><\/h5>\n<h5><span style=\"font-weight: 400;\">Para su inscripci\u00f3n es requisito contar con un t\u00edtulo de posgrado de carreras universitarias afines. Adem\u00e1s, ser\u00e1 excluyente poseer comprensi\u00f3n lectora del idioma ingl\u00e9s. Podr\u00e1n acreditar ese conocimiento presentando credenciales debidamente reconocidas (nivel B1).<\/span><\/h5>\n<h5><span style=\"font-weight: 400;\">Tambi\u00e9n podr\u00e1n ingresar al Doctorado los\/as graduados\/as en universidades extranjeras, oficialmente reconocidas en sus respectivos pa\u00edses, que posean t\u00edtulos equivalentes a los indicados anteriormente, debidamente certificados. Su admisi\u00f3n no significar\u00e1 rev\u00e1lida del t\u00edtulo de grado.<\/span><\/h5>\n<h5><span style=\"font-weight: 400;\">En todo los casos, la aceptaci\u00f3n de los postulantes<\/span><b> ser\u00e1 evaluada por el Comit\u00e9 Acad\u00e9mico de la carrera<\/b><span style=\"font-weight: 400;\">, a trav\u00e9s de una entrevista personal y de la consideraci\u00f3n de sus antecedentes acad\u00e9micos y profesionales<\/span><\/h5>\n<h5><b>Todos los aspirantes al Doctorado en Comunicaci\u00f3n deber\u00e1n presentar:<\/b><\/h5>\n<h5><span style=\"font-weight: 400;\">&#8211; Carta de presentaci\u00f3n dirigida al\/la Director\/a de la Carrera.<\/span><\/h5>\n<h5><span style=\"font-weight: 400;\">&#8211; Anteproyecto de tesis.<\/span><\/h5>\n<h5><span style=\"font-weight: 400;\">&#8211; Ficha de inscripci\u00f3n completa.<\/span><\/h5>\n<h5><span style=\"font-weight: 400;\">&#8211; Foto carnet color 4&#215;4.<\/span><\/h5>\n<h5><span style=\"font-weight: 400;\">&#8211; Copia de documento de identidad.<\/span><\/h5>\n<h5><span style=\"font-weight: 400;\">&#8211; Copia de t\u00edtulos y\/o certificados anal\u00edticos, legalizados por el organismo correspondiente seg\u00fan su pa\u00eds.<\/span><\/h5>\n<h5><span style=\"font-weight: 400;\">&#8211; Curr\u00edculum vitae firmado en todas sus hojas en car\u00e1cter de declaraci\u00f3n jurada.<\/span><\/h5>\n<h5><span style=\"font-weight: 400;\">&#8211; Dos cartas de recomendaci\u00f3n.<\/span><\/h5>\n<h5><span style=\"font-weight: 400;\">&#8211; Documentaci\u00f3n que acredite el conocimiento del idioma ingl\u00e9s (en caso de no contar con el mismo, deber\u00e1 realizar una evaluaci\u00f3n).<\/span><\/h5>\n<p>&nbsp;<\/p>\n<h5><b>3 EJES DE TRABAJO<\/b><\/h5>\n<h5><span style=\"font-weight: 400;\">La carrera de Doctorado en Comunicaci\u00f3n pretende desarrollar una oferta de profundizaci\u00f3n del campo disciplinar sostenida por tres ejes.<\/span><\/h5>\n<h5><span style=\"font-weight: 400;\">El primero, de orden <\/span><b>epistemol\u00f3gico-metodol\u00f3gico<\/b><span style=\"font-weight: 400;\">, tiene por finalidad promover la formaci\u00f3n en investigaci\u00f3n para incentivar el abordaje de un nuevo escenario vinculado con la disciplina que comprende:\u00a0<\/span><\/h5>\n<h5><span style=\"font-weight: 400;\">*La convivencia con un entorno tecnol\u00f3gico de r\u00e1pida evoluci\u00f3n;<\/span><\/h5>\n<h5><span style=\"font-weight: 400;\">*El creciente nivel de profesionalizaci\u00f3n, por parte de las organizaciones, del tratamiento y organizaci\u00f3n de la informaci\u00f3n tanto en el \u00e1mbito interno como externo;<\/span><\/h5>\n<h5><span style=\"font-weight: 400;\">*Los desarrollos en los modelos de articulaci\u00f3n entre sistemas de medios e instituciones, que profundizan el car\u00e1cter pol\u00edtico de la comunicaci\u00f3n y sus alcances en el \u00e1mbito social.\u00a0<\/span><\/h5>\n<h5><span style=\"font-weight: 400;\">El segundo, orientado a la <\/span><b>actualizaci\u00f3n<\/b><span style=\"font-weight: 400;\">, permite explorar la aparici\u00f3n de modelos de desarrollo te\u00f3rico orientados a incorporar a la comunicaci\u00f3n dentro de una perspectiva transdisciplinaria. Un campo en el que la circulaci\u00f3n y el consumo de la informaci\u00f3n se ha convertido en eje de las relaciones humanas, obliga a la coexistencia con otros enfoques para desarrollar, desde la complejidad, reflexiones que renueven las pr\u00e1cticas profesionales.<\/span><\/h5>\n<h5><span style=\"font-weight: 400;\">El tercero, relacionado con el rol de la disciplina en el marco de la <\/span><b>gesti\u00f3n<\/b><span style=\"font-weight: 400;\">, expone la trayectoria de esta Unidad Acad\u00e9mica en desarrollos acad\u00e9micos y profesionales que vinculan el comportamiento organizacional y la planificaci\u00f3n estrat\u00e9gica en comunicaci\u00f3n. La implementaci\u00f3n y difusi\u00f3n de pol\u00edticas p\u00fablicas, y su influencia en el campo institucional y gubernamental, ofrecen escenarios de an\u00e1lisis y aplicaci\u00f3n para esta perspectiva.<\/span><\/h5>\n<h5><span style=\"font-weight: 400;\">Sobre este tercer eje est\u00e1 depositada la identidad de esta Carrera, como expresi\u00f3n de la influencia acad\u00e9mica de la Facultad de Ciencias Sociales de la UNLZ en distintos procesos de gesti\u00f3n a nivel p\u00fablico y privado, contribuyendo a este elemento el alto \u00edndice de desarrollo profesional de sus graduados en \u00e1reas relacionadas con la disciplina.\u00a0<\/span><\/h5>\n<h5><span style=\"font-weight: 400;\">La investigaci\u00f3n aplicada, la perspectiva de gesti\u00f3n en comunicaci\u00f3n y el registro de los avances relevantes en el campo de estudio, se integran en una perspectiva que pretende dotar a este doctorado de una mirada actual y din\u00e1mica frente a los desaf\u00edos del entorno. La articulaci\u00f3n entre los ejes es un activo en el modelo de formaci\u00f3n de los\/as aspirantes que participen en \u00e9l.<\/span><\/h5>\n<h5><\/h5>\n<p>[\/vc_column_text][\/vc_column][\/vc_row][vc_row][vc_column width=&#8221;3\/4&#8243;][vc_column_text]<\/p>\n<h4><strong>Destinatarias\/os<\/strong><\/h4>\n<h5><span style=\"font-weight: 400;\">Licenciados\/as, especialistas y mag\u00edsteres de \u00e1reas afin<\/span><span style=\"font-weight: 400;\">es a la comunicaci\u00f3n u otras disciplinas de las Ciencias Sociales o Human\u00edsticas que deseen desarrollar una perspectiva integral respecto de la comunicaci\u00f3n, incluyendo la investigaci\u00f3n y la actualizaci\u00f3n del campo disciplinar.<\/span><\/h5>\n<h5><span style=\"font-weight: 400;\">Profesionales de la comunicaci\u00f3n o las ciencias sociales que se desempe\u00f1an en el sector p\u00fablico y\/o privado con inter\u00e9s de profundizar en el abordaje cient\u00edfico de la disciplina, explorar un aporte te\u00f3rico a los desaf\u00edos que impone el campo de la comunicaci\u00f3n y desarrollar modelos de gesti\u00f3n institucional con base en la gesti\u00f3n de la informaci\u00f3n.<\/span><\/h5>\n<h5 style=\"text-align: center;\"><\/h5>\n<div style=\"display: flex; justify-content: center;\"><\/div>\n<p>[\/vc_column_text][\/vc_column][vc_column width=&#8221;1\/4&#8243;][vc_single_image image=&#8221;22971&#8243; img_size=&#8221;large&#8221;][\/vc_column][\/vc_row][vc_row css=&#8221;.vc_custom_1756851053218{background-color: #dddddd !important;}&#8221;][vc_column][vc_column_text]<\/p>\n<h4><strong>\u00a1Inscripciones abiertas!<\/strong><\/h4>\n<h5 style=\"text-align: center;\"><\/h5>\n<div style=\"display: flex; justify-content: center;\"><\/div>\n<p>[\/vc_column_text]<div class=\"\"><a  id=\"btn-69de0d536ccfa\" class=\"btn btn-filled  ti-arrow-right  btn-sm-sm\" href= \"https:\/\/docs.google.com\/forms\/d\/e\/1FAIpQLSfLxnsY7nuCko11gRyim6CsuF9DsVkyEHUl6Ed6FoItOKjdkg\/viewform\" target=\"_self\" >Formulario de inscripci\u00f3n<\/a><\/div>[\/vc_column][\/vc_row][vc_row css=&#8221;.vc_custom_1729791316299{background-color: #e5e5e5 !important;}&#8221;][vc_column width=&#8221;1\/4&#8243;][vc_single_image image=&#8221;23017&#8243; img_size=&#8221;medium&#8221; alignment=&#8221;center&#8221; onclick=&#8221;custom_link&#8221; link=&#8221;https:\/\/www.sociales.unlz.edu.ar\/wp-content\/uploads\/2024\/10\/OBJETIVOS-DOCTORADO.pdf&#8221;][\/vc_column][vc_column width=&#8221;1\/4&#8243;][vc_single_image image=&#8221;23018&#8243; img_size=&#8221;medium&#8221; alignment=&#8221;center&#8221; onclick=&#8221;custom_link&#8221; link=&#8221;https:\/\/www.sociales.unlz.edu.ar\/wp-content\/uploads\/2024\/10\/PERFIL-EGRESADO.pdf&#8221;][\/vc_column][vc_column width=&#8221;1\/4&#8243;][vc_single_image image=&#8221;23019&#8243; img_size=&#8221;medium&#8221; alignment=&#8221;center&#8221; onclick=&#8221;custom_link&#8221; link=&#8221;https:\/\/www.sociales.unlz.edu.ar\/wp-content\/uploads\/2025\/02\/DOCTORADO-EN-COMUNICACION.pdf&#8221;][\/vc_column][vc_column width=&#8221;1\/4&#8243;][vc_single_image image=&#8221;23020&#8243; img_size=&#8221;medium&#8221; alignment=&#8221;center&#8221; onclick=&#8221;custom_link&#8221; link=&#8221;https:\/\/www.sociales.unlz.edu.ar\/wp-content\/uploads\/2024\/10\/PLAN-DE-ESTUDIOS.pdf&#8221;][\/vc_column][\/vc_row][vc_row][vc_column][\/vc_column][\/vc_row]<\/p>\n","protected":false},"excerpt":{"rendered":"<p>[vc_row css=&#8221;.vc_custom_1729782501791{background-image: url(https:\/\/www.sociales.unlz.edu.ar\/wp-content\/uploads\/2024\/10\/Diseno-sin-titulo.jpg?id=22961) !important;}&#8221;][vc_column][vc_column_text] DOCTORADO EN COMUNICACI\u00d3N [\/vc_column_text][\/vc_column][\/vc_row][vc_row][vc_column][vc_row_inner][vc_column_inner width=&#8221;1\/4&#8243;][vc_single_image image=&#8221;22968&#8243; alignment=&#8221;center&#8221;][vc_column_text] T\u00cdTULO Doctor\/a en Comunicaci\u00f3n [\/vc_column_text][\/vc_column_inner][vc_column_inner&#8230;<\/p>\n","protected":false},"author":8,"featured_media":0,"parent":0,"menu_order":0,"comment_status":"closed","ping_status":"closed","template":"","meta":{"footnotes":""},"class_list":["post-22945","page","type-page","status-publish","hentry"],"_links":{"self":[{"href":"https:\/\/www.sociales.unlz.edu.ar\/index.php\/wp-json\/wp\/v2\/pages\/22945","targetHints":{"allow":["GET"]}}],"collection":[{"href":"https:\/\/www.sociales.unlz.edu.ar\/index.php\/wp-json\/wp\/v2\/pages"}],"about":[{"href":"https:\/\/www.sociales.unlz.edu.ar\/index.php\/wp-json\/wp\/v2\/types\/page"}],"author":[{"embeddable":true,"href":"https:\/\/www.sociales.unlz.edu.ar\/index.php\/wp-json\/wp\/v2\/users\/8"}],"replies":[{"embeddable":true,"href":"https:\/\/www.sociales.unlz.edu.ar\/index.php\/wp-json\/wp\/v2\/comments?post=22945"}],"version-history":[{"count":62,"href":"https:\/\/www.sociales.unlz.edu.ar\/index.php\/wp-json\/wp\/v2\/pages\/22945\/revisions"}],"predecessor-version":[{"id":23722,"href":"https:\/\/www.sociales.unlz.edu.ar\/index.php\/wp-json\/wp\/v2\/pages\/22945\/revisions\/23722"}],"wp:attachment":[{"href":"https:\/\/www.sociales.unlz.edu.ar\/index.php\/wp-json\/wp\/v2\/media?parent=22945"}],"curies":[{"name":"wp","href":"https:\/\/api.w.org\/{rel}","templated":true}]}}