{"id":21371,"date":"2024-03-22T17:07:49","date_gmt":"2024-03-22T20:07:49","guid":{"rendered":"https:\/\/www.sociales.unlz.edu.ar\/?page_id=21371"},"modified":"2024-04-03T13:34:04","modified_gmt":"2024-04-03T16:34:04","slug":"aulas-materias-de-primer-ano-primer-cuatrimestre-2024","status":"publish","type":"page","link":"https:\/\/www.sociales.unlz.edu.ar\/index.php\/aulas-materias-de-primer-ano-primer-cuatrimestre-2024\/","title":{"rendered":"Aulas | Materias de primer a\u00f1o | Primer cuatrimestre 2024"},"content":{"rendered":"<p>[vc_row][vc_column][vc_column_text]<\/p>\n<h4>Las asignaturas de primer a\u00f1o comienzan a cursarse desde el lunes 25 de marzo.<\/h4>\n<h4>A continuaci\u00f3n brindamos la informaci\u00f3n por d\u00eda.<\/h4>\n<p>[\/vc_column_text][\/vc_column][\/vc_row][vc_row][vc_column width=&#8221;1\/4&#8243;][vc_single_image image=&#8221;21506&#8243; alignment=&#8221;center&#8221;][\/vc_column][vc_column width=&#8221;1\/2&#8243;][vc_column_text]<\/p>\n<h4><strong><span style=\"vertical-align: inherit;\"><span style=\"vertical-align: inherit;\"><span style=\"vertical-align: inherit;\"><span style=\"vertical-align: inherit;\"><span style=\"vertical-align: inherit;\"><span style=\"vertical-align: inherit;\"><span style=\"vertical-align: inherit;\"><span style=\"vertical-align: inherit;\"><span style=\"vertical-align: inherit;\"><span style=\"vertical-align: inherit;\"><span style=\"vertical-align: inherit;\"><span style=\"vertical-align: inherit;\"><span style=\"vertical-align: inherit;\"><span style=\"vertical-align: inherit;\"><span style=\"vertical-align: inherit;\"><span style=\"vertical-align: inherit;\"><span style=\"vertical-align: inherit;\"><span style=\"vertical-align: inherit;\"><span style=\"vertical-align: inherit;\"><span style=\"vertical-align: inherit;\">Te recomendamos que si vas a ingresar desde un celular,<\/span><\/span><\/span><\/span><\/span><\/span><\/span><\/span><\/span><\/span><\/span><\/span><\/span><\/span><\/span><\/span><\/span><\/span><\/span><\/span><\/strong><strong><span style=\"vertical-align: inherit;\"><span style=\"vertical-align: inherit;\"><span style=\"vertical-align: inherit;\"><span style=\"vertical-align: inherit;\"><span style=\"vertical-align: inherit;\"><span style=\"vertical-align: inherit;\"><span style=\"vertical-align: inherit;\"><span style=\"vertical-align: inherit;\"><span style=\"vertical-align: inherit;\"><span style=\"vertical-align: inherit;\"><span style=\"vertical-align: inherit;\"><span style=\"vertical-align: inherit;\"><span style=\"vertical-align: inherit;\"><span style=\"vertical-align: inherit;\"><span style=\"vertical-align: inherit;\"><span style=\"vertical-align: inherit;\"><span style=\"vertical-align: inherit;\"><span style=\"vertical-align: inherit;\"><span style=\"vertical-align: inherit;\"><span style=\"vertical-align: inherit;\"> lo ubiques de manera horizontal para que puedas visualizar todas las filas.\u00a0\u00a0<\/span><\/span><\/span><\/span><\/span><\/span><\/span><\/span><\/span><\/span><\/span><\/span><\/span><\/span><\/span><\/span><\/span><\/span><\/span><\/span><\/strong><\/h4>\n<p>[\/vc_column_text][\/vc_column][\/vc_row][vc_row][vc_column]<div class=\"\"><a  id=\"btn-69d5b87706ad9\" class=\"btn btn-filled    btn-sm-sm\" href= \"https:\/\/www.sociales.unlz.edu.ar\/index.php\/lunes-materias-de-primer-ano\/\" target=\"_self\" >Lunes<\/a><\/div><div class=\"\"><a  id=\"btn-69d5b87706b00\" class=\"btn btn-filled    btn-sm-sm\" href= \"https:\/\/www.sociales.unlz.edu.ar\/index.php\/martes-materias-de-primer-ano\/\" target=\"_self\" >Martes<\/a><\/div><div class=\"\"><a  id=\"btn-69d5b87706b13\" class=\"btn btn-filled    btn-sm-sm\" href= \"https:\/\/www.sociales.unlz.edu.ar\/index.php\/miercoles-materias-de-primer-ano\/\" target=\"_self\" >Mi\u00e9rcoles<\/a><\/div><div class=\"\"><a  id=\"btn-69d5b87706b21\" class=\"btn btn-filled    btn-sm-sm\" href= \"https:\/\/www.sociales.unlz.edu.ar\/index.php\/21516-2\/\" target=\"_self\" >Jueves<\/a><\/div><div class=\"\"><a  id=\"btn-69d5b87706b2f\" class=\"btn btn-filled    btn-sm-sm\" href= \"https:\/\/www.sociales.unlz.edu.ar\/index.php\/aulas-viernes-5\/\" target=\"_self\" >Viernes<\/a><\/div>[\/vc_column][\/vc_row]<\/p>\n","protected":false},"excerpt":{"rendered":"<p>[vc_row][vc_column][vc_column_text] Las asignaturas de primer a\u00f1o comienzan a cursarse desde el lunes 25 de marzo. A&#8230;<\/p>\n","protected":false},"author":8,"featured_media":0,"parent":0,"menu_order":0,"comment_status":"closed","ping_status":"closed","template":"","meta":{"footnotes":""},"class_list":["post-21371","page","type-page","status-publish","hentry"],"_links":{"self":[{"href":"https:\/\/www.sociales.unlz.edu.ar\/index.php\/wp-json\/wp\/v2\/pages\/21371","targetHints":{"allow":["GET"]}}],"collection":[{"href":"https:\/\/www.sociales.unlz.edu.ar\/index.php\/wp-json\/wp\/v2\/pages"}],"about":[{"href":"https:\/\/www.sociales.unlz.edu.ar\/index.php\/wp-json\/wp\/v2\/types\/page"}],"author":[{"embeddable":true,"href":"https:\/\/www.sociales.unlz.edu.ar\/index.php\/wp-json\/wp\/v2\/users\/8"}],"replies":[{"embeddable":true,"href":"https:\/\/www.sociales.unlz.edu.ar\/index.php\/wp-json\/wp\/v2\/comments?post=21371"}],"version-history":[{"count":6,"href":"https:\/\/www.sociales.unlz.edu.ar\/index.php\/wp-json\/wp\/v2\/pages\/21371\/revisions"}],"predecessor-version":[{"id":21521,"href":"https:\/\/www.sociales.unlz.edu.ar\/index.php\/wp-json\/wp\/v2\/pages\/21371\/revisions\/21521"}],"wp:attachment":[{"href":"https:\/\/www.sociales.unlz.edu.ar\/index.php\/wp-json\/wp\/v2\/media?parent=21371"}],"curies":[{"name":"wp","href":"https:\/\/api.w.org\/{rel}","templated":true}]}}