{"id":21304,"date":"2024-03-19T11:17:34","date_gmt":"2024-03-19T14:17:34","guid":{"rendered":"https:\/\/www.sociales.unlz.edu.ar\/?page_id=21304"},"modified":"2024-03-20T15:44:32","modified_gmt":"2024-03-20T18:44:32","slug":"aulas-sabado-4","status":"publish","type":"page","link":"https:\/\/www.sociales.unlz.edu.ar\/index.php\/aulas-sabado-4\/","title":{"rendered":"Aulas s\u00e1bado"},"content":{"rendered":"<table dir=\"ltr\" border=\"1\" cellspacing=\"0\" cellpadding=\"0\" data-sheets-root=\"1\">\n<colgroup>\n<col width=\"280\" \/>\n<col width=\"32\" \/>\n<col width=\"99\" \/>\n<col width=\"65\" \/>\n<col width=\"166\" \/><\/colgroup>\n<tbody>\n<tr>\n<td data-sheets-value=\"{&quot;1&quot;:2,&quot;2&quot;:&quot;Materias&quot;}\"><strong>Materias<\/strong><\/td>\n<td data-sheets-value=\"{&quot;1&quot;:2,&quot;2&quot;:&quot;Dias&quot;}\"><strong>Dias<\/strong><\/td>\n<td data-sheets-value=\"{&quot;1&quot;:2,&quot;2&quot;:&quot;Modalidad&quot;}\"><strong>Modalidad<\/strong><\/td>\n<td data-sheets-value=\"{&quot;1&quot;:2,&quot;2&quot;:&quot;Horarios&quot;}\"><strong>Horarios<\/strong><\/td>\n<td data-sheets-value=\"{&quot;1&quot;:2,&quot;2&quot;:&quot;Aulas&quot;}\"><strong>Aulas<\/strong><\/td>\n<\/tr>\n<tr>\n<td data-sheets-value=\"{&quot;1&quot;:2,&quot;2&quot;:&quot;Condiciones y Medio Ambiente del Trabajo&quot;}\" data-sheets-numberformat=\"{&quot;1&quot;:1}\">Condiciones y Medio Ambiente del Trabajo<\/td>\n<td data-sheets-value=\"{&quot;1&quot;:2,&quot;2&quot;:&quot;SA&quot;}\" data-sheets-numberformat=\"{&quot;1&quot;:1}\">SA<\/td>\n<td data-sheets-value=\"{&quot;1&quot;:2,&quot;2&quot;:&quot;Teorico- practico&quot;}\">Teorico- practico<\/td>\n<td data-sheets-value=\"{&quot;1&quot;:2,&quot;2&quot;:&quot;9 A 13hs&quot;}\" data-sheets-numberformat=\"{&quot;1&quot;:1}\">9 A 13hs<\/td>\n<td data-sheets-value=\"{&quot;1&quot;:2,&quot;2&quot;:&quot;C&quot;}\" data-sheets-numberformat=\"{&quot;1&quot;:1}\">C<\/td>\n<\/tr>\n<tr>\n<td data-sheets-value=\"{&quot;1&quot;:2,&quot;2&quot;:&quot;Din\u00e1mica de Grupos&quot;}\" data-sheets-numberformat=\"{&quot;1&quot;:1}\">Din\u00e1mica de Grupos<\/td>\n<td data-sheets-value=\"{&quot;1&quot;:2,&quot;2&quot;:&quot;SA&quot;}\" data-sheets-numberformat=\"{&quot;1&quot;:1}\">SA<\/td>\n<td data-sheets-value=\"{&quot;1&quot;:2,&quot;2&quot;:&quot;Teorico- practico&quot;}\">Teorico- practico<\/td>\n<td data-sheets-value=\"{&quot;1&quot;:2,&quot;2&quot;:&quot;9 a 13hs&quot;}\" data-sheets-numberformat=\"{&quot;1&quot;:1}\">9 a 13hs<\/td>\n<td data-sheets-value=\"{&quot;1&quot;:2,&quot;2&quot;:&quot;10&quot;}\" data-sheets-numberformat=\"{&quot;1&quot;:1}\">10<\/td>\n<\/tr>\n<tr>\n<td data-sheets-value=\"{&quot;1&quot;:2,&quot;2&quot;:&quot;Filosof\u00eda&quot;}\" data-sheets-numberformat=\"{&quot;1&quot;:1}\">Filosof\u00eda<\/td>\n<td data-sheets-value=\"{&quot;1&quot;:2,&quot;2&quot;:&quot;SA&quot;}\" data-sheets-numberformat=\"{&quot;1&quot;:1}\">SA<\/td>\n<td data-sheets-value=\"{&quot;1&quot;:2,&quot;2&quot;:&quot;Teorico- practico&quot;}\">Teorico- practico<\/td>\n<td data-sheets-value=\"{&quot;1&quot;:2,&quot;2&quot;:&quot;9 A 13hs&quot;}\" data-sheets-numberformat=\"{&quot;1&quot;:1}\">9 A 13hs<\/td>\n<td data-sheets-value=\"{&quot;1&quot;:2,&quot;2&quot;:&quot;Ver informacion del Ingreso &quot;}\">Inicio de clases S\u00e1bado 6\/04<\/td>\n<\/tr>\n<tr>\n<td data-sheets-value=\"{&quot;1&quot;:2,&quot;2&quot;:&quot;Gesti\u00f3n y Producci\u00f3n de Medios&quot;}\" data-sheets-numberformat=\"{&quot;1&quot;:1}\">Gesti\u00f3n y Producci\u00f3n de Medios<\/td>\n<td data-sheets-value=\"{&quot;1&quot;:2,&quot;2&quot;:&quot;SA&quot;}\" data-sheets-numberformat=\"{&quot;1&quot;:1}\">SA<\/td>\n<td data-sheets-value=\"{&quot;1&quot;:2,&quot;2&quot;:&quot;Teorico- practico&quot;}\">Teorico- practico<\/td>\n<td data-sheets-value=\"{&quot;1&quot;:2,&quot;2&quot;:&quot;9 a 13hs &quot;}\" data-sheets-numberformat=\"{&quot;1&quot;:1}\">9 a 13hs<\/td>\n<td data-sheets-value=\"{&quot;1&quot;:2,&quot;2&quot;:&quot;9&quot;}\" data-sheets-numberformat=\"{&quot;1&quot;:1}\">9<\/td>\n<\/tr>\n<tr>\n<td data-sheets-value=\"{&quot;1&quot;:2,&quot;2&quot;:&quot;Ingl\u00e9s Nivel Avanzado&quot;}\">Ingl\u00e9s Nivel Avanzado<\/td>\n<td data-sheets-value=\"{&quot;1&quot;:2,&quot;2&quot;:&quot;SA&quot;}\">SA<\/td>\n<td data-sheets-value=\"{&quot;1&quot;:2,&quot;2&quot;:&quot;Teorico- practico&quot;}\">Teorico- practico<\/td>\n<td data-sheets-value=\"{&quot;1&quot;:2,&quot;2&quot;:&quot;9 a 12 hs.&quot;}\">9 a 12 hs.<\/td>\n<td data-sheets-value=\"{&quot;1&quot;:3,&quot;3&quot;:103}\">103<\/td>\n<\/tr>\n<tr>\n<td data-sheets-value=\"{&quot;1&quot;:2,&quot;2&quot;:&quot;Ingl\u00e9s Nivel Inicial&quot;}\">Ingl\u00e9s Nivel Inicial<\/td>\n<td data-sheets-value=\"{&quot;1&quot;:2,&quot;2&quot;:&quot;SA&quot;}\">SA<\/td>\n<td data-sheets-value=\"{&quot;1&quot;:2,&quot;2&quot;:&quot;Teorico- practico&quot;}\">Teorico- practico<\/td>\n<td data-sheets-value=\"{&quot;1&quot;:2,&quot;2&quot;:&quot;9 a 12 hs.&quot;}\">9 a 12 hs.<\/td>\n<td data-sheets-value=\"{&quot;1&quot;:3,&quot;3&quot;:104}\">104<\/td>\n<\/tr>\n<tr>\n<td data-sheets-value=\"{&quot;1&quot;:2,&quot;2&quot;:&quot;La lengua del Poema: singularidades y sitios de acontecimiento&quot;}\">La lengua del Poema: singularidades y sitios de acontecimiento<\/td>\n<td data-sheets-value=\"{&quot;1&quot;:2,&quot;2&quot;:&quot;SA&quot;}\">SA<\/td>\n<td data-sheets-value=\"{&quot;1&quot;:2,&quot;2&quot;:&quot;Teorico- practico&quot;}\">Teorico- practico<\/td>\n<td data-sheets-value=\"{&quot;1&quot;:2,&quot;2&quot;:&quot;9 a 13hs&quot;}\">9 a 13hs<\/td>\n<td data-sheets-value=\"{&quot;1&quot;:3,&quot;3&quot;:5}\">5<\/td>\n<\/tr>\n<tr>\n<td data-sheets-value=\"{&quot;1&quot;:2,&quot;2&quot;:&quot;Metodolog\u00eda de la Investigaci\u00f3n Social II&quot;}\" data-sheets-numberformat=\"{&quot;1&quot;:1}\">Metodolog\u00eda de la Investigaci\u00f3n Social II<\/td>\n<td data-sheets-value=\"{&quot;1&quot;:2,&quot;2&quot;:&quot;SA&quot;}\" data-sheets-numberformat=\"{&quot;1&quot;:1}\">SA<\/td>\n<td data-sheets-value=\"{&quot;1&quot;:2,&quot;2&quot;:&quot;Te\u00f3rico&quot;}\">Te\u00f3rico<\/td>\n<td data-sheets-value=\"{&quot;1&quot;:2,&quot;2&quot;:&quot; 11 a 13hs&quot;}\" data-sheets-numberformat=\"{&quot;1&quot;:1}\">11 a 13hs<\/td>\n<td data-sheets-value=\"{&quot;1&quot;:2,&quot;2&quot;:&quot;102&quot;}\" data-sheets-numberformat=\"{&quot;1&quot;:1}\">102<\/td>\n<\/tr>\n<tr>\n<td data-sheets-value=\"{&quot;1&quot;:2,&quot;2&quot;:&quot;Metodolog\u00eda de la Investigaci\u00f3n Social II&quot;}\" data-sheets-numberformat=\"{&quot;1&quot;:1}\">Metodolog\u00eda de la Investigaci\u00f3n Social II<\/td>\n<td data-sheets-value=\"{&quot;1&quot;:2,&quot;2&quot;:&quot;SA&quot;}\" data-sheets-numberformat=\"{&quot;1&quot;:1}\">SA<\/td>\n<td data-sheets-value=\"{&quot;1&quot;:2,&quot;2&quot;:&quot;Pr\u00e1ctico&quot;}\">Pr\u00e1ctico<\/td>\n<td data-sheets-value=\"{&quot;1&quot;:2,&quot;2&quot;:&quot;9 a 11hs&quot;}\" data-sheets-numberformat=\"{&quot;1&quot;:1}\">9 a 11hs<\/td>\n<td data-sheets-value=\"{&quot;1&quot;:2,&quot;2&quot;:&quot;106 - 107&quot;}\" data-sheets-numberformat=\"{&quot;1&quot;:1}\">106 &#8211; 107<\/td>\n<\/tr>\n<tr>\n<td data-sheets-value=\"{&quot;1&quot;:2,&quot;2&quot;:&quot;Mito y tragedia&quot;}\">Mito y tragedia<\/td>\n<td data-sheets-value=\"{&quot;1&quot;:2,&quot;2&quot;:&quot;SA&quot;}\">SA<\/td>\n<td data-sheets-value=\"{&quot;1&quot;:2,&quot;2&quot;:&quot;Teorico- practico&quot;}\">Teorico- practico<\/td>\n<td data-sheets-value=\"{&quot;1&quot;:2,&quot;2&quot;:&quot;9 a 13hs.&quot;}\">9 a 13hs.<\/td>\n<td data-sheets-value=\"{&quot;1&quot;:3,&quot;3&quot;:7}\">7<\/td>\n<\/tr>\n<tr>\n<td data-sheets-value=\"{&quot;1&quot;:2,&quot;2&quot;:&quot;Pedagog\u00eda Institucional&quot;}\" data-sheets-numberformat=\"{&quot;1&quot;:1}\">Pedagog\u00eda Institucional<\/td>\n<td data-sheets-value=\"{&quot;1&quot;:2,&quot;2&quot;:&quot;SA&quot;}\" data-sheets-numberformat=\"{&quot;1&quot;:1}\">SA<\/td>\n<td data-sheets-value=\"{&quot;1&quot;:2,&quot;2&quot;:&quot;Teorico- practico&quot;}\">Teorico- practico<\/td>\n<td data-sheets-value=\"{&quot;1&quot;:2,&quot;2&quot;:&quot;9 a 13hs&quot;}\" data-sheets-numberformat=\"{&quot;1&quot;:1}\">9 a 13hs<\/td>\n<td data-sheets-value=\"{&quot;1&quot;:2,&quot;2&quot;:&quot;A&quot;}\" data-sheets-numberformat=\"{&quot;1&quot;:1}\">A<\/td>\n<\/tr>\n<tr>\n<td data-sheets-value=\"{&quot;1&quot;:2,&quot;2&quot;:&quot;Portugu\u00e9s Nivel Inicial&quot;}\">Portugu\u00e9s Nivel Inicial<\/td>\n<td data-sheets-value=\"{&quot;1&quot;:2,&quot;2&quot;:&quot;SA&quot;}\">SA<\/td>\n<td data-sheets-value=\"{&quot;1&quot;:2,&quot;2&quot;:&quot;Teorico- practico&quot;}\">Teorico- practico<\/td>\n<td data-sheets-value=\"{&quot;1&quot;:2,&quot;2&quot;:&quot;9 a 12 hs.&quot;}\">9 a 12 hs.<\/td>\n<td data-sheets-value=\"{&quot;1&quot;:2,&quot;2&quot;:&quot;B&quot;}\">B<\/td>\n<\/tr>\n<tr>\n<td data-sheets-value=\"{&quot;1&quot;:2,&quot;2&quot;:&quot;Televisi\u00f3n &quot;}\" data-sheets-numberformat=\"{&quot;1&quot;:1}\">Televisi\u00f3n<\/td>\n<td data-sheets-value=\"{&quot;1&quot;:2,&quot;2&quot;:&quot;SA&quot;}\" data-sheets-numberformat=\"{&quot;1&quot;:1}\">SA<\/td>\n<td data-sheets-value=\"{&quot;1&quot;:2,&quot;2&quot;:&quot;Teorico- practico&quot;}\">Teorico- practico<\/td>\n<td data-sheets-value=\"{&quot;1&quot;:2,&quot;2&quot;:&quot;9 A 13hs&quot;}\" data-sheets-numberformat=\"{&quot;1&quot;:1}\">9 A 13hs<\/td>\n<td data-sheets-value=\"{&quot;1&quot;:2,&quot;2&quot;:&quot;6&quot;}\" data-sheets-numberformat=\"{&quot;1&quot;:1}\">6<\/td>\n<\/tr>\n<tr>\n<td data-sheets-value=\"{&quot;1&quot;:2,&quot;2&quot;:&quot;Teor\u00eda Social&quot;}\" data-sheets-numberformat=\"{&quot;1&quot;:1}\">Teor\u00eda Social<\/td>\n<td data-sheets-value=\"{&quot;1&quot;:2,&quot;2&quot;:&quot;SA&quot;}\" data-sheets-numberformat=\"{&quot;1&quot;:1}\">SA<\/td>\n<td data-sheets-value=\"{&quot;1&quot;:2,&quot;2&quot;:&quot;Teorico- practico&quot;}\">Teorico- practico<\/td>\n<td data-sheets-value=\"{&quot;1&quot;:2,&quot;2&quot;:&quot;9 A 13hs&quot;}\" data-sheets-numberformat=\"{&quot;1&quot;:1}\">9 A 13hs<\/td>\n<td data-sheets-value=\"{&quot;1&quot;:2,&quot;2&quot;:&quot;112&quot;}\" data-sheets-numberformat=\"{&quot;1&quot;:1}\">112<\/td>\n<\/tr>\n<tr>\n<td data-sheets-value=\"{&quot;1&quot;:2,&quot;2&quot;:&quot;Teor\u00edas Sociol\u00f3gicas Contempor\u00e1neas&quot;}\" data-sheets-numberformat=\"{&quot;1&quot;:1}\">Teor\u00edas Sociol\u00f3gicas Contempor\u00e1neas<\/td>\n<td data-sheets-value=\"{&quot;1&quot;:2,&quot;2&quot;:&quot;SA&quot;}\" data-sheets-numberformat=\"{&quot;1&quot;:1}\">SA<\/td>\n<td data-sheets-value=\"{&quot;1&quot;:2,&quot;2&quot;:&quot;Teorico- practico&quot;}\">Teorico- practico<\/td>\n<td data-sheets-value=\"{&quot;1&quot;:2,&quot;2&quot;:&quot;9 A 13hs&quot;}\" data-sheets-numberformat=\"{&quot;1&quot;:1}\">9 A 13hs<\/td>\n<td data-sheets-value=\"{&quot;1&quot;:2,&quot;2&quot;:&quot;112&quot;}\" data-sheets-numberformat=\"{&quot;1&quot;:1}\">112<\/td>\n<\/tr>\n<\/tbody>\n<\/table>\n","protected":false},"excerpt":{"rendered":"<p>Materias Dias Modalidad Horarios Aulas Condiciones y Medio Ambiente del Trabajo SA Teorico- practico 9 A&#8230;<\/p>\n","protected":false},"author":8,"featured_media":0,"parent":0,"menu_order":0,"comment_status":"closed","ping_status":"closed","template":"","meta":{"footnotes":""},"class_list":["post-21304","page","type-page","status-publish","hentry"],"_links":{"self":[{"href":"https:\/\/www.sociales.unlz.edu.ar\/index.php\/wp-json\/wp\/v2\/pages\/21304","targetHints":{"allow":["GET"]}}],"collection":[{"href":"https:\/\/www.sociales.unlz.edu.ar\/index.php\/wp-json\/wp\/v2\/pages"}],"about":[{"href":"https:\/\/www.sociales.unlz.edu.ar\/index.php\/wp-json\/wp\/v2\/types\/page"}],"author":[{"embeddable":true,"href":"https:\/\/www.sociales.unlz.edu.ar\/index.php\/wp-json\/wp\/v2\/users\/8"}],"replies":[{"embeddable":true,"href":"https:\/\/www.sociales.unlz.edu.ar\/index.php\/wp-json\/wp\/v2\/comments?post=21304"}],"version-history":[{"count":4,"href":"https:\/\/www.sociales.unlz.edu.ar\/index.php\/wp-json\/wp\/v2\/pages\/21304\/revisions"}],"predecessor-version":[{"id":21333,"href":"https:\/\/www.sociales.unlz.edu.ar\/index.php\/wp-json\/wp\/v2\/pages\/21304\/revisions\/21333"}],"wp:attachment":[{"href":"https:\/\/www.sociales.unlz.edu.ar\/index.php\/wp-json\/wp\/v2\/media?parent=21304"}],"curies":[{"name":"wp","href":"https:\/\/api.w.org\/{rel}","templated":true}]}}