{"id":21170,"date":"2024-03-05T14:36:54","date_gmt":"2024-03-05T17:36:54","guid":{"rendered":"https:\/\/www.sociales.unlz.edu.ar\/?page_id=21170"},"modified":"2026-04-16T11:32:50","modified_gmt":"2026-04-16T14:32:50","slug":"proximas-actividades","status":"publish","type":"page","link":"https:\/\/www.sociales.unlz.edu.ar\/index.php\/proximas-actividades\/","title":{"rendered":"Pr\u00f3ximas actividades"},"content":{"rendered":"<p>[vc_row css=&#8221;.vc_custom_1709660204750{background-image: url(https:\/\/www.sociales.unlz.edu.ar\/wp-content\/uploads\/2024\/03\/SLIDER-WEB.jpg?id=21145) !important;}&#8221;][vc_column][vc_column_text]<\/p>\n<h3><span style=\"color: #ffffff;\">Curso: &#8220;T\u00e9cnicas de Investigaci\u00f3n en Comunicaci\u00f3n\u201d<\/span><\/h3>\n<p>[\/vc_column_text][\/vc_column][\/vc_row][vc_row][vc_column][vc_column_text]El curso estar\u00e1 a cargo de la doctora Gabriela Cicalese, directora del Programa de Comunicaci\u00f3n Comunitaria y Educomunicaci\u00f3n de la Facultad de Ciencias Sociales de la UNLZ.<\/p>\n<p>Est\u00e1 dirigido a estudiantes de grado y posgrado que est\u00e9n interesados en profundizar sus conocimientos sobre investigaci\u00f3n en Comunicaci\u00f3n, as\u00ed como tambi\u00e9n a integrantes de programas de investigaci\u00f3n de la Facultad.<\/p>\n<p>La cursada comenzar\u00e1 el mi\u00e9rcoles 28 de abril a las 18:30 horas y se desarrollar\u00e1 de manera virtual a trav\u00e9s de la plataforma Zoom.<\/p>\n<p>El programa contempla varios encuentros, cada uno enfocado en diferentes t\u00e9cnicas de investigaci\u00f3n. Los pr\u00f3ximos ser\u00e1n:<\/p>\n<p><strong>OBSERVACI\u00d3N y OBSERVACI\u00d3N PARTICIPANTE<\/strong> &#8211; 28\/4<\/p>\n<p><strong>GRUPOS DE ENFOQUE<\/strong> &#8211; 5\/5<\/p>\n<p><strong>ENTREVISTAS E HISTORIAS DE VIDA<\/strong> &#8211; 12\/5<\/p>\n<p><strong>ENCUESTAS<\/strong> &#8211; 19\/5<\/p>\n<p><strong>AN\u00c1LISIS DE CONTENIDO<\/strong> &#8211; 26\/5<\/p>\n<p><strong>AN\u00c1LISIS SEMI\u00d3TICO<\/strong> &#8211; 2\/6<\/p>\n<p><strong>\u00bfQU\u00c9 T\u00c9CNICAS PARA QU\u00c9 OBJETIVOS?<\/strong> &#8211; 9\/6<\/p>\n<p>Cada clase se puede cursar de forma independiente y acredita 5 horas de formaci\u00f3n. Quienes completen los seis encuentros y realicen el trabajo final, recibir\u00e1n una certificaci\u00f3n por un total de 46 horas.<\/p>\n<p><strong>Cierre de inscripci\u00f3n: 20 de abril<\/strong><\/p>\n<p>Para inscribirse, se puede solicitar el formulario de inscripci\u00f3n a trav\u00e9s del siguiente enlace: <a href=\"https:\/\/forms.gle\/pfbbrsnfifynHfKr8\"><strong>https:\/\/forms.gle\/pfbbrsnfifynHfKr8<\/strong><\/a>[\/vc_column_text][\/vc_column][\/vc_row]<\/p>\n","protected":false},"excerpt":{"rendered":"<p>[vc_row css=&#8221;.vc_custom_1709660204750{background-image: url(https:\/\/www.sociales.unlz.edu.ar\/wp-content\/uploads\/2024\/03\/SLIDER-WEB.jpg?id=21145) !important;}&#8221;][vc_column][vc_column_text] Curso: &#8220;T\u00e9cnicas de Investigaci\u00f3n en Comunicaci\u00f3n\u201d [\/vc_column_text][\/vc_column][\/vc_row][vc_row][vc_column][vc_column_text]El curso estar\u00e1 a cargo de&#8230;<\/p>\n","protected":false},"author":8,"featured_media":0,"parent":0,"menu_order":0,"comment_status":"closed","ping_status":"closed","template":"","meta":{"footnotes":""},"class_list":["post-21170","page","type-page","status-publish","hentry"],"_links":{"self":[{"href":"https:\/\/www.sociales.unlz.edu.ar\/index.php\/wp-json\/wp\/v2\/pages\/21170","targetHints":{"allow":["GET"]}}],"collection":[{"href":"https:\/\/www.sociales.unlz.edu.ar\/index.php\/wp-json\/wp\/v2\/pages"}],"about":[{"href":"https:\/\/www.sociales.unlz.edu.ar\/index.php\/wp-json\/wp\/v2\/types\/page"}],"author":[{"embeddable":true,"href":"https:\/\/www.sociales.unlz.edu.ar\/index.php\/wp-json\/wp\/v2\/users\/8"}],"replies":[{"embeddable":true,"href":"https:\/\/www.sociales.unlz.edu.ar\/index.php\/wp-json\/wp\/v2\/comments?post=21170"}],"version-history":[{"count":7,"href":"https:\/\/www.sociales.unlz.edu.ar\/index.php\/wp-json\/wp\/v2\/pages\/21170\/revisions"}],"predecessor-version":[{"id":25582,"href":"https:\/\/www.sociales.unlz.edu.ar\/index.php\/wp-json\/wp\/v2\/pages\/21170\/revisions\/25582"}],"wp:attachment":[{"href":"https:\/\/www.sociales.unlz.edu.ar\/index.php\/wp-json\/wp\/v2\/media?parent=21170"}],"curies":[{"name":"wp","href":"https:\/\/api.w.org\/{rel}","templated":true}]}}