{"id":21165,"date":"2024-03-05T14:33:10","date_gmt":"2024-03-05T17:33:10","guid":{"rendered":"https:\/\/www.sociales.unlz.edu.ar\/?page_id=21165"},"modified":"2025-12-15T12:52:55","modified_gmt":"2025-12-15T15:52:55","slug":"actividades","status":"publish","type":"page","link":"https:\/\/www.sociales.unlz.edu.ar\/index.php\/actividades\/","title":{"rendered":"Actividades"},"content":{"rendered":"<p>[vc_row css=&#8221;.vc_custom_1709660021541{background-image: url(https:\/\/www.sociales.unlz.edu.ar\/wp-content\/uploads\/2024\/03\/SLIDER-WEB.jpg?id=21145) !important;}&#8221;][vc_column][vc_column_text]<\/p>\n<h3><span style=\"color: #ffffff;\"><strong>PROCOMUNAR<br \/>\n<\/strong>Programa de Comunicaci\u00f3n Comunitaria<\/span><\/h3>\n<p>[\/vc_column_text][\/vc_column][\/vc_row][vc_row][vc_column][vc_column_text]<\/p>\n<h4><strong>+ Actividades<\/strong><\/h4>\n<h5><strong>Talleres Abiertos en el marco de nuestro Programa<br \/>\n<\/strong>El mi\u00e9rcoles 18 de septiembre se realizaron talleres abiertos en el marco del Programa de Comunicaci\u00f3n Comunitaria y Educomunicaci\u00f3n, de la Facultad de Ciencias Sociales, de la Universidad Nacional de Lomas de Zamora. Mir\u00e1 el video! <a href=\"https:\/\/riccap.com.ar\/\">https:\/\/riccap.com.ar\/<\/a><\/h5>\n<h5><strong>PROCOMUNAR ingres\u00f3 a la RiCCAP<br \/>\n<\/strong>Nuestro Programa forma parte de la Red Interuniversitaria de Comunicaci\u00f3n Comunitaria, Alternativa y Popular (RICCAP) a partir de diciembre de 2023.<br \/>\n<a href=\"https:\/\/riccap.com.ar\/\">https:\/\/riccap.com.ar\/<\/a><\/h5>\n<h5><strong>Presentamos el documental \u201cVoces de barro. El c\u00e1ntaro bioescuela popular\u201d<br \/>\n<\/strong>Conjuntamente con el Seminario Producci\u00f3n Audiovisual Comunitaria de la Licenciatura de Comunicaci\u00f3n Audiovisual a Distancia de la Universidad Nacional de San Martin, presentamos el documental de esta joven realizadora chilena el pasado 14 de diciembre.<strong><br \/>\n<\/strong><a href=\"http:\/\/elagora.com.ar\/presentan-el-documental-voces-de-barro-el-cantaro-bioescuela-popular\/\">http:\/\/elagora.com.ar\/presentan-el-documental-voces-de-barro-el-cantaro-bioescuela-popular\/<\/a><\/h5>\n<h5><strong>Participamos en la VI Jornada de Comunicaci\u00f3n Estrat\u00e9gica de la Facultad de Ciencias Sociales de la Universidad Nacional de Lomas de Zamora<br \/>\n<\/strong>El 3 de noviembre de 2023, participamos de estas jornadas presentando y exponiendo 15 trabajos relacionados a nuestra \u00e1rea de estudio.<br \/>\n<a href=\"https:\/\/www.sociales.unlz.edu.ar\/index.php\/2023\/11\/06\/sociales-realizo-la-vi-jornada-de-comunicacion-estrategica\/\">https:\/\/www.sociales.unlz.edu.ar\/index.php\/2023\/11\/06\/sociales-realizo-la-vi-jornada-de-comunicacion-estrategica\/<\/a><\/h5>\n<h5><strong>Participamos en la coordinaci\u00f3n de la Mesa Nacional de Comunicaci\u00f3n Comunitaria en la XXV RedCom La Rioja 2023<br \/>\n<\/strong>En el mes de agosto de 2023, participamos de la mesa de Comunicaci\u00f3n Comunitaria del XXV Congreso RedCom coordinando y evaluando los m\u00e1s de 25 trabajos recibidos de todo el pa\u00eds.<br \/>\n<a href=\"https:\/\/www.redcomargentina.com.ar\/larioja2023\/\">https:\/\/www.redcomargentina.com.ar\/larioja2023\/<\/a><\/h5>\n<p data-start=\"131\" data-end=\"148\"><strong data-start=\"131\" data-end=\"148\">+ Actividades<\/strong><\/p>\n<p data-start=\"150\" data-end=\"768\"><strong data-start=\"150\" data-end=\"225\">Participaci\u00f3n en las Jornadas de Comunicaci\u00f3n Estrat\u00e9gica (2024 y 2025)<\/strong><br data-start=\"225\" data-end=\"228\" \/>Durante el a\u00f1o 2024, el Programa particip\u00f3 en las Jornadas de Comunicaci\u00f3n Estrat\u00e9gica con la presentaci\u00f3n de 14 ponencias. Parte de estos trabajos fueron posteriormente publicados en la revista acad\u00e9mica <em data-start=\"433\" data-end=\"448\">Hologram\u00e1tica<\/em>, junto con una nota de presentaci\u00f3n del Programa en el n\u00famero 41 (21), correspondiente a Verano 2024.<br data-start=\"550\" data-end=\"553\" \/>En 2025, la mesa volvi\u00f3 a desarrollarse en una nueva edici\u00f3n de las Jornadas, con la participaci\u00f3n de 11 ponencias.<\/p>\n<p><a href=\"http:\/\/revistas.unlz.edu.ar\/ojs\/index.php\/rholo\/issue\/view\/27\">http:\/\/revistas.unlz.edu.ar\/ojs\/index.php\/rholo\/issue\/view\/27<\/a><\/p>\n<p><a href=\"https:\/\/groupshare.samsungcloud.com\/invitation\/gallery\/WUtL3sGpmp\">https:\/\/groupshare.samsungcloud.com\/invitation\/gallery\/WUtL3sGpmp<\/a><\/p>\n<p data-start=\"770\" data-end=\"1048\"><strong data-start=\"770\" data-end=\"807\">Registro audiovisual del Programa<\/strong><br data-start=\"807\" data-end=\"810\" \/>El Programa cuenta con un video institucional que re\u00fane registros de las Jornadas de Comunicaci\u00f3n Estrat\u00e9gica realizadas en los a\u00f1os 2023, 2024 y 2025, dando cuenta del recorrido, las producciones y la consolidaci\u00f3n del espacio acad\u00e9mico.<\/p>\n<p data-start=\"1050\" data-end=\"1521\"><strong data-start=\"1050\" data-end=\"1089\">Taller de T\u00e9cnicas de Investigaci\u00f3n<\/strong><br data-start=\"1089\" data-end=\"1092\" \/>Desde el Programa se dict\u00f3 el Taller de T\u00e9cnicas de Investigaci\u00f3n, con una amplia convocatoria que reuni\u00f3 a cerca de 60 participantes provenientes de distintas universidades y organizaciones sociales de todo el pa\u00eds. Aproximadamente 20 personas completaron la totalidad del curso. La difusi\u00f3n y el material gr\u00e1fico del taller fueron realizados desde la Facultad de Ciencias Sociales.<\/p>\n<hr data-start=\"1523\" data-end=\"1526\" \/>\n<p data-start=\"1528\" data-end=\"1548\"><strong data-start=\"1528\" data-end=\"1548\">ACTIVIDADES 2025<\/strong><\/p>\n<p data-start=\"1550\" data-end=\"2015\"><strong data-start=\"1550\" data-end=\"1611\">Participaci\u00f3n en el 2\u00ba Congreso de Estudios Ludo-Cr\u00edticos<\/strong><br data-start=\"1611\" data-end=\"1614\" \/>El Programa particip\u00f3 del 2\u00ba Congreso de Estudios Ludo-Cr\u00edticos, bajo el eje <em data-start=\"1691\" data-end=\"1729\">El componente pol\u00edtico de los juegos<\/em>. En ese marco, se dict\u00f3 el taller <em data-start=\"1764\" data-end=\"1855\">Pensar la Historia: c\u00f3mo armar videojuegos para reflexionar sobre problem\u00e1ticas complejas<\/em>, los d\u00edas 9 y 11 de enero de 2025, en modalidad virtual. El taller estuvo a cargo de Soledad Arr\u00e9guez y del equipo del Programa, en articulaci\u00f3n con AccionDev.<\/p>\n<p data-start=\"2017\" data-end=\"2357\"><strong data-start=\"2017\" data-end=\"2049\">Participaci\u00f3n en Media Party<\/strong><br data-start=\"2049\" data-end=\"2052\" \/>Integrantes del Programa participaron del encuentro Media Party, uno de los principales espacios de intercambio sobre periodismo, tecnolog\u00eda e innovaci\u00f3n, con la presencia de Miriam Bielecki y Sandra Capocchi en representaci\u00f3n del Programa. La actividad cont\u00f3 con cobertura general y registro fotogr\u00e1fico.<\/p>\n<p data-start=\"2359\" data-end=\"2657\"><a href=\"https:\/\/www.sociales.unlz.edu.ar\/index.php\/2025\/03\/19\/sociales-y-la-universidad-austral-seran-sede-de-media-party\/\"><strong data-start=\"2359\" data-end=\"2422\">https:\/\/www.sociales.unlz.edu.ar\/index.php\/2025\/03\/19\/sociales-y-la-universidad-austral-seran-sede-de-media-party\/<\/strong><\/a><\/p>\n<p data-start=\"2359\" data-end=\"2657\"><strong data-start=\"2359\" data-end=\"2422\">Taller \u201cTrabajo Comunitario en el Sistema P\u00fablico de Salud\u201d<\/strong><br data-start=\"2422\" data-end=\"2425\" \/>En el \u00e1mbito de la Facultad de Ciencias Sociales, el Programa particip\u00f3 del taller <em data-start=\"2508\" data-end=\"2560\">Trabajo Comunitario en el Sistema P\u00fablico de Salud<\/em>, realizado el 19 de mayo. La actividad fue difundida a trav\u00e9s de redes sociales institucionales.<\/p>\n<p><a href=\"https:\/\/www.instagram.com\/p\/DJ2qiHYTmBt\/\">https:\/\/www.instagram.com\/p\/DJ2qiHYTmBt\/<\/a><\/p>\n<p><a href=\"https:\/\/www.instagram.com\/p\/DJmASnPOoJz\/\">https:\/\/www.instagram.com\/p\/DJmASnPOoJz\/<\/a><\/p>\n<p data-start=\"2659\" data-end=\"2897\"><strong data-start=\"2659\" data-end=\"2720\">Presentaci\u00f3n de libro en la Facultad de Ciencias Sociales<\/strong><br data-start=\"2720\" data-end=\"2723\" \/>El 26 de mayo se llev\u00f3 adelante la presentaci\u00f3n de un libro en la Facultad de Ciencias Sociales, actividad que cont\u00f3 con gacetilla institucional y participaci\u00f3n del Programa.<\/p>\n<p data-start=\"2899\" data-end=\"3478\"><strong data-start=\"2899\" data-end=\"2990\">Participaci\u00f3n en el Encuentro de Estudiantes, Tesistas e Investigadores\/as en Formaci\u00f3n<\/strong><br data-start=\"2990\" data-end=\"2993\" \/>El Programa particip\u00f3 del Encuentro de Estudiantes, Tesistas e Investigadores\/as en Formaci\u00f3n en comunicaci\u00f3n popular, comunitaria, educativa, alternativa e ind\u00edgena, realizado los d\u00edas 22 y 23 de septiembre. En el marco de este espacio, tambi\u00e9n form\u00f3 parte de la Asamblea Anual de la Red Interuniversitaria de Comunicaci\u00f3n Comunitaria, Alternativa y Popular (RICCAP), desarrollada el 2 de octubre. La actividad cuenta con registro audiovisual y publicaciones en los canales de la Red.<\/p>\n<p data-start=\"3480\" data-end=\"3797\"><a href=\"https:\/\/riccap.com.ar\/\"><strong data-start=\"3480\" data-end=\"3544\">https:\/\/riccap.com.ar\/<\/strong><\/a><\/p>\n<p data-start=\"3480\" data-end=\"3797\"><strong data-start=\"3480\" data-end=\"3544\">Taller de registro y sistematizaci\u00f3n de pr\u00e1cticas acad\u00e9micas<\/strong><br data-start=\"3544\" data-end=\"3547\" \/>En junio de 2025, el Programa particip\u00f3 del <em data-start=\"3591\" data-end=\"3691\">Taller de registro y sistematizaci\u00f3n de pr\u00e1cticas acad\u00e9micas de comunicaci\u00f3n popular y comunitaria<\/em>, organizado por la Facultad de Ciencias Sociales de la Universidad Nacional de C\u00f3rdoba junto a la RICCAP.<\/p>\n<h5><strong>Pr\u00f3ximas actividades<br \/>\n<\/strong>Encuentro con organizaciones de base en la Facultad de Ciencias Sociales de la Universidad Nacional de Lomas de Zamora en el mes de Mayo de 2024, fecha a confirmar.<\/h5>\n<h5>Si pertenec\u00e9s a una organizaci\u00f3n o colectivo comunitario contactanos a estos e-mails y acercanos tus preguntas o propuestas.<\/h5>\n<h5><a href=\"mailto:investigaciones@sociales.unlz.edu.ar\">investigaciones@sociales.unlz.edu.ar<\/a><\/h5>\n<h5><a href=\"mailto:procomun.ar.unlz@gmail.com\">procomun.ar.unlz@gmail.com<\/a><\/h5>\n<p>[\/vc_column_text][\/vc_column][\/vc_row]<\/p>\n","protected":false},"excerpt":{"rendered":"<p>[vc_row css=&#8221;.vc_custom_1709660021541{background-image: url(https:\/\/www.sociales.unlz.edu.ar\/wp-content\/uploads\/2024\/03\/SLIDER-WEB.jpg?id=21145) !important;}&#8221;][vc_column][vc_column_text] PROCOMUNAR Programa de Comunicaci\u00f3n Comunitaria [\/vc_column_text][\/vc_column][\/vc_row][vc_row][vc_column][vc_column_text] + Actividades Talleres Abiertos en el&#8230;<\/p>\n","protected":false},"author":8,"featured_media":0,"parent":0,"menu_order":0,"comment_status":"closed","ping_status":"closed","template":"","meta":{"footnotes":""},"class_list":["post-21165","page","type-page","status-publish","hentry"],"_links":{"self":[{"href":"https:\/\/www.sociales.unlz.edu.ar\/index.php\/wp-json\/wp\/v2\/pages\/21165","targetHints":{"allow":["GET"]}}],"collection":[{"href":"https:\/\/www.sociales.unlz.edu.ar\/index.php\/wp-json\/wp\/v2\/pages"}],"about":[{"href":"https:\/\/www.sociales.unlz.edu.ar\/index.php\/wp-json\/wp\/v2\/types\/page"}],"author":[{"embeddable":true,"href":"https:\/\/www.sociales.unlz.edu.ar\/index.php\/wp-json\/wp\/v2\/users\/8"}],"replies":[{"embeddable":true,"href":"https:\/\/www.sociales.unlz.edu.ar\/index.php\/wp-json\/wp\/v2\/comments?post=21165"}],"version-history":[{"count":7,"href":"https:\/\/www.sociales.unlz.edu.ar\/index.php\/wp-json\/wp\/v2\/pages\/21165\/revisions"}],"predecessor-version":[{"id":25206,"href":"https:\/\/www.sociales.unlz.edu.ar\/index.php\/wp-json\/wp\/v2\/pages\/21165\/revisions\/25206"}],"wp:attachment":[{"href":"https:\/\/www.sociales.unlz.edu.ar\/index.php\/wp-json\/wp\/v2\/media?parent=21165"}],"curies":[{"name":"wp","href":"https:\/\/api.w.org\/{rel}","templated":true}]}}