{"id":21156,"date":"2024-03-05T14:27:50","date_gmt":"2024-03-05T17:27:50","guid":{"rendered":"https:\/\/www.sociales.unlz.edu.ar\/?page_id=21156"},"modified":"2025-05-21T21:22:18","modified_gmt":"2025-05-22T00:22:18","slug":"integrantes","status":"publish","type":"page","link":"https:\/\/www.sociales.unlz.edu.ar\/index.php\/integrantes\/","title":{"rendered":"Integrantes"},"content":{"rendered":"<p>[vc_row css=&#8221;.vc_custom_1709659774677{background-image: url(https:\/\/www.sociales.unlz.edu.ar\/wp-content\/uploads\/2024\/03\/SLIDER-WEB.jpg?id=21145) !important;}&#8221;][vc_column][vc_column_text]<\/p>\n<h3><span style=\"color: #ffffff;\"><strong>PROCOMUNAR<br \/>\n<\/strong>Programa de Comunicaci\u00f3n Comunitaria<\/span><\/h3>\n<p>[\/vc_column_text][\/vc_column][\/vc_row][vc_row][vc_column][vc_column_text]<\/p>\n<h4><strong>+ Quienes lo integran<\/strong><\/h4>\n<h5>El equipo de trabajo est\u00e1 compuesto por docentes de de la Facultad de Ciencias Sociales de la UNLZ, maestrandos y maestrandas en Comunicaci\u00f3n (procedentes de diferentes universidades del pa\u00eds), graduadas y graduados en carreras de Comunicaci\u00f3n de nuestra Facultad que realizan posgrados en otras instituciones y\/o trabajos comunitarios en territorio y estudiantes avanzados con intenci\u00f3n profundizar su formaci\u00f3n en investigaci\u00f3n-acci\u00f3n comunitaria.<\/h5>\n<h5>Quienes constituimos este Programa, no s\u00f3lo hemos transitado parte de esa historia institucional en la UNLZ. Hemos transitado proyectos y cursos de posgrado en otras instituciones universitarias p\u00fablicas: UNLaRioja, UNDeChilecito, UNR\u00edoCuarto, UNC\u00f3rdoba, UNChacoAUStral, UNSAlta, UNSAnMart\u00edn, UNCAtamarca, UNPatagoniaSanJuanBosco, UNLaMatanza, UNMoreno, UNArturoJauretche, UPEzeiza. Tambi\u00e9n organizaciones de referencia, como el Centro de Comunicaci\u00f3n La Cruj\u00eda, pionera desde 1980 en Am\u00e9rica Latina en la consolidaci\u00f3n de estas l\u00edneas te\u00f3ricas y en medios comunitarios y alternativos en la Argentina. La Cruj\u00eda gener\u00f3 adem\u00e1s la articulaci\u00f3n con la UNLP para crear la primera Maestr\u00eda en la tem\u00e1tica en Argentina (PLANGESCO, Planificaci\u00f3n y Gesti\u00f3n de las Comunicaciones, en 1996) y la primera Diplomatura en Comunicaci\u00f3n Comunitaria del pa\u00eds, en 2010.<\/h5>\n<h5><strong>Directora<\/strong> &#8211; CICALESE, Gabriela (UNLZ-UNSAM)<br \/>\n<strong>Intervenci\u00f3n Sociocomunitaria<\/strong> &#8211; ALTIERI, Leonardo\u00a0 (UNLZ-UPE)<br \/>\n<strong>Formaci\u00f3n en Comunicaci\u00f3n Comunitaria<\/strong> &#8211; PIGNOLO, Marisa\u00a0(UNLZ-UNAJ)<br \/>\n<strong>Educomunicaci\u00f3n<\/strong> &#8211; ARR\u00c9GUEZ MANOZZO, Soledad (UNLZ-UCA)<br \/>\n<strong>Migraciones<\/strong> &#8211; RINALDI, Laura (UNSAM-UNC)<br \/>\n<strong>Responsable de Comunicaci\u00f3n del Programa<\/strong> &#8211; ICARDI, Marcos (UNLZ-UNdeC)<\/h5>\n<h5>FUSCO, Daniela (UNLZ)<br \/>\nGARC\u00cdA, Laura (UNLZ)<br \/>\nBIELECKI, Miriam (UNLZ)<br \/>\nCAPOCCHI, Sandra (UNLZ)<br \/>\nCIANI, Marcos (UNLZ)<br \/>\nDE PAULO, Adri\u00e1n (UNLZ)<br \/>\nFESTORAZZI, Mariela (UNLZ)<br \/>\nGAMARRA, Marina (UNLZ)<br \/>\nNIJAMIN, Dafne (UNLZ)<br \/>\nNU\u00d1EZ, Karina (UNdeC)<br \/>\nSADOVIAK, Luciana (UNLaM)<br \/>\nSMOLKA, Carolina (UNLZ)<br \/>\nSOSA, Walter (UNLZ)<br \/>\nSPINOSA, Leticia (UNM)<\/h5>\n<p>[\/vc_column_text][\/vc_column][\/vc_row]<\/p>\n","protected":false},"excerpt":{"rendered":"<p>[vc_row css=&#8221;.vc_custom_1709659774677{background-image: url(https:\/\/www.sociales.unlz.edu.ar\/wp-content\/uploads\/2024\/03\/SLIDER-WEB.jpg?id=21145) !important;}&#8221;][vc_column][vc_column_text] PROCOMUNAR Programa de Comunicaci\u00f3n Comunitaria [\/vc_column_text][\/vc_column][\/vc_row][vc_row][vc_column][vc_column_text] + Quienes lo integran El equipo&#8230;<\/p>\n","protected":false},"author":8,"featured_media":0,"parent":0,"menu_order":0,"comment_status":"closed","ping_status":"closed","template":"","meta":{"footnotes":""},"class_list":["post-21156","page","type-page","status-publish","hentry"],"_links":{"self":[{"href":"https:\/\/www.sociales.unlz.edu.ar\/index.php\/wp-json\/wp\/v2\/pages\/21156","targetHints":{"allow":["GET"]}}],"collection":[{"href":"https:\/\/www.sociales.unlz.edu.ar\/index.php\/wp-json\/wp\/v2\/pages"}],"about":[{"href":"https:\/\/www.sociales.unlz.edu.ar\/index.php\/wp-json\/wp\/v2\/types\/page"}],"author":[{"embeddable":true,"href":"https:\/\/www.sociales.unlz.edu.ar\/index.php\/wp-json\/wp\/v2\/users\/8"}],"replies":[{"embeddable":true,"href":"https:\/\/www.sociales.unlz.edu.ar\/index.php\/wp-json\/wp\/v2\/comments?post=21156"}],"version-history":[{"count":9,"href":"https:\/\/www.sociales.unlz.edu.ar\/index.php\/wp-json\/wp\/v2\/pages\/21156\/revisions"}],"predecessor-version":[{"id":24142,"href":"https:\/\/www.sociales.unlz.edu.ar\/index.php\/wp-json\/wp\/v2\/pages\/21156\/revisions\/24142"}],"wp:attachment":[{"href":"https:\/\/www.sociales.unlz.edu.ar\/index.php\/wp-json\/wp\/v2\/media?parent=21156"}],"curies":[{"name":"wp","href":"https:\/\/api.w.org\/{rel}","templated":true}]}}