{"id":21140,"date":"2024-03-05T14:05:06","date_gmt":"2024-03-05T17:05:06","guid":{"rendered":"https:\/\/www.sociales.unlz.edu.ar\/?page_id=21140"},"modified":"2025-12-15T13:02:47","modified_gmt":"2025-12-15T16:02:47","slug":"procomunar","status":"publish","type":"page","link":"https:\/\/www.sociales.unlz.edu.ar\/index.php\/procomunar\/","title":{"rendered":"PROCOMUNAR"},"content":{"rendered":"<p>[vc_row css=&#8221;.vc_custom_1709658722478{background-image: url(https:\/\/www.sociales.unlz.edu.ar\/wp-content\/uploads\/2024\/03\/SLIDER-WEB.jpg?id=21145) !important;}&#8221;][vc_column][vc_column_text]<\/p>\n<h3><span style=\"color: #ffffff;\"><strong>PROCOMUNAR<br \/>\n<\/strong>Programa de Comunicaci\u00f3n Comunitaria<\/span><\/h3>\n<p>[\/vc_column_text][\/vc_column][\/vc_row][vc_row][vc_column][vc_column_text]<\/p>\n<h5><strong>+ Acerca del programa<br \/>\n<\/strong>El principal objetivo de este programa es robustecer las propuestas de Comunicaci\u00f3n Comunitaria y Educomunicaci\u00f3n en la FCS \u2013 UNLZ a trav\u00e9s de la articulaci\u00f3n de investigaciones y experiencias existentes y la generaci\u00f3n de marcos te\u00f3rico-metodol\u00f3gicos que propicien nuevas investigaciones y proyectos<\/h5>\n<h5><strong>\u00c1reas tem\u00e1ticas<br \/>\n<\/strong>Comunicaci\u00f3n Comunitaria \/ Comunicaci\u00f3n popular \/ Educaci\u00f3n tecnol\u00f3gica \/ Educomunicaci\u00f3n \/ Identidades colectivas \/ Animaci\u00f3n \/ Procesos de acci\u00f3n pol\u00edtica \/ Transformaci\u00f3n social.<\/h5>\n<h5><strong>L\u00edneas de trabajo<\/strong><br \/>\nRobustecimiento de organizaciones comunitarias y gesti\u00f3n territorial. Los procesos participativos en la construcci\u00f3n de proyectos de animaci\u00f3n sociocultural facilitan instancias de democratizaci\u00f3n. El aporte de la comunicaci\u00f3n como eje articulador y la realizaci\u00f3n de mapeos y cartograf\u00edas como herramientas de diagn\u00f3stico para futuras intervenciones facilitan y empoderan a los sujetos con los que se interact\u00faa. Responsable: Lic. Leonardo Altieri<\/h5>\n<h5>Reapropiaci\u00f3n tecnol\u00f3gica y producci\u00f3n educomunicacional para procesos de transformaci\u00f3n. A trav\u00e9s de la educaci\u00f3n para la comunicaci\u00f3n (Prieto Castillo, 2004) se trata de propiciar procesos de apropiaci\u00f3n tecnol\u00f3gica y usos alternativos, as\u00ed como potenciar la visi\u00f3n cr\u00edtica de las pr\u00e1cticas culturales y v\u00ednculos a los que cada tecnolog\u00eda habilita. Responsable: Lic. Esp. Soledad Arr\u00e9guez Manozzo.<\/h5>\n<h5>Formaci\u00f3n de profesionales y agentes en la perspectiva del programa. La formaci\u00f3n en comunicaci\u00f3n comunitaria ubica la comunicaci\u00f3n en un espacio complejo y completo desde donde comprender los fen\u00f3menos sociales, pensando a comunicadoras y comunicadores como facilitadores del di\u00e1logo en las pr\u00e1cticas sociales. Responsable: Lic. Marisa Pignolo<\/h5>\n<h5>Identidades y comunicaci\u00f3n para la incidencia Las miradas respecto de la narrativa identitaria y la transferencia de t\u00e1cticas y herramientas comunicacionales para la propia reflexi\u00f3n identitaria colectiva y los consensos respecto de los horizontes de transformaci\u00f3n, para habilitar la participaci\u00f3n e incidencia pol\u00edtica en espacios m\u00e1s amplios. Responsable: Dra. Gabriela R. Cicalese<\/h5>\n<p>[\/vc_column_text][vc_row_inner content_placement=&#8221;middle&#8221; css=&#8221;.vc_custom_1709661127240{padding-top: 5% !important;padding-left: 10% !important;}&#8221;][vc_column_inner width=&#8221;1\/3&#8243;]<div class=\"\"><a  id=\"btn-6a052358c3bd8\" class=\"btn btn-rounded  ti-user  btn-sm-sm\" href= \"https:\/\/www.sociales.unlz.edu.ar\/index.php\/integrantes\/\" target=' _blank' >INTEGRANTES<\/a><\/div>[\/vc_column_inner][vc_column_inner width=&#8221;1\/3&#8243;]<div class=\"\"><a  id=\"btn-6a052358c3c06\" class=\"btn btn-rounded  ti-user  btn-sm-sm\" href= \"https:\/\/www.sociales.unlz.edu.ar\/index.php\/actividades\/\" target=' _blank' >ACTIVIDADES<\/a><\/div>[\/vc_column_inner][vc_column_inner width=&#8221;1\/3&#8243;]<div class=\"\"><a  id=\"btn-6a052358c3c1c\" class=\"btn btn-rounded  ti-angle-double-right  btn-sm-sm\" href= \"https:\/\/www.sociales.unlz.edu.ar\/index.php\/proximas-actividades\/\" target=' _blank' >PR\u00d3XIMAS ACTIVIDADES<\/a><\/div>[\/vc_column_inner][\/vc_row_inner][\/vc_column][\/vc_row][vc_row css=&#8221;.vc_custom_1709661145045{padding-top: 2% !important;}&#8221;][vc_column][vc_column_text]<\/p>\n<h5><strong><span style=\"color: #000000;\">+ Contacto y m\u00e1s informaci\u00f3n<\/span><\/strong><\/h5>\n<h5><strong>Para recibir realizar cualquier consulta sobre el Programa pod\u00e9s escribirnos a:<\/strong><\/h5>\n<h5><span style=\"color: #003366;\"><u><a style=\"color: #003366;\" href=\"mailto:procomun.ar.unlz@gmail.com\">procomun.ar.unlz@gmail.com<\/a><\/u><\/span><\/h5>\n<h5><span style=\"color: #003366;\"><u><a style=\"color: #003366;\" href=\"mailto:investigaciones@sociales.unlz.edu.ar\">investigaciones@sociales.unlz.edu.ar<\/a><\/u><\/span><\/h5>\n<p>[\/vc_column_text][vc_column_text]<\/p>\n<h5><strong>Para m\u00e1s informaci\u00f3n sobre el programa<\/strong><\/h5>\n<h5>Acced\u00e9 a la<span style=\"color: #003366;\"> <u><a style=\"color: #003366;\" href=\"https:\/\/www.sociales.unlz.edu.ar\/wp-content\/uploads\/2024\/03\/Investigacion.pdf\">Resoluci\u00f3n 461\/23<\/a><\/u><\/span><\/h5>\n<h5><\/h5>\n<p>[\/vc_column_text][\/vc_column][\/vc_row]<\/p>\n","protected":false},"excerpt":{"rendered":"<p>[vc_row css=&#8221;.vc_custom_1709658722478{background-image: url(https:\/\/www.sociales.unlz.edu.ar\/wp-content\/uploads\/2024\/03\/SLIDER-WEB.jpg?id=21145) !important;}&#8221;][vc_column][vc_column_text] PROCOMUNAR Programa de Comunicaci\u00f3n Comunitaria [\/vc_column_text][\/vc_column][\/vc_row][vc_row][vc_column][vc_column_text] + Acerca del programa El principal&#8230;<\/p>\n","protected":false},"author":8,"featured_media":0,"parent":0,"menu_order":0,"comment_status":"closed","ping_status":"closed","template":"","meta":{"footnotes":""},"class_list":["post-21140","page","type-page","status-publish","hentry"],"_links":{"self":[{"href":"https:\/\/www.sociales.unlz.edu.ar\/index.php\/wp-json\/wp\/v2\/pages\/21140","targetHints":{"allow":["GET"]}}],"collection":[{"href":"https:\/\/www.sociales.unlz.edu.ar\/index.php\/wp-json\/wp\/v2\/pages"}],"about":[{"href":"https:\/\/www.sociales.unlz.edu.ar\/index.php\/wp-json\/wp\/v2\/types\/page"}],"author":[{"embeddable":true,"href":"https:\/\/www.sociales.unlz.edu.ar\/index.php\/wp-json\/wp\/v2\/users\/8"}],"replies":[{"embeddable":true,"href":"https:\/\/www.sociales.unlz.edu.ar\/index.php\/wp-json\/wp\/v2\/comments?post=21140"}],"version-history":[{"count":52,"href":"https:\/\/www.sociales.unlz.edu.ar\/index.php\/wp-json\/wp\/v2\/pages\/21140\/revisions"}],"predecessor-version":[{"id":25205,"href":"https:\/\/www.sociales.unlz.edu.ar\/index.php\/wp-json\/wp\/v2\/pages\/21140\/revisions\/25205"}],"wp:attachment":[{"href":"https:\/\/www.sociales.unlz.edu.ar\/index.php\/wp-json\/wp\/v2\/media?parent=21140"}],"curies":[{"name":"wp","href":"https:\/\/api.w.org\/{rel}","templated":true}]}}