{"id":20791,"date":"2023-12-06T19:22:20","date_gmt":"2023-12-06T22:22:20","guid":{"rendered":"https:\/\/www.sociales.unlz.edu.ar\/?page_id=20791"},"modified":"2025-12-16T14:11:25","modified_gmt":"2025-12-16T17:11:25","slug":"ingreso-a-google-classroom","status":"publish","type":"page","link":"https:\/\/www.sociales.unlz.edu.ar\/index.php\/ingreso-a-google-classroom\/","title":{"rendered":"Ingreso a Google Classroom"},"content":{"rendered":"<p>[vc_row][vc_column][vc_column_text]<\/p>\n<h4><span style=\"font-weight: 400;\">A continuaci\u00f3n podr\u00e1s acceder a <strong>instructivos para UNIRTE al Google Classroom<\/strong> y quedar en condiciones de comenzar a cursar a partir del 2 de febrero de 2026 el curso de ingreso. En los pr\u00f3ximos d\u00edas se ir\u00e1 incorporando informaci\u00f3n al Classroom.<\/span><\/h4>\n<p>&nbsp;<\/p>\n<h4>En esta primera instancia, lo m\u00e1s importante es que puedas UNIRTE.<\/h4>\n<p>[\/vc_column_text]<div class=\"\"><a  id=\"btn-69f0ea901afc9\" class=\"btn btn-filled  ti-angle-double-right  btn-sm-sm\" href= \"https:\/\/www.sociales.unlz.edu.ar\/index.php\/como-unirte-a-google-classroom-si-contas-con-una-cuenta-de-gmail\/\" target=\"_self\" >SI CONTAS CON UNA CUENTA DE GMAIL<\/a><\/div><div class=\"\"><a  id=\"btn-69f0ea901aff7\" class=\"btn btn-filled  ti-angle-double-right  btn-sm-sm\" href= \"https:\/\/www.sociales.unlz.edu.ar\/index.php\/como-unirte-a-google-classroom-si-no-contas-con-una-cuenta-de-gmail\/\" target=\"_self\" >SI NO CONTAS CON UNA CUENTA DE GMAIL<\/a><\/div>[\/vc_column][\/vc_row]<\/p>\n","protected":false},"excerpt":{"rendered":"<p>[vc_row][vc_column][vc_column_text] A continuaci\u00f3n podr\u00e1s acceder a instructivos para UNIRTE al Google Classroom y quedar en condiciones&#8230;<\/p>\n","protected":false},"author":8,"featured_media":0,"parent":0,"menu_order":0,"comment_status":"closed","ping_status":"closed","template":"","meta":{"footnotes":""},"class_list":["post-20791","page","type-page","status-publish","hentry"],"_links":{"self":[{"href":"https:\/\/www.sociales.unlz.edu.ar\/index.php\/wp-json\/wp\/v2\/pages\/20791","targetHints":{"allow":["GET"]}}],"collection":[{"href":"https:\/\/www.sociales.unlz.edu.ar\/index.php\/wp-json\/wp\/v2\/pages"}],"about":[{"href":"https:\/\/www.sociales.unlz.edu.ar\/index.php\/wp-json\/wp\/v2\/types\/page"}],"author":[{"embeddable":true,"href":"https:\/\/www.sociales.unlz.edu.ar\/index.php\/wp-json\/wp\/v2\/users\/8"}],"replies":[{"embeddable":true,"href":"https:\/\/www.sociales.unlz.edu.ar\/index.php\/wp-json\/wp\/v2\/comments?post=20791"}],"version-history":[{"count":6,"href":"https:\/\/www.sociales.unlz.edu.ar\/index.php\/wp-json\/wp\/v2\/pages\/20791\/revisions"}],"predecessor-version":[{"id":25311,"href":"https:\/\/www.sociales.unlz.edu.ar\/index.php\/wp-json\/wp\/v2\/pages\/20791\/revisions\/25311"}],"wp:attachment":[{"href":"https:\/\/www.sociales.unlz.edu.ar\/index.php\/wp-json\/wp\/v2\/media?parent=20791"}],"curies":[{"name":"wp","href":"https:\/\/api.w.org\/{rel}","templated":true}]}}