{"id":20172,"date":"2023-09-11T14:12:48","date_gmt":"2023-09-11T17:12:48","guid":{"rendered":"https:\/\/www.sociales.unlz.edu.ar\/?page_id=20172"},"modified":"2023-10-25T20:32:53","modified_gmt":"2023-10-25T23:32:53","slug":"vi-jornada-de-comunicacion-estrategica","status":"publish","type":"page","link":"https:\/\/www.sociales.unlz.edu.ar\/index.php\/vi-jornada-de-comunicacion-estrategica\/","title":{"rendered":"VI Jornada de Comunicaci\u00f3n Estrat\u00e9gica"},"content":{"rendered":"<p>[vc_row][vc_column][vc_row_inner][vc_column_inner][vc_column_text]<\/p>\n<h3><b>PROGRAMA<\/b><\/h3>\n<p><span style=\"font-weight: 400;\">8.30 \u2013 <\/span><b>Acreditaci\u00f3n<\/b><\/p>\n<p><span style=\"font-weight: 400;\">9.00 \u2013 Apertura a cargo de Gustavo Na\u00f3n, Decano de la Facultad de Ciencias Sociales.<\/span><\/p>\n<p><b>Presenta <\/b><span style=\"font-weight: 400;\">Sof\u00eca Grinberg<\/span><\/p>\n<p><span style=\"font-weight: 400;\">9.15 \u2013 Conferencia Inaugural<\/span><\/p>\n<p><b>Bel\u00e9n Amadeo<\/b><\/p>\n<p><span style=\"font-weight: 400;\">Licenciada en Ciencia Pol\u00edtica (UBA). Doctora en Ciencias de la Informaci\u00f3n por la Universidad de Navarra. Profesora e investigadora de la Universidad de Buenos Aires (UBA). Profesora de grado y posgrado en la Universidad de Montevideo, en la Universidad Austral y en diversas universidades de la regi\u00f3n. Integr\u00f3 el Consejo Asesor para el Debate Presidencial 2023 de la C\u00e1mara Nacional Electoral.\u00a0 Ha publicado numerosos trabajos sobre comunicaci\u00f3n pol\u00edtica, opini\u00f3n p\u00fablica, di\u00e1logo p\u00fablico, cultura c\u00edvica y medios de comunicaci\u00f3n y brinda servicios de consultor\u00eda.<\/span><\/p>\n<p>&nbsp;<\/p>\n<p><span style=\"font-weight: 400;\">10.00 \u2013 Coffee Break<\/span><\/p>\n<p>&nbsp;<\/p>\n<p><span style=\"font-weight: 400;\">10.30 \u2013 Panel: Econom\u00eda en Agenda<\/span><\/p>\n<p><b>Ariel Maciel<\/b><\/p>\n<p><span style=\"font-weight: 400;\">Periodista. Editor de Econom\u00eda Pol\u00edtica de Perfil<\/span><\/p>\n<p><b>Sol Prieto\u00a0<\/b><\/p>\n<p><span style=\"font-weight: 400;\">Directora Nacional de Econom\u00eda, Igualdad y G\u00e9nero del Ministerio de Econom\u00eda. Doctora en Ciencias Sociales de la Universidad de Buenos Aires. Investigadora del Conicet.<\/span><\/p>\n<p><b>Carlos And\u00fajar\u00a0<\/b><\/p>\n<p><span style=\"font-weight: 400;\">Docente del \u00e1rea econom\u00eda, pedagog\u00eda y pol\u00edtica educativa. Integra los equipos t\u00e9cnicos regionales de formadores de la Direcci\u00f3n de Formaci\u00f3n Docente Permanente.<\/span><\/p>\n<p>&nbsp;<\/p>\n<p><span style=\"font-weight: 400;\">12.00 \u2013 Break mediod\u00eda<\/span><\/p>\n<p>&nbsp;<\/p>\n<p><span style=\"font-weight: 400;\">14.00 \u2013 Mesas de Ponencias<\/span><\/p>\n<p>&nbsp;<\/p>\n<p><span style=\"font-weight: 400;\">14.30 \u2013 Conversatorio con <\/span><b>Mario Riorda<\/b><\/p>\n<p><span style=\"font-weight: 400;\">Polit\u00f3logo y activista de la comunicaci\u00f3n pol\u00edtica. Presidente de la Asociaci\u00f3n Latinoamericana de Investigadores en Campa\u00f1as Electorales (ALICE).\u00a0Director de la Maestr\u00eda en Comunicaci\u00f3n Pol\u00edtica de la Universidad Austral.<\/span><\/p>\n<p>&nbsp;<\/p>\n<p><b>Modera y entrevista: Santiago Arag\u00f3n<\/b><\/p>\n<p><span style=\"font-weight: 400;\">Mag\u00edster en Gesti\u00f3n en la Comunicaci\u00f3n de las Organizaciones y Diplomado en Comunicaci\u00f3n Pol\u00edtica, por la Universidad Austral. Docente de Grado y Posgrado en UNLaM, Universidad\u00a0 Austral y UNLZ. Secretario de Coordinaci\u00f3n institucional de la UNLZ.<\/span><\/p>\n<p>&nbsp;<\/p>\n<p><span style=\"font-weight: 400;\">15.30 \u2013 Conferencia: Qu\u00e9 pasa con los medios \/ (No tan) nuevos medios \/\u00a0<\/span><\/p>\n<p><b>Agust\u00edn Espada<\/b><\/p>\n<p><span style=\"font-weight: 400;\">Investigador del Conicet y Director de la Maestr\u00eda en Industrias Culturales de la UNQ. Adem\u00e1s es Doctor en Ciencias Sociales por la UBA y Mag\u00edster en Industrias Culturales por la UNQ. Trabaja en el Centro de Investigaci\u00f3n de Industrias Culturales y Espacio P\u00fablico de la UNQ donde se integra en l\u00edneas de trabajo sobre concentraci\u00f3n del sistema de medios y adaptaci\u00f3n de los modelos de negocio, particularmente en el mercado radiof\u00f3nico.<\/span><\/p>\n<p>&nbsp;<\/p>\n<p><span style=\"font-weight: 400;\">16.30 &#8211; Coffee break<\/span><\/p>\n<p>&nbsp;<\/p>\n<p><span style=\"font-weight: 400;\">17.00 \u2013 Panel: Los l\u00edmites de la diversidad. Comunicar en escenarios de intolerancia<\/span><\/p>\n<p><b>Eugenia Fern\u00edcola\u00a0<\/b><\/p>\n<p><span style=\"font-weight: 400;\">Corporate Affairs Sr. Manager Bristol Myers Squibb Argentina<\/span><\/p>\n<p><b>Julieta Troncoso\u00a0<\/b><\/p>\n<p><span style=\"font-weight: 400;\">Directora General Bi Universe<\/span><\/p>\n<p><b>Mar\u00eda Bel\u00e9n Bonello<\/b><\/p>\n<p><span style=\"font-weight: 400;\">Directora de Comunicaci\u00f3n de Fundar. Pol\u00edticas<\/span><\/p>\n<p>&nbsp;<\/p>\n<p><span style=\"font-weight: 400;\">18.00 \u2013 Entrevista a <b>Fredi Vivas<\/b>. \u201cLa Inteligencia Artificial como herramienta\u201d<\/span><\/p>\n<p><span style=\"font-weight: 400;\">Ingeniero en sistemas de informaci\u00f3n (UAI). Profesor en disciplinas industriales (UTN). Master en Marketing (UDESA). Egresado del Global Solution Program (Singularity University, USA). CEO y fundador de RockingData. Autor del libro \u201c\u00bfC\u00f3mo piensan las m\u00e1quinas?\u201d. Profesor de la Universidad de San Andr\u00e9s<\/span><\/p>\n<p>&nbsp;<\/p>\n<p><b>Modera y entrevista: Mariela Lojko<\/b><\/p>\n<p><span style=\"font-weight: 400;\">Publicista. Docente de la Facultad de Ciencias Sociales UNLZ. Jurado de los Premios Obrar.<\/span>[\/vc_column_text][\/vc_column_inner][\/vc_row_inner][\/vc_column][\/vc_row]<\/p>\n","protected":false},"excerpt":{"rendered":"<p>[vc_row][vc_column][vc_row_inner][vc_column_inner][vc_column_text] PROGRAMA 8.30 \u2013 Acreditaci\u00f3n 9.00 \u2013 Apertura a cargo de Gustavo Na\u00f3n, Decano de la&#8230;<\/p>\n","protected":false},"author":8,"featured_media":20175,"parent":0,"menu_order":0,"comment_status":"closed","ping_status":"closed","template":"","meta":{"footnotes":""},"class_list":["post-20172","page","type-page","status-publish","has-post-thumbnail","hentry"],"_links":{"self":[{"href":"https:\/\/www.sociales.unlz.edu.ar\/index.php\/wp-json\/wp\/v2\/pages\/20172","targetHints":{"allow":["GET"]}}],"collection":[{"href":"https:\/\/www.sociales.unlz.edu.ar\/index.php\/wp-json\/wp\/v2\/pages"}],"about":[{"href":"https:\/\/www.sociales.unlz.edu.ar\/index.php\/wp-json\/wp\/v2\/types\/page"}],"author":[{"embeddable":true,"href":"https:\/\/www.sociales.unlz.edu.ar\/index.php\/wp-json\/wp\/v2\/users\/8"}],"replies":[{"embeddable":true,"href":"https:\/\/www.sociales.unlz.edu.ar\/index.php\/wp-json\/wp\/v2\/comments?post=20172"}],"version-history":[{"count":11,"href":"https:\/\/www.sociales.unlz.edu.ar\/index.php\/wp-json\/wp\/v2\/pages\/20172\/revisions"}],"predecessor-version":[{"id":20302,"href":"https:\/\/www.sociales.unlz.edu.ar\/index.php\/wp-json\/wp\/v2\/pages\/20172\/revisions\/20302"}],"wp:featuredmedia":[{"embeddable":true,"href":"https:\/\/www.sociales.unlz.edu.ar\/index.php\/wp-json\/wp\/v2\/media\/20175"}],"wp:attachment":[{"href":"https:\/\/www.sociales.unlz.edu.ar\/index.php\/wp-json\/wp\/v2\/media?parent=20172"}],"curies":[{"name":"wp","href":"https:\/\/api.w.org\/{rel}","templated":true}]}}