{"id":20141,"date":"2023-09-05T11:01:08","date_gmt":"2023-09-05T14:01:08","guid":{"rendered":"https:\/\/www.sociales.unlz.edu.ar\/?page_id=20141"},"modified":"2023-09-05T11:03:43","modified_gmt":"2023-09-05T14:03:43","slug":"20141-2","status":"publish","type":"page","link":"https:\/\/www.sociales.unlz.edu.ar\/index.php\/20141-2\/","title":{"rendered":"1\u00b0 Congreso sobre Imaginarios Argentinos e Identidad | Circular para estudiantes"},"content":{"rendered":"<h4 style=\"text-align: center;\"><strong>1\u00b0 Congreso sobre Imaginarios Argentinos e Identidad<\/strong><\/h4>\n<h4 style=\"text-align: center;\"><strong>Los desaf\u00edos de siempre\u2026<\/strong><\/h4>\n<h5 style=\"text-align: center;\"><strong>Identidad Nacional, Democracia y Ciudadan\u00eda en Argentina<\/strong><\/h5>\n<h5 style=\"text-align: center;\"><strong>Un encuentro entre debates, di\u00e1logos, producciones y espacios de reflexi\u00f3n a prop\u00f3sito de lo argentino\u2026<\/strong><\/h5>\n<h5 style=\"text-align: center;\"><strong>14 y 15 de septiembre de 2023<\/strong><\/h5>\n<h5 style=\"text-align: center;\"><strong>Facultad de Ciencias Sociales<\/strong><\/h5>\n<h5 style=\"text-align: center;\"><strong>\u00a0Universidad Nacional de Lomas de Zamora<\/strong><\/h5>\n<h5 style=\"text-align: center;\"><strong>Campus Universitario Camino de Cintura y Juan XXIII<\/strong><\/h5>\n<p><u>\u00a0<\/u><\/p>\n<p><strong><u>Circular para Estudiantes<\/u><\/strong><\/p>\n<p><strong><u>\u00a0<\/u><\/strong><\/p>\n<p><strong><u>Universidad, Democracia y Ciudadan\u00eda<\/u><\/strong><\/p>\n<p>Este <strong>I Congreso sobre Imaginarios Argentinos e Identidad<\/strong> aspira a movilizar desde el interior de nuestra comunidad las pr\u00e1cticas orientadas a promover una <strong>ciudadan\u00eda cr\u00edtica<\/strong> de la Universidad entendida <strong>en t\u00e9rminos de \u201cciudadan\u00edas participativas\u201d. <\/strong><\/p>\n<p>Decimos ciudadan\u00eda de la Universidad y no en ella, pues en tanto protagonistas de la Universidad P\u00fablica, somos sus ciudadanos. Proponemos pensar a <strong>la ciudadan\u00eda <\/strong>no tanto como un contenido de aprendizaje sino<strong> como un aprendizaje en la pr\u00e1ctica. <\/strong><\/p>\n<p>El ejercicio de la ciudadan\u00eda \u201ces en la pr\u00e1ctica\u201d y es imposible de aprender \u201c\u00fanicamente desde la teor\u00eda\u201d.<\/p>\n<p>Se aprende \u201cde hecho\u201d: en la Universidad p\u00fablica, en cada una de sus Facultades, <strong>la democracia se practica<\/strong>, se defiende y se sostiene, <strong>participando activamente<\/strong> en ella.<\/p>\n<p>Creemos que hoy, <strong>en la Universidad p\u00fablica y gratuita la democracia, a 40 a\u00f1os de su recuperaci\u00f3n<\/strong>, <strong>se materializa<\/strong> en cada aula, en cada clase, en cada actividad acad\u00e9mica, asumiendo la responsabilidad que conlleva desempe\u00f1arse como estudiantes y docentes.<\/p>\n<p><strong>Por todo esto contamos especialmente con las y los estudiantes de nuestra Facultad de Ciencias Sociales<\/strong> a partir de la invitaci\u00f3n <strong>a participar activamente<\/strong> de este I Congreso sobre Imaginarios Argentinos e Identidad, y <strong>a recuperar luego<\/strong> con sus docentes, en los espacios propios de sus materias, <strong>lo vivido, observado y producido<\/strong> durante sus jornadas.<\/p>\n<p>Estos temas, problemas, preguntas y contenidos atraviesan la formaci\u00f3n de todas nuestras carreras,<\/p>\n<p>Compartimos la convicci\u00f3n de que <strong>su trabajo sistem\u00e1tico<\/strong> nos acercar\u00e1 <strong>mejores modos <\/strong>de aprender y de ense\u00f1ar, de entender y de pensar,<strong> \u00a1sobre nosotros mismos\u2026!<\/strong><\/p>\n","protected":false},"excerpt":{"rendered":"<p>1\u00b0 Congreso sobre Imaginarios Argentinos e Identidad Los desaf\u00edos de siempre\u2026 Identidad Nacional, Democracia y Ciudadan\u00eda&#8230;<\/p>\n","protected":false},"author":5,"featured_media":0,"parent":0,"menu_order":0,"comment_status":"closed","ping_status":"closed","template":"","meta":{"footnotes":""},"class_list":["post-20141","page","type-page","status-publish","hentry"],"_links":{"self":[{"href":"https:\/\/www.sociales.unlz.edu.ar\/index.php\/wp-json\/wp\/v2\/pages\/20141","targetHints":{"allow":["GET"]}}],"collection":[{"href":"https:\/\/www.sociales.unlz.edu.ar\/index.php\/wp-json\/wp\/v2\/pages"}],"about":[{"href":"https:\/\/www.sociales.unlz.edu.ar\/index.php\/wp-json\/wp\/v2\/types\/page"}],"author":[{"embeddable":true,"href":"https:\/\/www.sociales.unlz.edu.ar\/index.php\/wp-json\/wp\/v2\/users\/5"}],"replies":[{"embeddable":true,"href":"https:\/\/www.sociales.unlz.edu.ar\/index.php\/wp-json\/wp\/v2\/comments?post=20141"}],"version-history":[{"count":3,"href":"https:\/\/www.sociales.unlz.edu.ar\/index.php\/wp-json\/wp\/v2\/pages\/20141\/revisions"}],"predecessor-version":[{"id":20146,"href":"https:\/\/www.sociales.unlz.edu.ar\/index.php\/wp-json\/wp\/v2\/pages\/20141\/revisions\/20146"}],"wp:attachment":[{"href":"https:\/\/www.sociales.unlz.edu.ar\/index.php\/wp-json\/wp\/v2\/media?parent=20141"}],"curies":[{"name":"wp","href":"https:\/\/api.w.org\/{rel}","templated":true}]}}