{"id":19265,"date":"2023-06-23T15:41:11","date_gmt":"2023-06-23T18:41:11","guid":{"rendered":"https:\/\/www.sociales.unlz.edu.ar\/?page_id=19265"},"modified":"2023-06-27T18:48:07","modified_gmt":"2023-06-27T21:48:07","slug":"unite-segundo-cuatrimestre-2023","status":"publish","type":"page","link":"https:\/\/www.sociales.unlz.edu.ar\/index.php\/unite-segundo-cuatrimestre-2023\/","title":{"rendered":"UniTE &#8211; Segundo cuatrimestre 2023"},"content":{"rendered":"<h3><strong>INSCRIPCI\u00d3N UniTE 2023<\/strong><\/h3>\n<h4>26, 27 Y 28 DE JUNIO &#8211; <strong>Exclusivamente v\u00eda email.<\/strong><\/h4>\n<h4>Enviar s\u00f3lo un mail con la solicitud del\/los curso\/s y\/o taller\/es a: <strong>uniteprograma@gmail.com<\/strong> y <strong>ESPERAR<\/strong> la respuesta, que se enviar\u00e1 desde la secretar\u00eda del Programa de manera personalizada.<\/h4>\n<h4><strong>IMPORTANTE:<\/strong> S\u00d3LO SE PODR\u00c1N INSCRIBIR A 3 CURSOS SIN EXCEPCI\u00d3N.<\/h4>\n<h4><strong>REQUISITOS PARA PARTICIPAR:<\/strong><\/h4>\n<h4>* Ser mayor de 60 A\u00f1os<\/h4>\n<h4><strong>Para participar de los cursos virtuales:<\/strong><br \/>\n* Celular con WhatsApp<br \/>\n* Conexi\u00f3n a Internet<br \/>\n* Cuenta Email de GMAIL<\/h4>\n<h4><strong>INICIO DE ACTIVIDADES A PARTIR DE LA SEMANA DEL 14 DE AGOSTO DE 2023.<\/strong><\/h4>\n<p>&nbsp;<\/p>\n<h4><strong><a href=\"https:\/\/www.sociales.unlz.edu.ar\/wp-content\/uploads\/2023\/06\/VIRTUALES-2023-2\u00b0CUAT.-DEFINITIVO-CURSOS_TALLERES.docx-2-8.pdf\">Modalidad virtual<\/a><\/strong><\/h4>\n<h4><strong><a href=\"https:\/\/www.sociales.unlz.edu.ar\/wp-content\/uploads\/2023\/06\/PRESENCIALES-2023-2\u00b0-CUAT.-DEFINITIVO-CURSOS_TALLERES.docx-1-2-7.pdf\">Modalidad presencial<\/a><\/strong><\/h4>\n","protected":false},"excerpt":{"rendered":"<p>INSCRIPCI\u00d3N UniTE 2023 26, 27 Y 28 DE JUNIO &#8211; Exclusivamente v\u00eda email. Enviar s\u00f3lo un&#8230;<\/p>\n","protected":false},"author":8,"featured_media":0,"parent":0,"menu_order":0,"comment_status":"closed","ping_status":"closed","template":"","meta":{"footnotes":""},"class_list":["post-19265","page","type-page","status-publish","hentry"],"_links":{"self":[{"href":"https:\/\/www.sociales.unlz.edu.ar\/index.php\/wp-json\/wp\/v2\/pages\/19265","targetHints":{"allow":["GET"]}}],"collection":[{"href":"https:\/\/www.sociales.unlz.edu.ar\/index.php\/wp-json\/wp\/v2\/pages"}],"about":[{"href":"https:\/\/www.sociales.unlz.edu.ar\/index.php\/wp-json\/wp\/v2\/types\/page"}],"author":[{"embeddable":true,"href":"https:\/\/www.sociales.unlz.edu.ar\/index.php\/wp-json\/wp\/v2\/users\/8"}],"replies":[{"embeddable":true,"href":"https:\/\/www.sociales.unlz.edu.ar\/index.php\/wp-json\/wp\/v2\/comments?post=19265"}],"version-history":[{"count":12,"href":"https:\/\/www.sociales.unlz.edu.ar\/index.php\/wp-json\/wp\/v2\/pages\/19265\/revisions"}],"predecessor-version":[{"id":19307,"href":"https:\/\/www.sociales.unlz.edu.ar\/index.php\/wp-json\/wp\/v2\/pages\/19265\/revisions\/19307"}],"wp:attachment":[{"href":"https:\/\/www.sociales.unlz.edu.ar\/index.php\/wp-json\/wp\/v2\/media?parent=19265"}],"curies":[{"name":"wp","href":"https:\/\/api.w.org\/{rel}","templated":true}]}}