{"id":18902,"date":"2023-04-17T15:12:34","date_gmt":"2023-04-17T18:12:34","guid":{"rendered":"https:\/\/www.sociales.unlz.edu.ar\/?page_id=18902"},"modified":"2023-04-17T15:19:49","modified_gmt":"2023-04-17T18:19:49","slug":"ii-concurso-literario","status":"publish","type":"page","link":"https:\/\/www.sociales.unlz.edu.ar\/index.php\/ii-concurso-literario\/","title":{"rendered":"II Concurso literario"},"content":{"rendered":"<p>[vc_row][vc_column][vc_column_text]<\/p>\n<h4><span style=\"font-family: arial, sans-serif;\"><span id=\"x_m_-1928348752622056683m_1364450442686420276m_-3783773217262964094gmail-docs-internal-guid-e437096e-7fff-5716-5014-d35ac757c184\">En el marco del <\/span><b>40\u00b0 Aniversario del retorno a la Democracia,<\/b> el tema central para el env\u00edo de los trabajos estar\u00e1 relacionado con experiencias en la Universidad que reivindiquen los valores democr\u00e1ticos y la lucha por la Memoria, la Verdad y la Justicia.\u00a0 <\/span><\/h4>\n<h4><span style=\"font-family: arial, sans-serif;\">\u00a0<\/span><\/h4>\n<h4><span style=\"font-family: arial, sans-serif;\">Las obras ser\u00e1n recepcionadas v\u00eda e-mail a:\u00a0<a href=\"mailto:hologram%C3%A1tica@sociales.unlz.edu.ar\" target=\"_blank\" rel=\"noreferrer noopener\" data-auth=\"NotApplicable\" data-linkindex=\"6\">hologram\u00e1tica@sociales.unlz.edu.ar<\/a><\/span><\/h4>\n<h4><span style=\"font-family: arial, sans-serif;\">\u00a0<\/span><\/h4>\n<h4><span style=\"font-family: arial, sans-serif;\">La Comisi\u00f3n Organizadora del\u00a0Concurso\u00a0convocar\u00e1 a un Jurado conformado por personalidades de notable trayectoria en el \u00e1mbito de las Letras en la U.N.L.Z.<\/span><\/h4>\n<h4><span style=\"font-family: arial, sans-serif;\">\u00a0<\/span><\/h4>\n<h4><span style=\"font-family: arial, sans-serif;\"><strong>PRIMER PREMIO<\/strong>: Diploma de reconocimiento, medalla y edici\u00f3n de un libro digital de los trabajos ganadores\u00a0Lote de libros (6).<\/span><\/h4>\n<h4><span style=\"font-family: arial, sans-serif;\"><strong>SEGUNDO Y TERCER PREMIO<\/strong>: Diploma de reconocimiento, medalla y\u00a0edici\u00f3n de un libro digital de los trabajos ganadores. Lote de libros (3).<br aria-hidden=\"true\" \/>Entrega de Diplomas de reconocimientos a quienes obtengan Menci\u00f3n de Honor<\/span><\/h4>\n<p>[\/vc_column_text][\/vc_column][\/vc_row][vc_row][vc_column]<div class=\"\"><a  id=\"btn-6a052358eb664\" class=\"btn btn-filled btn-dark btn-rounded btn-lg ti-pencil  btn-sm-sm\" href= \"https:\/\/www.sociales.unlz.edu.ar\/wp-content\/uploads\/2023\/04\/II-CONCURSO-LITERARIO-Universidad-y-democracia-UNLZ-2023.docx-1.pdf\" target=\"_self\" >Bases y condiciones<\/a><\/div>[\/vc_column][\/vc_row]<\/p>\n","protected":false},"excerpt":{"rendered":"<p>[vc_row][vc_column][vc_column_text] En el marco del 40\u00b0 Aniversario del retorno a la Democracia, el tema central para&#8230;<\/p>\n","protected":false},"author":8,"featured_media":18907,"parent":0,"menu_order":0,"comment_status":"closed","ping_status":"closed","template":"","meta":{"footnotes":""},"class_list":["post-18902","page","type-page","status-publish","has-post-thumbnail","hentry"],"_links":{"self":[{"href":"https:\/\/www.sociales.unlz.edu.ar\/index.php\/wp-json\/wp\/v2\/pages\/18902","targetHints":{"allow":["GET"]}}],"collection":[{"href":"https:\/\/www.sociales.unlz.edu.ar\/index.php\/wp-json\/wp\/v2\/pages"}],"about":[{"href":"https:\/\/www.sociales.unlz.edu.ar\/index.php\/wp-json\/wp\/v2\/types\/page"}],"author":[{"embeddable":true,"href":"https:\/\/www.sociales.unlz.edu.ar\/index.php\/wp-json\/wp\/v2\/users\/8"}],"replies":[{"embeddable":true,"href":"https:\/\/www.sociales.unlz.edu.ar\/index.php\/wp-json\/wp\/v2\/comments?post=18902"}],"version-history":[{"count":6,"href":"https:\/\/www.sociales.unlz.edu.ar\/index.php\/wp-json\/wp\/v2\/pages\/18902\/revisions"}],"predecessor-version":[{"id":18914,"href":"https:\/\/www.sociales.unlz.edu.ar\/index.php\/wp-json\/wp\/v2\/pages\/18902\/revisions\/18914"}],"wp:featuredmedia":[{"embeddable":true,"href":"https:\/\/www.sociales.unlz.edu.ar\/index.php\/wp-json\/wp\/v2\/media\/18907"}],"wp:attachment":[{"href":"https:\/\/www.sociales.unlz.edu.ar\/index.php\/wp-json\/wp\/v2\/media?parent=18902"}],"curies":[{"name":"wp","href":"https:\/\/api.w.org\/{rel}","templated":true}]}}