{"id":17625,"date":"2022-11-02T13:12:16","date_gmt":"2022-11-02T16:12:16","guid":{"rendered":"https:\/\/www.sociales.unlz.edu.ar\/?page_id=17625"},"modified":"2022-12-13T15:08:38","modified_gmt":"2022-12-13T18:08:38","slug":"objetos-semioticos-clinicos","status":"publish","type":"page","link":"https:\/\/www.sociales.unlz.edu.ar\/index.php\/objetos-semioticos-clinicos\/","title":{"rendered":"Objetos semi\u00f3ticos cl\u00ednicos"},"content":{"rendered":"<p>[vc_row][vc_column][vc_column_text]<\/p>\n<h3 style=\"text-align: center;\"><strong>VOCABULARIO SAOPIANO<\/strong><\/h3>\n<h3 style=\"text-align: center;\">Dispositivo de Papiro<\/h3>\n<p>[\/vc_column_text][vc_row_inner][vc_column_inner width=&#8221;1\/2&#8243;][vc_single_image image=&#8221;17633&#8243; img_size=&#8221;full&#8221; alignment=&#8221;center&#8221;][\/vc_column_inner][vc_column_inner width=&#8221;1\/2&#8243;][vc_single_image image=&#8221;17634&#8243; img_size=&#8221;full&#8221; alignment=&#8221;center&#8221;][\/vc_column_inner][\/vc_row_inner][vc_row_inner][vc_column_inner width=&#8221;1\/2&#8243;][vc_single_image image=&#8221;17635&#8243; img_size=&#8221;full&#8221; alignment=&#8221;center&#8221;][\/vc_column_inner][vc_column_inner width=&#8221;1\/2&#8243;][vc_single_image image=&#8221;17636&#8243; img_size=&#8221;full&#8221; alignment=&#8221;center&#8221;][\/vc_column_inner][\/vc_row_inner][vc_row_inner][vc_column_inner width=&#8221;1\/2&#8243;][vc_single_image image=&#8221;17638&#8243; img_size=&#8221;full&#8221; alignment=&#8221;center&#8221;][\/vc_column_inner][vc_column_inner width=&#8221;1\/2&#8243;][vc_single_image image=&#8221;17637&#8243; img_size=&#8221;full&#8221; alignment=&#8221;center&#8221;][\/vc_column_inner][\/vc_row_inner][vc_row_inner][vc_column_inner width=&#8221;1\/2&#8243;][vc_single_image image=&#8221;17639&#8243; img_size=&#8221;full&#8221; alignment=&#8221;center&#8221;][\/vc_column_inner][vc_column_inner width=&#8221;1\/2&#8243;][vc_single_image image=&#8221;17640&#8243; img_size=&#8221;full&#8221; alignment=&#8221;center&#8221;][\/vc_column_inner][\/vc_row_inner][vc_column_text]<\/p>\n<p>&nbsp;<\/p>\n<p>Creemos que una <em>intervenci\u00f3n psicopedag\u00f3gica de car\u00e1cter comunitario <\/em>como la que llevamos adelante desde el SAOP expresa la necesidad de una b\u00fasqueda, de una construcci\u00f3n sensible, y esto incluye una modalidad discursiva diferente, determinada por las y los sujetos habitantes de nuestro Servicio, por sus propias palabras, por sus singularidades; unas hablas que a la vez recuperan la importancia de los v\u00ednculos discursivos de las y los sujetos con sus semejantes, buscando desde all\u00ed una resemiotizaci\u00f3n de aquello que se construy\u00f3 discursivamente como adultoc\u00e9ntrico: tomamos distancia de las <em>lenguas mandantes<\/em> y nos acercamos a las <em>hablas desobedientes<\/em>.<\/p>\n<p>&nbsp;<\/p>\n<p>Es por ello que propiciamos, saopianamente, una alteraci\u00f3n de la sem\u00e1ntica social establecida, que permita una nueva enunciaci\u00f3n de lo real frente a pr\u00e1cticas des-subjetivantes y estigmatizantes. Una <em>gram\u00e1tica<\/em> sensible que posibilite otras enunciaciones; una <em>sintaxis<\/em> que se exprese en hablas, cuerpos, miradas, gestos, escuchas, silencios\u2026 Una<em> pragm\u00e1tica<\/em> que se materialice en las esperas, los encuentros, los estares y las despedidas&#8230;<\/p>\n<p>&nbsp;<\/p>\n<p>El dispositivo de papiro VOCABULARIO SAOPIANO constituye un <em>objeto semi\u00f3tico cl\u00ednico<\/em> que busca reunir las palabras-p\u00e1jaros que llegan y se posan en nuestras pr\u00e1cticas y nos permiten pensar nuestra artesan\u00eda cl\u00ednica.<\/p>\n<p>&nbsp;<\/p>\n<p>Este dispositivo se despliega en varias direcciones y expande el universo del vocabulario saopiano. Depende de c\u00f3mo el lector-investigador lo recorra, entrar\u00e1 en alguna columna donde, en un orden saopiano\/alfab\u00e9tico, conocer\u00e1 lo que las hablas pronuncian en consultorios, sala de espera, aulas y sala de reuniones\u2026<\/p>\n<p>&nbsp;<\/p>\n<p>Desde la A hasta la Z, desde <em>abrazar<\/em> hasta <em>zoom,<\/em> el dispositivo guarda nuestro vocabulario abierto y danzante, nunca congelado ni con un repertorio ya establecido\u2026<\/p>\n<p>&nbsp;<\/p>\n<p>Algunas voces saopianas que construyen polifon\u00eda:<\/p>\n<p>&nbsp;<\/p>\n<p>Acercarse, Acompa\u00f1ar, Acontecimiento, Aislamiento, Alegrarnos, Animarse, Avatares\u2026<\/p>\n<p>Bailar, Barrio, Biblioteca, Buscarnos\u2026<\/p>\n<p>Comprender, Comunidad, Conmovernos, Construcci\u00f3n, Comenzar, Cuerpos, Conversar, Cuentos, Cuarentena, Cuidarnos\u2026<\/p>\n<p>Decidir, Desarrollarnos, Deseo, Desordenar, Devenir, Di\u00e1logo, Disfrazarse\u2026<\/p>\n<p>Emanciparnos, Emocionarnos, Equidad, Escucharnos, Esperarnos, Etica, Expresarnos\u2026<\/p>\n<p>Familia, Fiesta, Fundar\u2026<\/p>\n<p>Ganas, Gestar, Grupalidad\u2026<\/p>\n<p>Habilitarnos, Hablar, Hacernos, Historizaci\u00f3n, Hospedar\u2026<\/p>\n<p>Intentarlo, Interdisciplina, Insistir, Instituyente, Infancias, Invitar\u2026<\/p>\n<p>Jugar, Juntarnos\u2026<\/p>\n<p>Lazo, Leer, Libertad, Lograrlo\u2026<\/p>\n<p>(\u2026) Y la M, la N, la O y las letras que contin\u00faan en sus voces, hasta:<\/p>\n<p>Vincularnos, Viaje, Videollamada, Visibilidad, Volar, Volver, Voz\u2026<\/p>\n<p>Yo\u2026<\/p>\n<p>Zigzaguear\u2026[\/vc_column_text][\/vc_column][\/vc_row][vc_row][vc_column][vc_column_text]<\/p>\n<hr \/>\n<p>[\/vc_column_text][vc_row_inner][vc_column_inner width=&#8221;1\/2&#8243;][vc_single_image image=&#8221;17781&#8243; img_size=&#8221;full&#8221; alignment=&#8221;center&#8221;][\/vc_column_inner][vc_column_inner width=&#8221;1\/2&#8243;][vc_single_image image=&#8221;17782&#8243; img_size=&#8221;full&#8221; alignment=&#8221;center&#8221;][\/vc_column_inner][\/vc_row_inner][vc_row_inner][vc_column_inner width=&#8221;1\/2&#8243;][vc_single_image image=&#8221;17783&#8243; img_size=&#8221;full&#8221; alignment=&#8221;center&#8221;][\/vc_column_inner][vc_column_inner width=&#8221;1\/2&#8243;][vc_single_image image=&#8221;17784&#8243; img_size=&#8221;full&#8221; alignment=&#8221;center&#8221;][\/vc_column_inner][\/vc_row_inner][vc_row_inner][vc_column_inner width=&#8221;1\/2&#8243;][vc_single_image image=&#8221;17785&#8243; img_size=&#8221;full&#8221; alignment=&#8221;center&#8221;][\/vc_column_inner][vc_column_inner width=&#8221;1\/2&#8243;][vc_single_image image=&#8221;17786&#8243; img_size=&#8221;full&#8221; alignment=&#8221;center&#8221;][\/vc_column_inner][\/vc_row_inner][\/vc_column][\/vc_row][vc_row][vc_column][vc_column_text]<\/p>\n<hr \/>\n<p>[\/vc_column_text][vc_row_inner][vc_column_inner width=&#8221;1\/2&#8243;][vc_single_image image=&#8221;17788&#8243; img_size=&#8221;full&#8221; alignment=&#8221;center&#8221;][\/vc_column_inner][vc_column_inner width=&#8221;1\/2&#8243;][vc_single_image image=&#8221;17789&#8243; img_size=&#8221;full&#8221; alignment=&#8221;center&#8221;][\/vc_column_inner][\/vc_row_inner][vc_row_inner][vc_column_inner width=&#8221;1\/2&#8243;][vc_single_image image=&#8221;17790&#8243; img_size=&#8221;full&#8221; alignment=&#8221;center&#8221;][\/vc_column_inner][vc_column_inner width=&#8221;1\/2&#8243;][vc_single_image image=&#8221;17792&#8243; img_size=&#8221;full&#8221; alignment=&#8221;center&#8221;][\/vc_column_inner][\/vc_row_inner][vc_row_inner][vc_column_inner width=&#8221;1\/2&#8243;][vc_single_image image=&#8221;17791&#8243; img_size=&#8221;full&#8221; alignment=&#8221;center&#8221;][\/vc_column_inner][vc_column_inner width=&#8221;1\/2&#8243;][vc_single_image image=&#8221;17793&#8243; img_size=&#8221;full&#8221; alignment=&#8221;center&#8221;][\/vc_column_inner][\/vc_row_inner][\/vc_column][\/vc_row][vc_row][vc_column][vc_column_text]<\/p>\n<hr \/>\n<p>[\/vc_column_text][vc_row_inner][vc_column_inner][vc_column_text]<\/p>\n<h4>EL SAOP COMO UN BUQUE INCANDESCENTE<\/h4>\n<p>[\/vc_column_text][vc_single_image image=&#8221;17832&#8243; img_size=&#8221;large&#8221; alignment=&#8221;center&#8221;][\/vc_column_inner][\/vc_row_inner][vc_column_text]<\/p>\n<h5><strong>\u00a0<\/strong><\/h5>\n<h5>En los tiempos pand\u00e9micos (el bienio 2020\/2021) tuvimos que comprender que los seis consultorios del SAOP ten\u00edan que mudarse a las casas de las familias de las y los pacientes y a las casas de las psicopedagogas. La virtualidad hizo posible que sean casas vecinas: s\u00f3lo una ventana las separaba. En ella se asomaron pibas y pibes, descubriendo el rostro y la voz de sus terapeutas: aislamiento f\u00edsico y distanciamiento f\u00edsico no implicaron desanudamiento de los lazos cl\u00ednicos que hab\u00edamos establecido con nuestros pacientes<\/h5>\n<h5><\/h5>\n<h5>Fue preciso pensar la cl\u00ednica virtual que impusieron los <em>tiempos pand\u00e9micos<\/em>. Pensar aqu\u00e9l escenario no como un obst\u00e1culo ni una limitaci\u00f3n, solamente; la virtualidad nos permiti\u00f3 desplegar una forma sutil de la presencialidad: pudimos conocer los hogares de nuestros pacientes, su familia, sus modalidades vinculares, sus mascotas. Miramos lo que pibas y pibes observan desde sus casas: los vecinos, su calle, las casas circundantes.<\/h5>\n<h5><\/h5>\n<h5>Estuvimos construyendo una intervenci\u00f3n institucional capaz de atender las diversas necesidades de nuestras y nuestros pacientes en el aislamiento y distanciamiento f\u00edsicos; por ello se trat\u00f3 de una intervenci\u00f3n instituyente. La suspensi\u00f3n de los encuentros presenciales tambi\u00e9n nos desaf\u00ed\u00f3 a seguir asumiendo otra suspensi\u00f3n: aquella que intenta vanamente establecer una intervenci\u00f3n psicopedag\u00f3gica \u00fanica que busque abarcar la multiplicidad de dimensiones que constituyen los aprendizajes y sus avatares.<\/h5>\n<h5><\/h5>\n<h5>Si lo singular en las intervenciones psicopedag\u00f3gicas se realiza por un mismo equipo y con un mismo sujeto, pero en <em>otro espacio territorial<\/em> diferente al presencial, debimos entonces configurar <em>mapas de situaciones cl\u00ednicas superpuestas<\/em>. Un paciente que se manifiesta de una manera ante nosotros, puede presentarse tambi\u00e9n ante sus otros significativos de maneras diversas, considerando que se present\u00f3, ya ante nosotros, de otra forma en los consultorios del SAOP.<\/h5>\n<h5><\/h5>\n<h5>Mapear, cartografiar esas situaciones, reconocer estas nuevas trayectorias, capturar estos momentos \u00fanicos de los sujetos que se encontraron en la virtualidad con momentos \u00fanicos de los equipos de psicopedagog\u00eda: all\u00ed es donde radica <em>la singularidad de lo que est\u00e1 sucediendo<\/em>.<\/h5>\n<h5><\/h5>\n<h5>Sin embargo, no se trat\u00f3 de comenzar una intervenci\u00f3n cl\u00ednica siempre desde un inicio, sino m\u00e1s bien en reconocer las trayectorias tanto de los sujetos como de las intervenciones. Lograr suspender eso que cre\u00edamos con certeza saber sobre el otro y su situaci\u00f3n, para reubicarlo en aqu\u00e9l tiempo pand\u00e9mico presente y singular, lo m\u00e1s desprovisto posible de pre-constructos.<\/h5>\n<h5>En definitiva, las pol\u00edticas del cuidado en tiempos pand\u00e9micos tambi\u00e9n entramaron sujetos, escenas e instituciones. Se trat\u00f3 de asumir un desaf\u00edo: en vez de suponer que ya existe el SAOP como una instituci\u00f3n conformada, suponer que no la hay del todo, y que por ello, <em>es preciso terminar de inventarla<\/em>.<\/h5>\n<h5>Inventarla en el sentido de disponer, a partir del aislamiento y distanciamiento f\u00edsicos, un dispositivo que permitiera que los sujetos y las tramas relacionantes pudieran otorgarle un sentido a aquello que nos estaba sucediendo, que desorientaba y angustiaba. Es decir, en lugar de suponer que existe una instituci\u00f3n con sus protocolos y procedimientos ya establecidos, aprender a leer indicadores, analizadores de una situaci\u00f3n problem\u00e1tica in\u00e9dita y volver a pensar el dispositivo cl\u00ednico.<\/h5>\n<h5>Si ya decidimos c\u00f3mo es o deber\u00eda ser el SAOP como instituci\u00f3n terap\u00e9utica, no alcanzaremos a pensar mucho de lo que sucede en ella o de lo que podr\u00eda llegar a suceder. Si antes de definir partimos de pensar una situaci\u00f3n dada de car\u00e1cter novedoso, entonces podremos comenzar a <em>instituir un pensamiento cl\u00ednico<\/em> a la altura de los acontecimientos. Un pensamiento que logre fundar un presente sensible ante los tiempos inh\u00f3spitos que supimos habitar.<\/h5>\n<h5>Es as\u00ed que imaginamos una cartograf\u00eda, un mapa posible de los tiempos pand\u00e9micos: <em>el SAOP como Buque Incandescente<\/em>; las y los psicop\u00e9s, saopianas y saopianos como luminosos habitantes del presente; las y los pacientes como madrugadas que anuncian cada d\u00eda su llegada.<\/h5>\n<h5>El SAOP se transform\u00f3 en un Buque que naveg\u00f3 a las casas de las y los pacientes. La sala de reuniones y el aula, los consultorios, la sala de espera, las bibliotecas, la juegoteca\u2026<\/h5>\n<h5>El pasillo de la facultad de transform\u00f3 en un r\u00edo que nos llevaba a las barriadas del sur conurbano a trav\u00e9s de las pantallas-ventanas de los celulares que navegaban a las casas de pacientes y terapeutas.<\/h5>\n<h5>A la manera de un <em>Delta Cl\u00ednico<\/em>, sostuvimos el derecho inalienable de las infancias en riesgo a ser alojadas y sostenidas por una Pol\u00edtica P\u00fablica del cuidado, desde una Universidad P\u00fablica con conciencia comunitaria.<\/h5>\n<h5><\/h5>\n<p>[\/vc_column_text][\/vc_column][\/vc_row]<\/p>\n","protected":false},"excerpt":{"rendered":"<p>[vc_row][vc_column][vc_column_text] VOCABULARIO SAOPIANO Dispositivo de Papiro [\/vc_column_text][vc_row_inner][vc_column_inner width=&#8221;1\/2&#8243;][vc_single_image image=&#8221;17633&#8243; img_size=&#8221;full&#8221; alignment=&#8221;center&#8221;][\/vc_column_inner][vc_column_inner width=&#8221;1\/2&#8243;][vc_single_image image=&#8221;17634&#8243; img_size=&#8221;full&#8221; alignment=&#8221;center&#8221;][\/vc_column_inner][\/vc_row_inner][vc_row_inner][vc_column_inner width=&#8221;1\/2&#8243;][vc_single_image&#8230;<\/p>\n","protected":false},"author":8,"featured_media":0,"parent":0,"menu_order":0,"comment_status":"closed","ping_status":"closed","template":"","meta":{"footnotes":""},"class_list":["post-17625","page","type-page","status-publish","hentry"],"_links":{"self":[{"href":"https:\/\/www.sociales.unlz.edu.ar\/index.php\/wp-json\/wp\/v2\/pages\/17625","targetHints":{"allow":["GET"]}}],"collection":[{"href":"https:\/\/www.sociales.unlz.edu.ar\/index.php\/wp-json\/wp\/v2\/pages"}],"about":[{"href":"https:\/\/www.sociales.unlz.edu.ar\/index.php\/wp-json\/wp\/v2\/types\/page"}],"author":[{"embeddable":true,"href":"https:\/\/www.sociales.unlz.edu.ar\/index.php\/wp-json\/wp\/v2\/users\/8"}],"replies":[{"embeddable":true,"href":"https:\/\/www.sociales.unlz.edu.ar\/index.php\/wp-json\/wp\/v2\/comments?post=17625"}],"version-history":[{"count":21,"href":"https:\/\/www.sociales.unlz.edu.ar\/index.php\/wp-json\/wp\/v2\/pages\/17625\/revisions"}],"predecessor-version":[{"id":17958,"href":"https:\/\/www.sociales.unlz.edu.ar\/index.php\/wp-json\/wp\/v2\/pages\/17625\/revisions\/17958"}],"wp:attachment":[{"href":"https:\/\/www.sociales.unlz.edu.ar\/index.php\/wp-json\/wp\/v2\/media?parent=17625"}],"curies":[{"name":"wp","href":"https:\/\/api.w.org\/{rel}","templated":true}]}}