{"id":16984,"date":"2022-09-20T14:08:53","date_gmt":"2022-09-20T17:08:53","guid":{"rendered":"https:\/\/www.sociales.unlz.edu.ar\/?page_id=16984"},"modified":"2022-09-20T14:08:53","modified_gmt":"2022-09-20T17:08:53","slug":"proyecto-y-programa-clinico-institucional","status":"publish","type":"page","link":"https:\/\/www.sociales.unlz.edu.ar\/index.php\/proyecto-y-programa-clinico-institucional\/","title":{"rendered":"PROYECTO Y PROGRAMA CL\u00cdNICO INSTITUCIONAL"},"content":{"rendered":"<p><span style=\"font-weight: 400;\">El programa de extensi\u00f3n del SAOP es fruto de una reflexi\u00f3n y pr\u00e1ctica cl\u00ednica llevada adelante por un equipo de profesionales convocados por Lucio Cerd\u00e1, quien fuera director del Servicio de Atenci\u00f3n y Orientaci\u00f3n Psicopedag\u00f3gica desde su proceso gestaci\u00f3n y fundaci\u00f3n en el a\u00f1o 1998, hasta la fecha de su prematuro fallecimiento, acaecida en junio de 2009. En ese a\u00f1o, la Facultad de Ciencias Sociales lo design\u00f3 como Director Honorario.\u00a0<\/span><\/p>\n<p>&nbsp;<\/p>\n<p><span style=\"font-weight: 400;\">Actualmente el plantel de profesionales del SAOP est\u00e1 integrado por el director (y miembro fundador) Oscar Amaya; la coordinadora general Julia Bonfill, el equipo de supervisoras Elba Fern\u00e1ndez, Sabrina Pensado, Natalia Lozano, Carla Cordero, Patricia Dhers, Silvia Guzm\u00e1n y Julia Bonfill y el equipo de admisi\u00f3n y atenci\u00f3n compuesto por cerca de 80 profesionales.<\/span><\/p>\n<p>&nbsp;<\/p>\n<p><span style=\"font-weight: 400;\">El SAOP es un Servicio de atenci\u00f3n y orientaci\u00f3n psicopedag\u00f3gica p\u00fablico y gratuito dependiente de la Facultad de Ciencias Sociales de la Universidad Nacional de Lomas de Zamora, que se halla ampliamente difundido entre las escuelas y los servicios hospitalarios de los municipios de la zona sur de la provincia de Buenos Aires. Se trata de un Servicio que sostiene dos grandes objetivos, que ser\u00e1n desglosados en el subt\u00edtulo <\/span><i><span style=\"font-weight: 400;\">Objetivos generales del SAOP<\/span><\/i><span style=\"font-weight: 400;\">:\u00a0<\/span><\/p>\n<p>&nbsp;<\/p>\n<ul>\n<li style=\"font-weight: 400;\" aria-level=\"1\"><span style=\"font-weight: 400;\">propiciar que las y los profesionales de la Psicopedagog\u00eda con graduaci\u00f3n en la carrera de Psicopedagog\u00eda de la Facultad realicen sus primeras experiencias profesionales, como tambi\u00e9n recibir a profesionales experimentados a contribuir con su experiencia, e incluso a aquelles que retornan despu\u00e9s de haber transitado el SAOP.<\/span><\/li>\n<li style=\"font-weight: 400;\" aria-level=\"1\"><span style=\"font-weight: 400;\">desarrollar una forma concreta de devolver a la comunidad los recursos que ella, a trav\u00e9s de sus impuestos, destina a la Universidad.<\/span><\/li>\n<\/ul>\n<p><span style=\"font-weight: 400;\">Este Servicio atiende a ni\u00f1as, ni\u00f1os y adolescentes de lunes a viernes en horas de la ma\u00f1ana y la tarde y s\u00e1bados en horas de la ma\u00f1ana; trabajan en \u00e9l m\u00e1s de 70 profesionales distribuidos en 11 m\u00f3dulos de trabajo, egresados de la carrera de Psicopedagog\u00eda y responsables de llevar a cabo admisiones, diagn\u00f3sticos, tratamientos individuales y grupales, as\u00ed como talleres cl\u00ednicos, orientaciones a madres y padres de les pacientes, a las instituciones escolares y a otros profesionales. Quienes pertenecen al SAOP concurren una vez por semana en calidad de ad-honorem, donde asisten a pacientes en diversos dispositivos, recibiendo supervisi\u00f3n semanal<\/span> <span style=\"font-weight: 400;\">en los espacios modulares de trabajo, donde se abordan problem\u00e1ticas te\u00f3ricas y cl\u00ednicas.<\/span><\/p>\n<p><span style=\"font-weight: 400;\">El SAOP es una instituci\u00f3n que brinda atenci\u00f3n a quienes presentan dificultades en sus aprendizajes, derivadas por instituciones escolares en su mayor\u00eda, o que de motu propio sus familias lo soliciten. Son ni\u00f1as, ni\u00f1os y adolescentes quienes constituyen desde hace 23 a\u00f1os la poblaci\u00f3n que se acerca requiriendo alg\u00fan tipo de asistencia y orientaci\u00f3n psicopedag\u00f3gicas, para el abordaje de dificultades en torno a sus aprendizajes. En este sentido, el Servicio ha llegado a atender, en estos a\u00f1os de labor cl\u00ednica, cerca de 1000 familias.<\/span><\/p>\n<p><span style=\"font-weight: 400;\">Junto a este trabajo institucional cl\u00ednico, hasta el momento se han realizado asesoramientos a m\u00e1s de 100 instituciones vinculadas al SAOP, fundamentalmente a establecimientos escolares de distintos niveles, pero tambi\u00e9n hospitales, asociaciones y sociedades de fomento, as\u00ed como unidades sanitarias. Con muchas de ellas el intercambio ha sido y sigue siendo intenso, fruct\u00edfero y enriquecedor.<\/span><\/p>\n<p><span style=\"font-weight: 400;\">Es por ello que, como componente previsible de la labor cl\u00ednica, se origina una estrecha y frecuente comunicaci\u00f3n con otros profesionales que se ocupan de ni\u00f1as, ni\u00f1os y adolescentes: docentes, trabajadores sociales, fonoaudi\u00f3logos, psic\u00f3logos, neur\u00f3logos y pediatras, entre otros. Los informes cl\u00ednicos, de pedidos de atenci\u00f3n o de intercambio de informaci\u00f3n acerca de les pacientes, resultan tarea cotidiana para quienes trabajamos en este Servicio.<\/span><\/p>\n<p>&nbsp;<\/p>\n<p><span style=\"font-weight: 400;\">Cabe destacar que desde 2019 se est\u00e1n implementado<\/span> <i><span style=\"font-weight: 400;\">Talleres cl\u00ednicos y Tutor\u00edas de asistencia y orientaci\u00f3n,<\/span><\/i><span style=\"font-weight: 400;\"> destinados a estudiantes ingresantes e intermedios de las carreras de la Facultad que manifiesten diversos grados de dificultad en sus estudios universitarios<\/span><\/p>\n","protected":false},"excerpt":{"rendered":"<p>El programa de extensi\u00f3n del SAOP es fruto de una reflexi\u00f3n y pr\u00e1ctica cl\u00ednica llevada adelante&#8230;<\/p>\n","protected":false},"author":8,"featured_media":16985,"parent":0,"menu_order":0,"comment_status":"closed","ping_status":"closed","template":"","meta":{"footnotes":""},"class_list":["post-16984","page","type-page","status-publish","has-post-thumbnail","hentry"],"_links":{"self":[{"href":"https:\/\/www.sociales.unlz.edu.ar\/index.php\/wp-json\/wp\/v2\/pages\/16984","targetHints":{"allow":["GET"]}}],"collection":[{"href":"https:\/\/www.sociales.unlz.edu.ar\/index.php\/wp-json\/wp\/v2\/pages"}],"about":[{"href":"https:\/\/www.sociales.unlz.edu.ar\/index.php\/wp-json\/wp\/v2\/types\/page"}],"author":[{"embeddable":true,"href":"https:\/\/www.sociales.unlz.edu.ar\/index.php\/wp-json\/wp\/v2\/users\/8"}],"replies":[{"embeddable":true,"href":"https:\/\/www.sociales.unlz.edu.ar\/index.php\/wp-json\/wp\/v2\/comments?post=16984"}],"version-history":[{"count":2,"href":"https:\/\/www.sociales.unlz.edu.ar\/index.php\/wp-json\/wp\/v2\/pages\/16984\/revisions"}],"predecessor-version":[{"id":16987,"href":"https:\/\/www.sociales.unlz.edu.ar\/index.php\/wp-json\/wp\/v2\/pages\/16984\/revisions\/16987"}],"wp:featuredmedia":[{"embeddable":true,"href":"https:\/\/www.sociales.unlz.edu.ar\/index.php\/wp-json\/wp\/v2\/media\/16985"}],"wp:attachment":[{"href":"https:\/\/www.sociales.unlz.edu.ar\/index.php\/wp-json\/wp\/v2\/media?parent=16984"}],"curies":[{"name":"wp","href":"https:\/\/api.w.org\/{rel}","templated":true}]}}