{"id":16933,"date":"2022-09-14T14:38:24","date_gmt":"2022-09-14T17:38:24","guid":{"rendered":"https:\/\/www.sociales.unlz.edu.ar\/?page_id=16933"},"modified":"2022-09-15T15:00:52","modified_gmt":"2022-09-15T18:00:52","slug":"saop-jornada-institucional-2022","status":"publish","type":"page","link":"https:\/\/www.sociales.unlz.edu.ar\/index.php\/saop-jornada-institucional-2022\/","title":{"rendered":"SAOP &#8211; JORNADA INSTITUCIONAL 2022"},"content":{"rendered":"<p>[vc_row][vc_column][vc_row_inner][vc_column_inner width=&#8221;1\/3&#8243;][vc_single_image image=&#8221;16950&#8243; img_size=&#8221;medium&#8221; alignment=&#8221;center&#8221;][\/vc_column_inner][vc_column_inner width=&#8221;1\/3&#8243;][vc_single_image image=&#8221;16949&#8243; img_size=&#8221;medium&#8221; alignment=&#8221;center&#8221;][\/vc_column_inner][vc_column_inner width=&#8221;1\/3&#8243;][vc_single_image image=&#8221;16948&#8243; img_size=&#8221;medium&#8221; alignment=&#8221;center&#8221;][\/vc_column_inner][\/vc_row_inner][vc_column_text]<\/p>\n<h5 style=\"text-align: center;\"><u>JORNADA<\/u><u> INSTITUCIONAL 2022<\/u><\/h5>\n<h4 style=\"text-align: center;\"><strong><em>\u201cAbrazando experiencias, ternurando lazos\u201d <\/em><\/strong><\/h4>\n<h4 style=\"text-align: center;\"><strong><em>Traves\u00edas y potencialidades <\/em><\/strong><strong><em>en la cl\u00ednica saopiana<\/em><\/strong><\/h4>\n<p style=\"text-align: center;\">Universidad Nacional de Lomas de Zamora<\/p>\n<p style=\"text-align: center;\">Facultad de Ciencias Sociales<\/p>\n<p style=\"text-align: center;\">Edificio Anexo aula D &#8211; S\u00e1bado 17 de septiembre<\/p>\n<p>[\/vc_column_text][vc_single_image image=&#8221;16943&#8243; img_size=&#8221;large&#8221; alignment=&#8221;center&#8221;][\/vc_column][\/vc_row][vc_row][vc_column][vc_column_text]<strong>9:30 hs<\/strong><strong>. \u00a0\u00a0\u00a0\u00a0\u00a0\u00a0\u00a0 ACREDITACI\u00d3N<\/strong><\/p>\n<p><strong>10:00 hs. \u00a0\u00a0\u00a0\u00a0\u00a0\u00a0\u00a0 APERTURA INSTITUCIONAL <\/strong><\/p>\n<p>Palabras de apertura del Decano de la Facultad de Ciencias Sociales, Mg. <strong>Gustavo Na\u00f3n<\/strong>.<\/p>\n<p>Palabras de bienvenida del Director del SAOP, Psp. <strong>Oscar Amaya<\/strong><\/p>\n<p><strong><em>APERTURA MUSICO-TEATRAL<\/em><\/strong><\/p>\n<p><em>\u201cA jugar en el mundo saopiano con Mar\u00eda Elena Walsh\u201d<\/em><\/p>\n<p><em>Facilitadores: <strong>Sabrina Pensado<\/strong>, <strong>Sonia Medina, <\/strong><\/em><strong><em>Oscar Amaya, Roc\u00edo Sigel<\/em><\/strong><\/p>\n<p><strong>\u00a0<\/strong><\/p>\n<p><strong>10:30 hs. \u00a0\u00a0\u00a0\u00a0\u00a0\u00a0\u00a0 <\/strong><strong>PRESENTACI\u00d3N DE \u201cALFABETIZAR\u201d<\/strong><\/p>\n<p><strong>Programa de Alfabetizaci\u00f3n Fonol\u00f3gico Integral<\/strong><\/p>\n<p><em><u>Coordinan:<\/u><\/em><em> Lic. <strong>Agustina Pan<\/strong>, Secretaria de Extensi\u00f3n Universitaria Psp. <strong>Oscar Amaya<\/strong><\/em><\/p>\n<p><em><u>Disertantes: <\/u><\/em>Lic<strong>. Natalia Lozano <\/strong>&#8211; Lic<strong>. Gimena Pav\u00f3n<\/strong><\/p>\n<p>&nbsp;<\/p>\n<p><strong>11:00 hs. \u00a0\u00a0\u00a0\u00a0\u00a0\u00a0\u00a0 DIAGN\u00d3STICOS Y F\u00c1RMACOS EN SALUD MENTAL. CONTRIBUCIONES DESDE LAS CIENCIAS SOCIALES<\/strong><\/p>\n<p><em><u>Coordina:<\/u><\/em><em> Lic. <strong>Julia Bonfill<\/strong><\/em><\/p>\n<p><em><u>Disertante: <\/u><\/em>Lic.<strong> Eugenia Bianchi<\/strong><\/p>\n<p>&nbsp;<\/p>\n<p><strong>12:00 hs. \u00a0\u00a0\u00a0\u00a0\u00a0\u00a0\u00a0 PRESENTACI\u00d3N DEL PROGRAMA CL\u00cdNICO \u201cSAOP ARCOIRIS\u201d<\/strong><\/p>\n<p><em>\u00a0<\/em><em><u>Coordina:<\/u><\/em><em> Lic. <strong>Lucia Yba\u00f1ez<\/strong><\/em><\/p>\n<p><strong>Roc\u00edo Sigel; Micaela Carussi; Emanuel C\u00e1nepa; Carla Casta\u00f1era; Vanesa Portillo<\/strong><\/p>\n<p>&nbsp;<\/p>\n<p><strong>12:<\/strong><strong>30 hs. \u00a0\u00a0\u00a0\u00a0\u00a0\u00a0\u00a0 RECESO <\/strong>(es posible almorzar en el buffet de la Facultad)<\/p>\n<p>&nbsp;<\/p>\n<p><strong>13:15 hs. \u00a0\u00a0\u00a0\u00a0\u00a0\u00a0\u00a0 GRUPO DE DANZAS CIRCULARES \u201cABRAZO EN DANZA\u201d<\/strong><\/p>\n<p><em><u>Facilitadores:<\/u><\/em><em> <strong>Pablo Karp<\/strong>, <strong>Silvia Spinelli<\/strong> <\/em><\/p>\n<p><em>Integra el grupo la saopiana <strong>Paula Peralta <\/strong><\/em><em>(la actividad se realizar\u00e1 en la playa de estacionamiento junto\u00a0 <\/em><em>al edificio Anexo)<\/em><\/p>\n<p>&nbsp;<\/p>\n<p><strong>13:45 hs. \u00a0\u00a0\u00a0\u00a0\u00a0\u00a0\u00a0 PANEL INTERC\u00c1TEDRAS Y EL SAOP<\/strong><\/p>\n<p><em><u>Coordina:<\/u><\/em><em> Lic. <strong>Carla Cordero<\/strong><\/em><\/p>\n<p><em>C\u00e1tedras: Pedagog\u00eda especial; Estudio del Lenguaje y sus trastornos Psicopatolog\u00eda del Desarrollo; Cl\u00ednica Psicopedag\u00f3gica<\/em><\/p>\n<p><em><u>Disertantes:<\/u><\/em><em> Lic. <strong>Sabrina Pensado<\/strong>; Psp. <strong>Elba Fern\u00e1ndez<\/strong>; Lic. <strong>Vanina Somer<\/strong>; Lic. <strong>Gerardo Prol<\/strong>; Lic. <strong>Julia Bonfill<\/strong>; Lic. <strong>Noelia Verbauwede<\/strong><\/em><\/p>\n<p>&nbsp;<\/p>\n<p><strong>15:00 hs. \u00a0\u00a0\u00a0\u00a0\u00a0\u00a0\u00a0 PANEL DE CASOS CL\u00cdNICOS<\/strong><\/p>\n<p><em>-Lic. <strong>Alejandra Carballo<\/strong> \u2013 Supervisora <strong>Carla Cordero<\/strong><\/em><\/p>\n<p><em>-Lic. <strong>Eva Pino<\/strong> \u2013 Supervisoras <strong>Carla Cordero<\/strong> y <strong>Julia Bonfill<\/strong><\/em><\/p>\n<p>&nbsp;<\/p>\n<p><strong>15:45 hs. \u00a0\u00a0\u00a0\u00a0\u00a0\u00a0\u00a0 MANIFIESTO SAOPIANO ANTE UNA DISCAPACIDAD EN EMERGENCIA <\/strong><em>#discapacidadenemergencia<\/em><\/p>\n<p><em>Lic. <strong>Rita Landa,<\/strong> Lic. <\/em><strong><em>Natalia Forciniti<\/em><\/strong><em>, Lic. <strong>Cynthia Morel<\/strong>,\u00a0 <\/em><em>Lic. <\/em><strong><em>Camila G\u00f3mez<\/em><\/strong><\/p>\n<p>&nbsp;<\/p>\n<p><strong>16:00 hs. \u00a0\u00a0\u00a0\u00a0\u00a0\u00a0\u00a0 CIERRE DE LA JORNADA<\/strong><\/p>\n<p><em>Palabras finales del Director del SAOP<\/em><\/p>\n<p><strong>\u00a0CIERRE ARTISTICO\u2013LITERARIO: \u201cVOCES DEL ALMA\u201d<\/strong><\/p>\n<p><strong>\u00a0<\/strong><em>En el marco del taller cl\u00ednico \u201cENCUENTRO DE CUENTOS\u201d<\/em><\/p>\n<p><em>Participan integrantes del M\u00f3dulo de los martes a la tarde.<\/em><\/p>\n<p><strong>Sabrina Pensado<\/strong>; <strong>Ver\u00f3nica Fr\u00edas<\/strong>; <strong>Daniela Carranza<\/strong>; <strong>Viviana Barbeito<\/strong>; <strong>Vanesa K. Portillo M<\/strong>.; <strong>Mercedes Maldonado<\/strong>; <strong>Ni\u00f1xs<\/strong> integrantes del Taller[\/vc_column_text][vc_column_text]<\/p>\n<h5><strong>PLANTEL DE PROFESIONALES DEL SAOP<\/strong><\/h5>\n<h5>Eugenia Toledo <strong>|<\/strong> Matilde San Martin<\/h5>\n<h5>\u00a0Lidia Manuela D\u00edaz<strong> |<\/strong> Camila Gassa<\/h5>\n<h5>Rita Landa <strong>|<\/strong> Yesica Osorio<\/h5>\n<h5>Gabriela Ledesma <strong>|<\/strong> Adriana Roasio<\/h5>\n<h5>Leila Pared<strong> |<\/strong> Daniela Bargnia<\/h5>\n<h5>\u00a0Lucila Guasch<strong> |<\/strong> Mariela Santander<\/h5>\n<h5>Vanesa Portillo <strong>|<\/strong> Johanna Rodr\u00edguez<\/h5>\n<h5>Agustina Tonini <strong>|<\/strong> Viviana Barbeito<\/h5>\n<h5>Daniela Rom\u00e1n <strong>|<\/strong> Daniela Carranza<\/h5>\n<h5>Mercedes Maldonado<strong> |<\/strong> Laura Ledesma<\/h5>\n<h5>Azul Albano<strong> |<\/strong> Nora Masuelli<\/h5>\n<h5>Romina Franco<strong> |<\/strong> Sandra Robles<\/h5>\n<h5>Ayelen Barbuto <strong>|<\/strong> Lorena Corigliano<\/h5>\n<h5>Cecilia M\u00e9ndez<strong> |<\/strong> Florencia Vintiss<\/h5>\n<h5>Roci\u00f3 Ju\u00e1rez <strong>|<\/strong> Susana Fern\u00e1ndez<\/h5>\n<h5>Florencia S\u00e1nchez <strong>|<\/strong> Mar\u00eda In\u00e9s Amarilla<\/h5>\n<h5>Cinthia Mart\u00ednez<strong> |<\/strong> Paula Peralta<\/h5>\n<h5>Rosario Borsatto<strong> |<\/strong> Jeannete Haneck<\/h5>\n<h5>Silvia Santesteban<strong> |<\/strong> Camila Guarda Dhers<\/h5>\n<h5>Mariel Malizia<strong> |<\/strong> Samira Galv\u00e1n<\/h5>\n<h5>Miriam Lugo<strong> |<\/strong> Azul Albano<\/h5>\n<h5>Claudia Villalba<strong> |<\/strong> Eva Pino<\/h5>\n<h5>Erika Mariscal Riveros <strong>|<\/strong> Sandra Cort\u00e1zar<\/h5>\n<h5>Mariana Montserrat<strong> |<\/strong> Roc\u00edo Sigel<\/h5>\n<h5>Gisela Wirtz <strong>|<\/strong> Gabriela Linardo<\/h5>\n<h5>Marianela Villafa\u00f1e <strong>|<\/strong> Agustina Sotelo<\/h5>\n<h5>Agustina Spinelli\u00a0 <strong>|<\/strong> Griselda Acebedo<\/h5>\n<h5>Bel\u00e9n Ozafr\u00e1n <strong>|<\/strong> Ra\u00fal Eiros<\/h5>\n<h5>Carla Valente <strong>|<\/strong> Myriam Velazquez<\/h5>\n<h5>M. de la Paz Villanustre <strong>|<\/strong> Luc\u00eda Yba\u00f1ez<\/h5>\n<p>&nbsp;<\/p>\n<h5><strong><em>Supervisoras:<\/em><\/strong> <em>Julia Bonfil, Elba Fern\u00e1ndez, Sabrina Pensado, Natalia Lozano, Carla Cordero, Patricia Dhers, Claudia Sirri.<\/em><\/h5>\n<h5><strong><em>Co-supervisoras:<\/em><\/strong> <em>Graciela Merani, Noelia Verbauwede, \u00c1ngela Altera, Alejandra Carballo, Sonia Medina, Ana Laura Lamiral, Mar\u00eda Lujan Bertolot, Ver\u00f3nica Fr\u00edas, Gimena Pav\u00f3n, Yanina Walker, Laura Estrada.<\/em><\/h5>\n<h5><em>\u00a0<\/em><\/h5>\n<h5><strong><em><u>Secretaria t\u00e9cnica<\/u><\/em><em>: <\/em><\/strong><em>Mayra Lucero<\/em><em>\u00a0 \u00a0\u00a0\u00a0\u00a0<strong>\u00a0<u>Secretaria administrativa<\/u>: <\/strong><\/em><em>Flavia Louis<\/em><\/h5>\n<h5><strong><em><u>Coordinadora general<\/u><\/em><em>: <\/em><\/strong><em>Julia Bonfil<\/em><\/h5>\n<h5><strong><em><u>Director<\/u><\/em><em>: <\/em><\/strong><em>Oscar Amaya<\/em><em> \u00a0\u00a0\u00a0\u00a0\u00a0<strong>\u00a0<u>Director honorario<\/u>: <\/strong><\/em><em>Lucio Cerd\u00e1<\/em><\/h5>\n<p>[\/vc_column_text][\/vc_column][\/vc_row][vc_row][vc_column][\/vc_column][\/vc_row]<\/p>\n","protected":false},"excerpt":{"rendered":"<p>[vc_row][vc_column][vc_row_inner][vc_column_inner width=&#8221;1\/3&#8243;][vc_single_image image=&#8221;16950&#8243; img_size=&#8221;medium&#8221; alignment=&#8221;center&#8221;][\/vc_column_inner][vc_column_inner width=&#8221;1\/3&#8243;][vc_single_image image=&#8221;16949&#8243; img_size=&#8221;medium&#8221; alignment=&#8221;center&#8221;][\/vc_column_inner][vc_column_inner width=&#8221;1\/3&#8243;][vc_single_image image=&#8221;16948&#8243; img_size=&#8221;medium&#8221; alignment=&#8221;center&#8221;][\/vc_column_inner][\/vc_row_inner][vc_column_text] JORNADA INSTITUCIONAL 2022&#8230;<\/p>\n","protected":false},"author":5,"featured_media":16935,"parent":0,"menu_order":0,"comment_status":"closed","ping_status":"closed","template":"","meta":{"footnotes":""},"class_list":["post-16933","page","type-page","status-publish","has-post-thumbnail","hentry"],"_links":{"self":[{"href":"https:\/\/www.sociales.unlz.edu.ar\/index.php\/wp-json\/wp\/v2\/pages\/16933","targetHints":{"allow":["GET"]}}],"collection":[{"href":"https:\/\/www.sociales.unlz.edu.ar\/index.php\/wp-json\/wp\/v2\/pages"}],"about":[{"href":"https:\/\/www.sociales.unlz.edu.ar\/index.php\/wp-json\/wp\/v2\/types\/page"}],"author":[{"embeddable":true,"href":"https:\/\/www.sociales.unlz.edu.ar\/index.php\/wp-json\/wp\/v2\/users\/5"}],"replies":[{"embeddable":true,"href":"https:\/\/www.sociales.unlz.edu.ar\/index.php\/wp-json\/wp\/v2\/comments?post=16933"}],"version-history":[{"count":20,"href":"https:\/\/www.sociales.unlz.edu.ar\/index.php\/wp-json\/wp\/v2\/pages\/16933\/revisions"}],"predecessor-version":[{"id":16962,"href":"https:\/\/www.sociales.unlz.edu.ar\/index.php\/wp-json\/wp\/v2\/pages\/16933\/revisions\/16962"}],"wp:featuredmedia":[{"embeddable":true,"href":"https:\/\/www.sociales.unlz.edu.ar\/index.php\/wp-json\/wp\/v2\/media\/16935"}],"wp:attachment":[{"href":"https:\/\/www.sociales.unlz.edu.ar\/index.php\/wp-json\/wp\/v2\/media?parent=16933"}],"curies":[{"name":"wp","href":"https:\/\/api.w.org\/{rel}","templated":true}]}}