{"id":16409,"date":"2022-08-03T11:14:16","date_gmt":"2022-08-03T14:14:16","guid":{"rendered":"https:\/\/www.sociales.unlz.edu.ar\/?page_id=16409"},"modified":"2022-08-09T09:30:16","modified_gmt":"2022-08-09T12:30:16","slug":"apertura-de-materias-del-segundo-cuatrimestre","status":"publish","type":"page","link":"https:\/\/www.sociales.unlz.edu.ar\/index.php\/apertura-de-materias-del-segundo-cuatrimestre\/","title":{"rendered":"APERTURA DE MATERIAS DEL SEGUNDO CUATRIMESTRE S\u00d3LO PARA NO INGRESANTES"},"content":{"rendered":"<p>[vc_row][vc_column][vc_column_text]<\/p>\n<h3><strong>INSCRIPCI\u00d3N A MATERIAS DEL SEGUNDO CUATRIMESTRE S\u00d3LO PARA NO INGRESANTES<\/strong><\/h3>\n<h4>Inicia<strong> el 10\/8 a las 8:00 hs y finaliza el 12\/8 a las 20:00 hs.<\/strong><\/h4>\n<h4>A trav\u00e9s del SIU Guaran\u00ed.<\/h4>\n<h4>\u2022 Te recomendamos que siempre guardes los comprobantes de inscripci\u00f3n a las materias y el n\u00famero de transacci\u00f3n. Una vez que finaliz\u00e1s revis\u00e1 que est\u00e9 registrada correctamente en el sistema.<\/h4>\n<h4><strong>Aclaraci\u00f3n: A los y las estudiantes que comenzaron a cursar este a\u00f1o (Ingresantes) y se inscriban en esta instancia, se les dar\u00e1 de baja autom\u00e1ticamente esa operaci\u00f3n. Las y los Ingresantes podr\u00e1n anotarse a las materias del segundo cuatrimestre el 16 y 17 de agosto.\u00a0<\/strong><\/h4>\n<h4><strong>Para m\u00e1s informaci\u00f3n y\/o consultas escrib\u00ed a inscripcionsegundocuatrimestre2022@sociales.unlz.edu.ar<\/strong><\/h4>\n<p>[\/vc_column_text][vc_row_inner][vc_column_inner]<div class=\"\"><a  id=\"btn-6a09df0abaf21\" class=\"btn btn-rounded  ti-arrow-right hvr-push btn-sm-sm\" href= \"https:\/\/www.sociales.unlz.edu.ar\/wp-content\/uploads\/2022\/08\/CS-EDUC.pdf\" target=\"_self\" >Ciencias de la educaci\u00f3n<\/a><\/div><div class=\"\"><a  id=\"btn-6a09df0abaf52\" class=\"btn btn-rounded  ti-arrow-right hvr-push btn-sm-sm\" href= \"https:\/\/www.sociales.unlz.edu.ar\/wp-content\/uploads\/2022\/08\/COMUNICACION-SOCIAL.pdf\" target=\"_self\" >Comunicaci\u00f3n social<\/a><\/div><div class=\"\"><a  id=\"btn-6a09df0abaf67\" class=\"btn btn-rounded  ti-arrow-right hvr-push btn-sm-sm\" href= \"https:\/\/www.sociales.unlz.edu.ar\/wp-content\/uploads\/2022\/08\/LETRAS.pdf\" target=\"_self\" >Letras<\/a><\/div><div class=\"\"><a  id=\"btn-6a09df0abaf79\" class=\"btn btn-rounded  ti-arrow-right hvr-push btn-sm-sm\" href= \"https:\/\/www.sociales.unlz.edu.ar\/wp-content\/uploads\/2022\/08\/MINORIDAD-Y-FAMILIA-1.pdf\" target=\"_self\" >Minoridad y familia<\/a><\/div><div class=\"\"><a  id=\"btn-6a09df0abaf89\" class=\"btn btn-rounded  ti-arrow-right hvr-push btn-sm-sm\" href= \"https:\/\/www.sociales.unlz.edu.ar\/wp-content\/uploads\/2022\/08\/PERIODISMO.pdf\" target=\"_self\" >Periodismo<\/a><\/div><div class=\"\"><a  id=\"btn-6a09df0abaf9f\" class=\"btn btn-rounded  ti-arrow-right hvr-push btn-sm-sm\" href= \"https:\/\/www.sociales.unlz.edu.ar\/wp-content\/uploads\/2022\/08\/Psicopedagogia-4.pdf\" target=\"_self\" >Psicopedagog\u00eda<\/a><\/div><div class=\"\"><a  id=\"btn-6a09df0abafae\" class=\"btn btn-rounded  ti-arrow-right hvr-push btn-sm-sm\" href= \"https:\/\/www.sociales.unlz.edu.ar\/wp-content\/uploads\/2022\/08\/PUBLICIDAD.pdf\" target=\"_self\" >Publicidad<\/a><\/div><div class=\"\"><a  id=\"btn-6a09df0abafbd\" class=\"btn btn-rounded  ti-arrow-right hvr-push btn-sm-sm\" href= \"https:\/\/www.sociales.unlz.edu.ar\/wp-content\/uploads\/2022\/08\/RELACIONES-LABORALES.pdf\" target=\"_self\" >Relaciones laborales<\/a><\/div><div class=\"\"><a  id=\"btn-6a09df0abafcb\" class=\"btn btn-rounded  ti-arrow-right hvr-push btn-sm-sm\" href= \"https:\/\/www.sociales.unlz.edu.ar\/wp-content\/uploads\/2022\/08\/RELACIONES-PUBLICAS.pdf\" target=\"_self\" >Relaciones p\u00fablicas<\/a><\/div><div class=\"\"><a  id=\"btn-6a09df0abafd8\" class=\"btn btn-rounded  ti-arrow-right hvr-push btn-sm-sm\" href= \"https:\/\/www.sociales.unlz.edu.ar\/wp-content\/uploads\/2022\/08\/TRABAJO-SOCIAL-1.pdf\" target=\"_self\" >Trabajo social<\/a><\/div><div class=\"\"><a  id=\"btn-6a09df0abafe6\" class=\"btn btn-rounded  ti-arrow-right hvr-push btn-sm-sm\" href= \"https:\/\/www.sociales.unlz.edu.ar\/wp-content\/uploads\/2022\/08\/Abstract-de-Seminarios-WEB-2-AGOSTO-2022.docx-1.pdf\" target=\"_self\" >Seminarios por carrera<\/a><\/div><div class=\"\"><a  id=\"btn-6a09df0abaff5\" class=\"btn btn-filled btn-dark btn-rounded  ti-book hvr-grow btn-sm-sm\" href= \"https:\/\/www.sociales.unlz.edu.ar\/index.php\/instructivo-siu\/\" target=\"_self\" >INSTRUCTIVO<\/a><\/div><div class=\"\"><a  id=\"btn-6a09df0abb003\" class=\"btn btn-filled btn-dark btn-rounded  ti-help hvr-grow btn-sm-sm\" href= \"https:\/\/www.sociales.unlz.edu.ar\/index.php\/preguntas-frecuentes\/\" target=\"_self\" >PREGUNTAS FRECUENTES<\/a><\/div>[\/vc_column_inner][\/vc_row_inner][\/vc_column][\/vc_row]<\/p>\n","protected":false},"excerpt":{"rendered":"<p>[vc_row][vc_column][vc_column_text] INSCRIPCI\u00d3N A MATERIAS DEL SEGUNDO CUATRIMESTRE S\u00d3LO PARA NO INGRESANTES Inicia el 10\/8 a las&#8230;<\/p>\n","protected":false},"author":8,"featured_media":16412,"parent":0,"menu_order":0,"comment_status":"closed","ping_status":"closed","template":"","meta":{"footnotes":""},"class_list":["post-16409","page","type-page","status-publish","has-post-thumbnail","hentry"],"_links":{"self":[{"href":"https:\/\/www.sociales.unlz.edu.ar\/index.php\/wp-json\/wp\/v2\/pages\/16409","targetHints":{"allow":["GET"]}}],"collection":[{"href":"https:\/\/www.sociales.unlz.edu.ar\/index.php\/wp-json\/wp\/v2\/pages"}],"about":[{"href":"https:\/\/www.sociales.unlz.edu.ar\/index.php\/wp-json\/wp\/v2\/types\/page"}],"author":[{"embeddable":true,"href":"https:\/\/www.sociales.unlz.edu.ar\/index.php\/wp-json\/wp\/v2\/users\/8"}],"replies":[{"embeddable":true,"href":"https:\/\/www.sociales.unlz.edu.ar\/index.php\/wp-json\/wp\/v2\/comments?post=16409"}],"version-history":[{"count":34,"href":"https:\/\/www.sociales.unlz.edu.ar\/index.php\/wp-json\/wp\/v2\/pages\/16409\/revisions"}],"predecessor-version":[{"id":16477,"href":"https:\/\/www.sociales.unlz.edu.ar\/index.php\/wp-json\/wp\/v2\/pages\/16409\/revisions\/16477"}],"wp:featuredmedia":[{"embeddable":true,"href":"https:\/\/www.sociales.unlz.edu.ar\/index.php\/wp-json\/wp\/v2\/media\/16412"}],"wp:attachment":[{"href":"https:\/\/www.sociales.unlz.edu.ar\/index.php\/wp-json\/wp\/v2\/media?parent=16409"}],"curies":[{"name":"wp","href":"https:\/\/api.w.org\/{rel}","templated":true}]}}